{"id":30846,"date":"2024-05-03T09:10:12","date_gmt":"2024-05-03T09:10:12","guid":{"rendered":"https:\/\/milexia.com\/products\/?page_id=30846"},"modified":"2024-11-01T11:54:29","modified_gmt":"2024-11-01T11:54:29","slug":"productos-de-instrumentacion-cientifica","status":"publish","type":"page","link":"https:\/\/azure.milexia.com\/products\/productos\/productos-de-instrumentacion-cientifica","title":{"rendered":"Productos de Instrumentaci\u00f3n Cient\u00edfica"},"content":{"rendered":"<h2>Su <b>socio integral <\/b>para el rendimiento cient\u00edfico<\/h2>\n<p>Milexia es un distribuidor de instrumentaci\u00f3n cient\u00edfica de valor a\u00f1adido. Estamos especializados en <b>compra<\/b>, <b>suministro<\/b> y <b>optimizaci\u00f3n<\/b> de equipos de laboratorio para investigaci\u00f3n, industria u otros fines profesionales.<\/p>\n<p>Nuestro servicio comienza con la configuraci\u00f3n y venta de sus productos y contin\u00faa durante toda la vida \u00fatil de su inversi\u00f3n, con servicios personalizados de instalaci\u00f3n, formaci\u00f3n y mantenimiento.<\/p>\n<p>Milexia existe para satisfacer todas sus necesidades de equipamiento en un solo lugar, permitiendo que pueda centrarse en la excelencia cient\u00edfica.<\/p>\n","protected":false},"excerpt":{"rendered":"<p>Su socio integral para el rendimiento cient\u00edfico Milexia es un distribuidor de instrumentaci\u00f3n cient\u00edfica de valor a\u00f1adido. Estamos especializados en compra, suministro y optimizaci\u00f3n de equipos de laboratorio para investigaci\u00f3n, industria u otros fines profesionales. Nuestro servicio comienza con la configuraci\u00f3n y venta de sus productos y contin\u00faa durante toda la vida \u00fatil de su [&hellip;]<\/p>\n","protected":false},"author":1,"featured_media":15511,"parent":12604,"menu_order":81,"comment_status":"closed","ping_status":"closed","template":"page-templates\/page-product-category-rich.php","meta":{"_acf_changed":false,"footnotes":""},"class_list":["post-30846","page","type-page","status-publish","has-post-thumbnail","hentry"],"acf":[],"yoast_head":"<!-- This site is optimized with the Yoast SEO Premium plugin v24.6 (Yoast SEO v27.2) - https:\/\/yoast.com\/product\/yoast-seo-premium-wordpress\/ -->\n<title>Leading Scientific Instrumentation Products by Milexia<\/title>\n<meta name=\"description\" content=\"Uncover Milexia&#039;s range of Scientific Instrumentation Products designed for cutting-edge research. Expert advice, installation, and support.\" \/>\n<meta name=\"robots\" content=\"noindex, follow, max-snippet:-1, max-image-preview:large, max-video-preview:-1\" \/>\n<meta property=\"og:locale\" content=\"en_GB\" \/>\n<meta property=\"og:type\" content=\"article\" \/>\n<meta property=\"og:title\" content=\"Productos de Instrumentaci\u00f3n Cient\u00edfica\" \/>\n<meta property=\"og:description\" content=\"Uncover Milexia&#039;s range of Scientific Instrumentation Products designed for cutting-edge research. Expert advice, installation, and support.\" \/>\n<meta property=\"og:url\" content=\"https:\/\/azure.milexia.com\/products\/productos\/productos-de-instrumentacion-cientifica\" \/>\n<meta property=\"og:site_name\" content=\"Milexia Products\" \/>\n<meta property=\"article:modified_time\" content=\"2024-11-01T11:54:29+00:00\" \/>\n<meta property=\"og:image\" content=\"https:\/\/azure.milexia.com\/wp-content\/uploads\/sites\/7\/2023\/10\/IM5000.png\" \/>\n\t<meta property=\"og:image:width\" content=\"644\" \/>\n\t<meta property=\"og:image:height\" content=\"453\" \/>\n\t<meta property=\"og:image:type\" content=\"image\/png\" \/>\n<meta name=\"twitter:card\" content=\"summary_large_image\" \/>\n<meta name=\"twitter:site\" content=\"@MilexiaGroup\" \/>\n<meta name=\"twitter:label1\" content=\"Estimated reading time\" \/>\n\t<meta name=\"twitter:data1\" content=\"2 minutes\" \/>\n<script type=\"application\/ld+json\" class=\"yoast-schema-graph\">{\"@context\":\"https:\/\/schema.org\",\"@graph\":[{\"@type\":\"WebPage\",\"@id\":\"https:\/\/azure.milexia.com\/products\/productos\/productos-de-instrumentacion-cientifica\",\"url\":\"https:\/\/azure.milexia.com\/products\/productos\/productos-de-instrumentacion-cientifica\",\"name\":\"Leading Scientific Instrumentation Products by Milexia\",\"isPartOf\":{\"@id\":\"https:\/\/azure.milexia.com\/products\/#website\"},\"primaryImageOfPage\":{\"@id\":\"https:\/\/azure.milexia.com\/products\/productos\/productos-de-instrumentacion-cientifica#primaryimage\"},\"image\":{\"@id\":\"https:\/\/azure.milexia.com\/products\/productos\/productos-de-instrumentacion-cientifica#primaryimage\"},\"thumbnailUrl\":\"\/wp-content\/uploads\/sites\/7\/2022\/08\/featured-background-industry-sensors-scaled.jpg\",\"datePublished\":\"2024-05-03T09:10:12+00:00\",\"dateModified\":\"2024-11-01T11:54:29+00:00\",\"description\":\"Uncover Milexia's range of Scientific Instrumentation Products designed for cutting-edge research. Expert advice, installation, and support.\",\"breadcrumb\":{\"@id\":\"https:\/\/azure.milexia.com\/products\/productos\/productos-de-instrumentacion-cientifica#breadcrumb\"},\"inLanguage\":\"en-GB\",\"potentialAction\":[{\"@type\":\"ReadAction\",\"target\":[\"https:\/\/azure.milexia.com\/products\/productos\/productos-de-instrumentacion-cientifica\"]}]},{\"@type\":\"ImageObject\",\"inLanguage\":\"en-GB\",\"@id\":\"https:\/\/azure.milexia.com\/products\/productos\/productos-de-instrumentacion-cientifica#primaryimage\",\"url\":\"\/wp-content\/uploads\/sites\/7\/2022\/08\/featured-background-industry-sensors-scaled.jpg\",\"contentUrl\":\"\/wp-content\/uploads\/sites\/7\/2022\/08\/featured-background-industry-sensors-scaled.jpg\",\"width\":2560,\"height\":955},{\"@type\":\"BreadcrumbList\",\"@id\":\"https:\/\/azure.milexia.com\/products\/productos\/productos-de-instrumentacion-cientifica#breadcrumb\",\"itemListElement\":[{\"@type\":\"ListItem\",\"position\":1,\"name\":\"Acceuil\",\"item\":\"https:\/\/azure.milexia.com\/products\/\"},{\"@type\":\"ListItem\",\"position\":2,\"name\":\"La gama m\u00e1s amplia y con el mejor valor\",\"item\":\"https:\/\/azure.milexia.com\/products\/productos\"},{\"@type\":\"ListItem\",\"position\":3,\"name\":\"Productos de Instrumentaci\u00f3n Cient\u00edfica\"}]},{\"@type\":\"WebSite\",\"@id\":\"https:\/\/azure.milexia.com\/products\/#website\",\"url\":\"https:\/\/azure.milexia.com\/products\/\",\"name\":\"Milexia Products\",\"description\":\"Making access to technology easier\",\"publisher\":{\"@id\":\"https:\/\/azure.milexia.com\/products\/#organization\"},\"potentialAction\":[{\"@type\":\"SearchAction\",\"target\":{\"@type\":\"EntryPoint\",\"urlTemplate\":\"https:\/\/azure.milexia.com\/products\/?s={search_term_string}\"},\"query-input\":{\"@type\":\"PropertyValueSpecification\",\"valueRequired\":true,\"valueName\":\"search_term_string\"}}],\"inLanguage\":\"en-GB\"},{\"@type\":\"Organization\",\"@id\":\"https:\/\/azure.milexia.com\/products\/#organization\",\"name\":\"Milexia Products\",\"url\":\"https:\/\/azure.milexia.com\/products\/\",\"logo\":{\"@type\":\"ImageObject\",\"inLanguage\":\"en-GB\",\"@id\":\"https:\/\/azure.milexia.com\/products\/#\/schema\/logo\/image\/\",\"url\":\"https:\/\/milexia.com\/products\/wp-content\/uploads\/sites\/7\/2022\/10\/logo.svg\",\"contentUrl\":\"https:\/\/milexia.com\/products\/wp-content\/uploads\/sites\/7\/2022\/10\/logo.svg\",\"width\":1,\"height\":1,\"caption\":\"Milexia Products\"},\"image\":{\"@id\":\"https:\/\/azure.milexia.com\/products\/#\/schema\/logo\/image\/\"},\"sameAs\":[\"https:\/\/x.com\/MilexiaGroup\",\"https:\/\/www.linkedin.com\/company\/milexia\/\"]}]}<\/script>\n<!-- \/ Yoast SEO Premium plugin. -->","yoast_head_json":{"title":"Leading Scientific Instrumentation Products by Milexia","description":"Uncover Milexia's range of Scientific Instrumentation Products designed for cutting-edge research. Expert advice, installation, and support.","robots":{"index":"noindex","follow":"follow","max-snippet":"max-snippet:-1","max-image-preview":"max-image-preview:large","max-video-preview":"max-video-preview:-1"},"og_locale":"en_GB","og_type":"article","og_title":"Productos de Instrumentaci\u00f3n Cient\u00edfica","og_description":"Uncover Milexia's range of Scientific Instrumentation Products designed for cutting-edge research. Expert advice, installation, and support.","og_url":"https:\/\/azure.milexia.com\/products\/productos\/productos-de-instrumentacion-cientifica","og_site_name":"Milexia Products","article_modified_time":"2024-11-01T11:54:29+00:00","og_image":[{"width":644,"height":453,"url":"https:\/\/azure.milexia.com\/wp-content\/uploads\/sites\/7\/2023\/10\/IM5000.png","type":"image\/png"}],"twitter_card":"summary_large_image","twitter_site":"@MilexiaGroup","twitter_misc":{"Estimated reading time":"2 minutes"},"schema":{"@context":"https:\/\/schema.org","@graph":[{"@type":"WebPage","@id":"https:\/\/azure.milexia.com\/products\/productos\/productos-de-instrumentacion-cientifica","url":"https:\/\/azure.milexia.com\/products\/productos\/productos-de-instrumentacion-cientifica","name":"Leading Scientific Instrumentation Products by Milexia","isPartOf":{"@id":"https:\/\/azure.milexia.com\/products\/#website"},"primaryImageOfPage":{"@id":"https:\/\/azure.milexia.com\/products\/productos\/productos-de-instrumentacion-cientifica#primaryimage"},"image":{"@id":"https:\/\/azure.milexia.com\/products\/productos\/productos-de-instrumentacion-cientifica#primaryimage"},"thumbnailUrl":"\/wp-content\/uploads\/sites\/7\/2022\/08\/featured-background-industry-sensors-scaled.jpg","datePublished":"2024-05-03T09:10:12+00:00","dateModified":"2024-11-01T11:54:29+00:00","description":"Uncover Milexia's range of Scientific Instrumentation Products designed for cutting-edge research. Expert advice, installation, and support.","breadcrumb":{"@id":"https:\/\/azure.milexia.com\/products\/productos\/productos-de-instrumentacion-cientifica#breadcrumb"},"inLanguage":"en-GB","potentialAction":[{"@type":"ReadAction","target":["https:\/\/azure.milexia.com\/products\/productos\/productos-de-instrumentacion-cientifica"]}]},{"@type":"ImageObject","inLanguage":"en-GB","@id":"https:\/\/azure.milexia.com\/products\/productos\/productos-de-instrumentacion-cientifica#primaryimage","url":"\/wp-content\/uploads\/sites\/7\/2022\/08\/featured-background-industry-sensors-scaled.jpg","contentUrl":"\/wp-content\/uploads\/sites\/7\/2022\/08\/featured-background-industry-sensors-scaled.jpg","width":2560,"height":955},{"@type":"BreadcrumbList","@id":"https:\/\/azure.milexia.com\/products\/productos\/productos-de-instrumentacion-cientifica#breadcrumb","itemListElement":[{"@type":"ListItem","position":1,"name":"Acceuil","item":"https:\/\/azure.milexia.com\/products\/"},{"@type":"ListItem","position":2,"name":"La gama m\u00e1s amplia y con el mejor valor","item":"https:\/\/azure.milexia.com\/products\/productos"},{"@type":"ListItem","position":3,"name":"Productos de Instrumentaci\u00f3n Cient\u00edfica"}]},{"@type":"WebSite","@id":"https:\/\/azure.milexia.com\/products\/#website","url":"https:\/\/azure.milexia.com\/products\/","name":"Milexia Products","description":"Making access to technology easier","publisher":{"@id":"https:\/\/azure.milexia.com\/products\/#organization"},"potentialAction":[{"@type":"SearchAction","target":{"@type":"EntryPoint","urlTemplate":"https:\/\/azure.milexia.com\/products\/?s={search_term_string}"},"query-input":{"@type":"PropertyValueSpecification","valueRequired":true,"valueName":"search_term_string"}}],"inLanguage":"en-GB"},{"@type":"Organization","@id":"https:\/\/azure.milexia.com\/products\/#organization","name":"Milexia Products","url":"https:\/\/azure.milexia.com\/products\/","logo":{"@type":"ImageObject","inLanguage":"en-GB","@id":"https:\/\/azure.milexia.com\/products\/#\/schema\/logo\/image\/","url":"https:\/\/milexia.com\/products\/wp-content\/uploads\/sites\/7\/2022\/10\/logo.svg","contentUrl":"https:\/\/milexia.com\/products\/wp-content\/uploads\/sites\/7\/2022\/10\/logo.svg","width":1,"height":1,"caption":"Milexia Products"},"image":{"@id":"https:\/\/azure.milexia.com\/products\/#\/schema\/logo\/image\/"},"sameAs":["https:\/\/x.com\/MilexiaGroup","https:\/\/www.linkedin.com\/company\/milexia\/"]}]}},"lang":"es","translations":{"es":30846,"en":28862,"fr":30844,"it":30863,"de":30877},"pll_sync_post":[],"_links":{"self":[{"href":"https:\/\/azure.milexia.com\/products\/wp-json\/wp\/v2\/pages\/30846","targetHints":{"allow":["GET"]}}],"collection":[{"href":"https:\/\/azure.milexia.com\/products\/wp-json\/wp\/v2\/pages"}],"about":[{"href":"https:\/\/azure.milexia.com\/products\/wp-json\/wp\/v2\/types\/page"}],"author":[{"embeddable":true,"href":"https:\/\/azure.milexia.com\/products\/wp-json\/wp\/v2\/users\/1"}],"replies":[{"embeddable":true,"href":"https:\/\/azure.milexia.com\/products\/wp-json\/wp\/v2\/comments?post=30846"}],"version-history":[{"count":0,"href":"https:\/\/azure.milexia.com\/products\/wp-json\/wp\/v2\/pages\/30846\/revisions"}],"up":[{"embeddable":true,"href":"https:\/\/azure.milexia.com\/products\/wp-json\/wp\/v2\/pages\/12604"}],"wp:featuredmedia":[{"embeddable":true,"href":"https:\/\/azure.milexia.com\/products\/wp-json\/wp\/v2\/media\/15511"}],"wp:attachment":[{"href":"https:\/\/azure.milexia.com\/products\/wp-json\/wp\/v2\/media?parent=30846"}],"curies":[{"name":"wp","href":"https:\/\/api.w.org\/{rel}","templated":true}]}}