{"id":29350,"date":"2024-03-25T15:10:27","date_gmt":"2024-03-25T15:10:27","guid":{"rendered":"https:\/\/milexia.com\/products\/?page_id=29350"},"modified":"2025-11-24T15:38:15","modified_gmt":"2025-11-24T15:38:15","slug":"autres-produits-consommables","status":"publish","type":"page","link":"https:\/\/azure.milexia.com\/products\/produits\/autres-produits-consommables","title":{"rendered":"Autres produits &amp; consommables"},"content":{"rendered":"<p>Pour la maintenance en conditions op\u00e9rationnelles, le nettoyage et la d\u00e9sinfection de vos mat\u00e9riels roulants (rail &amp; pneu), l\u2019entretien de vos installations, de vos ateliers, ou encore de vos lignes de production, Milexia mets \u00e0 disposition tous les produits professionnels pour r\u00e9pondre \u00e0 vos besoins : nettoyants d\u00e9graissants, les produits sp\u00e9cialis\u00e9s \u00e9lectriques, \u00e9lectroniques et adh\u00e9sifs, les biocides, le traitement et protection des b\u00e2timents et mat\u00e9riaux, les solutions d\u2019hygi\u00e8nes des mains, les lubrifiants et bien d\u2019autres disponibles sur demande.<\/p>\n<p>Nous vous accompagnons pour vous proposer et tester avec vous les produits en situation afin d\u2019identifier les meilleurs choix adapt\u00e9s \u00e0 vos attentes.<\/p>\n","protected":false},"excerpt":{"rendered":"<p>Pour la maintenance en conditions op\u00e9rationnelles, le nettoyage et la d\u00e9sinfection de vos mat\u00e9riels roulants (rail &amp; pneu), l\u2019entretien de vos installations, de vos ateliers, ou encore de vos lignes de production, Milexia mets \u00e0 disposition tous les produits professionnels pour r\u00e9pondre \u00e0 vos besoins : nettoyants d\u00e9graissants, les produits sp\u00e9cialis\u00e9s \u00e9lectriques, \u00e9lectroniques et adh\u00e9sifs, [&hellip;]<\/p>\n","protected":false},"author":5,"featured_media":29344,"parent":12602,"menu_order":59,"comment_status":"closed","ping_status":"closed","template":"page-templates\/page-product-category.php","meta":{"_acf_changed":false,"footnotes":""},"class_list":["post-29350","page","type-page","status-publish","has-post-thumbnail","hentry"],"acf":[],"yoast_head":"<!-- This site is optimized with the Yoast SEO Premium plugin v24.6 (Yoast SEO v27.2) - https:\/\/yoast.com\/product\/yoast-seo-premium-wordpress\/ -->\n<title>Milexia Products | Autres produits &amp; consommables<\/title>\n<meta name=\"robots\" content=\"noindex, follow, max-snippet:-1, max-image-preview:large, max-video-preview:-1\" \/>\n<meta property=\"og:locale\" content=\"en_GB\" \/>\n<meta property=\"og:type\" content=\"article\" \/>\n<meta property=\"og:title\" content=\"Autres produits &amp; consommables\" \/>\n<meta property=\"og:description\" content=\"Pour la maintenance en conditions op\u00e9rationnelles, le nettoyage et la d\u00e9sinfection de vos mat\u00e9riels roulants (rail &amp; pneu), l\u2019entretien de vos installations, de vos ateliers, ou encore de vos lignes de production, Milexia mets \u00e0 disposition tous les produits professionnels pour r\u00e9pondre \u00e0 vos besoins : nettoyants d\u00e9graissants, les produits sp\u00e9cialis\u00e9s \u00e9lectriques, \u00e9lectroniques et adh\u00e9sifs, [&hellip;]\" \/>\n<meta property=\"og:url\" content=\"https:\/\/azure.milexia.com\/products\/produits\/autres-produits-consommables\" \/>\n<meta property=\"og:site_name\" content=\"Milexia Products\" \/>\n<meta property=\"article:modified_time\" content=\"2025-11-24T15:38:15+00:00\" \/>\n<meta property=\"og:image\" content=\"https:\/\/azure.milexia.com\/wp-content\/uploads\/sites\/7\/2024\/03\/product-category-header-products-consumables.jpg\" \/>\n\t<meta property=\"og:image:width\" content=\"2500\" \/>\n\t<meta property=\"og:image:height\" content=\"933\" \/>\n\t<meta property=\"og:image:type\" content=\"image\/jpeg\" \/>\n<meta name=\"twitter:card\" content=\"summary_large_image\" \/>\n<meta name=\"twitter:site\" content=\"@MilexiaGroup\" \/>\n<meta name=\"twitter:label1\" content=\"Estimated reading time\" \/>\n\t<meta name=\"twitter:data1\" content=\"1 minute\" \/>\n<script type=\"application\/ld+json\" class=\"yoast-schema-graph\">{\"@context\":\"https:\/\/schema.org\",\"@graph\":[{\"@type\":\"WebPage\",\"@id\":\"https:\/\/azure.milexia.com\/products\/produits\/autres-produits-consommables\",\"url\":\"https:\/\/azure.milexia.com\/products\/produits\/autres-produits-consommables\",\"name\":\"Milexia Products | Autres produits &amp; consommables\",\"isPartOf\":{\"@id\":\"https:\/\/azure.milexia.com\/products\/#website\"},\"primaryImageOfPage\":{\"@id\":\"https:\/\/azure.milexia.com\/products\/produits\/autres-produits-consommables#primaryimage\"},\"image\":{\"@id\":\"https:\/\/azure.milexia.com\/products\/produits\/autres-produits-consommables#primaryimage\"},\"thumbnailUrl\":\"\/wp-content\/uploads\/sites\/7\/2024\/03\/product-category-header-products-consumables.jpg\",\"datePublished\":\"2024-03-25T15:10:27+00:00\",\"dateModified\":\"2025-11-24T15:38:15+00:00\",\"breadcrumb\":{\"@id\":\"https:\/\/azure.milexia.com\/products\/produits\/autres-produits-consommables#breadcrumb\"},\"inLanguage\":\"en-GB\",\"potentialAction\":[{\"@type\":\"ReadAction\",\"target\":[\"https:\/\/azure.milexia.com\/products\/produits\/autres-produits-consommables\"]}]},{\"@type\":\"ImageObject\",\"inLanguage\":\"en-GB\",\"@id\":\"https:\/\/azure.milexia.com\/products\/produits\/autres-produits-consommables#primaryimage\",\"url\":\"\/wp-content\/uploads\/sites\/7\/2024\/03\/product-category-header-products-consumables.jpg\",\"contentUrl\":\"\/wp-content\/uploads\/sites\/7\/2024\/03\/product-category-header-products-consumables.jpg\",\"width\":2500,\"height\":933},{\"@type\":\"BreadcrumbList\",\"@id\":\"https:\/\/azure.milexia.com\/products\/produits\/autres-produits-consommables#breadcrumb\",\"itemListElement\":[{\"@type\":\"ListItem\",\"position\":1,\"name\":\"Acceuil\",\"item\":\"https:\/\/azure.milexia.com\/products\/\"},{\"@type\":\"ListItem\",\"position\":2,\"name\":\"Une large gamme de produits\",\"item\":\"https:\/\/azure.milexia.com\/products\/produits\"},{\"@type\":\"ListItem\",\"position\":3,\"name\":\"Autres produits &amp; consommables\"}]},{\"@type\":\"WebSite\",\"@id\":\"https:\/\/azure.milexia.com\/products\/#website\",\"url\":\"https:\/\/azure.milexia.com\/products\/\",\"name\":\"Milexia Products\",\"description\":\"Making access to technology easier\",\"publisher\":{\"@id\":\"https:\/\/azure.milexia.com\/products\/#organization\"},\"potentialAction\":[{\"@type\":\"SearchAction\",\"target\":{\"@type\":\"EntryPoint\",\"urlTemplate\":\"https:\/\/azure.milexia.com\/products\/?s={search_term_string}\"},\"query-input\":{\"@type\":\"PropertyValueSpecification\",\"valueRequired\":true,\"valueName\":\"search_term_string\"}}],\"inLanguage\":\"en-GB\"},{\"@type\":\"Organization\",\"@id\":\"https:\/\/azure.milexia.com\/products\/#organization\",\"name\":\"Milexia Products\",\"url\":\"https:\/\/azure.milexia.com\/products\/\",\"logo\":{\"@type\":\"ImageObject\",\"inLanguage\":\"en-GB\",\"@id\":\"https:\/\/azure.milexia.com\/products\/#\/schema\/logo\/image\/\",\"url\":\"https:\/\/milexia.com\/products\/wp-content\/uploads\/sites\/7\/2022\/10\/logo.svg\",\"contentUrl\":\"https:\/\/milexia.com\/products\/wp-content\/uploads\/sites\/7\/2022\/10\/logo.svg\",\"width\":1,\"height\":1,\"caption\":\"Milexia Products\"},\"image\":{\"@id\":\"https:\/\/azure.milexia.com\/products\/#\/schema\/logo\/image\/\"},\"sameAs\":[\"https:\/\/x.com\/MilexiaGroup\",\"https:\/\/www.linkedin.com\/company\/milexia\/\"]}]}<\/script>\n<!-- \/ Yoast SEO Premium plugin. -->","yoast_head_json":{"title":"Milexia Products | Autres produits &amp; consommables","robots":{"index":"noindex","follow":"follow","max-snippet":"max-snippet:-1","max-image-preview":"max-image-preview:large","max-video-preview":"max-video-preview:-1"},"og_locale":"en_GB","og_type":"article","og_title":"Autres produits &amp; consommables","og_description":"Pour la maintenance en conditions op\u00e9rationnelles, le nettoyage et la d\u00e9sinfection de vos mat\u00e9riels roulants (rail &amp; pneu), l\u2019entretien de vos installations, de vos ateliers, ou encore de vos lignes de production, Milexia mets \u00e0 disposition tous les produits professionnels pour r\u00e9pondre \u00e0 vos besoins : nettoyants d\u00e9graissants, les produits sp\u00e9cialis\u00e9s \u00e9lectriques, \u00e9lectroniques et adh\u00e9sifs, [&hellip;]","og_url":"https:\/\/azure.milexia.com\/products\/produits\/autres-produits-consommables","og_site_name":"Milexia Products","article_modified_time":"2025-11-24T15:38:15+00:00","og_image":[{"width":2500,"height":933,"url":"https:\/\/azure.milexia.com\/wp-content\/uploads\/sites\/7\/2024\/03\/product-category-header-products-consumables.jpg","type":"image\/jpeg"}],"twitter_card":"summary_large_image","twitter_site":"@MilexiaGroup","twitter_misc":{"Estimated reading time":"1 minute"},"schema":{"@context":"https:\/\/schema.org","@graph":[{"@type":"WebPage","@id":"https:\/\/azure.milexia.com\/products\/produits\/autres-produits-consommables","url":"https:\/\/azure.milexia.com\/products\/produits\/autres-produits-consommables","name":"Milexia Products | Autres produits &amp; consommables","isPartOf":{"@id":"https:\/\/azure.milexia.com\/products\/#website"},"primaryImageOfPage":{"@id":"https:\/\/azure.milexia.com\/products\/produits\/autres-produits-consommables#primaryimage"},"image":{"@id":"https:\/\/azure.milexia.com\/products\/produits\/autres-produits-consommables#primaryimage"},"thumbnailUrl":"\/wp-content\/uploads\/sites\/7\/2024\/03\/product-category-header-products-consumables.jpg","datePublished":"2024-03-25T15:10:27+00:00","dateModified":"2025-11-24T15:38:15+00:00","breadcrumb":{"@id":"https:\/\/azure.milexia.com\/products\/produits\/autres-produits-consommables#breadcrumb"},"inLanguage":"en-GB","potentialAction":[{"@type":"ReadAction","target":["https:\/\/azure.milexia.com\/products\/produits\/autres-produits-consommables"]}]},{"@type":"ImageObject","inLanguage":"en-GB","@id":"https:\/\/azure.milexia.com\/products\/produits\/autres-produits-consommables#primaryimage","url":"\/wp-content\/uploads\/sites\/7\/2024\/03\/product-category-header-products-consumables.jpg","contentUrl":"\/wp-content\/uploads\/sites\/7\/2024\/03\/product-category-header-products-consumables.jpg","width":2500,"height":933},{"@type":"BreadcrumbList","@id":"https:\/\/azure.milexia.com\/products\/produits\/autres-produits-consommables#breadcrumb","itemListElement":[{"@type":"ListItem","position":1,"name":"Acceuil","item":"https:\/\/azure.milexia.com\/products\/"},{"@type":"ListItem","position":2,"name":"Une large gamme de produits","item":"https:\/\/azure.milexia.com\/products\/produits"},{"@type":"ListItem","position":3,"name":"Autres produits &amp; consommables"}]},{"@type":"WebSite","@id":"https:\/\/azure.milexia.com\/products\/#website","url":"https:\/\/azure.milexia.com\/products\/","name":"Milexia Products","description":"Making access to technology easier","publisher":{"@id":"https:\/\/azure.milexia.com\/products\/#organization"},"potentialAction":[{"@type":"SearchAction","target":{"@type":"EntryPoint","urlTemplate":"https:\/\/azure.milexia.com\/products\/?s={search_term_string}"},"query-input":{"@type":"PropertyValueSpecification","valueRequired":true,"valueName":"search_term_string"}}],"inLanguage":"en-GB"},{"@type":"Organization","@id":"https:\/\/azure.milexia.com\/products\/#organization","name":"Milexia Products","url":"https:\/\/azure.milexia.com\/products\/","logo":{"@type":"ImageObject","inLanguage":"en-GB","@id":"https:\/\/azure.milexia.com\/products\/#\/schema\/logo\/image\/","url":"https:\/\/milexia.com\/products\/wp-content\/uploads\/sites\/7\/2022\/10\/logo.svg","contentUrl":"https:\/\/milexia.com\/products\/wp-content\/uploads\/sites\/7\/2022\/10\/logo.svg","width":1,"height":1,"caption":"Milexia Products"},"image":{"@id":"https:\/\/azure.milexia.com\/products\/#\/schema\/logo\/image\/"},"sameAs":["https:\/\/x.com\/MilexiaGroup","https:\/\/www.linkedin.com\/company\/milexia\/"]}]}},"lang":"fr","translations":{"fr":29350,"en":29330},"pll_sync_post":[],"_links":{"self":[{"href":"https:\/\/azure.milexia.com\/products\/wp-json\/wp\/v2\/pages\/29350","targetHints":{"allow":["GET"]}}],"collection":[{"href":"https:\/\/azure.milexia.com\/products\/wp-json\/wp\/v2\/pages"}],"about":[{"href":"https:\/\/azure.milexia.com\/products\/wp-json\/wp\/v2\/types\/page"}],"author":[{"embeddable":true,"href":"https:\/\/azure.milexia.com\/products\/wp-json\/wp\/v2\/users\/5"}],"replies":[{"embeddable":true,"href":"https:\/\/azure.milexia.com\/products\/wp-json\/wp\/v2\/comments?post=29350"}],"version-history":[{"count":0,"href":"https:\/\/azure.milexia.com\/products\/wp-json\/wp\/v2\/pages\/29350\/revisions"}],"up":[{"embeddable":true,"href":"https:\/\/azure.milexia.com\/products\/wp-json\/wp\/v2\/pages\/12602"}],"wp:featuredmedia":[{"embeddable":true,"href":"https:\/\/azure.milexia.com\/products\/wp-json\/wp\/v2\/media\/29344"}],"wp:attachment":[{"href":"https:\/\/azure.milexia.com\/products\/wp-json\/wp\/v2\/media?parent=29350"}],"curies":[{"name":"wp","href":"https:\/\/api.w.org\/{rel}","templated":true}]}}