{"id":19049,"date":"2022-09-21T15:56:48","date_gmt":"2022-09-21T15:56:48","guid":{"rendered":"https:\/\/milexia.com.marcom-test.net\/products\/?page_id=19049"},"modified":"2024-11-04T13:03:48","modified_gmt":"2024-11-04T13:03:48","slug":"hirel-fr","status":"publish","type":"page","link":"https:\/\/azure.milexia.com\/products\/produits\/hirel-fr","title":{"rendered":"HiRel"},"content":{"rendered":"<h2>Des <b>performances<\/b> dans les milieux <b>extr\u00eames<\/b> et <b>exigeants<\/b><\/h2>\n<h3>Con\u00e7us pour encaisser les rayonnements ionisants<\/h3>\n<p>Une expertise in\u00e9gal\u00e9e dans les tests de radiation des MOSFET de puissance. Un large portefeuille est disponible pour des applications en orbite g\u00e9osynchrone et g\u00e9ostationnaire, en orbite terrestre moyenne (MEO) et en orbite terrestre basse (LEO).<\/p>\n","protected":false},"excerpt":{"rendered":"<p>Des performances dans les milieux extr\u00eames et exigeants Con\u00e7us pour encaisser les rayonnements ionisants Une expertise in\u00e9gal\u00e9e dans les tests de radiation des MOSFET de puissance. Un large portefeuille est disponible pour des applications en orbite g\u00e9osynchrone et g\u00e9ostationnaire, en orbite terrestre moyenne (MEO) et en orbite terrestre basse (LEO).<\/p>\n","protected":false},"author":5,"featured_media":21242,"parent":12602,"menu_order":42,"comment_status":"closed","ping_status":"closed","template":"page-templates\/page-product-category.php","meta":{"_acf_changed":false,"footnotes":""},"class_list":["post-19049","page","type-page","status-publish","has-post-thumbnail","hentry"],"acf":[],"yoast_head":"<!-- This site is optimized with the Yoast SEO Premium plugin v24.6 (Yoast SEO v27.2) - https:\/\/yoast.com\/product\/yoast-seo-premium-wordpress\/ -->\n<title>HiRel | Milexia Products<\/title>\n<meta name=\"robots\" content=\"noindex, follow, max-snippet:-1, max-image-preview:large, max-video-preview:-1\" \/>\n<meta property=\"og:locale\" content=\"en_GB\" \/>\n<meta property=\"og:type\" content=\"article\" \/>\n<meta property=\"og:title\" content=\"HiRel\" \/>\n<meta property=\"og:description\" content=\"Des performances dans les milieux extr\u00eames et exigeants Con\u00e7us pour encaisser les rayonnements ionisants Une expertise in\u00e9gal\u00e9e dans les tests de radiation des MOSFET de puissance. Un large portefeuille est disponible pour des applications en orbite g\u00e9osynchrone et g\u00e9ostationnaire, en orbite terrestre moyenne (MEO) et en orbite terrestre basse (LEO).\" \/>\n<meta property=\"og:url\" content=\"https:\/\/azure.milexia.com\/products\/produits\/hirel-fr\" \/>\n<meta property=\"og:site_name\" content=\"Milexia Products\" \/>\n<meta property=\"article:modified_time\" content=\"2024-11-04T13:03:48+00:00\" \/>\n<meta property=\"og:image\" content=\"https:\/\/azure.milexia.com\/wp-content\/uploads\/sites\/7\/2022\/12\/HiRel-Banner_WEB.gif\" \/>\n\t<meta property=\"og:image:width\" content=\"2560\" \/>\n\t<meta property=\"og:image:height\" content=\"955\" \/>\n\t<meta property=\"og:image:type\" content=\"image\/gif\" \/>\n<meta name=\"twitter:card\" content=\"summary_large_image\" \/>\n<meta name=\"twitter:site\" content=\"@MilexiaGroup\" \/>\n<meta name=\"twitter:label1\" content=\"Estimated reading time\" \/>\n\t<meta name=\"twitter:data1\" content=\"1 minute\" \/>\n<script type=\"application\/ld+json\" class=\"yoast-schema-graph\">{\"@context\":\"https:\/\/schema.org\",\"@graph\":[{\"@type\":\"WebPage\",\"@id\":\"https:\/\/azure.milexia.com\/products\/produits\/hirel-fr\",\"url\":\"https:\/\/azure.milexia.com\/products\/produits\/hirel-fr\",\"name\":\"HiRel | Milexia Products\",\"isPartOf\":{\"@id\":\"https:\/\/azure.milexia.com\/products\/#website\"},\"primaryImageOfPage\":{\"@id\":\"https:\/\/azure.milexia.com\/products\/produits\/hirel-fr#primaryimage\"},\"image\":{\"@id\":\"https:\/\/azure.milexia.com\/products\/produits\/hirel-fr#primaryimage\"},\"thumbnailUrl\":\"\/wp-content\/uploads\/sites\/7\/2022\/12\/HiRel-Banner_WEB.gif\",\"datePublished\":\"2022-09-21T15:56:48+00:00\",\"dateModified\":\"2024-11-04T13:03:48+00:00\",\"breadcrumb\":{\"@id\":\"https:\/\/azure.milexia.com\/products\/produits\/hirel-fr#breadcrumb\"},\"inLanguage\":\"en-GB\",\"potentialAction\":[{\"@type\":\"ReadAction\",\"target\":[\"https:\/\/azure.milexia.com\/products\/produits\/hirel-fr\"]}]},{\"@type\":\"ImageObject\",\"inLanguage\":\"en-GB\",\"@id\":\"https:\/\/azure.milexia.com\/products\/produits\/hirel-fr#primaryimage\",\"url\":\"\/wp-content\/uploads\/sites\/7\/2022\/12\/HiRel-Banner_WEB.gif\",\"contentUrl\":\"\/wp-content\/uploads\/sites\/7\/2022\/12\/HiRel-Banner_WEB.gif\",\"width\":2560,\"height\":955},{\"@type\":\"BreadcrumbList\",\"@id\":\"https:\/\/azure.milexia.com\/products\/produits\/hirel-fr#breadcrumb\",\"itemListElement\":[{\"@type\":\"ListItem\",\"position\":1,\"name\":\"Acceuil\",\"item\":\"https:\/\/azure.milexia.com\/products\/\"},{\"@type\":\"ListItem\",\"position\":2,\"name\":\"Une large gamme de produits\",\"item\":\"https:\/\/azure.milexia.com\/products\/produits\"},{\"@type\":\"ListItem\",\"position\":3,\"name\":\"HiRel\"}]},{\"@type\":\"WebSite\",\"@id\":\"https:\/\/azure.milexia.com\/products\/#website\",\"url\":\"https:\/\/azure.milexia.com\/products\/\",\"name\":\"Milexia Products\",\"description\":\"Making access to technology easier\",\"publisher\":{\"@id\":\"https:\/\/azure.milexia.com\/products\/#organization\"},\"potentialAction\":[{\"@type\":\"SearchAction\",\"target\":{\"@type\":\"EntryPoint\",\"urlTemplate\":\"https:\/\/azure.milexia.com\/products\/?s={search_term_string}\"},\"query-input\":{\"@type\":\"PropertyValueSpecification\",\"valueRequired\":true,\"valueName\":\"search_term_string\"}}],\"inLanguage\":\"en-GB\"},{\"@type\":\"Organization\",\"@id\":\"https:\/\/azure.milexia.com\/products\/#organization\",\"name\":\"Milexia Products\",\"url\":\"https:\/\/azure.milexia.com\/products\/\",\"logo\":{\"@type\":\"ImageObject\",\"inLanguage\":\"en-GB\",\"@id\":\"https:\/\/azure.milexia.com\/products\/#\/schema\/logo\/image\/\",\"url\":\"https:\/\/milexia.com\/products\/wp-content\/uploads\/sites\/7\/2022\/10\/logo.svg\",\"contentUrl\":\"https:\/\/milexia.com\/products\/wp-content\/uploads\/sites\/7\/2022\/10\/logo.svg\",\"width\":1,\"height\":1,\"caption\":\"Milexia Products\"},\"image\":{\"@id\":\"https:\/\/azure.milexia.com\/products\/#\/schema\/logo\/image\/\"},\"sameAs\":[\"https:\/\/x.com\/MilexiaGroup\",\"https:\/\/www.linkedin.com\/company\/milexia\/\"]}]}<\/script>\n<!-- \/ Yoast SEO Premium plugin. -->","yoast_head_json":{"title":"HiRel | Milexia Products","robots":{"index":"noindex","follow":"follow","max-snippet":"max-snippet:-1","max-image-preview":"max-image-preview:large","max-video-preview":"max-video-preview:-1"},"og_locale":"en_GB","og_type":"article","og_title":"HiRel","og_description":"Des performances dans les milieux extr\u00eames et exigeants Con\u00e7us pour encaisser les rayonnements ionisants Une expertise in\u00e9gal\u00e9e dans les tests de radiation des MOSFET de puissance. Un large portefeuille est disponible pour des applications en orbite g\u00e9osynchrone et g\u00e9ostationnaire, en orbite terrestre moyenne (MEO) et en orbite terrestre basse (LEO).","og_url":"https:\/\/azure.milexia.com\/products\/produits\/hirel-fr","og_site_name":"Milexia Products","article_modified_time":"2024-11-04T13:03:48+00:00","og_image":[{"width":2560,"height":955,"url":"https:\/\/azure.milexia.com\/wp-content\/uploads\/sites\/7\/2022\/12\/HiRel-Banner_WEB.gif","type":"image\/gif"}],"twitter_card":"summary_large_image","twitter_site":"@MilexiaGroup","twitter_misc":{"Estimated reading time":"1 minute"},"schema":{"@context":"https:\/\/schema.org","@graph":[{"@type":"WebPage","@id":"https:\/\/azure.milexia.com\/products\/produits\/hirel-fr","url":"https:\/\/azure.milexia.com\/products\/produits\/hirel-fr","name":"HiRel | Milexia Products","isPartOf":{"@id":"https:\/\/azure.milexia.com\/products\/#website"},"primaryImageOfPage":{"@id":"https:\/\/azure.milexia.com\/products\/produits\/hirel-fr#primaryimage"},"image":{"@id":"https:\/\/azure.milexia.com\/products\/produits\/hirel-fr#primaryimage"},"thumbnailUrl":"\/wp-content\/uploads\/sites\/7\/2022\/12\/HiRel-Banner_WEB.gif","datePublished":"2022-09-21T15:56:48+00:00","dateModified":"2024-11-04T13:03:48+00:00","breadcrumb":{"@id":"https:\/\/azure.milexia.com\/products\/produits\/hirel-fr#breadcrumb"},"inLanguage":"en-GB","potentialAction":[{"@type":"ReadAction","target":["https:\/\/azure.milexia.com\/products\/produits\/hirel-fr"]}]},{"@type":"ImageObject","inLanguage":"en-GB","@id":"https:\/\/azure.milexia.com\/products\/produits\/hirel-fr#primaryimage","url":"\/wp-content\/uploads\/sites\/7\/2022\/12\/HiRel-Banner_WEB.gif","contentUrl":"\/wp-content\/uploads\/sites\/7\/2022\/12\/HiRel-Banner_WEB.gif","width":2560,"height":955},{"@type":"BreadcrumbList","@id":"https:\/\/azure.milexia.com\/products\/produits\/hirel-fr#breadcrumb","itemListElement":[{"@type":"ListItem","position":1,"name":"Acceuil","item":"https:\/\/azure.milexia.com\/products\/"},{"@type":"ListItem","position":2,"name":"Une large gamme de produits","item":"https:\/\/azure.milexia.com\/products\/produits"},{"@type":"ListItem","position":3,"name":"HiRel"}]},{"@type":"WebSite","@id":"https:\/\/azure.milexia.com\/products\/#website","url":"https:\/\/azure.milexia.com\/products\/","name":"Milexia Products","description":"Making access to technology easier","publisher":{"@id":"https:\/\/azure.milexia.com\/products\/#organization"},"potentialAction":[{"@type":"SearchAction","target":{"@type":"EntryPoint","urlTemplate":"https:\/\/azure.milexia.com\/products\/?s={search_term_string}"},"query-input":{"@type":"PropertyValueSpecification","valueRequired":true,"valueName":"search_term_string"}}],"inLanguage":"en-GB"},{"@type":"Organization","@id":"https:\/\/azure.milexia.com\/products\/#organization","name":"Milexia Products","url":"https:\/\/azure.milexia.com\/products\/","logo":{"@type":"ImageObject","inLanguage":"en-GB","@id":"https:\/\/azure.milexia.com\/products\/#\/schema\/logo\/image\/","url":"https:\/\/milexia.com\/products\/wp-content\/uploads\/sites\/7\/2022\/10\/logo.svg","contentUrl":"https:\/\/milexia.com\/products\/wp-content\/uploads\/sites\/7\/2022\/10\/logo.svg","width":1,"height":1,"caption":"Milexia Products"},"image":{"@id":"https:\/\/azure.milexia.com\/products\/#\/schema\/logo\/image\/"},"sameAs":["https:\/\/x.com\/MilexiaGroup","https:\/\/www.linkedin.com\/company\/milexia\/"]}]}},"lang":"fr","translations":{"fr":19049,"en":12696,"es":19051,"de":19053,"it":19055},"pll_sync_post":[],"_links":{"self":[{"href":"https:\/\/azure.milexia.com\/products\/wp-json\/wp\/v2\/pages\/19049","targetHints":{"allow":["GET"]}}],"collection":[{"href":"https:\/\/azure.milexia.com\/products\/wp-json\/wp\/v2\/pages"}],"about":[{"href":"https:\/\/azure.milexia.com\/products\/wp-json\/wp\/v2\/types\/page"}],"author":[{"embeddable":true,"href":"https:\/\/azure.milexia.com\/products\/wp-json\/wp\/v2\/users\/5"}],"replies":[{"embeddable":true,"href":"https:\/\/azure.milexia.com\/products\/wp-json\/wp\/v2\/comments?post=19049"}],"version-history":[{"count":0,"href":"https:\/\/azure.milexia.com\/products\/wp-json\/wp\/v2\/pages\/19049\/revisions"}],"up":[{"embeddable":true,"href":"https:\/\/azure.milexia.com\/products\/wp-json\/wp\/v2\/pages\/12602"}],"wp:featuredmedia":[{"embeddable":true,"href":"https:\/\/azure.milexia.com\/products\/wp-json\/wp\/v2\/media\/21242"}],"wp:attachment":[{"href":"https:\/\/azure.milexia.com\/products\/wp-json\/wp\/v2\/media?parent=19049"}],"curies":[{"name":"wp","href":"https:\/\/api.w.org\/{rel}","templated":true}]}}