{"id":19035,"date":"2022-09-21T15:14:46","date_gmt":"2022-09-21T15:14:46","guid":{"rendered":"https:\/\/milexia.com.marcom-test.net\/products\/?page_id=19035"},"modified":"2025-02-12T16:15:55","modified_gmt":"2025-02-12T16:15:55","slug":"sensori","status":"publish","type":"page","link":"https:\/\/azure.milexia.com\/products\/prodotti\/sensori","title":{"rendered":"Sensori"},"content":{"rendered":"<div class=\"type-area intro\">\n<h2><strong>Soluzioni standard o personalizzate<\/strong><\/h2>\n<p>per interruttori e reed per le industrie <a href=\"\/industries\/transportation\/automotive\/\">automotive<\/a>, <a href=\"\/industries\/medical\/\">medical<\/a> e\u00a0<a href=\"\/industries\/aerospace\/\">aerospace<\/a>. Con oltre 30 anni di esperienza, il nostro team tecnico di vendita \u00e8 esperto nel campo degli interruttori reed, rel\u00e8 e interruttori di prossimit\u00e0.<\/p>\n<\/div>\n","protected":false},"excerpt":{"rendered":"<p>Standard and customised solutions for reed switches and sensors for the automotive, medical and aerospace industries. With more than 30 years of experience, our technical sales team are experts in the field of reed switches, reed relays and proximity switches.<\/p>\n","protected":false},"author":5,"featured_media":19328,"parent":12608,"menu_order":71,"comment_status":"closed","ping_status":"closed","template":"page-templates\/page-product-category.php","meta":{"_acf_changed":false,"footnotes":""},"class_list":["post-19035","page","type-page","status-publish","has-post-thumbnail","hentry"],"acf":[],"yoast_head":"<!-- This site is optimized with the Yoast SEO Premium plugin v24.6 (Yoast SEO v27.2) - https:\/\/yoast.com\/product\/yoast-seo-premium-wordpress\/ -->\n<title>Milexia Products | Sensori<\/title>\n<meta name=\"description\" content=\"Soluzioni standard o personalizzate per interruttori reed e sensori per l&#039;industria automobilistica, medicale e aerospaziale.\" \/>\n<meta name=\"robots\" content=\"noindex, follow, max-snippet:-1, max-image-preview:large, max-video-preview:-1\" \/>\n<meta property=\"og:locale\" content=\"en_GB\" \/>\n<meta property=\"og:type\" content=\"article\" \/>\n<meta property=\"og:title\" content=\"Sensori\" \/>\n<meta property=\"og:description\" content=\"Soluzioni standard o personalizzate per interruttori reed e sensori per l&#039;industria automobilistica, medicale e aerospaziale.\" \/>\n<meta property=\"og:url\" content=\"https:\/\/azure.milexia.com\/products\/prodotti\/sensori\" \/>\n<meta property=\"og:site_name\" content=\"Milexia Products\" \/>\n<meta property=\"article:modified_time\" content=\"2025-02-12T16:15:55+00:00\" \/>\n<meta property=\"og:image\" content=\"https:\/\/azure.milexia.com\/wp-content\/uploads\/sites\/7\/2022\/09\/product-category-header-sensor-scaled.jpg\" \/>\n\t<meta property=\"og:image:width\" content=\"2560\" \/>\n\t<meta property=\"og:image:height\" content=\"955\" \/>\n\t<meta property=\"og:image:type\" content=\"image\/jpeg\" \/>\n<meta name=\"twitter:card\" content=\"summary_large_image\" \/>\n<meta name=\"twitter:site\" content=\"@MilexiaGroup\" \/>\n<meta name=\"twitter:label1\" content=\"Estimated reading time\" \/>\n\t<meta name=\"twitter:data1\" content=\"1 minute\" \/>\n<script type=\"application\/ld+json\" class=\"yoast-schema-graph\">{\"@context\":\"https:\/\/schema.org\",\"@graph\":[{\"@type\":\"WebPage\",\"@id\":\"https:\/\/azure.milexia.com\/products\/prodotti\/sensori\",\"url\":\"https:\/\/azure.milexia.com\/products\/prodotti\/sensori\",\"name\":\"Milexia Products | Sensori\",\"isPartOf\":{\"@id\":\"https:\/\/azure.milexia.com\/products\/#website\"},\"primaryImageOfPage\":{\"@id\":\"https:\/\/azure.milexia.com\/products\/prodotti\/sensori#primaryimage\"},\"image\":{\"@id\":\"https:\/\/azure.milexia.com\/products\/prodotti\/sensori#primaryimage\"},\"thumbnailUrl\":\"\/wp-content\/uploads\/sites\/7\/2022\/09\/product-category-header-sensor-scaled.jpg\",\"datePublished\":\"2022-09-21T15:14:46+00:00\",\"dateModified\":\"2025-02-12T16:15:55+00:00\",\"description\":\"Soluzioni standard o personalizzate per interruttori reed e sensori per l'industria automobilistica, medicale e aerospaziale.\",\"breadcrumb\":{\"@id\":\"https:\/\/azure.milexia.com\/products\/prodotti\/sensori#breadcrumb\"},\"inLanguage\":\"en-GB\",\"potentialAction\":[{\"@type\":\"ReadAction\",\"target\":[\"https:\/\/azure.milexia.com\/products\/prodotti\/sensori\"]}]},{\"@type\":\"ImageObject\",\"inLanguage\":\"en-GB\",\"@id\":\"https:\/\/azure.milexia.com\/products\/prodotti\/sensori#primaryimage\",\"url\":\"\/wp-content\/uploads\/sites\/7\/2022\/09\/product-category-header-sensor-scaled.jpg\",\"contentUrl\":\"\/wp-content\/uploads\/sites\/7\/2022\/09\/product-category-header-sensor-scaled.jpg\",\"width\":2560,\"height\":955,\"caption\":\"Sensors \u2013 Milexia\"},{\"@type\":\"BreadcrumbList\",\"@id\":\"https:\/\/azure.milexia.com\/products\/prodotti\/sensori#breadcrumb\",\"itemListElement\":[{\"@type\":\"ListItem\",\"position\":1,\"name\":\"Acceuil\",\"item\":\"https:\/\/azure.milexia.com\/products\/\"},{\"@type\":\"ListItem\",\"position\":2,\"name\":\"Vasta gamma di prodotti di ottima qualit\u00e0\",\"item\":\"https:\/\/azure.milexia.com\/products\/prodotti\"},{\"@type\":\"ListItem\",\"position\":3,\"name\":\"Sensori\"}]},{\"@type\":\"WebSite\",\"@id\":\"https:\/\/azure.milexia.com\/products\/#website\",\"url\":\"https:\/\/azure.milexia.com\/products\/\",\"name\":\"Milexia Products\",\"description\":\"Making access to technology easier\",\"publisher\":{\"@id\":\"https:\/\/azure.milexia.com\/products\/#organization\"},\"potentialAction\":[{\"@type\":\"SearchAction\",\"target\":{\"@type\":\"EntryPoint\",\"urlTemplate\":\"https:\/\/azure.milexia.com\/products\/?s={search_term_string}\"},\"query-input\":{\"@type\":\"PropertyValueSpecification\",\"valueRequired\":true,\"valueName\":\"search_term_string\"}}],\"inLanguage\":\"en-GB\"},{\"@type\":\"Organization\",\"@id\":\"https:\/\/azure.milexia.com\/products\/#organization\",\"name\":\"Milexia Products\",\"url\":\"https:\/\/azure.milexia.com\/products\/\",\"logo\":{\"@type\":\"ImageObject\",\"inLanguage\":\"en-GB\",\"@id\":\"https:\/\/azure.milexia.com\/products\/#\/schema\/logo\/image\/\",\"url\":\"https:\/\/milexia.com\/products\/wp-content\/uploads\/sites\/7\/2022\/10\/logo.svg\",\"contentUrl\":\"https:\/\/milexia.com\/products\/wp-content\/uploads\/sites\/7\/2022\/10\/logo.svg\",\"width\":1,\"height\":1,\"caption\":\"Milexia Products\"},\"image\":{\"@id\":\"https:\/\/azure.milexia.com\/products\/#\/schema\/logo\/image\/\"},\"sameAs\":[\"https:\/\/x.com\/MilexiaGroup\",\"https:\/\/www.linkedin.com\/company\/milexia\/\"]}]}<\/script>\n<!-- \/ Yoast SEO Premium plugin. -->","yoast_head_json":{"title":"Milexia Products | Sensori","description":"Soluzioni standard o personalizzate per interruttori reed e sensori per l'industria automobilistica, medicale e aerospaziale.","robots":{"index":"noindex","follow":"follow","max-snippet":"max-snippet:-1","max-image-preview":"max-image-preview:large","max-video-preview":"max-video-preview:-1"},"og_locale":"en_GB","og_type":"article","og_title":"Sensori","og_description":"Soluzioni standard o personalizzate per interruttori reed e sensori per l'industria automobilistica, medicale e aerospaziale.","og_url":"https:\/\/azure.milexia.com\/products\/prodotti\/sensori","og_site_name":"Milexia Products","article_modified_time":"2025-02-12T16:15:55+00:00","og_image":[{"width":2560,"height":955,"url":"https:\/\/azure.milexia.com\/wp-content\/uploads\/sites\/7\/2022\/09\/product-category-header-sensor-scaled.jpg","type":"image\/jpeg"}],"twitter_card":"summary_large_image","twitter_site":"@MilexiaGroup","twitter_misc":{"Estimated reading time":"1 minute"},"schema":{"@context":"https:\/\/schema.org","@graph":[{"@type":"WebPage","@id":"https:\/\/azure.milexia.com\/products\/prodotti\/sensori","url":"https:\/\/azure.milexia.com\/products\/prodotti\/sensori","name":"Milexia Products | Sensori","isPartOf":{"@id":"https:\/\/azure.milexia.com\/products\/#website"},"primaryImageOfPage":{"@id":"https:\/\/azure.milexia.com\/products\/prodotti\/sensori#primaryimage"},"image":{"@id":"https:\/\/azure.milexia.com\/products\/prodotti\/sensori#primaryimage"},"thumbnailUrl":"\/wp-content\/uploads\/sites\/7\/2022\/09\/product-category-header-sensor-scaled.jpg","datePublished":"2022-09-21T15:14:46+00:00","dateModified":"2025-02-12T16:15:55+00:00","description":"Soluzioni standard o personalizzate per interruttori reed e sensori per l'industria automobilistica, medicale e aerospaziale.","breadcrumb":{"@id":"https:\/\/azure.milexia.com\/products\/prodotti\/sensori#breadcrumb"},"inLanguage":"en-GB","potentialAction":[{"@type":"ReadAction","target":["https:\/\/azure.milexia.com\/products\/prodotti\/sensori"]}]},{"@type":"ImageObject","inLanguage":"en-GB","@id":"https:\/\/azure.milexia.com\/products\/prodotti\/sensori#primaryimage","url":"\/wp-content\/uploads\/sites\/7\/2022\/09\/product-category-header-sensor-scaled.jpg","contentUrl":"\/wp-content\/uploads\/sites\/7\/2022\/09\/product-category-header-sensor-scaled.jpg","width":2560,"height":955,"caption":"Sensors \u2013 Milexia"},{"@type":"BreadcrumbList","@id":"https:\/\/azure.milexia.com\/products\/prodotti\/sensori#breadcrumb","itemListElement":[{"@type":"ListItem","position":1,"name":"Acceuil","item":"https:\/\/azure.milexia.com\/products\/"},{"@type":"ListItem","position":2,"name":"Vasta gamma di prodotti di ottima qualit\u00e0","item":"https:\/\/azure.milexia.com\/products\/prodotti"},{"@type":"ListItem","position":3,"name":"Sensori"}]},{"@type":"WebSite","@id":"https:\/\/azure.milexia.com\/products\/#website","url":"https:\/\/azure.milexia.com\/products\/","name":"Milexia Products","description":"Making access to technology easier","publisher":{"@id":"https:\/\/azure.milexia.com\/products\/#organization"},"potentialAction":[{"@type":"SearchAction","target":{"@type":"EntryPoint","urlTemplate":"https:\/\/azure.milexia.com\/products\/?s={search_term_string}"},"query-input":{"@type":"PropertyValueSpecification","valueRequired":true,"valueName":"search_term_string"}}],"inLanguage":"en-GB"},{"@type":"Organization","@id":"https:\/\/azure.milexia.com\/products\/#organization","name":"Milexia Products","url":"https:\/\/azure.milexia.com\/products\/","logo":{"@type":"ImageObject","inLanguage":"en-GB","@id":"https:\/\/azure.milexia.com\/products\/#\/schema\/logo\/image\/","url":"https:\/\/milexia.com\/products\/wp-content\/uploads\/sites\/7\/2022\/10\/logo.svg","contentUrl":"https:\/\/milexia.com\/products\/wp-content\/uploads\/sites\/7\/2022\/10\/logo.svg","width":1,"height":1,"caption":"Milexia Products"},"image":{"@id":"https:\/\/azure.milexia.com\/products\/#\/schema\/logo\/image\/"},"sameAs":["https:\/\/x.com\/MilexiaGroup","https:\/\/www.linkedin.com\/company\/milexia\/"]}]}},"lang":"it","translations":{"it":19035,"fr":15708,"en":15354,"es":19031,"de":19033},"pll_sync_post":[],"_links":{"self":[{"href":"https:\/\/azure.milexia.com\/products\/wp-json\/wp\/v2\/pages\/19035","targetHints":{"allow":["GET"]}}],"collection":[{"href":"https:\/\/azure.milexia.com\/products\/wp-json\/wp\/v2\/pages"}],"about":[{"href":"https:\/\/azure.milexia.com\/products\/wp-json\/wp\/v2\/types\/page"}],"author":[{"embeddable":true,"href":"https:\/\/azure.milexia.com\/products\/wp-json\/wp\/v2\/users\/5"}],"replies":[{"embeddable":true,"href":"https:\/\/azure.milexia.com\/products\/wp-json\/wp\/v2\/comments?post=19035"}],"version-history":[{"count":0,"href":"https:\/\/azure.milexia.com\/products\/wp-json\/wp\/v2\/pages\/19035\/revisions"}],"up":[{"embeddable":true,"href":"https:\/\/azure.milexia.com\/products\/wp-json\/wp\/v2\/pages\/12608"}],"wp:featuredmedia":[{"embeddable":true,"href":"https:\/\/azure.milexia.com\/products\/wp-json\/wp\/v2\/media\/19328"}],"wp:attachment":[{"href":"https:\/\/azure.milexia.com\/products\/wp-json\/wp\/v2\/media?parent=19035"}],"curies":[{"name":"wp","href":"https:\/\/api.w.org\/{rel}","templated":true}]}}