{"id":19031,"date":"2022-09-21T15:13:07","date_gmt":"2022-09-21T15:13:07","guid":{"rendered":"https:\/\/milexia.com.marcom-test.net\/products\/?page_id=19031"},"modified":"2025-11-04T15:39:14","modified_gmt":"2025-11-04T15:39:14","slug":"sensores","status":"publish","type":"page","link":"https:\/\/azure.milexia.com\/products\/productos\/sensores","title":{"rendered":"Sensores"},"content":{"rendered":"<div class=\"type-area intro\">\n<h2><strong>Soluciones est\u00e1ndar y personalizadas\u00a0<\/strong><\/h2>\n<p><span class=\"ui-provider ud b c d e f g h i j k l m n o p q r s t u v w x y z ab ac ae af ag ah ai aj ak\" dir=\"ltr\">Interruptores y sensores Reed para los sectores de automoci\u00f3n, m\u00e9dico y aeroespacial. Con m\u00e1s de 30 a\u00f1os de experiencia, nuestro equipo t\u00e9cnico de ventas es experto en el <a href=\"https:\/\/azure.milexia.com\/products\/product-category\/componentes-sensores\/\">campo de los interruptores reed<\/a>, rel\u00e9s reed e interruptores de proximidad.<\/span><\/p>\n<\/div>\n","protected":false},"excerpt":{"rendered":"<p>Standard and customised solutions for reed switches and sensors for the automotive, medical and aerospace industries. With more than 30 years of experience, our technical sales team are experts in the field of reed switches, reed relays and proximity switches.<\/p>\n","protected":false},"author":5,"featured_media":19328,"parent":12604,"menu_order":78,"comment_status":"closed","ping_status":"closed","template":"page-templates\/page-product-category.php","meta":{"_acf_changed":false,"footnotes":""},"class_list":["post-19031","page","type-page","status-publish","has-post-thumbnail","hentry"],"acf":[],"yoast_head":"<!-- This site is optimized with the Yoast SEO Premium plugin v24.6 (Yoast SEO v27.2) - https:\/\/yoast.com\/product\/yoast-seo-premium-wordpress\/ -->\n<title>Sensores | Milexia Products<\/title>\n<meta name=\"description\" content=\"Standard and customised solutions for reed switches and sensors, we are experts in the field of reed switches, relays and proximity switches.\" \/>\n<meta name=\"robots\" content=\"noindex, follow, max-snippet:-1, max-image-preview:large, max-video-preview:-1\" \/>\n<meta property=\"og:locale\" content=\"en_GB\" \/>\n<meta property=\"og:type\" content=\"article\" \/>\n<meta property=\"og:title\" content=\"Sensores\" \/>\n<meta property=\"og:description\" content=\"Standard and customised solutions for reed switches and sensors, we are experts in the field of reed switches, relays and proximity switches.\" \/>\n<meta property=\"og:url\" content=\"https:\/\/azure.milexia.com\/products\/productos\/sensores\" \/>\n<meta property=\"og:site_name\" content=\"Milexia Products\" \/>\n<meta property=\"article:modified_time\" content=\"2025-11-04T15:39:14+00:00\" \/>\n<meta property=\"og:image\" content=\"https:\/\/azure.milexia.com\/wp-content\/uploads\/sites\/7\/2022\/09\/product-category-header-sensor-scaled.jpg\" \/>\n\t<meta property=\"og:image:width\" content=\"2560\" \/>\n\t<meta property=\"og:image:height\" content=\"955\" \/>\n\t<meta property=\"og:image:type\" content=\"image\/jpeg\" \/>\n<meta name=\"twitter:card\" content=\"summary_large_image\" \/>\n<meta name=\"twitter:site\" content=\"@MilexiaGroup\" \/>\n<meta name=\"twitter:label1\" content=\"Estimated reading time\" \/>\n\t<meta name=\"twitter:data1\" content=\"1 minute\" \/>\n<script type=\"application\/ld+json\" class=\"yoast-schema-graph\">{\"@context\":\"https:\/\/schema.org\",\"@graph\":[{\"@type\":\"WebPage\",\"@id\":\"https:\/\/azure.milexia.com\/products\/productos\/sensores\",\"url\":\"https:\/\/azure.milexia.com\/products\/productos\/sensores\",\"name\":\"Sensores | Milexia Products\",\"isPartOf\":{\"@id\":\"https:\/\/azure.milexia.com\/products\/#website\"},\"primaryImageOfPage\":{\"@id\":\"https:\/\/azure.milexia.com\/products\/productos\/sensores#primaryimage\"},\"image\":{\"@id\":\"https:\/\/azure.milexia.com\/products\/productos\/sensores#primaryimage\"},\"thumbnailUrl\":\"\/wp-content\/uploads\/sites\/7\/2022\/09\/product-category-header-sensor-scaled.jpg\",\"datePublished\":\"2022-09-21T15:13:07+00:00\",\"dateModified\":\"2025-11-04T15:39:14+00:00\",\"description\":\"Standard and customised solutions for reed switches and sensors, we are experts in the field of reed switches, relays and proximity switches.\",\"breadcrumb\":{\"@id\":\"https:\/\/azure.milexia.com\/products\/productos\/sensores#breadcrumb\"},\"inLanguage\":\"en-GB\",\"potentialAction\":[{\"@type\":\"ReadAction\",\"target\":[\"https:\/\/azure.milexia.com\/products\/productos\/sensores\"]}]},{\"@type\":\"ImageObject\",\"inLanguage\":\"en-GB\",\"@id\":\"https:\/\/azure.milexia.com\/products\/productos\/sensores#primaryimage\",\"url\":\"\/wp-content\/uploads\/sites\/7\/2022\/09\/product-category-header-sensor-scaled.jpg\",\"contentUrl\":\"\/wp-content\/uploads\/sites\/7\/2022\/09\/product-category-header-sensor-scaled.jpg\",\"width\":2560,\"height\":955,\"caption\":\"Sensors \u2013 Milexia\"},{\"@type\":\"BreadcrumbList\",\"@id\":\"https:\/\/azure.milexia.com\/products\/productos\/sensores#breadcrumb\",\"itemListElement\":[{\"@type\":\"ListItem\",\"position\":1,\"name\":\"Acceuil\",\"item\":\"https:\/\/azure.milexia.com\/products\/\"},{\"@type\":\"ListItem\",\"position\":2,\"name\":\"La gama m\u00e1s amplia y con el mejor valor\",\"item\":\"https:\/\/azure.milexia.com\/products\/productos\"},{\"@type\":\"ListItem\",\"position\":3,\"name\":\"Sensores\"}]},{\"@type\":\"WebSite\",\"@id\":\"https:\/\/azure.milexia.com\/products\/#website\",\"url\":\"https:\/\/azure.milexia.com\/products\/\",\"name\":\"Milexia Products\",\"description\":\"Making access to technology easier\",\"publisher\":{\"@id\":\"https:\/\/azure.milexia.com\/products\/#organization\"},\"potentialAction\":[{\"@type\":\"SearchAction\",\"target\":{\"@type\":\"EntryPoint\",\"urlTemplate\":\"https:\/\/azure.milexia.com\/products\/?s={search_term_string}\"},\"query-input\":{\"@type\":\"PropertyValueSpecification\",\"valueRequired\":true,\"valueName\":\"search_term_string\"}}],\"inLanguage\":\"en-GB\"},{\"@type\":\"Organization\",\"@id\":\"https:\/\/azure.milexia.com\/products\/#organization\",\"name\":\"Milexia Products\",\"url\":\"https:\/\/azure.milexia.com\/products\/\",\"logo\":{\"@type\":\"ImageObject\",\"inLanguage\":\"en-GB\",\"@id\":\"https:\/\/azure.milexia.com\/products\/#\/schema\/logo\/image\/\",\"url\":\"https:\/\/milexia.com\/products\/wp-content\/uploads\/sites\/7\/2022\/10\/logo.svg\",\"contentUrl\":\"https:\/\/milexia.com\/products\/wp-content\/uploads\/sites\/7\/2022\/10\/logo.svg\",\"width\":1,\"height\":1,\"caption\":\"Milexia Products\"},\"image\":{\"@id\":\"https:\/\/azure.milexia.com\/products\/#\/schema\/logo\/image\/\"},\"sameAs\":[\"https:\/\/x.com\/MilexiaGroup\",\"https:\/\/www.linkedin.com\/company\/milexia\/\"]}]}<\/script>\n<!-- \/ Yoast SEO Premium plugin. -->","yoast_head_json":{"title":"Sensores | Milexia Products","description":"Standard and customised solutions for reed switches and sensors, we are experts in the field of reed switches, relays and proximity switches.","robots":{"index":"noindex","follow":"follow","max-snippet":"max-snippet:-1","max-image-preview":"max-image-preview:large","max-video-preview":"max-video-preview:-1"},"og_locale":"en_GB","og_type":"article","og_title":"Sensores","og_description":"Standard and customised solutions for reed switches and sensors, we are experts in the field of reed switches, relays and proximity switches.","og_url":"https:\/\/azure.milexia.com\/products\/productos\/sensores","og_site_name":"Milexia Products","article_modified_time":"2025-11-04T15:39:14+00:00","og_image":[{"width":2560,"height":955,"url":"https:\/\/azure.milexia.com\/wp-content\/uploads\/sites\/7\/2022\/09\/product-category-header-sensor-scaled.jpg","type":"image\/jpeg"}],"twitter_card":"summary_large_image","twitter_site":"@MilexiaGroup","twitter_misc":{"Estimated reading time":"1 minute"},"schema":{"@context":"https:\/\/schema.org","@graph":[{"@type":"WebPage","@id":"https:\/\/azure.milexia.com\/products\/productos\/sensores","url":"https:\/\/azure.milexia.com\/products\/productos\/sensores","name":"Sensores | Milexia Products","isPartOf":{"@id":"https:\/\/azure.milexia.com\/products\/#website"},"primaryImageOfPage":{"@id":"https:\/\/azure.milexia.com\/products\/productos\/sensores#primaryimage"},"image":{"@id":"https:\/\/azure.milexia.com\/products\/productos\/sensores#primaryimage"},"thumbnailUrl":"\/wp-content\/uploads\/sites\/7\/2022\/09\/product-category-header-sensor-scaled.jpg","datePublished":"2022-09-21T15:13:07+00:00","dateModified":"2025-11-04T15:39:14+00:00","description":"Standard and customised solutions for reed switches and sensors, we are experts in the field of reed switches, relays and proximity switches.","breadcrumb":{"@id":"https:\/\/azure.milexia.com\/products\/productos\/sensores#breadcrumb"},"inLanguage":"en-GB","potentialAction":[{"@type":"ReadAction","target":["https:\/\/azure.milexia.com\/products\/productos\/sensores"]}]},{"@type":"ImageObject","inLanguage":"en-GB","@id":"https:\/\/azure.milexia.com\/products\/productos\/sensores#primaryimage","url":"\/wp-content\/uploads\/sites\/7\/2022\/09\/product-category-header-sensor-scaled.jpg","contentUrl":"\/wp-content\/uploads\/sites\/7\/2022\/09\/product-category-header-sensor-scaled.jpg","width":2560,"height":955,"caption":"Sensors \u2013 Milexia"},{"@type":"BreadcrumbList","@id":"https:\/\/azure.milexia.com\/products\/productos\/sensores#breadcrumb","itemListElement":[{"@type":"ListItem","position":1,"name":"Acceuil","item":"https:\/\/azure.milexia.com\/products\/"},{"@type":"ListItem","position":2,"name":"La gama m\u00e1s amplia y con el mejor valor","item":"https:\/\/azure.milexia.com\/products\/productos"},{"@type":"ListItem","position":3,"name":"Sensores"}]},{"@type":"WebSite","@id":"https:\/\/azure.milexia.com\/products\/#website","url":"https:\/\/azure.milexia.com\/products\/","name":"Milexia Products","description":"Making access to technology easier","publisher":{"@id":"https:\/\/azure.milexia.com\/products\/#organization"},"potentialAction":[{"@type":"SearchAction","target":{"@type":"EntryPoint","urlTemplate":"https:\/\/azure.milexia.com\/products\/?s={search_term_string}"},"query-input":{"@type":"PropertyValueSpecification","valueRequired":true,"valueName":"search_term_string"}}],"inLanguage":"en-GB"},{"@type":"Organization","@id":"https:\/\/azure.milexia.com\/products\/#organization","name":"Milexia Products","url":"https:\/\/azure.milexia.com\/products\/","logo":{"@type":"ImageObject","inLanguage":"en-GB","@id":"https:\/\/azure.milexia.com\/products\/#\/schema\/logo\/image\/","url":"https:\/\/milexia.com\/products\/wp-content\/uploads\/sites\/7\/2022\/10\/logo.svg","contentUrl":"https:\/\/milexia.com\/products\/wp-content\/uploads\/sites\/7\/2022\/10\/logo.svg","width":1,"height":1,"caption":"Milexia Products"},"image":{"@id":"https:\/\/azure.milexia.com\/products\/#\/schema\/logo\/image\/"},"sameAs":["https:\/\/x.com\/MilexiaGroup","https:\/\/www.linkedin.com\/company\/milexia\/"]}]}},"lang":"es","translations":{"es":19031,"fr":15708,"en":15354,"de":19033,"it":19035},"pll_sync_post":[],"_links":{"self":[{"href":"https:\/\/azure.milexia.com\/products\/wp-json\/wp\/v2\/pages\/19031","targetHints":{"allow":["GET"]}}],"collection":[{"href":"https:\/\/azure.milexia.com\/products\/wp-json\/wp\/v2\/pages"}],"about":[{"href":"https:\/\/azure.milexia.com\/products\/wp-json\/wp\/v2\/types\/page"}],"author":[{"embeddable":true,"href":"https:\/\/azure.milexia.com\/products\/wp-json\/wp\/v2\/users\/5"}],"replies":[{"embeddable":true,"href":"https:\/\/azure.milexia.com\/products\/wp-json\/wp\/v2\/comments?post=19031"}],"version-history":[{"count":0,"href":"https:\/\/azure.milexia.com\/products\/wp-json\/wp\/v2\/pages\/19031\/revisions"}],"up":[{"embeddable":true,"href":"https:\/\/azure.milexia.com\/products\/wp-json\/wp\/v2\/pages\/12604"}],"wp:featuredmedia":[{"embeddable":true,"href":"https:\/\/azure.milexia.com\/products\/wp-json\/wp\/v2\/media\/19328"}],"wp:attachment":[{"href":"https:\/\/azure.milexia.com\/products\/wp-json\/wp\/v2\/media?parent=19031"}],"curies":[{"name":"wp","href":"https:\/\/api.w.org\/{rel}","templated":true}]}}