{"id":15708,"date":"2022-09-06T07:26:21","date_gmt":"2022-09-06T07:26:21","guid":{"rendered":"https:\/\/milexia.com.marcom-test.net\/products\/?page_id=15708"},"modified":"2024-11-04T14:46:18","modified_gmt":"2024-11-04T14:46:18","slug":"capteur","status":"publish","type":"page","link":"https:\/\/azure.milexia.com\/products\/produits\/capteur","title":{"rendered":"Capteurs"},"content":{"rendered":"<div class=\"type-area intro\">\n<h2><strong>Des solutions standards et sp\u00e9cifiques<\/strong><\/h2>\n<p>Des composants Reed et capteurs destin\u00e9s aux secteurs de <a href=\"\/les-industries\/transport\/automobile\/\">l\u2019automobile<\/a>, du <a href=\"\/les-industries\/medical\/\">m\u00e9dical<\/a> ou encore de <a href=\"\/les-industries\/aeronautiques\/\">l\u2019a\u00e9ronautique<\/a>. Avec plus de 30 ans d\u2019exp\u00e9rience dans le domaine des <a href=\"\/products\/product-category\/capteurs\/components-fr\/\">interrupteurs Reed, relais Reed<\/a> et d\u00e9tecteurs de proximit\u00e9, nous saurons vous proposer la solution la plus adapt\u00e9e.<\/p>\n<\/div>\n","protected":false},"excerpt":{"rendered":"<p>Des solutions standards et sp\u00e9cifiques Des composants Reed et capteurs destin\u00e9s aux secteurs de l\u2019automobile, du m\u00e9dical ou encore de l\u2019a\u00e9ronautique. Avec plus de 30 ans d\u2019exp\u00e9rience dans le domaine des interrupteurs Reed, relais Reed et d\u00e9tecteurs de proximit\u00e9, nous saurons vous proposer la solution la plus adapt\u00e9e.<\/p>\n","protected":false},"author":5,"featured_media":19328,"parent":12602,"menu_order":34,"comment_status":"closed","ping_status":"closed","template":"page-templates\/page-product-category.php","meta":{"_acf_changed":false,"footnotes":""},"class_list":["post-15708","page","type-page","status-publish","has-post-thumbnail","hentry"],"acf":[],"yoast_head":"<!-- This site is optimized with the Yoast SEO Premium plugin v24.6 (Yoast SEO v27.2) - https:\/\/yoast.com\/product\/yoast-seo-premium-wordpress\/ -->\n<title>Capteurs | Milexia Products<\/title>\n<meta name=\"robots\" content=\"noindex, follow, max-snippet:-1, max-image-preview:large, max-video-preview:-1\" \/>\n<meta property=\"og:locale\" content=\"en_GB\" \/>\n<meta property=\"og:type\" content=\"article\" \/>\n<meta property=\"og:title\" content=\"Capteurs\" \/>\n<meta property=\"og:description\" content=\"Des solutions standards et sp\u00e9cifiques Des composants Reed et capteurs destin\u00e9s aux secteurs de l\u2019automobile, du m\u00e9dical ou encore de l\u2019a\u00e9ronautique. Avec plus de 30 ans d\u2019exp\u00e9rience dans le domaine des interrupteurs Reed, relais Reed et d\u00e9tecteurs de proximit\u00e9, nous saurons vous proposer la solution la plus adapt\u00e9e.\" \/>\n<meta property=\"og:url\" content=\"https:\/\/azure.milexia.com\/products\/produits\/capteur\" \/>\n<meta property=\"og:site_name\" content=\"Milexia Products\" \/>\n<meta property=\"article:modified_time\" content=\"2024-11-04T14:46:18+00:00\" \/>\n<meta property=\"og:image\" content=\"https:\/\/azure.milexia.com\/wp-content\/uploads\/sites\/7\/2022\/09\/product-category-header-sensor-scaled.jpg\" \/>\n\t<meta property=\"og:image:width\" content=\"2560\" \/>\n\t<meta property=\"og:image:height\" content=\"955\" \/>\n\t<meta property=\"og:image:type\" content=\"image\/jpeg\" \/>\n<meta name=\"twitter:card\" content=\"summary_large_image\" \/>\n<meta name=\"twitter:site\" content=\"@MilexiaGroup\" \/>\n<meta name=\"twitter:label1\" content=\"Estimated reading time\" \/>\n\t<meta name=\"twitter:data1\" content=\"1 minute\" \/>\n<script type=\"application\/ld+json\" class=\"yoast-schema-graph\">{\"@context\":\"https:\/\/schema.org\",\"@graph\":[{\"@type\":\"WebPage\",\"@id\":\"https:\/\/azure.milexia.com\/products\/produits\/capteur\",\"url\":\"https:\/\/azure.milexia.com\/products\/produits\/capteur\",\"name\":\"Capteurs | Milexia Products\",\"isPartOf\":{\"@id\":\"https:\/\/azure.milexia.com\/products\/#website\"},\"primaryImageOfPage\":{\"@id\":\"https:\/\/azure.milexia.com\/products\/produits\/capteur#primaryimage\"},\"image\":{\"@id\":\"https:\/\/azure.milexia.com\/products\/produits\/capteur#primaryimage\"},\"thumbnailUrl\":\"\/wp-content\/uploads\/sites\/7\/2022\/09\/product-category-header-sensor-scaled.jpg\",\"datePublished\":\"2022-09-06T07:26:21+00:00\",\"dateModified\":\"2024-11-04T14:46:18+00:00\",\"breadcrumb\":{\"@id\":\"https:\/\/azure.milexia.com\/products\/produits\/capteur#breadcrumb\"},\"inLanguage\":\"en-GB\",\"potentialAction\":[{\"@type\":\"ReadAction\",\"target\":[\"https:\/\/azure.milexia.com\/products\/produits\/capteur\"]}]},{\"@type\":\"ImageObject\",\"inLanguage\":\"en-GB\",\"@id\":\"https:\/\/azure.milexia.com\/products\/produits\/capteur#primaryimage\",\"url\":\"\/wp-content\/uploads\/sites\/7\/2022\/09\/product-category-header-sensor-scaled.jpg\",\"contentUrl\":\"\/wp-content\/uploads\/sites\/7\/2022\/09\/product-category-header-sensor-scaled.jpg\",\"width\":2560,\"height\":955,\"caption\":\"Sensors \u2013 Milexia\"},{\"@type\":\"BreadcrumbList\",\"@id\":\"https:\/\/azure.milexia.com\/products\/produits\/capteur#breadcrumb\",\"itemListElement\":[{\"@type\":\"ListItem\",\"position\":1,\"name\":\"Acceuil\",\"item\":\"https:\/\/azure.milexia.com\/products\/\"},{\"@type\":\"ListItem\",\"position\":2,\"name\":\"Une large gamme de produits\",\"item\":\"https:\/\/azure.milexia.com\/products\/produits\"},{\"@type\":\"ListItem\",\"position\":3,\"name\":\"Capteurs\"}]},{\"@type\":\"WebSite\",\"@id\":\"https:\/\/azure.milexia.com\/products\/#website\",\"url\":\"https:\/\/azure.milexia.com\/products\/\",\"name\":\"Milexia Products\",\"description\":\"Making access to technology easier\",\"publisher\":{\"@id\":\"https:\/\/azure.milexia.com\/products\/#organization\"},\"potentialAction\":[{\"@type\":\"SearchAction\",\"target\":{\"@type\":\"EntryPoint\",\"urlTemplate\":\"https:\/\/azure.milexia.com\/products\/?s={search_term_string}\"},\"query-input\":{\"@type\":\"PropertyValueSpecification\",\"valueRequired\":true,\"valueName\":\"search_term_string\"}}],\"inLanguage\":\"en-GB\"},{\"@type\":\"Organization\",\"@id\":\"https:\/\/azure.milexia.com\/products\/#organization\",\"name\":\"Milexia Products\",\"url\":\"https:\/\/azure.milexia.com\/products\/\",\"logo\":{\"@type\":\"ImageObject\",\"inLanguage\":\"en-GB\",\"@id\":\"https:\/\/azure.milexia.com\/products\/#\/schema\/logo\/image\/\",\"url\":\"https:\/\/milexia.com\/products\/wp-content\/uploads\/sites\/7\/2022\/10\/logo.svg\",\"contentUrl\":\"https:\/\/milexia.com\/products\/wp-content\/uploads\/sites\/7\/2022\/10\/logo.svg\",\"width\":1,\"height\":1,\"caption\":\"Milexia Products\"},\"image\":{\"@id\":\"https:\/\/azure.milexia.com\/products\/#\/schema\/logo\/image\/\"},\"sameAs\":[\"https:\/\/x.com\/MilexiaGroup\",\"https:\/\/www.linkedin.com\/company\/milexia\/\"]}]}<\/script>\n<!-- \/ Yoast SEO Premium plugin. -->","yoast_head_json":{"title":"Capteurs | Milexia Products","robots":{"index":"noindex","follow":"follow","max-snippet":"max-snippet:-1","max-image-preview":"max-image-preview:large","max-video-preview":"max-video-preview:-1"},"og_locale":"en_GB","og_type":"article","og_title":"Capteurs","og_description":"Des solutions standards et sp\u00e9cifiques Des composants Reed et capteurs destin\u00e9s aux secteurs de l\u2019automobile, du m\u00e9dical ou encore de l\u2019a\u00e9ronautique. Avec plus de 30 ans d\u2019exp\u00e9rience dans le domaine des interrupteurs Reed, relais Reed et d\u00e9tecteurs de proximit\u00e9, nous saurons vous proposer la solution la plus adapt\u00e9e.","og_url":"https:\/\/azure.milexia.com\/products\/produits\/capteur","og_site_name":"Milexia Products","article_modified_time":"2024-11-04T14:46:18+00:00","og_image":[{"width":2560,"height":955,"url":"https:\/\/azure.milexia.com\/wp-content\/uploads\/sites\/7\/2022\/09\/product-category-header-sensor-scaled.jpg","type":"image\/jpeg"}],"twitter_card":"summary_large_image","twitter_site":"@MilexiaGroup","twitter_misc":{"Estimated reading time":"1 minute"},"schema":{"@context":"https:\/\/schema.org","@graph":[{"@type":"WebPage","@id":"https:\/\/azure.milexia.com\/products\/produits\/capteur","url":"https:\/\/azure.milexia.com\/products\/produits\/capteur","name":"Capteurs | Milexia Products","isPartOf":{"@id":"https:\/\/azure.milexia.com\/products\/#website"},"primaryImageOfPage":{"@id":"https:\/\/azure.milexia.com\/products\/produits\/capteur#primaryimage"},"image":{"@id":"https:\/\/azure.milexia.com\/products\/produits\/capteur#primaryimage"},"thumbnailUrl":"\/wp-content\/uploads\/sites\/7\/2022\/09\/product-category-header-sensor-scaled.jpg","datePublished":"2022-09-06T07:26:21+00:00","dateModified":"2024-11-04T14:46:18+00:00","breadcrumb":{"@id":"https:\/\/azure.milexia.com\/products\/produits\/capteur#breadcrumb"},"inLanguage":"en-GB","potentialAction":[{"@type":"ReadAction","target":["https:\/\/azure.milexia.com\/products\/produits\/capteur"]}]},{"@type":"ImageObject","inLanguage":"en-GB","@id":"https:\/\/azure.milexia.com\/products\/produits\/capteur#primaryimage","url":"\/wp-content\/uploads\/sites\/7\/2022\/09\/product-category-header-sensor-scaled.jpg","contentUrl":"\/wp-content\/uploads\/sites\/7\/2022\/09\/product-category-header-sensor-scaled.jpg","width":2560,"height":955,"caption":"Sensors \u2013 Milexia"},{"@type":"BreadcrumbList","@id":"https:\/\/azure.milexia.com\/products\/produits\/capteur#breadcrumb","itemListElement":[{"@type":"ListItem","position":1,"name":"Acceuil","item":"https:\/\/azure.milexia.com\/products\/"},{"@type":"ListItem","position":2,"name":"Une large gamme de produits","item":"https:\/\/azure.milexia.com\/products\/produits"},{"@type":"ListItem","position":3,"name":"Capteurs"}]},{"@type":"WebSite","@id":"https:\/\/azure.milexia.com\/products\/#website","url":"https:\/\/azure.milexia.com\/products\/","name":"Milexia Products","description":"Making access to technology easier","publisher":{"@id":"https:\/\/azure.milexia.com\/products\/#organization"},"potentialAction":[{"@type":"SearchAction","target":{"@type":"EntryPoint","urlTemplate":"https:\/\/azure.milexia.com\/products\/?s={search_term_string}"},"query-input":{"@type":"PropertyValueSpecification","valueRequired":true,"valueName":"search_term_string"}}],"inLanguage":"en-GB"},{"@type":"Organization","@id":"https:\/\/azure.milexia.com\/products\/#organization","name":"Milexia Products","url":"https:\/\/azure.milexia.com\/products\/","logo":{"@type":"ImageObject","inLanguage":"en-GB","@id":"https:\/\/azure.milexia.com\/products\/#\/schema\/logo\/image\/","url":"https:\/\/milexia.com\/products\/wp-content\/uploads\/sites\/7\/2022\/10\/logo.svg","contentUrl":"https:\/\/milexia.com\/products\/wp-content\/uploads\/sites\/7\/2022\/10\/logo.svg","width":1,"height":1,"caption":"Milexia Products"},"image":{"@id":"https:\/\/azure.milexia.com\/products\/#\/schema\/logo\/image\/"},"sameAs":["https:\/\/x.com\/MilexiaGroup","https:\/\/www.linkedin.com\/company\/milexia\/"]}]}},"lang":"fr","translations":{"fr":15708,"en":15354,"es":19031,"de":19033,"it":19035},"pll_sync_post":[],"_links":{"self":[{"href":"https:\/\/azure.milexia.com\/products\/wp-json\/wp\/v2\/pages\/15708","targetHints":{"allow":["GET"]}}],"collection":[{"href":"https:\/\/azure.milexia.com\/products\/wp-json\/wp\/v2\/pages"}],"about":[{"href":"https:\/\/azure.milexia.com\/products\/wp-json\/wp\/v2\/types\/page"}],"author":[{"embeddable":true,"href":"https:\/\/azure.milexia.com\/products\/wp-json\/wp\/v2\/users\/5"}],"replies":[{"embeddable":true,"href":"https:\/\/azure.milexia.com\/products\/wp-json\/wp\/v2\/comments?post=15708"}],"version-history":[{"count":0,"href":"https:\/\/azure.milexia.com\/products\/wp-json\/wp\/v2\/pages\/15708\/revisions"}],"up":[{"embeddable":true,"href":"https:\/\/azure.milexia.com\/products\/wp-json\/wp\/v2\/pages\/12602"}],"wp:featuredmedia":[{"embeddable":true,"href":"https:\/\/azure.milexia.com\/products\/wp-json\/wp\/v2\/media\/19328"}],"wp:attachment":[{"href":"https:\/\/azure.milexia.com\/products\/wp-json\/wp\/v2\/media?parent=15708"}],"curies":[{"name":"wp","href":"https:\/\/api.w.org\/{rel}","templated":true}]}}