{"id":12742,"date":"2022-03-05T12:13:32","date_gmt":"2022-03-05T12:13:32","guid":{"rendered":"https:\/\/milexia.com.marcom-test.net\/products\/?page_id=12742"},"modified":"2026-01-22T12:26:58","modified_gmt":"2026-01-22T12:26:58","slug":"sistemas-embedidos","status":"publish","type":"page","link":"https:\/\/azure.milexia.com\/products\/productos\/sistemas-embedidos","title":{"rendered":"Sistemas Embebidos"},"content":{"rendered":"<h2><b>Soluciones Inform\u00e1ticas Rugerizadas<\/b><\/h2>\n<p>Ordenadores robustos dise\u00f1ados para entornos extremos.<\/p>\n<p>Nuestras l\u00edneas de productos inform\u00e1ticos reforzados son muy amplias, est\u00e1n incluidos <b>port\u00e1tiles<\/b>, <b>tabletas<\/b> y <b>software<\/b>. Tambi\u00e9n ofrecemos pantallas de panel PC y soluciones inform\u00e1ticas para aplicaciones industriales y de defensa.<\/p>\n","protected":false},"excerpt":{"rendered":"<p>Soluciones Inform\u00e1ticas Rugerizadas Ordenadores robustos dise\u00f1ados para entornos extremos. Nuestras l\u00edneas de productos inform\u00e1ticos reforzados son muy amplias, est\u00e1n incluidos port\u00e1tiles, tabletas y software. Tambi\u00e9n ofrecemos pantallas de panel PC y soluciones inform\u00e1ticas para aplicaciones industriales y de defensa.<\/p>\n","protected":false},"author":5,"featured_media":31694,"parent":12604,"menu_order":58,"comment_status":"closed","ping_status":"closed","template":"page-templates\/page-product-category.php","meta":{"_acf_changed":false,"footnotes":""},"class_list":["post-12742","page","type-page","status-publish","has-post-thumbnail","hentry"],"acf":[],"yoast_head":"<!-- This site is optimized with the Yoast SEO Premium plugin v24.6 (Yoast SEO v27.2) - https:\/\/yoast.com\/product\/yoast-seo-premium-wordpress\/ -->\n<title>Sistemas Embebidos | Milexia Products<\/title>\n<meta name=\"description\" content=\"Soluciones robustas de computaci\u00f3n m\u00f3vil dise\u00f1adas para resistir todas las condiciones clim\u00e1ticas y soportar ca\u00eddas desde seis pies.\" \/>\n<meta name=\"robots\" content=\"noindex, follow, max-snippet:-1, max-image-preview:large, max-video-preview:-1\" \/>\n<meta property=\"og:locale\" content=\"en_GB\" \/>\n<meta property=\"og:type\" content=\"article\" \/>\n<meta property=\"og:title\" content=\"Sistemas Embebidos\" \/>\n<meta property=\"og:description\" content=\"Soluciones robustas de computaci\u00f3n m\u00f3vil dise\u00f1adas para resistir todas las condiciones clim\u00e1ticas y soportar ca\u00eddas desde seis pies.\" \/>\n<meta property=\"og:url\" content=\"https:\/\/azure.milexia.com\/products\/productos\/sistemas-embedidos\" \/>\n<meta property=\"og:site_name\" content=\"Milexia Products\" \/>\n<meta property=\"article:modified_time\" content=\"2026-01-22T12:26:58+00:00\" \/>\n<meta property=\"og:image\" content=\"https:\/\/azure.milexia.com\/wp-content\/uploads\/sites\/7\/2024\/05\/embedded-systems-es-header.webp\" \/>\n\t<meta property=\"og:image:width\" content=\"2560\" \/>\n\t<meta property=\"og:image:height\" content=\"955\" \/>\n\t<meta property=\"og:image:type\" content=\"image\/webp\" \/>\n<meta name=\"twitter:card\" content=\"summary_large_image\" \/>\n<meta name=\"twitter:site\" content=\"@MilexiaGroup\" \/>\n<meta name=\"twitter:label1\" content=\"Estimated reading time\" \/>\n\t<meta name=\"twitter:data1\" content=\"1 minute\" \/>\n<script type=\"application\/ld+json\" class=\"yoast-schema-graph\">{\"@context\":\"https:\/\/schema.org\",\"@graph\":[{\"@type\":\"WebPage\",\"@id\":\"https:\/\/azure.milexia.com\/products\/productos\/sistemas-embedidos\",\"url\":\"https:\/\/azure.milexia.com\/products\/productos\/sistemas-embedidos\",\"name\":\"Sistemas Embebidos | Milexia Products\",\"isPartOf\":{\"@id\":\"https:\/\/azure.milexia.com\/products\/#website\"},\"primaryImageOfPage\":{\"@id\":\"https:\/\/azure.milexia.com\/products\/productos\/sistemas-embedidos#primaryimage\"},\"image\":{\"@id\":\"https:\/\/azure.milexia.com\/products\/productos\/sistemas-embedidos#primaryimage\"},\"thumbnailUrl\":\"\/wp-content\/uploads\/sites\/7\/2024\/05\/embedded-systems-es-header.webp\",\"datePublished\":\"2022-03-05T12:13:32+00:00\",\"dateModified\":\"2026-01-22T12:26:58+00:00\",\"description\":\"Soluciones robustas de computaci\u00f3n m\u00f3vil dise\u00f1adas para resistir todas las condiciones clim\u00e1ticas y soportar ca\u00eddas desde seis pies.\",\"breadcrumb\":{\"@id\":\"https:\/\/azure.milexia.com\/products\/productos\/sistemas-embedidos#breadcrumb\"},\"inLanguage\":\"en-GB\",\"potentialAction\":[{\"@type\":\"ReadAction\",\"target\":[\"https:\/\/azure.milexia.com\/products\/productos\/sistemas-embedidos\"]}]},{\"@type\":\"ImageObject\",\"inLanguage\":\"en-GB\",\"@id\":\"https:\/\/azure.milexia.com\/products\/productos\/sistemas-embedidos#primaryimage\",\"url\":\"\/wp-content\/uploads\/sites\/7\/2024\/05\/embedded-systems-es-header.webp\",\"contentUrl\":\"\/wp-content\/uploads\/sites\/7\/2024\/05\/embedded-systems-es-header.webp\",\"width\":2560,\"height\":955,\"caption\":\"Embedded Systems\"},{\"@type\":\"BreadcrumbList\",\"@id\":\"https:\/\/azure.milexia.com\/products\/productos\/sistemas-embedidos#breadcrumb\",\"itemListElement\":[{\"@type\":\"ListItem\",\"position\":1,\"name\":\"Acceuil\",\"item\":\"https:\/\/azure.milexia.com\/products\/\"},{\"@type\":\"ListItem\",\"position\":2,\"name\":\"La gama m\u00e1s amplia y con el mejor valor\",\"item\":\"https:\/\/azure.milexia.com\/products\/productos\"},{\"@type\":\"ListItem\",\"position\":3,\"name\":\"Sistemas Embebidos\"}]},{\"@type\":\"WebSite\",\"@id\":\"https:\/\/azure.milexia.com\/products\/#website\",\"url\":\"https:\/\/azure.milexia.com\/products\/\",\"name\":\"Milexia Products\",\"description\":\"Making access to technology easier\",\"publisher\":{\"@id\":\"https:\/\/azure.milexia.com\/products\/#organization\"},\"potentialAction\":[{\"@type\":\"SearchAction\",\"target\":{\"@type\":\"EntryPoint\",\"urlTemplate\":\"https:\/\/azure.milexia.com\/products\/?s={search_term_string}\"},\"query-input\":{\"@type\":\"PropertyValueSpecification\",\"valueRequired\":true,\"valueName\":\"search_term_string\"}}],\"inLanguage\":\"en-GB\"},{\"@type\":\"Organization\",\"@id\":\"https:\/\/azure.milexia.com\/products\/#organization\",\"name\":\"Milexia Products\",\"url\":\"https:\/\/azure.milexia.com\/products\/\",\"logo\":{\"@type\":\"ImageObject\",\"inLanguage\":\"en-GB\",\"@id\":\"https:\/\/azure.milexia.com\/products\/#\/schema\/logo\/image\/\",\"url\":\"https:\/\/milexia.com\/products\/wp-content\/uploads\/sites\/7\/2022\/10\/logo.svg\",\"contentUrl\":\"https:\/\/milexia.com\/products\/wp-content\/uploads\/sites\/7\/2022\/10\/logo.svg\",\"width\":1,\"height\":1,\"caption\":\"Milexia Products\"},\"image\":{\"@id\":\"https:\/\/azure.milexia.com\/products\/#\/schema\/logo\/image\/\"},\"sameAs\":[\"https:\/\/x.com\/MilexiaGroup\",\"https:\/\/www.linkedin.com\/company\/milexia\/\"]}]}<\/script>\n<!-- \/ Yoast SEO Premium plugin. -->","yoast_head_json":{"title":"Sistemas Embebidos | Milexia Products","description":"Soluciones robustas de computaci\u00f3n m\u00f3vil dise\u00f1adas para resistir todas las condiciones clim\u00e1ticas y soportar ca\u00eddas desde seis pies.","robots":{"index":"noindex","follow":"follow","max-snippet":"max-snippet:-1","max-image-preview":"max-image-preview:large","max-video-preview":"max-video-preview:-1"},"og_locale":"en_GB","og_type":"article","og_title":"Sistemas Embebidos","og_description":"Soluciones robustas de computaci\u00f3n m\u00f3vil dise\u00f1adas para resistir todas las condiciones clim\u00e1ticas y soportar ca\u00eddas desde seis pies.","og_url":"https:\/\/azure.milexia.com\/products\/productos\/sistemas-embedidos","og_site_name":"Milexia Products","article_modified_time":"2026-01-22T12:26:58+00:00","og_image":[{"width":2560,"height":955,"url":"https:\/\/azure.milexia.com\/wp-content\/uploads\/sites\/7\/2024\/05\/embedded-systems-es-header.webp","type":"image\/webp"}],"twitter_card":"summary_large_image","twitter_site":"@MilexiaGroup","twitter_misc":{"Estimated reading time":"1 minute"},"schema":{"@context":"https:\/\/schema.org","@graph":[{"@type":"WebPage","@id":"https:\/\/azure.milexia.com\/products\/productos\/sistemas-embedidos","url":"https:\/\/azure.milexia.com\/products\/productos\/sistemas-embedidos","name":"Sistemas Embebidos | Milexia Products","isPartOf":{"@id":"https:\/\/azure.milexia.com\/products\/#website"},"primaryImageOfPage":{"@id":"https:\/\/azure.milexia.com\/products\/productos\/sistemas-embedidos#primaryimage"},"image":{"@id":"https:\/\/azure.milexia.com\/products\/productos\/sistemas-embedidos#primaryimage"},"thumbnailUrl":"\/wp-content\/uploads\/sites\/7\/2024\/05\/embedded-systems-es-header.webp","datePublished":"2022-03-05T12:13:32+00:00","dateModified":"2026-01-22T12:26:58+00:00","description":"Soluciones robustas de computaci\u00f3n m\u00f3vil dise\u00f1adas para resistir todas las condiciones clim\u00e1ticas y soportar ca\u00eddas desde seis pies.","breadcrumb":{"@id":"https:\/\/azure.milexia.com\/products\/productos\/sistemas-embedidos#breadcrumb"},"inLanguage":"en-GB","potentialAction":[{"@type":"ReadAction","target":["https:\/\/azure.milexia.com\/products\/productos\/sistemas-embedidos"]}]},{"@type":"ImageObject","inLanguage":"en-GB","@id":"https:\/\/azure.milexia.com\/products\/productos\/sistemas-embedidos#primaryimage","url":"\/wp-content\/uploads\/sites\/7\/2024\/05\/embedded-systems-es-header.webp","contentUrl":"\/wp-content\/uploads\/sites\/7\/2024\/05\/embedded-systems-es-header.webp","width":2560,"height":955,"caption":"Embedded Systems"},{"@type":"BreadcrumbList","@id":"https:\/\/azure.milexia.com\/products\/productos\/sistemas-embedidos#breadcrumb","itemListElement":[{"@type":"ListItem","position":1,"name":"Acceuil","item":"https:\/\/azure.milexia.com\/products\/"},{"@type":"ListItem","position":2,"name":"La gama m\u00e1s amplia y con el mejor valor","item":"https:\/\/azure.milexia.com\/products\/productos"},{"@type":"ListItem","position":3,"name":"Sistemas Embebidos"}]},{"@type":"WebSite","@id":"https:\/\/azure.milexia.com\/products\/#website","url":"https:\/\/azure.milexia.com\/products\/","name":"Milexia Products","description":"Making access to technology easier","publisher":{"@id":"https:\/\/azure.milexia.com\/products\/#organization"},"potentialAction":[{"@type":"SearchAction","target":{"@type":"EntryPoint","urlTemplate":"https:\/\/azure.milexia.com\/products\/?s={search_term_string}"},"query-input":{"@type":"PropertyValueSpecification","valueRequired":true,"valueName":"search_term_string"}}],"inLanguage":"en-GB"},{"@type":"Organization","@id":"https:\/\/azure.milexia.com\/products\/#organization","name":"Milexia Products","url":"https:\/\/azure.milexia.com\/products\/","logo":{"@type":"ImageObject","inLanguage":"en-GB","@id":"https:\/\/azure.milexia.com\/products\/#\/schema\/logo\/image\/","url":"https:\/\/milexia.com\/products\/wp-content\/uploads\/sites\/7\/2022\/10\/logo.svg","contentUrl":"https:\/\/milexia.com\/products\/wp-content\/uploads\/sites\/7\/2022\/10\/logo.svg","width":1,"height":1,"caption":"Milexia Products"},"image":{"@id":"https:\/\/azure.milexia.com\/products\/#\/schema\/logo\/image\/"},"sameAs":["https:\/\/x.com\/MilexiaGroup","https:\/\/www.linkedin.com\/company\/milexia\/"]}]}},"lang":"es","translations":{"es":12742,"fr":12739,"en":12737,"de":12744,"it":12746},"pll_sync_post":[],"_links":{"self":[{"href":"https:\/\/azure.milexia.com\/products\/wp-json\/wp\/v2\/pages\/12742","targetHints":{"allow":["GET"]}}],"collection":[{"href":"https:\/\/azure.milexia.com\/products\/wp-json\/wp\/v2\/pages"}],"about":[{"href":"https:\/\/azure.milexia.com\/products\/wp-json\/wp\/v2\/types\/page"}],"author":[{"embeddable":true,"href":"https:\/\/azure.milexia.com\/products\/wp-json\/wp\/v2\/users\/5"}],"replies":[{"embeddable":true,"href":"https:\/\/azure.milexia.com\/products\/wp-json\/wp\/v2\/comments?post=12742"}],"version-history":[{"count":0,"href":"https:\/\/azure.milexia.com\/products\/wp-json\/wp\/v2\/pages\/12742\/revisions"}],"up":[{"embeddable":true,"href":"https:\/\/azure.milexia.com\/products\/wp-json\/wp\/v2\/pages\/12604"}],"wp:featuredmedia":[{"embeddable":true,"href":"https:\/\/azure.milexia.com\/products\/wp-json\/wp\/v2\/media\/31694"}],"wp:attachment":[{"href":"https:\/\/azure.milexia.com\/products\/wp-json\/wp\/v2\/media?parent=12742"}],"curies":[{"name":"wp","href":"https:\/\/api.w.org\/{rel}","templated":true}]}}