{"id":12739,"date":"2022-03-05T12:13:14","date_gmt":"2022-03-05T12:13:14","guid":{"rendered":"https:\/\/milexia.com.marcom-test.net\/products\/?page_id=12739"},"modified":"2024-11-04T13:04:11","modified_gmt":"2024-11-04T13:04:11","slug":"systemes-integres","status":"publish","type":"page","link":"https:\/\/azure.milexia.com\/products\/produits\/systemes-integres","title":{"rendered":"Informatique durcie"},"content":{"rendered":"<h2><b>Informatique Durcie<\/b><\/h2>\n<p>Des solutions informatiques pour les environnements les plus difficiles.<\/p>\n<p>Une vari\u00e9t\u00e9 et exhaustivit\u00e9 de produits incluant des ordinateurs portables, tablettes, terminaux et logiciels. Nous concevons \u00e9galement des <a href=\"https:\/\/azure.milexia.com\/fr\/conception-et-production\/\">Panels PC, des \u00e9crans &amp; moniteurs sur mesure<\/a>\u00a0pour les applications de d\u00e9fense et industrielles.<\/p>\n","protected":false},"excerpt":{"rendered":"<p>Informatique Durcie Des solutions informatiques pour les environnements les plus difficiles. Une vari\u00e9t\u00e9 et exhaustivit\u00e9 de produits incluant des ordinateurs portables, tablettes, terminaux et logiciels. Nous concevons \u00e9galement des Panels PC, des \u00e9crans &amp; moniteurs sur mesure\u00a0pour les applications de d\u00e9fense et industrielles.<\/p>\n","protected":false},"author":5,"featured_media":31694,"parent":12602,"menu_order":41,"comment_status":"closed","ping_status":"closed","template":"page-templates\/page-product-category.php","meta":{"_acf_changed":false,"footnotes":""},"class_list":["post-12739","page","type-page","status-publish","has-post-thumbnail","hentry"],"acf":[],"yoast_head":"<!-- This site is optimized with the Yoast SEO Premium plugin v24.6 (Yoast SEO v27.2) - https:\/\/yoast.com\/product\/yoast-seo-premium-wordpress\/ -->\n<title>Informatique durcie | Milexia Products<\/title>\n<meta name=\"robots\" content=\"noindex, follow, max-snippet:-1, max-image-preview:large, max-video-preview:-1\" \/>\n<meta property=\"og:locale\" content=\"en_GB\" \/>\n<meta property=\"og:type\" content=\"article\" \/>\n<meta property=\"og:title\" content=\"Informatique durcie\" \/>\n<meta property=\"og:description\" content=\"Informatique Durcie Des solutions informatiques pour les environnements les plus difficiles. Une vari\u00e9t\u00e9 et exhaustivit\u00e9 de produits incluant des ordinateurs portables, tablettes, terminaux et logiciels. Nous concevons \u00e9galement des Panels PC, des \u00e9crans &amp; moniteurs sur mesure\u00a0pour les applications de d\u00e9fense et industrielles.\" \/>\n<meta property=\"og:url\" content=\"https:\/\/azure.milexia.com\/products\/produits\/systemes-integres\" \/>\n<meta property=\"og:site_name\" content=\"Milexia Products\" \/>\n<meta property=\"article:modified_time\" content=\"2024-11-04T13:04:11+00:00\" \/>\n<meta property=\"og:image\" content=\"https:\/\/azure.milexia.com\/wp-content\/uploads\/sites\/7\/2024\/05\/embedded-systems-es-header.webp\" \/>\n\t<meta property=\"og:image:width\" content=\"2560\" \/>\n\t<meta property=\"og:image:height\" content=\"955\" \/>\n\t<meta property=\"og:image:type\" content=\"image\/webp\" \/>\n<meta name=\"twitter:card\" content=\"summary_large_image\" \/>\n<meta name=\"twitter:site\" content=\"@MilexiaGroup\" \/>\n<meta name=\"twitter:label1\" content=\"Estimated reading time\" \/>\n\t<meta name=\"twitter:data1\" content=\"1 minute\" \/>\n<script type=\"application\/ld+json\" class=\"yoast-schema-graph\">{\"@context\":\"https:\/\/schema.org\",\"@graph\":[{\"@type\":\"WebPage\",\"@id\":\"https:\/\/azure.milexia.com\/products\/produits\/systemes-integres\",\"url\":\"https:\/\/azure.milexia.com\/products\/produits\/systemes-integres\",\"name\":\"Informatique durcie | Milexia Products\",\"isPartOf\":{\"@id\":\"https:\/\/azure.milexia.com\/products\/#website\"},\"primaryImageOfPage\":{\"@id\":\"https:\/\/azure.milexia.com\/products\/produits\/systemes-integres#primaryimage\"},\"image\":{\"@id\":\"https:\/\/azure.milexia.com\/products\/produits\/systemes-integres#primaryimage\"},\"thumbnailUrl\":\"\/wp-content\/uploads\/sites\/7\/2024\/05\/embedded-systems-es-header.webp\",\"datePublished\":\"2022-03-05T12:13:14+00:00\",\"dateModified\":\"2024-11-04T13:04:11+00:00\",\"breadcrumb\":{\"@id\":\"https:\/\/azure.milexia.com\/products\/produits\/systemes-integres#breadcrumb\"},\"inLanguage\":\"en-GB\",\"potentialAction\":[{\"@type\":\"ReadAction\",\"target\":[\"https:\/\/azure.milexia.com\/products\/produits\/systemes-integres\"]}]},{\"@type\":\"ImageObject\",\"inLanguage\":\"en-GB\",\"@id\":\"https:\/\/azure.milexia.com\/products\/produits\/systemes-integres#primaryimage\",\"url\":\"\/wp-content\/uploads\/sites\/7\/2024\/05\/embedded-systems-es-header.webp\",\"contentUrl\":\"\/wp-content\/uploads\/sites\/7\/2024\/05\/embedded-systems-es-header.webp\",\"width\":2560,\"height\":955,\"caption\":\"Embedded Systems\"},{\"@type\":\"BreadcrumbList\",\"@id\":\"https:\/\/azure.milexia.com\/products\/produits\/systemes-integres#breadcrumb\",\"itemListElement\":[{\"@type\":\"ListItem\",\"position\":1,\"name\":\"Acceuil\",\"item\":\"https:\/\/azure.milexia.com\/products\/\"},{\"@type\":\"ListItem\",\"position\":2,\"name\":\"Une large gamme de produits\",\"item\":\"https:\/\/azure.milexia.com\/products\/produits\"},{\"@type\":\"ListItem\",\"position\":3,\"name\":\"Informatique durcie\"}]},{\"@type\":\"WebSite\",\"@id\":\"https:\/\/azure.milexia.com\/products\/#website\",\"url\":\"https:\/\/azure.milexia.com\/products\/\",\"name\":\"Milexia Products\",\"description\":\"Making access to technology easier\",\"publisher\":{\"@id\":\"https:\/\/azure.milexia.com\/products\/#organization\"},\"potentialAction\":[{\"@type\":\"SearchAction\",\"target\":{\"@type\":\"EntryPoint\",\"urlTemplate\":\"https:\/\/azure.milexia.com\/products\/?s={search_term_string}\"},\"query-input\":{\"@type\":\"PropertyValueSpecification\",\"valueRequired\":true,\"valueName\":\"search_term_string\"}}],\"inLanguage\":\"en-GB\"},{\"@type\":\"Organization\",\"@id\":\"https:\/\/azure.milexia.com\/products\/#organization\",\"name\":\"Milexia Products\",\"url\":\"https:\/\/azure.milexia.com\/products\/\",\"logo\":{\"@type\":\"ImageObject\",\"inLanguage\":\"en-GB\",\"@id\":\"https:\/\/azure.milexia.com\/products\/#\/schema\/logo\/image\/\",\"url\":\"https:\/\/milexia.com\/products\/wp-content\/uploads\/sites\/7\/2022\/10\/logo.svg\",\"contentUrl\":\"https:\/\/milexia.com\/products\/wp-content\/uploads\/sites\/7\/2022\/10\/logo.svg\",\"width\":1,\"height\":1,\"caption\":\"Milexia Products\"},\"image\":{\"@id\":\"https:\/\/azure.milexia.com\/products\/#\/schema\/logo\/image\/\"},\"sameAs\":[\"https:\/\/x.com\/MilexiaGroup\",\"https:\/\/www.linkedin.com\/company\/milexia\/\"]}]}<\/script>\n<!-- \/ Yoast SEO Premium plugin. -->","yoast_head_json":{"title":"Informatique durcie | Milexia Products","robots":{"index":"noindex","follow":"follow","max-snippet":"max-snippet:-1","max-image-preview":"max-image-preview:large","max-video-preview":"max-video-preview:-1"},"og_locale":"en_GB","og_type":"article","og_title":"Informatique durcie","og_description":"Informatique Durcie Des solutions informatiques pour les environnements les plus difficiles. Une vari\u00e9t\u00e9 et exhaustivit\u00e9 de produits incluant des ordinateurs portables, tablettes, terminaux et logiciels. Nous concevons \u00e9galement des Panels PC, des \u00e9crans &amp; moniteurs sur mesure\u00a0pour les applications de d\u00e9fense et industrielles.","og_url":"https:\/\/azure.milexia.com\/products\/produits\/systemes-integres","og_site_name":"Milexia Products","article_modified_time":"2024-11-04T13:04:11+00:00","og_image":[{"width":2560,"height":955,"url":"https:\/\/azure.milexia.com\/wp-content\/uploads\/sites\/7\/2024\/05\/embedded-systems-es-header.webp","type":"image\/webp"}],"twitter_card":"summary_large_image","twitter_site":"@MilexiaGroup","twitter_misc":{"Estimated reading time":"1 minute"},"schema":{"@context":"https:\/\/schema.org","@graph":[{"@type":"WebPage","@id":"https:\/\/azure.milexia.com\/products\/produits\/systemes-integres","url":"https:\/\/azure.milexia.com\/products\/produits\/systemes-integres","name":"Informatique durcie | Milexia Products","isPartOf":{"@id":"https:\/\/azure.milexia.com\/products\/#website"},"primaryImageOfPage":{"@id":"https:\/\/azure.milexia.com\/products\/produits\/systemes-integres#primaryimage"},"image":{"@id":"https:\/\/azure.milexia.com\/products\/produits\/systemes-integres#primaryimage"},"thumbnailUrl":"\/wp-content\/uploads\/sites\/7\/2024\/05\/embedded-systems-es-header.webp","datePublished":"2022-03-05T12:13:14+00:00","dateModified":"2024-11-04T13:04:11+00:00","breadcrumb":{"@id":"https:\/\/azure.milexia.com\/products\/produits\/systemes-integres#breadcrumb"},"inLanguage":"en-GB","potentialAction":[{"@type":"ReadAction","target":["https:\/\/azure.milexia.com\/products\/produits\/systemes-integres"]}]},{"@type":"ImageObject","inLanguage":"en-GB","@id":"https:\/\/azure.milexia.com\/products\/produits\/systemes-integres#primaryimage","url":"\/wp-content\/uploads\/sites\/7\/2024\/05\/embedded-systems-es-header.webp","contentUrl":"\/wp-content\/uploads\/sites\/7\/2024\/05\/embedded-systems-es-header.webp","width":2560,"height":955,"caption":"Embedded Systems"},{"@type":"BreadcrumbList","@id":"https:\/\/azure.milexia.com\/products\/produits\/systemes-integres#breadcrumb","itemListElement":[{"@type":"ListItem","position":1,"name":"Acceuil","item":"https:\/\/azure.milexia.com\/products\/"},{"@type":"ListItem","position":2,"name":"Une large gamme de produits","item":"https:\/\/azure.milexia.com\/products\/produits"},{"@type":"ListItem","position":3,"name":"Informatique durcie"}]},{"@type":"WebSite","@id":"https:\/\/azure.milexia.com\/products\/#website","url":"https:\/\/azure.milexia.com\/products\/","name":"Milexia Products","description":"Making access to technology easier","publisher":{"@id":"https:\/\/azure.milexia.com\/products\/#organization"},"potentialAction":[{"@type":"SearchAction","target":{"@type":"EntryPoint","urlTemplate":"https:\/\/azure.milexia.com\/products\/?s={search_term_string}"},"query-input":{"@type":"PropertyValueSpecification","valueRequired":true,"valueName":"search_term_string"}}],"inLanguage":"en-GB"},{"@type":"Organization","@id":"https:\/\/azure.milexia.com\/products\/#organization","name":"Milexia Products","url":"https:\/\/azure.milexia.com\/products\/","logo":{"@type":"ImageObject","inLanguage":"en-GB","@id":"https:\/\/azure.milexia.com\/products\/#\/schema\/logo\/image\/","url":"https:\/\/milexia.com\/products\/wp-content\/uploads\/sites\/7\/2022\/10\/logo.svg","contentUrl":"https:\/\/milexia.com\/products\/wp-content\/uploads\/sites\/7\/2022\/10\/logo.svg","width":1,"height":1,"caption":"Milexia Products"},"image":{"@id":"https:\/\/azure.milexia.com\/products\/#\/schema\/logo\/image\/"},"sameAs":["https:\/\/x.com\/MilexiaGroup","https:\/\/www.linkedin.com\/company\/milexia\/"]}]}},"lang":"fr","translations":{"fr":12739,"en":12737,"es":12742,"de":12744,"it":12746},"pll_sync_post":[],"_links":{"self":[{"href":"https:\/\/azure.milexia.com\/products\/wp-json\/wp\/v2\/pages\/12739","targetHints":{"allow":["GET"]}}],"collection":[{"href":"https:\/\/azure.milexia.com\/products\/wp-json\/wp\/v2\/pages"}],"about":[{"href":"https:\/\/azure.milexia.com\/products\/wp-json\/wp\/v2\/types\/page"}],"author":[{"embeddable":true,"href":"https:\/\/azure.milexia.com\/products\/wp-json\/wp\/v2\/users\/5"}],"replies":[{"embeddable":true,"href":"https:\/\/azure.milexia.com\/products\/wp-json\/wp\/v2\/comments?post=12739"}],"version-history":[{"count":0,"href":"https:\/\/azure.milexia.com\/products\/wp-json\/wp\/v2\/pages\/12739\/revisions"}],"up":[{"embeddable":true,"href":"https:\/\/azure.milexia.com\/products\/wp-json\/wp\/v2\/pages\/12602"}],"wp:featuredmedia":[{"embeddable":true,"href":"https:\/\/azure.milexia.com\/products\/wp-json\/wp\/v2\/media\/31694"}],"wp:attachment":[{"href":"https:\/\/azure.milexia.com\/products\/wp-json\/wp\/v2\/media?parent=12739"}],"curies":[{"name":"wp","href":"https:\/\/api.w.org\/{rel}","templated":true}]}}