{"id":12708,"date":"2022-03-04T17:26:24","date_gmt":"2022-03-04T17:26:24","guid":{"rendered":"https:\/\/milexia.com.marcom-test.net\/products\/?page_id=12708"},"modified":"2024-09-12T19:03:57","modified_gmt":"2024-09-12T19:03:57","slug":"partenaires","status":"publish","type":"page","link":"https:\/\/azure.milexia.com\/products\/partenaires","title":{"rendered":"Les partenaires"},"content":{"rendered":"<p>Nous avons un grand nombre de partenaires commerciaux du monde entier sp\u00e9cialis\u00e9s dans une vari\u00e9t\u00e9 de produits et de services. Ces relations nous ont permis de suivre et d\u2019am\u00e9liorer nos performances commerciales dans les diff\u00e9rents secteurs du march\u00e9. Nous explorons continuellement nos r\u00e9seaux et participons \u00e9galement \u00e0 de nombreux \u00e9v\u00e9nements li\u00e9s \u00e0 l\u2019industrie.<\/p>\n","protected":false},"excerpt":{"rendered":"<p>Nous avons un grand nombre de partenaires commerciaux du monde entier sp\u00e9cialis\u00e9s dans une vari\u00e9t\u00e9 de produits et de services. Ces relations nous ont permis de suivre et d\u2019am\u00e9liorer nos performances commerciales dans les diff\u00e9rents secteurs du march\u00e9. Nous explorons continuellement nos r\u00e9seaux et participons \u00e9galement \u00e0 de nombreux \u00e9v\u00e9nements li\u00e9s \u00e0 l\u2019industrie.<\/p>\n","protected":false},"author":5,"featured_media":14133,"parent":0,"menu_order":126,"comment_status":"closed","ping_status":"closed","template":"page-templates\/page-partners.php","meta":{"_acf_changed":false,"footnotes":""},"class_list":["post-12708","page","type-page","status-publish","has-post-thumbnail","hentry"],"acf":[],"yoast_head":"<!-- This site is optimized with the Yoast SEO Premium plugin v24.6 (Yoast SEO v27.2) - https:\/\/yoast.com\/product\/yoast-seo-premium-wordpress\/ -->\n<title>Les partenaires | Milexia Products<\/title>\n<meta name=\"robots\" content=\"noindex, follow, max-snippet:-1, max-image-preview:large, max-video-preview:-1\" \/>\n<meta property=\"og:locale\" content=\"en_GB\" \/>\n<meta property=\"og:type\" content=\"article\" \/>\n<meta property=\"og:title\" content=\"Les partenaires\" \/>\n<meta property=\"og:description\" content=\"Nous avons un grand nombre de partenaires commerciaux du monde entier sp\u00e9cialis\u00e9s dans une vari\u00e9t\u00e9 de produits et de services. Ces relations nous ont permis de suivre et d\u2019am\u00e9liorer nos performances commerciales dans les diff\u00e9rents secteurs du march\u00e9. Nous explorons continuellement nos r\u00e9seaux et participons \u00e9galement \u00e0 de nombreux \u00e9v\u00e9nements li\u00e9s \u00e0 l\u2019industrie.\" \/>\n<meta property=\"og:url\" content=\"https:\/\/azure.milexia.com\/products\/partenaires\" \/>\n<meta property=\"og:site_name\" content=\"Milexia Products\" \/>\n<meta property=\"article:modified_time\" content=\"2024-09-12T19:03:57+00:00\" \/>\n<meta property=\"og:image\" content=\"https:\/\/azure.milexia.com\/wp-content\/uploads\/sites\/7\/2022\/05\/featured-background-product-optical-digital-scaled.jpg\" \/>\n\t<meta property=\"og:image:width\" content=\"2560\" \/>\n\t<meta property=\"og:image:height\" content=\"955\" \/>\n\t<meta property=\"og:image:type\" content=\"image\/jpeg\" \/>\n<meta name=\"twitter:card\" content=\"summary_large_image\" \/>\n<meta name=\"twitter:site\" content=\"@MilexiaGroup\" \/>\n<meta name=\"twitter:label1\" content=\"Estimated reading time\" \/>\n\t<meta name=\"twitter:data1\" content=\"1 minute\" \/>\n<script type=\"application\/ld+json\" class=\"yoast-schema-graph\">{\"@context\":\"https:\/\/schema.org\",\"@graph\":[{\"@type\":\"WebPage\",\"@id\":\"https:\/\/azure.milexia.com\/products\/partenaires\",\"url\":\"https:\/\/azure.milexia.com\/products\/partenaires\",\"name\":\"Les partenaires | Milexia Products\",\"isPartOf\":{\"@id\":\"https:\/\/azure.milexia.com\/products\/#website\"},\"primaryImageOfPage\":{\"@id\":\"https:\/\/azure.milexia.com\/products\/partenaires#primaryimage\"},\"image\":{\"@id\":\"https:\/\/azure.milexia.com\/products\/partenaires#primaryimage\"},\"thumbnailUrl\":\"\/wp-content\/uploads\/sites\/7\/2022\/05\/featured-background-product-optical-digital-scaled.jpg\",\"datePublished\":\"2022-03-04T17:26:24+00:00\",\"dateModified\":\"2024-09-12T19:03:57+00:00\",\"breadcrumb\":{\"@id\":\"https:\/\/azure.milexia.com\/products\/partenaires#breadcrumb\"},\"inLanguage\":\"en-GB\",\"potentialAction\":[{\"@type\":\"ReadAction\",\"target\":[\"https:\/\/azure.milexia.com\/products\/partenaires\"]}]},{\"@type\":\"ImageObject\",\"inLanguage\":\"en-GB\",\"@id\":\"https:\/\/azure.milexia.com\/products\/partenaires#primaryimage\",\"url\":\"\/wp-content\/uploads\/sites\/7\/2022\/05\/featured-background-product-optical-digital-scaled.jpg\",\"contentUrl\":\"\/wp-content\/uploads\/sites\/7\/2022\/05\/featured-background-product-optical-digital-scaled.jpg\",\"width\":2560,\"height\":955,\"caption\":\"Provider of electromagnetic supplies built around light, sight and vision\"},{\"@type\":\"BreadcrumbList\",\"@id\":\"https:\/\/azure.milexia.com\/products\/partenaires#breadcrumb\",\"itemListElement\":[{\"@type\":\"ListItem\",\"position\":1,\"name\":\"Acceuil\",\"item\":\"https:\/\/azure.milexia.com\/products\/\"},{\"@type\":\"ListItem\",\"position\":2,\"name\":\"Les partenaires\"}]},{\"@type\":\"WebSite\",\"@id\":\"https:\/\/azure.milexia.com\/products\/#website\",\"url\":\"https:\/\/azure.milexia.com\/products\/\",\"name\":\"Milexia Products\",\"description\":\"Making access to technology easier\",\"publisher\":{\"@id\":\"https:\/\/azure.milexia.com\/products\/#organization\"},\"potentialAction\":[{\"@type\":\"SearchAction\",\"target\":{\"@type\":\"EntryPoint\",\"urlTemplate\":\"https:\/\/azure.milexia.com\/products\/?s={search_term_string}\"},\"query-input\":{\"@type\":\"PropertyValueSpecification\",\"valueRequired\":true,\"valueName\":\"search_term_string\"}}],\"inLanguage\":\"en-GB\"},{\"@type\":\"Organization\",\"@id\":\"https:\/\/azure.milexia.com\/products\/#organization\",\"name\":\"Milexia Products\",\"url\":\"https:\/\/azure.milexia.com\/products\/\",\"logo\":{\"@type\":\"ImageObject\",\"inLanguage\":\"en-GB\",\"@id\":\"https:\/\/azure.milexia.com\/products\/#\/schema\/logo\/image\/\",\"url\":\"https:\/\/milexia.com\/products\/wp-content\/uploads\/sites\/7\/2022\/10\/logo.svg\",\"contentUrl\":\"https:\/\/milexia.com\/products\/wp-content\/uploads\/sites\/7\/2022\/10\/logo.svg\",\"width\":1,\"height\":1,\"caption\":\"Milexia Products\"},\"image\":{\"@id\":\"https:\/\/azure.milexia.com\/products\/#\/schema\/logo\/image\/\"},\"sameAs\":[\"https:\/\/x.com\/MilexiaGroup\",\"https:\/\/www.linkedin.com\/company\/milexia\/\"]}]}<\/script>\n<!-- \/ Yoast SEO Premium plugin. -->","yoast_head_json":{"title":"Les partenaires | Milexia Products","robots":{"index":"noindex","follow":"follow","max-snippet":"max-snippet:-1","max-image-preview":"max-image-preview:large","max-video-preview":"max-video-preview:-1"},"og_locale":"en_GB","og_type":"article","og_title":"Les partenaires","og_description":"Nous avons un grand nombre de partenaires commerciaux du monde entier sp\u00e9cialis\u00e9s dans une vari\u00e9t\u00e9 de produits et de services. Ces relations nous ont permis de suivre et d\u2019am\u00e9liorer nos performances commerciales dans les diff\u00e9rents secteurs du march\u00e9. Nous explorons continuellement nos r\u00e9seaux et participons \u00e9galement \u00e0 de nombreux \u00e9v\u00e9nements li\u00e9s \u00e0 l\u2019industrie.","og_url":"https:\/\/azure.milexia.com\/products\/partenaires","og_site_name":"Milexia Products","article_modified_time":"2024-09-12T19:03:57+00:00","og_image":[{"width":2560,"height":955,"url":"https:\/\/azure.milexia.com\/wp-content\/uploads\/sites\/7\/2022\/05\/featured-background-product-optical-digital-scaled.jpg","type":"image\/jpeg"}],"twitter_card":"summary_large_image","twitter_site":"@MilexiaGroup","twitter_misc":{"Estimated reading time":"1 minute"},"schema":{"@context":"https:\/\/schema.org","@graph":[{"@type":"WebPage","@id":"https:\/\/azure.milexia.com\/products\/partenaires","url":"https:\/\/azure.milexia.com\/products\/partenaires","name":"Les partenaires | Milexia Products","isPartOf":{"@id":"https:\/\/azure.milexia.com\/products\/#website"},"primaryImageOfPage":{"@id":"https:\/\/azure.milexia.com\/products\/partenaires#primaryimage"},"image":{"@id":"https:\/\/azure.milexia.com\/products\/partenaires#primaryimage"},"thumbnailUrl":"\/wp-content\/uploads\/sites\/7\/2022\/05\/featured-background-product-optical-digital-scaled.jpg","datePublished":"2022-03-04T17:26:24+00:00","dateModified":"2024-09-12T19:03:57+00:00","breadcrumb":{"@id":"https:\/\/azure.milexia.com\/products\/partenaires#breadcrumb"},"inLanguage":"en-GB","potentialAction":[{"@type":"ReadAction","target":["https:\/\/azure.milexia.com\/products\/partenaires"]}]},{"@type":"ImageObject","inLanguage":"en-GB","@id":"https:\/\/azure.milexia.com\/products\/partenaires#primaryimage","url":"\/wp-content\/uploads\/sites\/7\/2022\/05\/featured-background-product-optical-digital-scaled.jpg","contentUrl":"\/wp-content\/uploads\/sites\/7\/2022\/05\/featured-background-product-optical-digital-scaled.jpg","width":2560,"height":955,"caption":"Provider of electromagnetic supplies built around light, sight and vision"},{"@type":"BreadcrumbList","@id":"https:\/\/azure.milexia.com\/products\/partenaires#breadcrumb","itemListElement":[{"@type":"ListItem","position":1,"name":"Acceuil","item":"https:\/\/azure.milexia.com\/products\/"},{"@type":"ListItem","position":2,"name":"Les partenaires"}]},{"@type":"WebSite","@id":"https:\/\/azure.milexia.com\/products\/#website","url":"https:\/\/azure.milexia.com\/products\/","name":"Milexia Products","description":"Making access to technology easier","publisher":{"@id":"https:\/\/azure.milexia.com\/products\/#organization"},"potentialAction":[{"@type":"SearchAction","target":{"@type":"EntryPoint","urlTemplate":"https:\/\/azure.milexia.com\/products\/?s={search_term_string}"},"query-input":{"@type":"PropertyValueSpecification","valueRequired":true,"valueName":"search_term_string"}}],"inLanguage":"en-GB"},{"@type":"Organization","@id":"https:\/\/azure.milexia.com\/products\/#organization","name":"Milexia Products","url":"https:\/\/azure.milexia.com\/products\/","logo":{"@type":"ImageObject","inLanguage":"en-GB","@id":"https:\/\/azure.milexia.com\/products\/#\/schema\/logo\/image\/","url":"https:\/\/milexia.com\/products\/wp-content\/uploads\/sites\/7\/2022\/10\/logo.svg","contentUrl":"https:\/\/milexia.com\/products\/wp-content\/uploads\/sites\/7\/2022\/10\/logo.svg","width":1,"height":1,"caption":"Milexia Products"},"image":{"@id":"https:\/\/azure.milexia.com\/products\/#\/schema\/logo\/image\/"},"sameAs":["https:\/\/x.com\/MilexiaGroup","https:\/\/www.linkedin.com\/company\/milexia\/"]}]}},"lang":"fr","translations":{"fr":12708,"es":12710,"de":12712,"it":12714},"pll_sync_post":[],"_links":{"self":[{"href":"https:\/\/azure.milexia.com\/products\/wp-json\/wp\/v2\/pages\/12708","targetHints":{"allow":["GET"]}}],"collection":[{"href":"https:\/\/azure.milexia.com\/products\/wp-json\/wp\/v2\/pages"}],"about":[{"href":"https:\/\/azure.milexia.com\/products\/wp-json\/wp\/v2\/types\/page"}],"author":[{"embeddable":true,"href":"https:\/\/azure.milexia.com\/products\/wp-json\/wp\/v2\/users\/5"}],"replies":[{"embeddable":true,"href":"https:\/\/azure.milexia.com\/products\/wp-json\/wp\/v2\/comments?post=12708"}],"version-history":[{"count":0,"href":"https:\/\/azure.milexia.com\/products\/wp-json\/wp\/v2\/pages\/12708\/revisions"}],"wp:featuredmedia":[{"embeddable":true,"href":"https:\/\/azure.milexia.com\/products\/wp-json\/wp\/v2\/media\/14133"}],"wp:attachment":[{"href":"https:\/\/azure.milexia.com\/products\/wp-json\/wp\/v2\/media?parent=12708"}],"curies":[{"name":"wp","href":"https:\/\/api.w.org\/{rel}","templated":true}]}}