{"id":12668,"date":"2022-03-04T17:18:41","date_gmt":"2022-03-04T17:18:41","guid":{"rendered":"https:\/\/milexia.com.marcom-test.net\/products\/?page_id=12668"},"modified":"2026-01-21T12:14:45","modified_gmt":"2026-01-21T12:14:45","slug":"hmi-fr","status":"publish","type":"page","link":"https:\/\/azure.milexia.com\/products\/produits\/hmi-fr","title":{"rendered":"IHM et Electrom\u00e9canique"},"content":{"rendered":"<div class=\"type-area intro\">\n<p><strong>Interfaces Homme Machine<\/strong> (IHM) des produits incluant encodeurs optiques, commutateurs rotatifs, claviers, joysticks, boutons poussoirs, r\u00e9sistances de d\u00e9tection de force et potentiom\u00e8tres.<\/p>\n<\/div>\n<div class=\"type-area body-copy \">\n<div class=\"column-left\">\n<p>Ces composants sont enti\u00e8rement customisables et int\u00e9grables.<\/p>\n<\/div>\n<\/div>\n","protected":false},"excerpt":{"rendered":"<p>Interfaces Homme Machine (IHM) des produits incluant encodeurs optiques, commutateurs rotatifs, claviers, joysticks, boutons poussoirs, r\u00e9sistances de d\u00e9tection de force et potentiom\u00e8tres. Ces composants sont enti\u00e8rement customisables et int\u00e9grables.<\/p>\n","protected":false},"author":5,"featured_media":15493,"parent":12602,"menu_order":61,"comment_status":"closed","ping_status":"closed","template":"page-templates\/page-product-category.php","meta":{"_acf_changed":false,"footnotes":""},"class_list":["post-12668","page","type-page","status-publish","has-post-thumbnail","hentry"],"acf":[],"yoast_head":"<!-- This site is optimized with the Yoast SEO Premium plugin v24.6 (Yoast SEO v27.2) - https:\/\/yoast.com\/product\/yoast-seo-premium-wordpress\/ -->\n<title>IHM et Electrom\u00e9canique | Milexia Products<\/title>\n<meta name=\"robots\" content=\"noindex, follow, max-snippet:-1, max-image-preview:large, max-video-preview:-1\" \/>\n<meta property=\"og:locale\" content=\"en_GB\" \/>\n<meta property=\"og:type\" content=\"article\" \/>\n<meta property=\"og:title\" content=\"IHM et Electrom\u00e9canique\" \/>\n<meta property=\"og:description\" content=\"Interfaces Homme Machine (IHM) des produits incluant encodeurs optiques, commutateurs rotatifs, claviers, joysticks, boutons poussoirs, r\u00e9sistances de d\u00e9tection de force et potentiom\u00e8tres. Ces composants sont enti\u00e8rement customisables et int\u00e9grables.\" \/>\n<meta property=\"og:url\" content=\"https:\/\/azure.milexia.com\/products\/produits\/hmi-fr\" \/>\n<meta property=\"og:site_name\" content=\"Milexia Products\" \/>\n<meta property=\"article:modified_time\" content=\"2026-01-21T12:14:45+00:00\" \/>\n<meta property=\"og:image\" content=\"https:\/\/azure.milexia.com\/wp-content\/uploads\/sites\/7\/2022\/08\/services-support-training-scaled.jpg\" \/>\n\t<meta property=\"og:image:width\" content=\"2560\" \/>\n\t<meta property=\"og:image:height\" content=\"955\" \/>\n\t<meta property=\"og:image:type\" content=\"image\/jpeg\" \/>\n<meta name=\"twitter:card\" content=\"summary_large_image\" \/>\n<meta name=\"twitter:site\" content=\"@MilexiaGroup\" \/>\n<meta name=\"twitter:label1\" content=\"Estimated reading time\" \/>\n\t<meta name=\"twitter:data1\" content=\"1 minute\" \/>\n<script type=\"application\/ld+json\" class=\"yoast-schema-graph\">{\"@context\":\"https:\/\/schema.org\",\"@graph\":[{\"@type\":\"WebPage\",\"@id\":\"https:\/\/azure.milexia.com\/products\/produits\/hmi-fr\",\"url\":\"https:\/\/azure.milexia.com\/products\/produits\/hmi-fr\",\"name\":\"IHM et Electrom\u00e9canique | Milexia Products\",\"isPartOf\":{\"@id\":\"https:\/\/azure.milexia.com\/products\/#website\"},\"primaryImageOfPage\":{\"@id\":\"https:\/\/azure.milexia.com\/products\/produits\/hmi-fr#primaryimage\"},\"image\":{\"@id\":\"https:\/\/azure.milexia.com\/products\/produits\/hmi-fr#primaryimage\"},\"thumbnailUrl\":\"\/wp-content\/uploads\/sites\/7\/2022\/08\/services-support-training-scaled.jpg\",\"datePublished\":\"2022-03-04T17:18:41+00:00\",\"dateModified\":\"2026-01-21T12:14:45+00:00\",\"breadcrumb\":{\"@id\":\"https:\/\/azure.milexia.com\/products\/produits\/hmi-fr#breadcrumb\"},\"inLanguage\":\"en-GB\",\"potentialAction\":[{\"@type\":\"ReadAction\",\"target\":[\"https:\/\/azure.milexia.com\/products\/produits\/hmi-fr\"]}]},{\"@type\":\"ImageObject\",\"inLanguage\":\"en-GB\",\"@id\":\"https:\/\/azure.milexia.com\/products\/produits\/hmi-fr#primaryimage\",\"url\":\"\/wp-content\/uploads\/sites\/7\/2022\/08\/services-support-training-scaled.jpg\",\"contentUrl\":\"\/wp-content\/uploads\/sites\/7\/2022\/08\/services-support-training-scaled.jpg\",\"width\":2560,\"height\":955},{\"@type\":\"BreadcrumbList\",\"@id\":\"https:\/\/azure.milexia.com\/products\/produits\/hmi-fr#breadcrumb\",\"itemListElement\":[{\"@type\":\"ListItem\",\"position\":1,\"name\":\"Acceuil\",\"item\":\"https:\/\/azure.milexia.com\/products\/\"},{\"@type\":\"ListItem\",\"position\":2,\"name\":\"Une large gamme de produits\",\"item\":\"https:\/\/azure.milexia.com\/products\/produits\"},{\"@type\":\"ListItem\",\"position\":3,\"name\":\"IHM et Electrom\u00e9canique\"}]},{\"@type\":\"WebSite\",\"@id\":\"https:\/\/azure.milexia.com\/products\/#website\",\"url\":\"https:\/\/azure.milexia.com\/products\/\",\"name\":\"Milexia Products\",\"description\":\"Making access to technology easier\",\"publisher\":{\"@id\":\"https:\/\/azure.milexia.com\/products\/#organization\"},\"potentialAction\":[{\"@type\":\"SearchAction\",\"target\":{\"@type\":\"EntryPoint\",\"urlTemplate\":\"https:\/\/azure.milexia.com\/products\/?s={search_term_string}\"},\"query-input\":{\"@type\":\"PropertyValueSpecification\",\"valueRequired\":true,\"valueName\":\"search_term_string\"}}],\"inLanguage\":\"en-GB\"},{\"@type\":\"Organization\",\"@id\":\"https:\/\/azure.milexia.com\/products\/#organization\",\"name\":\"Milexia Products\",\"url\":\"https:\/\/azure.milexia.com\/products\/\",\"logo\":{\"@type\":\"ImageObject\",\"inLanguage\":\"en-GB\",\"@id\":\"https:\/\/azure.milexia.com\/products\/#\/schema\/logo\/image\/\",\"url\":\"https:\/\/milexia.com\/products\/wp-content\/uploads\/sites\/7\/2022\/10\/logo.svg\",\"contentUrl\":\"https:\/\/milexia.com\/products\/wp-content\/uploads\/sites\/7\/2022\/10\/logo.svg\",\"width\":1,\"height\":1,\"caption\":\"Milexia Products\"},\"image\":{\"@id\":\"https:\/\/azure.milexia.com\/products\/#\/schema\/logo\/image\/\"},\"sameAs\":[\"https:\/\/x.com\/MilexiaGroup\",\"https:\/\/www.linkedin.com\/company\/milexia\/\"]}]}<\/script>\n<!-- \/ Yoast SEO Premium plugin. -->","yoast_head_json":{"title":"IHM et Electrom\u00e9canique | Milexia Products","robots":{"index":"noindex","follow":"follow","max-snippet":"max-snippet:-1","max-image-preview":"max-image-preview:large","max-video-preview":"max-video-preview:-1"},"og_locale":"en_GB","og_type":"article","og_title":"IHM et Electrom\u00e9canique","og_description":"Interfaces Homme Machine (IHM) des produits incluant encodeurs optiques, commutateurs rotatifs, claviers, joysticks, boutons poussoirs, r\u00e9sistances de d\u00e9tection de force et potentiom\u00e8tres. Ces composants sont enti\u00e8rement customisables et int\u00e9grables.","og_url":"https:\/\/azure.milexia.com\/products\/produits\/hmi-fr","og_site_name":"Milexia Products","article_modified_time":"2026-01-21T12:14:45+00:00","og_image":[{"width":2560,"height":955,"url":"https:\/\/azure.milexia.com\/wp-content\/uploads\/sites\/7\/2022\/08\/services-support-training-scaled.jpg","type":"image\/jpeg"}],"twitter_card":"summary_large_image","twitter_site":"@MilexiaGroup","twitter_misc":{"Estimated reading time":"1 minute"},"schema":{"@context":"https:\/\/schema.org","@graph":[{"@type":"WebPage","@id":"https:\/\/azure.milexia.com\/products\/produits\/hmi-fr","url":"https:\/\/azure.milexia.com\/products\/produits\/hmi-fr","name":"IHM et Electrom\u00e9canique | Milexia Products","isPartOf":{"@id":"https:\/\/azure.milexia.com\/products\/#website"},"primaryImageOfPage":{"@id":"https:\/\/azure.milexia.com\/products\/produits\/hmi-fr#primaryimage"},"image":{"@id":"https:\/\/azure.milexia.com\/products\/produits\/hmi-fr#primaryimage"},"thumbnailUrl":"\/wp-content\/uploads\/sites\/7\/2022\/08\/services-support-training-scaled.jpg","datePublished":"2022-03-04T17:18:41+00:00","dateModified":"2026-01-21T12:14:45+00:00","breadcrumb":{"@id":"https:\/\/azure.milexia.com\/products\/produits\/hmi-fr#breadcrumb"},"inLanguage":"en-GB","potentialAction":[{"@type":"ReadAction","target":["https:\/\/azure.milexia.com\/products\/produits\/hmi-fr"]}]},{"@type":"ImageObject","inLanguage":"en-GB","@id":"https:\/\/azure.milexia.com\/products\/produits\/hmi-fr#primaryimage","url":"\/wp-content\/uploads\/sites\/7\/2022\/08\/services-support-training-scaled.jpg","contentUrl":"\/wp-content\/uploads\/sites\/7\/2022\/08\/services-support-training-scaled.jpg","width":2560,"height":955},{"@type":"BreadcrumbList","@id":"https:\/\/azure.milexia.com\/products\/produits\/hmi-fr#breadcrumb","itemListElement":[{"@type":"ListItem","position":1,"name":"Acceuil","item":"https:\/\/azure.milexia.com\/products\/"},{"@type":"ListItem","position":2,"name":"Une large gamme de produits","item":"https:\/\/azure.milexia.com\/products\/produits"},{"@type":"ListItem","position":3,"name":"IHM et Electrom\u00e9canique"}]},{"@type":"WebSite","@id":"https:\/\/azure.milexia.com\/products\/#website","url":"https:\/\/azure.milexia.com\/products\/","name":"Milexia Products","description":"Making access to technology easier","publisher":{"@id":"https:\/\/azure.milexia.com\/products\/#organization"},"potentialAction":[{"@type":"SearchAction","target":{"@type":"EntryPoint","urlTemplate":"https:\/\/azure.milexia.com\/products\/?s={search_term_string}"},"query-input":{"@type":"PropertyValueSpecification","valueRequired":true,"valueName":"search_term_string"}}],"inLanguage":"en-GB"},{"@type":"Organization","@id":"https:\/\/azure.milexia.com\/products\/#organization","name":"Milexia Products","url":"https:\/\/azure.milexia.com\/products\/","logo":{"@type":"ImageObject","inLanguage":"en-GB","@id":"https:\/\/azure.milexia.com\/products\/#\/schema\/logo\/image\/","url":"https:\/\/milexia.com\/products\/wp-content\/uploads\/sites\/7\/2022\/10\/logo.svg","contentUrl":"https:\/\/milexia.com\/products\/wp-content\/uploads\/sites\/7\/2022\/10\/logo.svg","width":1,"height":1,"caption":"Milexia Products"},"image":{"@id":"https:\/\/azure.milexia.com\/products\/#\/schema\/logo\/image\/"},"sameAs":["https:\/\/x.com\/MilexiaGroup","https:\/\/www.linkedin.com\/company\/milexia\/"]}]}},"lang":"fr","translations":{"fr":12668,"en":12666,"es":12670,"de":12672,"it":12674},"pll_sync_post":[],"_links":{"self":[{"href":"https:\/\/azure.milexia.com\/products\/wp-json\/wp\/v2\/pages\/12668","targetHints":{"allow":["GET"]}}],"collection":[{"href":"https:\/\/azure.milexia.com\/products\/wp-json\/wp\/v2\/pages"}],"about":[{"href":"https:\/\/azure.milexia.com\/products\/wp-json\/wp\/v2\/types\/page"}],"author":[{"embeddable":true,"href":"https:\/\/azure.milexia.com\/products\/wp-json\/wp\/v2\/users\/5"}],"replies":[{"embeddable":true,"href":"https:\/\/azure.milexia.com\/products\/wp-json\/wp\/v2\/comments?post=12668"}],"version-history":[{"count":0,"href":"https:\/\/azure.milexia.com\/products\/wp-json\/wp\/v2\/pages\/12668\/revisions"}],"up":[{"embeddable":true,"href":"https:\/\/azure.milexia.com\/products\/wp-json\/wp\/v2\/pages\/12602"}],"wp:featuredmedia":[{"embeddable":true,"href":"https:\/\/azure.milexia.com\/products\/wp-json\/wp\/v2\/media\/15493"}],"wp:attachment":[{"href":"https:\/\/azure.milexia.com\/products\/wp-json\/wp\/v2\/media?parent=12668"}],"curies":[{"name":"wp","href":"https:\/\/api.w.org\/{rel}","templated":true}]}}