{"id":12624,"date":"2022-03-04T17:03:24","date_gmt":"2022-03-04T17:03:24","guid":{"rendered":"https:\/\/milexia.com.marcom-test.net\/products\/?page_id=12624"},"modified":"2025-07-29T10:20:49","modified_gmt":"2025-07-29T10:20:49","slug":"instrumentacion-cientifica","status":"publish","type":"page","link":"https:\/\/azure.milexia.com\/products\/productos\/instrumentacion-cientifica","title":{"rendered":"Instrumentaci\u00f3n Cient\u00edfica"},"content":{"rendered":"<h2><strong>Distribuyendo y manteniendo equipos de instrumentaci\u00f3n cient\u00edfica durante casi 40 a\u00f1os<\/strong><\/h2>\n<p><span class=\"TextRun SCXW141028271 BCX0\" lang=\"ES\" xml:lang=\"ES\" data-contrast=\"none\"><span class=\"NormalTextRun SpellingErrorV2Themed SCXW141028271 BCX0\">Milexia<\/span><span class=\"NormalTextRun SCXW141028271 BCX0\"> Francia distribuye y realiza el mantenimiento de equipos de instrumentaci\u00f3n cient\u00edfica desde hace casi 40 a\u00f1os en este pa\u00eds. Tambi\u00e9n en B\u00e9lgica, \u200b\u200bLuxemburgo, Suiza, y ocasionalmente, en los pa\u00edses del Magreb<\/span><\/span><span class=\"TextRun SCXW141028271 BCX0\" lang=\"ES\" xml:lang=\"ES\" data-contrast=\"none\"><span class=\"NormalTextRun SCXW141028271 BCX0\">.<\/span><\/span><span class=\"EOP SCXW141028271 BCX0\" data-ccp-props=\"{&quot;201341983&quot;:0,&quot;335559739&quot;:160,&quot;335559740&quot;:259}\">\u00a0<\/span><\/p>\n","protected":false},"excerpt":{"rendered":"<p>Distribuyendo y manteniendo equipos de instrumentaci\u00f3n cient\u00edfica durante casi 40 a\u00f1os Milexia Francia distribuye y realiza el mantenimiento de equipos de instrumentaci\u00f3n cient\u00edfica desde hace casi 40 a\u00f1os en este pa\u00eds. Tambi\u00e9n en B\u00e9lgica, \u200b\u200bLuxemburgo, Suiza, y ocasionalmente, en los pa\u00edses del Magreb.\u00a0<\/p>\n","protected":false},"author":5,"featured_media":15511,"parent":12604,"menu_order":130,"comment_status":"closed","ping_status":"closed","template":"page-templates\/page-product-category.php","meta":{"_acf_changed":false,"footnotes":""},"class_list":["post-12624","page","type-page","status-publish","has-post-thumbnail","hentry"],"acf":[],"yoast_head":"<!-- This site is optimized with the Yoast SEO Premium plugin v24.6 (Yoast SEO v27.2) - https:\/\/yoast.com\/product\/yoast-seo-premium-wordpress\/ -->\n<title>Instrumentaci\u00f3n Cient\u00edfica | Milexia Products<\/title>\n<meta name=\"robots\" content=\"noindex, follow, max-snippet:-1, max-image-preview:large, max-video-preview:-1\" \/>\n<meta property=\"og:locale\" content=\"en_GB\" \/>\n<meta property=\"og:type\" content=\"article\" \/>\n<meta property=\"og:title\" content=\"Instrumentaci\u00f3n Cient\u00edfica\" \/>\n<meta property=\"og:description\" content=\"Distribuyendo y manteniendo equipos de instrumentaci\u00f3n cient\u00edfica durante casi 40 a\u00f1os Milexia Francia distribuye y realiza el mantenimiento de equipos de instrumentaci\u00f3n cient\u00edfica desde hace casi 40 a\u00f1os en este pa\u00eds. Tambi\u00e9n en B\u00e9lgica, \u200b\u200bLuxemburgo, Suiza, y ocasionalmente, en los pa\u00edses del Magreb.\u00a0\" \/>\n<meta property=\"og:url\" content=\"https:\/\/azure.milexia.com\/products\/productos\/instrumentacion-cientifica\" \/>\n<meta property=\"og:site_name\" content=\"Milexia Products\" \/>\n<meta property=\"article:modified_time\" content=\"2025-07-29T10:20:49+00:00\" \/>\n<meta property=\"og:image\" content=\"https:\/\/azure.milexia.com\/wp-content\/uploads\/sites\/7\/2022\/08\/featured-background-industry-sensors-scaled.jpg\" \/>\n\t<meta property=\"og:image:width\" content=\"2560\" \/>\n\t<meta property=\"og:image:height\" content=\"955\" \/>\n\t<meta property=\"og:image:type\" content=\"image\/jpeg\" \/>\n<meta name=\"twitter:card\" content=\"summary_large_image\" \/>\n<meta name=\"twitter:site\" content=\"@MilexiaGroup\" \/>\n<meta name=\"twitter:label1\" content=\"Estimated reading time\" \/>\n\t<meta name=\"twitter:data1\" content=\"1 minute\" \/>\n<script type=\"application\/ld+json\" class=\"yoast-schema-graph\">{\"@context\":\"https:\/\/schema.org\",\"@graph\":[{\"@type\":\"WebPage\",\"@id\":\"https:\/\/azure.milexia.com\/products\/productos\/instrumentacion-cientifica\",\"url\":\"https:\/\/azure.milexia.com\/products\/productos\/instrumentacion-cientifica\",\"name\":\"Instrumentaci\u00f3n Cient\u00edfica | Milexia Products\",\"isPartOf\":{\"@id\":\"https:\/\/azure.milexia.com\/products\/#website\"},\"primaryImageOfPage\":{\"@id\":\"https:\/\/azure.milexia.com\/products\/productos\/instrumentacion-cientifica#primaryimage\"},\"image\":{\"@id\":\"https:\/\/azure.milexia.com\/products\/productos\/instrumentacion-cientifica#primaryimage\"},\"thumbnailUrl\":\"\/wp-content\/uploads\/sites\/7\/2022\/08\/featured-background-industry-sensors-scaled.jpg\",\"datePublished\":\"2022-03-04T17:03:24+00:00\",\"dateModified\":\"2025-07-29T10:20:49+00:00\",\"breadcrumb\":{\"@id\":\"https:\/\/azure.milexia.com\/products\/productos\/instrumentacion-cientifica#breadcrumb\"},\"inLanguage\":\"en-GB\",\"potentialAction\":[{\"@type\":\"ReadAction\",\"target\":[\"https:\/\/azure.milexia.com\/products\/productos\/instrumentacion-cientifica\"]}]},{\"@type\":\"ImageObject\",\"inLanguage\":\"en-GB\",\"@id\":\"https:\/\/azure.milexia.com\/products\/productos\/instrumentacion-cientifica#primaryimage\",\"url\":\"\/wp-content\/uploads\/sites\/7\/2022\/08\/featured-background-industry-sensors-scaled.jpg\",\"contentUrl\":\"\/wp-content\/uploads\/sites\/7\/2022\/08\/featured-background-industry-sensors-scaled.jpg\",\"width\":2560,\"height\":955},{\"@type\":\"BreadcrumbList\",\"@id\":\"https:\/\/azure.milexia.com\/products\/productos\/instrumentacion-cientifica#breadcrumb\",\"itemListElement\":[{\"@type\":\"ListItem\",\"position\":1,\"name\":\"Acceuil\",\"item\":\"https:\/\/azure.milexia.com\/products\/\"},{\"@type\":\"ListItem\",\"position\":2,\"name\":\"La gama m\u00e1s amplia y con el mejor valor\",\"item\":\"https:\/\/azure.milexia.com\/products\/productos\"},{\"@type\":\"ListItem\",\"position\":3,\"name\":\"Instrumentaci\u00f3n Cient\u00edfica\"}]},{\"@type\":\"WebSite\",\"@id\":\"https:\/\/azure.milexia.com\/products\/#website\",\"url\":\"https:\/\/azure.milexia.com\/products\/\",\"name\":\"Milexia Products\",\"description\":\"Making access to technology easier\",\"publisher\":{\"@id\":\"https:\/\/azure.milexia.com\/products\/#organization\"},\"potentialAction\":[{\"@type\":\"SearchAction\",\"target\":{\"@type\":\"EntryPoint\",\"urlTemplate\":\"https:\/\/azure.milexia.com\/products\/?s={search_term_string}\"},\"query-input\":{\"@type\":\"PropertyValueSpecification\",\"valueRequired\":true,\"valueName\":\"search_term_string\"}}],\"inLanguage\":\"en-GB\"},{\"@type\":\"Organization\",\"@id\":\"https:\/\/azure.milexia.com\/products\/#organization\",\"name\":\"Milexia Products\",\"url\":\"https:\/\/azure.milexia.com\/products\/\",\"logo\":{\"@type\":\"ImageObject\",\"inLanguage\":\"en-GB\",\"@id\":\"https:\/\/azure.milexia.com\/products\/#\/schema\/logo\/image\/\",\"url\":\"https:\/\/milexia.com\/products\/wp-content\/uploads\/sites\/7\/2022\/10\/logo.svg\",\"contentUrl\":\"https:\/\/milexia.com\/products\/wp-content\/uploads\/sites\/7\/2022\/10\/logo.svg\",\"width\":1,\"height\":1,\"caption\":\"Milexia Products\"},\"image\":{\"@id\":\"https:\/\/azure.milexia.com\/products\/#\/schema\/logo\/image\/\"},\"sameAs\":[\"https:\/\/x.com\/MilexiaGroup\",\"https:\/\/www.linkedin.com\/company\/milexia\/\"]}]}<\/script>\n<!-- \/ Yoast SEO Premium plugin. -->","yoast_head_json":{"title":"Instrumentaci\u00f3n Cient\u00edfica | Milexia Products","robots":{"index":"noindex","follow":"follow","max-snippet":"max-snippet:-1","max-image-preview":"max-image-preview:large","max-video-preview":"max-video-preview:-1"},"og_locale":"en_GB","og_type":"article","og_title":"Instrumentaci\u00f3n Cient\u00edfica","og_description":"Distribuyendo y manteniendo equipos de instrumentaci\u00f3n cient\u00edfica durante casi 40 a\u00f1os Milexia Francia distribuye y realiza el mantenimiento de equipos de instrumentaci\u00f3n cient\u00edfica desde hace casi 40 a\u00f1os en este pa\u00eds. Tambi\u00e9n en B\u00e9lgica, \u200b\u200bLuxemburgo, Suiza, y ocasionalmente, en los pa\u00edses del Magreb.\u00a0","og_url":"https:\/\/azure.milexia.com\/products\/productos\/instrumentacion-cientifica","og_site_name":"Milexia Products","article_modified_time":"2025-07-29T10:20:49+00:00","og_image":[{"width":2560,"height":955,"url":"https:\/\/azure.milexia.com\/wp-content\/uploads\/sites\/7\/2022\/08\/featured-background-industry-sensors-scaled.jpg","type":"image\/jpeg"}],"twitter_card":"summary_large_image","twitter_site":"@MilexiaGroup","twitter_misc":{"Estimated reading time":"1 minute"},"schema":{"@context":"https:\/\/schema.org","@graph":[{"@type":"WebPage","@id":"https:\/\/azure.milexia.com\/products\/productos\/instrumentacion-cientifica","url":"https:\/\/azure.milexia.com\/products\/productos\/instrumentacion-cientifica","name":"Instrumentaci\u00f3n Cient\u00edfica | Milexia Products","isPartOf":{"@id":"https:\/\/azure.milexia.com\/products\/#website"},"primaryImageOfPage":{"@id":"https:\/\/azure.milexia.com\/products\/productos\/instrumentacion-cientifica#primaryimage"},"image":{"@id":"https:\/\/azure.milexia.com\/products\/productos\/instrumentacion-cientifica#primaryimage"},"thumbnailUrl":"\/wp-content\/uploads\/sites\/7\/2022\/08\/featured-background-industry-sensors-scaled.jpg","datePublished":"2022-03-04T17:03:24+00:00","dateModified":"2025-07-29T10:20:49+00:00","breadcrumb":{"@id":"https:\/\/azure.milexia.com\/products\/productos\/instrumentacion-cientifica#breadcrumb"},"inLanguage":"en-GB","potentialAction":[{"@type":"ReadAction","target":["https:\/\/azure.milexia.com\/products\/productos\/instrumentacion-cientifica"]}]},{"@type":"ImageObject","inLanguage":"en-GB","@id":"https:\/\/azure.milexia.com\/products\/productos\/instrumentacion-cientifica#primaryimage","url":"\/wp-content\/uploads\/sites\/7\/2022\/08\/featured-background-industry-sensors-scaled.jpg","contentUrl":"\/wp-content\/uploads\/sites\/7\/2022\/08\/featured-background-industry-sensors-scaled.jpg","width":2560,"height":955},{"@type":"BreadcrumbList","@id":"https:\/\/azure.milexia.com\/products\/productos\/instrumentacion-cientifica#breadcrumb","itemListElement":[{"@type":"ListItem","position":1,"name":"Acceuil","item":"https:\/\/azure.milexia.com\/products\/"},{"@type":"ListItem","position":2,"name":"La gama m\u00e1s amplia y con el mejor valor","item":"https:\/\/azure.milexia.com\/products\/productos"},{"@type":"ListItem","position":3,"name":"Instrumentaci\u00f3n Cient\u00edfica"}]},{"@type":"WebSite","@id":"https:\/\/azure.milexia.com\/products\/#website","url":"https:\/\/azure.milexia.com\/products\/","name":"Milexia Products","description":"Making access to technology easier","publisher":{"@id":"https:\/\/azure.milexia.com\/products\/#organization"},"potentialAction":[{"@type":"SearchAction","target":{"@type":"EntryPoint","urlTemplate":"https:\/\/azure.milexia.com\/products\/?s={search_term_string}"},"query-input":{"@type":"PropertyValueSpecification","valueRequired":true,"valueName":"search_term_string"}}],"inLanguage":"en-GB"},{"@type":"Organization","@id":"https:\/\/azure.milexia.com\/products\/#organization","name":"Milexia Products","url":"https:\/\/azure.milexia.com\/products\/","logo":{"@type":"ImageObject","inLanguage":"en-GB","@id":"https:\/\/azure.milexia.com\/products\/#\/schema\/logo\/image\/","url":"https:\/\/milexia.com\/products\/wp-content\/uploads\/sites\/7\/2022\/10\/logo.svg","contentUrl":"https:\/\/milexia.com\/products\/wp-content\/uploads\/sites\/7\/2022\/10\/logo.svg","width":1,"height":1,"caption":"Milexia Products"},"image":{"@id":"https:\/\/azure.milexia.com\/products\/#\/schema\/logo\/image\/"},"sameAs":["https:\/\/x.com\/MilexiaGroup","https:\/\/www.linkedin.com\/company\/milexia\/"]}]}},"lang":"es","translations":{"es":12624,"fr":12622,"en":12620,"de":12626,"it":12628},"pll_sync_post":[],"_links":{"self":[{"href":"https:\/\/azure.milexia.com\/products\/wp-json\/wp\/v2\/pages\/12624","targetHints":{"allow":["GET"]}}],"collection":[{"href":"https:\/\/azure.milexia.com\/products\/wp-json\/wp\/v2\/pages"}],"about":[{"href":"https:\/\/azure.milexia.com\/products\/wp-json\/wp\/v2\/types\/page"}],"author":[{"embeddable":true,"href":"https:\/\/azure.milexia.com\/products\/wp-json\/wp\/v2\/users\/5"}],"replies":[{"embeddable":true,"href":"https:\/\/azure.milexia.com\/products\/wp-json\/wp\/v2\/comments?post=12624"}],"version-history":[{"count":0,"href":"https:\/\/azure.milexia.com\/products\/wp-json\/wp\/v2\/pages\/12624\/revisions"}],"up":[{"embeddable":true,"href":"https:\/\/azure.milexia.com\/products\/wp-json\/wp\/v2\/pages\/12604"}],"wp:featuredmedia":[{"embeddable":true,"href":"https:\/\/azure.milexia.com\/products\/wp-json\/wp\/v2\/media\/15511"}],"wp:attachment":[{"href":"https:\/\/azure.milexia.com\/products\/wp-json\/wp\/v2\/media?parent=12624"}],"curies":[{"name":"wp","href":"https:\/\/api.w.org\/{rel}","templated":true}]}}