{"id":12606,"date":"2022-03-04T16:58:25","date_gmt":"2022-03-04T16:58:25","guid":{"rendered":"https:\/\/milexia.com.marcom-test.net\/products\/?page_id=12606"},"modified":"2025-07-23T12:33:13","modified_gmt":"2025-07-23T12:33:13","slug":"produktubersicht","status":"publish","type":"page","link":"https:\/\/azure.milexia.com\/products\/produktubersicht","title":{"rendered":"Das gr\u00f6\u00dfte Spektrum und der beste Mehrwert"},"content":{"rendered":"<h2>Umfassende <b>Produkte<\/b><\/h2>\n<p>Bitte besuchen Sie unser Produktverzeichnis, um genau die Komponente oder das Ger\u00e4t zu finden, das Sie suchen. Alternativ k\u00f6nnen Sie diese Abschnitte durchst\u00f6bern, um ein besseres Verst\u00e4ndnis f\u00fcr unsere Anwendungsbereiche zu erlangen.<\/p>\n","protected":false},"excerpt":{"rendered":"<p>Umfassende Produkte Bitte besuchen Sie unser Produktverzeichnis, um genau die Komponente oder das Ger\u00e4t zu finden, das Sie suchen. Alternativ k\u00f6nnen Sie diese Abschnitte durchst\u00f6bern, um ein besseres Verst\u00e4ndnis f\u00fcr unsere Anwendungsbereiche zu erlangen.<\/p>\n","protected":false},"author":5,"featured_media":14149,"parent":0,"menu_order":19,"comment_status":"closed","ping_status":"closed","template":"page-templates\/page-products.php","meta":{"_acf_changed":false,"footnotes":""},"class_list":["post-12606","page","type-page","status-publish","has-post-thumbnail","hentry"],"acf":[],"yoast_head":"<!-- This site is optimized with the Yoast SEO Premium plugin v24.6 (Yoast SEO v27.2) - https:\/\/yoast.com\/product\/yoast-seo-premium-wordpress\/ -->\n<title>Das gr\u00f6\u00dfte Spektrum und der beste Mehrwert | Milexia Products<\/title>\n<meta name=\"robots\" content=\"noindex, follow, max-snippet:-1, max-image-preview:large, max-video-preview:-1\" \/>\n<meta property=\"og:locale\" content=\"en_GB\" \/>\n<meta property=\"og:type\" content=\"article\" \/>\n<meta property=\"og:title\" content=\"Das gr\u00f6\u00dfte Spektrum und der beste Mehrwert\" \/>\n<meta property=\"og:description\" content=\"Umfassende Produkte Bitte besuchen Sie unser Produktverzeichnis, um genau die Komponente oder das Ger\u00e4t zu finden, das Sie suchen. Alternativ k\u00f6nnen Sie diese Abschnitte durchst\u00f6bern, um ein besseres Verst\u00e4ndnis f\u00fcr unsere Anwendungsbereiche zu erlangen.\" \/>\n<meta property=\"og:url\" content=\"https:\/\/azure.milexia.com\/products\/produktubersicht\" \/>\n<meta property=\"og:site_name\" content=\"Milexia Products\" \/>\n<meta property=\"article:modified_time\" content=\"2025-07-23T12:33:13+00:00\" \/>\n<meta property=\"og:image\" content=\"https:\/\/azure.milexia.com\/wp-content\/uploads\/sites\/7\/2022\/05\/product-background-pattern.jpg\" \/>\n\t<meta property=\"og:image:width\" content=\"2560\" \/>\n\t<meta property=\"og:image:height\" content=\"955\" \/>\n\t<meta property=\"og:image:type\" content=\"image\/jpeg\" \/>\n<meta name=\"twitter:card\" content=\"summary_large_image\" \/>\n<meta name=\"twitter:site\" content=\"@MilexiaGroup\" \/>\n<meta name=\"twitter:label1\" content=\"Estimated reading time\" \/>\n\t<meta name=\"twitter:data1\" content=\"1 minute\" \/>\n<script type=\"application\/ld+json\" class=\"yoast-schema-graph\">{\"@context\":\"https:\/\/schema.org\",\"@graph\":[{\"@type\":\"WebPage\",\"@id\":\"https:\/\/azure.milexia.com\/products\/produktubersicht\",\"url\":\"https:\/\/azure.milexia.com\/products\/produktubersicht\",\"name\":\"Das gr\u00f6\u00dfte Spektrum und der beste Mehrwert | Milexia Products\",\"isPartOf\":{\"@id\":\"https:\/\/azure.milexia.com\/products\/#website\"},\"primaryImageOfPage\":{\"@id\":\"https:\/\/azure.milexia.com\/products\/produktubersicht#primaryimage\"},\"image\":{\"@id\":\"https:\/\/azure.milexia.com\/products\/produktubersicht#primaryimage\"},\"thumbnailUrl\":\"\/wp-content\/uploads\/sites\/7\/2022\/05\/product-background-pattern.jpg\",\"datePublished\":\"2022-03-04T16:58:25+00:00\",\"dateModified\":\"2025-07-23T12:33:13+00:00\",\"breadcrumb\":{\"@id\":\"https:\/\/azure.milexia.com\/products\/produktubersicht#breadcrumb\"},\"inLanguage\":\"en-GB\",\"potentialAction\":[{\"@type\":\"ReadAction\",\"target\":[\"https:\/\/azure.milexia.com\/products\/produktubersicht\"]}]},{\"@type\":\"ImageObject\",\"inLanguage\":\"en-GB\",\"@id\":\"https:\/\/azure.milexia.com\/products\/produktubersicht#primaryimage\",\"url\":\"\/wp-content\/uploads\/sites\/7\/2022\/05\/product-background-pattern.jpg\",\"contentUrl\":\"\/wp-content\/uploads\/sites\/7\/2022\/05\/product-background-pattern.jpg\",\"width\":2560,\"height\":955,\"caption\":\"Decorative Background used for single product pages\"},{\"@type\":\"BreadcrumbList\",\"@id\":\"https:\/\/azure.milexia.com\/products\/produktubersicht#breadcrumb\",\"itemListElement\":[{\"@type\":\"ListItem\",\"position\":1,\"name\":\"Acceuil\",\"item\":\"https:\/\/azure.milexia.com\/products\/\"},{\"@type\":\"ListItem\",\"position\":2,\"name\":\"Das gr\u00f6\u00dfte Spektrum und der beste Mehrwert\"}]},{\"@type\":\"WebSite\",\"@id\":\"https:\/\/azure.milexia.com\/products\/#website\",\"url\":\"https:\/\/azure.milexia.com\/products\/\",\"name\":\"Milexia Products\",\"description\":\"Making access to technology easier\",\"publisher\":{\"@id\":\"https:\/\/azure.milexia.com\/products\/#organization\"},\"potentialAction\":[{\"@type\":\"SearchAction\",\"target\":{\"@type\":\"EntryPoint\",\"urlTemplate\":\"https:\/\/azure.milexia.com\/products\/?s={search_term_string}\"},\"query-input\":{\"@type\":\"PropertyValueSpecification\",\"valueRequired\":true,\"valueName\":\"search_term_string\"}}],\"inLanguage\":\"en-GB\"},{\"@type\":\"Organization\",\"@id\":\"https:\/\/azure.milexia.com\/products\/#organization\",\"name\":\"Milexia Products\",\"url\":\"https:\/\/azure.milexia.com\/products\/\",\"logo\":{\"@type\":\"ImageObject\",\"inLanguage\":\"en-GB\",\"@id\":\"https:\/\/azure.milexia.com\/products\/#\/schema\/logo\/image\/\",\"url\":\"https:\/\/milexia.com\/products\/wp-content\/uploads\/sites\/7\/2022\/10\/logo.svg\",\"contentUrl\":\"https:\/\/milexia.com\/products\/wp-content\/uploads\/sites\/7\/2022\/10\/logo.svg\",\"width\":1,\"height\":1,\"caption\":\"Milexia Products\"},\"image\":{\"@id\":\"https:\/\/azure.milexia.com\/products\/#\/schema\/logo\/image\/\"},\"sameAs\":[\"https:\/\/x.com\/MilexiaGroup\",\"https:\/\/www.linkedin.com\/company\/milexia\/\"]}]}<\/script>\n<!-- \/ Yoast SEO Premium plugin. -->","yoast_head_json":{"title":"Das gr\u00f6\u00dfte Spektrum und der beste Mehrwert | Milexia Products","robots":{"index":"noindex","follow":"follow","max-snippet":"max-snippet:-1","max-image-preview":"max-image-preview:large","max-video-preview":"max-video-preview:-1"},"og_locale":"en_GB","og_type":"article","og_title":"Das gr\u00f6\u00dfte Spektrum und der beste Mehrwert","og_description":"Umfassende Produkte Bitte besuchen Sie unser Produktverzeichnis, um genau die Komponente oder das Ger\u00e4t zu finden, das Sie suchen. Alternativ k\u00f6nnen Sie diese Abschnitte durchst\u00f6bern, um ein besseres Verst\u00e4ndnis f\u00fcr unsere Anwendungsbereiche zu erlangen.","og_url":"https:\/\/azure.milexia.com\/products\/produktubersicht","og_site_name":"Milexia Products","article_modified_time":"2025-07-23T12:33:13+00:00","og_image":[{"width":2560,"height":955,"url":"https:\/\/azure.milexia.com\/wp-content\/uploads\/sites\/7\/2022\/05\/product-background-pattern.jpg","type":"image\/jpeg"}],"twitter_card":"summary_large_image","twitter_site":"@MilexiaGroup","twitter_misc":{"Estimated reading time":"1 minute"},"schema":{"@context":"https:\/\/schema.org","@graph":[{"@type":"WebPage","@id":"https:\/\/azure.milexia.com\/products\/produktubersicht","url":"https:\/\/azure.milexia.com\/products\/produktubersicht","name":"Das gr\u00f6\u00dfte Spektrum und der beste Mehrwert | Milexia Products","isPartOf":{"@id":"https:\/\/azure.milexia.com\/products\/#website"},"primaryImageOfPage":{"@id":"https:\/\/azure.milexia.com\/products\/produktubersicht#primaryimage"},"image":{"@id":"https:\/\/azure.milexia.com\/products\/produktubersicht#primaryimage"},"thumbnailUrl":"\/wp-content\/uploads\/sites\/7\/2022\/05\/product-background-pattern.jpg","datePublished":"2022-03-04T16:58:25+00:00","dateModified":"2025-07-23T12:33:13+00:00","breadcrumb":{"@id":"https:\/\/azure.milexia.com\/products\/produktubersicht#breadcrumb"},"inLanguage":"en-GB","potentialAction":[{"@type":"ReadAction","target":["https:\/\/azure.milexia.com\/products\/produktubersicht"]}]},{"@type":"ImageObject","inLanguage":"en-GB","@id":"https:\/\/azure.milexia.com\/products\/produktubersicht#primaryimage","url":"\/wp-content\/uploads\/sites\/7\/2022\/05\/product-background-pattern.jpg","contentUrl":"\/wp-content\/uploads\/sites\/7\/2022\/05\/product-background-pattern.jpg","width":2560,"height":955,"caption":"Decorative Background used for single product pages"},{"@type":"BreadcrumbList","@id":"https:\/\/azure.milexia.com\/products\/produktubersicht#breadcrumb","itemListElement":[{"@type":"ListItem","position":1,"name":"Acceuil","item":"https:\/\/azure.milexia.com\/products\/"},{"@type":"ListItem","position":2,"name":"Das gr\u00f6\u00dfte Spektrum und der beste Mehrwert"}]},{"@type":"WebSite","@id":"https:\/\/azure.milexia.com\/products\/#website","url":"https:\/\/azure.milexia.com\/products\/","name":"Milexia Products","description":"Making access to technology easier","publisher":{"@id":"https:\/\/azure.milexia.com\/products\/#organization"},"potentialAction":[{"@type":"SearchAction","target":{"@type":"EntryPoint","urlTemplate":"https:\/\/azure.milexia.com\/products\/?s={search_term_string}"},"query-input":{"@type":"PropertyValueSpecification","valueRequired":true,"valueName":"search_term_string"}}],"inLanguage":"en-GB"},{"@type":"Organization","@id":"https:\/\/azure.milexia.com\/products\/#organization","name":"Milexia Products","url":"https:\/\/azure.milexia.com\/products\/","logo":{"@type":"ImageObject","inLanguage":"en-GB","@id":"https:\/\/azure.milexia.com\/products\/#\/schema\/logo\/image\/","url":"https:\/\/milexia.com\/products\/wp-content\/uploads\/sites\/7\/2022\/10\/logo.svg","contentUrl":"https:\/\/milexia.com\/products\/wp-content\/uploads\/sites\/7\/2022\/10\/logo.svg","width":1,"height":1,"caption":"Milexia Products"},"image":{"@id":"https:\/\/azure.milexia.com\/products\/#\/schema\/logo\/image\/"},"sameAs":["https:\/\/x.com\/MilexiaGroup","https:\/\/www.linkedin.com\/company\/milexia\/"]}]}},"lang":"de","translations":{"de":12606,"fr":12602,"en":12600,"es":12604,"it":12608},"pll_sync_post":[],"_links":{"self":[{"href":"https:\/\/azure.milexia.com\/products\/wp-json\/wp\/v2\/pages\/12606","targetHints":{"allow":["GET"]}}],"collection":[{"href":"https:\/\/azure.milexia.com\/products\/wp-json\/wp\/v2\/pages"}],"about":[{"href":"https:\/\/azure.milexia.com\/products\/wp-json\/wp\/v2\/types\/page"}],"author":[{"embeddable":true,"href":"https:\/\/azure.milexia.com\/products\/wp-json\/wp\/v2\/users\/5"}],"replies":[{"embeddable":true,"href":"https:\/\/azure.milexia.com\/products\/wp-json\/wp\/v2\/comments?post=12606"}],"version-history":[{"count":0,"href":"https:\/\/azure.milexia.com\/products\/wp-json\/wp\/v2\/pages\/12606\/revisions"}],"wp:featuredmedia":[{"embeddable":true,"href":"https:\/\/azure.milexia.com\/products\/wp-json\/wp\/v2\/media\/14149"}],"wp:attachment":[{"href":"https:\/\/azure.milexia.com\/products\/wp-json\/wp\/v2\/media?parent=12606"}],"curies":[{"name":"wp","href":"https:\/\/api.w.org\/{rel}","templated":true}]}}