{"id":808,"date":"2022-08-23T10:23:57","date_gmt":"2022-08-23T09:23:57","guid":{"rendered":"https:\/\/milexia.com.marcom-test.net\/it\/?page_id=808"},"modified":"2026-01-28T13:53:07","modified_gmt":"2026-01-28T12:53:07","slug":"certificazione-qualita","status":"publish","type":"page","link":"https:\/\/azure.milexia.com\/it\/a-proposito\/certificazione-qualita\/","title":{"rendered":"Certificazione &#038; Qualit\u00e0"},"content":{"rendered":"<h2>Dimostriamo costantemente la nostra capacit\u00e0 di fornire prodotti e servizi che soddisfano i requisiti dei clienti e delle normative.<\/h2>\n<p><img loading=\"lazy\" decoding=\"async\" class=\"alignright size-full wp-image-18530\" src=\"https:\/\/azure.milexia.com\/uk\/wp-content\/uploads\/sites\/3\/2023\/01\/TRACE-Logo.png\" alt=\"TRACE\" width=\"120\" height=\"120\" \/>Inoltre, grazie al nostro impegno per la trasparenza commerciale, abbiamo ottenuto la certificazione Trace (lo standard anti-corruzione riconosciuto a livello internazionale).<\/p>\n","protected":false},"excerpt":{"rendered":"<p>Dimostriamo costantemente la nostra capacit\u00e0 di fornire prodotti e servizi che soddisfano i requisiti dei clienti e delle normative. Inoltre, grazie al nostro impegno per la trasparenza commerciale, abbiamo ottenuto la certificazione Trace (lo standard anti-corruzione riconosciuto a livello internazionale).<\/p>\n","protected":false},"author":5,"featured_media":522,"parent":804,"menu_order":17,"comment_status":"closed","ping_status":"closed","template":"page-templates\/page-home-r.php","meta":{"_acf_changed":false,"footnotes":""},"class_list":["post-808","page","type-page","status-publish","has-post-thumbnail","hentry"],"acf":[],"yoast_head":"<!-- This site is optimized with the Yoast SEO Premium plugin v24.6 (Yoast SEO v27.2) - https:\/\/yoast.com\/product\/yoast-seo-premium-wordpress\/ -->\n<title>Certificazione &amp; Qualit\u00e0 | Milexia Italia<\/title>\n<meta name=\"description\" content=\"Milexia Italia \u00e8 orgogliosa di mantenere i pi\u00f9 elevati standard di qualit\u00e0, sicurezza, sostenibilit\u00e0, efficienza e servizio al cliente.\" \/>\n<meta name=\"robots\" content=\"noindex, follow, max-snippet:-1, max-image-preview:large, max-video-preview:-1\" \/>\n<meta property=\"og:locale\" content=\"en_GB\" \/>\n<meta property=\"og:type\" content=\"article\" \/>\n<meta property=\"og:title\" content=\"Certificazione &amp; Qualit\u00e0\" \/>\n<meta property=\"og:description\" content=\"Milexia Italia \u00e8 orgogliosa di mantenere i pi\u00f9 elevati standard di qualit\u00e0, sicurezza, sostenibilit\u00e0, efficienza e servizio al cliente.\" \/>\n<meta property=\"og:url\" content=\"https:\/\/azure.milexia.com\/it\/a-proposito\/certificazione-qualita\/\" \/>\n<meta property=\"og:site_name\" content=\"Milexia Italia\" \/>\n<meta property=\"article:modified_time\" content=\"2026-01-28T12:53:07+00:00\" \/>\n<meta property=\"og:image\" content=\"https:\/\/azure.milexia.com\/wp-content\/uploads\/sites\/6\/2022\/07\/featured-background-about-milexia-scaled-1.jpg\" \/>\n\t<meta property=\"og:image:width\" content=\"2560\" \/>\n\t<meta property=\"og:image:height\" content=\"955\" \/>\n\t<meta property=\"og:image:type\" content=\"image\/jpeg\" \/>\n<meta name=\"twitter:card\" content=\"summary_large_image\" \/>\n<meta name=\"twitter:label1\" content=\"Estimated reading time\" \/>\n\t<meta name=\"twitter:data1\" content=\"2 minutes\" \/>\n<script type=\"application\/ld+json\" class=\"yoast-schema-graph\">{\"@context\":\"https:\/\/schema.org\",\"@graph\":[{\"@type\":\"WebPage\",\"@id\":\"https:\/\/azure.milexia.com\/it\/a-proposito\/certificazione-qualita\/\",\"url\":\"https:\/\/azure.milexia.com\/it\/a-proposito\/certificazione-qualita\/\",\"name\":\"Certificazione & Qualit\u00e0 | Milexia Italia\",\"isPartOf\":{\"@id\":\"https:\/\/azure.milexia.com\/it\/#website\"},\"primaryImageOfPage\":{\"@id\":\"https:\/\/azure.milexia.com\/it\/a-proposito\/certificazione-qualita\/#primaryimage\"},\"image\":{\"@id\":\"https:\/\/azure.milexia.com\/it\/a-proposito\/certificazione-qualita\/#primaryimage\"},\"thumbnailUrl\":\"\/wp-content\/uploads\/sites\/6\/2022\/07\/featured-background-about-milexia-scaled-1.jpg\",\"datePublished\":\"2022-08-23T09:23:57+00:00\",\"dateModified\":\"2026-01-28T12:53:07+00:00\",\"description\":\"Milexia Italia \u00e8 orgogliosa di mantenere i pi\u00f9 elevati standard di qualit\u00e0, sicurezza, sostenibilit\u00e0, efficienza e servizio al cliente.\",\"breadcrumb\":{\"@id\":\"https:\/\/azure.milexia.com\/it\/a-proposito\/certificazione-qualita\/#breadcrumb\"},\"inLanguage\":\"en-GB\",\"potentialAction\":[{\"@type\":\"ReadAction\",\"target\":[\"https:\/\/azure.milexia.com\/it\/a-proposito\/certificazione-qualita\/\"]}]},{\"@type\":\"ImageObject\",\"inLanguage\":\"en-GB\",\"@id\":\"https:\/\/azure.milexia.com\/it\/a-proposito\/certificazione-qualita\/#primaryimage\",\"url\":\"\/wp-content\/uploads\/sites\/6\/2022\/07\/featured-background-about-milexia-scaled-1.jpg\",\"contentUrl\":\"\/wp-content\/uploads\/sites\/6\/2022\/07\/featured-background-about-milexia-scaled-1.jpg\",\"width\":2560,\"height\":955},{\"@type\":\"BreadcrumbList\",\"@id\":\"https:\/\/azure.milexia.com\/it\/a-proposito\/certificazione-qualita\/#breadcrumb\",\"itemListElement\":[{\"@type\":\"ListItem\",\"position\":1,\"name\":\"Home\",\"item\":\"https:\/\/azure.milexia.com\/it\/\"},{\"@type\":\"ListItem\",\"position\":2,\"name\":\"A proposito di Milexia Italia\",\"item\":\"https:\/\/azure.milexia.com\/it\/a-proposito\/\"},{\"@type\":\"ListItem\",\"position\":3,\"name\":\"Certificazione &#038; Qualit\u00e0\"}]},{\"@type\":\"WebSite\",\"@id\":\"https:\/\/azure.milexia.com\/it\/#website\",\"url\":\"https:\/\/azure.milexia.com\/it\/\",\"name\":\"Milexia Italia\",\"description\":\"Rendere pi\u00f9 semplice l&#039;accesso alle tecnologie\",\"potentialAction\":[{\"@type\":\"SearchAction\",\"target\":{\"@type\":\"EntryPoint\",\"urlTemplate\":\"https:\/\/azure.milexia.com\/it\/?s={search_term_string}\"},\"query-input\":{\"@type\":\"PropertyValueSpecification\",\"valueRequired\":true,\"valueName\":\"search_term_string\"}}],\"inLanguage\":\"en-GB\"}]}<\/script>\n<!-- \/ Yoast SEO Premium plugin. -->","yoast_head_json":{"title":"Certificazione & Qualit\u00e0 | Milexia Italia","description":"Milexia Italia \u00e8 orgogliosa di mantenere i pi\u00f9 elevati standard di qualit\u00e0, sicurezza, sostenibilit\u00e0, efficienza e servizio al cliente.","robots":{"index":"noindex","follow":"follow","max-snippet":"max-snippet:-1","max-image-preview":"max-image-preview:large","max-video-preview":"max-video-preview:-1"},"og_locale":"en_GB","og_type":"article","og_title":"Certificazione & Qualit\u00e0","og_description":"Milexia Italia \u00e8 orgogliosa di mantenere i pi\u00f9 elevati standard di qualit\u00e0, sicurezza, sostenibilit\u00e0, efficienza e servizio al cliente.","og_url":"https:\/\/azure.milexia.com\/it\/a-proposito\/certificazione-qualita\/","og_site_name":"Milexia Italia","article_modified_time":"2026-01-28T12:53:07+00:00","og_image":[{"width":2560,"height":955,"url":"https:\/\/azure.milexia.com\/wp-content\/uploads\/sites\/6\/2022\/07\/featured-background-about-milexia-scaled-1.jpg","type":"image\/jpeg"}],"twitter_card":"summary_large_image","twitter_misc":{"Estimated reading time":"2 minutes"},"schema":{"@context":"https:\/\/schema.org","@graph":[{"@type":"WebPage","@id":"https:\/\/azure.milexia.com\/it\/a-proposito\/certificazione-qualita\/","url":"https:\/\/azure.milexia.com\/it\/a-proposito\/certificazione-qualita\/","name":"Certificazione & Qualit\u00e0 | Milexia Italia","isPartOf":{"@id":"https:\/\/azure.milexia.com\/it\/#website"},"primaryImageOfPage":{"@id":"https:\/\/azure.milexia.com\/it\/a-proposito\/certificazione-qualita\/#primaryimage"},"image":{"@id":"https:\/\/azure.milexia.com\/it\/a-proposito\/certificazione-qualita\/#primaryimage"},"thumbnailUrl":"\/wp-content\/uploads\/sites\/6\/2022\/07\/featured-background-about-milexia-scaled-1.jpg","datePublished":"2022-08-23T09:23:57+00:00","dateModified":"2026-01-28T12:53:07+00:00","description":"Milexia Italia \u00e8 orgogliosa di mantenere i pi\u00f9 elevati standard di qualit\u00e0, sicurezza, sostenibilit\u00e0, efficienza e servizio al cliente.","breadcrumb":{"@id":"https:\/\/azure.milexia.com\/it\/a-proposito\/certificazione-qualita\/#breadcrumb"},"inLanguage":"en-GB","potentialAction":[{"@type":"ReadAction","target":["https:\/\/azure.milexia.com\/it\/a-proposito\/certificazione-qualita\/"]}]},{"@type":"ImageObject","inLanguage":"en-GB","@id":"https:\/\/azure.milexia.com\/it\/a-proposito\/certificazione-qualita\/#primaryimage","url":"\/wp-content\/uploads\/sites\/6\/2022\/07\/featured-background-about-milexia-scaled-1.jpg","contentUrl":"\/wp-content\/uploads\/sites\/6\/2022\/07\/featured-background-about-milexia-scaled-1.jpg","width":2560,"height":955},{"@type":"BreadcrumbList","@id":"https:\/\/azure.milexia.com\/it\/a-proposito\/certificazione-qualita\/#breadcrumb","itemListElement":[{"@type":"ListItem","position":1,"name":"Home","item":"https:\/\/azure.milexia.com\/it\/"},{"@type":"ListItem","position":2,"name":"A proposito di Milexia Italia","item":"https:\/\/azure.milexia.com\/it\/a-proposito\/"},{"@type":"ListItem","position":3,"name":"Certificazione &#038; Qualit\u00e0"}]},{"@type":"WebSite","@id":"https:\/\/azure.milexia.com\/it\/#website","url":"https:\/\/azure.milexia.com\/it\/","name":"Milexia Italia","description":"Rendere pi\u00f9 semplice l&#039;accesso alle tecnologie","potentialAction":[{"@type":"SearchAction","target":{"@type":"EntryPoint","urlTemplate":"https:\/\/azure.milexia.com\/it\/?s={search_term_string}"},"query-input":{"@type":"PropertyValueSpecification","valueRequired":true,"valueName":"search_term_string"}}],"inLanguage":"en-GB"}]}},"lang":"it","translations":{"it":808,"en":16},"pll_sync_post":[],"_links":{"self":[{"href":"https:\/\/azure.milexia.com\/it\/wp-json\/wp\/v2\/pages\/808","targetHints":{"allow":["GET"]}}],"collection":[{"href":"https:\/\/azure.milexia.com\/it\/wp-json\/wp\/v2\/pages"}],"about":[{"href":"https:\/\/azure.milexia.com\/it\/wp-json\/wp\/v2\/types\/page"}],"author":[{"embeddable":true,"href":"https:\/\/azure.milexia.com\/it\/wp-json\/wp\/v2\/users\/5"}],"replies":[{"embeddable":true,"href":"https:\/\/azure.milexia.com\/it\/wp-json\/wp\/v2\/comments?post=808"}],"version-history":[{"count":1,"href":"https:\/\/azure.milexia.com\/it\/wp-json\/wp\/v2\/pages\/808\/revisions"}],"predecessor-version":[{"id":26283,"href":"https:\/\/azure.milexia.com\/it\/wp-json\/wp\/v2\/pages\/808\/revisions\/26283"}],"up":[{"embeddable":true,"href":"https:\/\/azure.milexia.com\/it\/wp-json\/wp\/v2\/pages\/804"}],"wp:featuredmedia":[{"embeddable":true,"href":"https:\/\/azure.milexia.com\/it\/wp-json\/wp\/v2\/media\/522"}],"wp:attachment":[{"href":"https:\/\/azure.milexia.com\/it\/wp-json\/wp\/v2\/media?parent=808"}],"curies":[{"name":"wp","href":"https:\/\/api.w.org\/{rel}","templated":true}]}}