{"id":870,"date":"2022-08-23T10:45:59","date_gmt":"2022-08-23T09:45:59","guid":{"rendered":"https:\/\/milexia.com.marcom-test.net\/fr\/?page_id=870"},"modified":"2023-07-07T13:28:01","modified_gmt":"2023-07-07T11:28:01","slug":"les-partenaires","status":"publish","type":"page","link":"https:\/\/azure.milexia.com\/fr\/a-propos-de\/les-partenaires\/","title":{"rendered":"Les partenaires en France"},"content":{"rendered":"<p>Notre exp\u00e9rience et implantation europ\u00e9enne font de Milexia le point central d\u2019un tissu de partenaires commerciaux, vous facilitant l\u2019acc\u00e8s \u00e0 une vari\u00e9t\u00e9 de produits et services. Nous travaillons main dans la main afin d\u2019innover, cr\u00e9er, designer des solutions &amp; syst\u00e8mes r\u00e9pondant \u00e0 vos probl\u00e9matiques dans vos domaines d\u2019applications.<\/p>\n","protected":false},"excerpt":{"rendered":"<p>Notre exp\u00e9rience et implantation europ\u00e9enne font de Milexia le point central d\u2019un tissu de partenaires commerciaux, vous facilitant l\u2019acc\u00e8s \u00e0 une vari\u00e9t\u00e9 de produits et services. Nous travaillons main dans la main afin d\u2019innover, cr\u00e9er, designer des solutions &amp; syst\u00e8mes r\u00e9pondant \u00e0 vos probl\u00e9matiques dans vos domaines d\u2019applications.<\/p>\n","protected":false},"author":5,"featured_media":498,"parent":853,"menu_order":12,"comment_status":"closed","ping_status":"closed","template":"page-templates\/page-partners.php","meta":{"_acf_changed":false,"footnotes":""},"class_list":["post-870","page","type-page","status-publish","has-post-thumbnail","hentry"],"acf":[],"yoast_head":"<!-- This site is optimized with the Yoast SEO Premium plugin v24.6 (Yoast SEO v27.2) - https:\/\/yoast.com\/product\/yoast-seo-premium-wordpress\/ -->\n<title>Nos Partenaires | Milexia France<\/title>\n<meta name=\"description\" content=\"Obtenez les meilleures solutions technologiques gr\u00e2ce \u00e0 notre relation solide avec nos partenaires leaders dans leurs domaines\" \/>\n<meta name=\"robots\" content=\"noindex, follow, max-snippet:-1, max-image-preview:large, max-video-preview:-1\" \/>\n<meta property=\"og:locale\" content=\"en_GB\" \/>\n<meta property=\"og:type\" content=\"article\" \/>\n<meta property=\"og:title\" content=\"Les partenaires en France\" \/>\n<meta property=\"og:description\" content=\"Obtenez les meilleures solutions technologiques gr\u00e2ce \u00e0 notre relation solide avec nos partenaires leaders dans leurs domaines\" \/>\n<meta property=\"og:url\" content=\"https:\/\/azure.milexia.com\/fr\/a-propos-de\/les-partenaires\/\" \/>\n<meta property=\"og:site_name\" content=\"Milexia France\" \/>\n<meta property=\"article:modified_time\" content=\"2023-07-07T11:28:01+00:00\" \/>\n<meta property=\"og:image\" content=\"https:\/\/azure.milexia.com\/wp-content\/uploads\/sites\/2\/2022\/05\/featured-background-contact-scaled.jpg\" \/>\n\t<meta property=\"og:image:width\" content=\"2560\" \/>\n\t<meta property=\"og:image:height\" content=\"955\" \/>\n\t<meta property=\"og:image:type\" content=\"image\/jpeg\" \/>\n<meta name=\"twitter:card\" content=\"summary_large_image\" \/>\n<meta name=\"twitter:label1\" content=\"Estimated reading time\" \/>\n\t<meta name=\"twitter:data1\" content=\"1 minute\" \/>\n<script type=\"application\/ld+json\" class=\"yoast-schema-graph\">{\"@context\":\"https:\/\/schema.org\",\"@graph\":[{\"@type\":\"WebPage\",\"@id\":\"https:\/\/azure.milexia.com\/fr\/a-propos-de\/les-partenaires\/\",\"url\":\"https:\/\/azure.milexia.com\/fr\/a-propos-de\/les-partenaires\/\",\"name\":\"Nos Partenaires | Milexia France\",\"isPartOf\":{\"@id\":\"https:\/\/azure.milexia.com\/fr\/#website\"},\"primaryImageOfPage\":{\"@id\":\"https:\/\/azure.milexia.com\/fr\/a-propos-de\/les-partenaires\/#primaryimage\"},\"image\":{\"@id\":\"https:\/\/azure.milexia.com\/fr\/a-propos-de\/les-partenaires\/#primaryimage\"},\"thumbnailUrl\":\"\/wp-content\/uploads\/sites\/2\/2022\/05\/featured-background-contact-scaled.jpg\",\"datePublished\":\"2022-08-23T09:45:59+00:00\",\"dateModified\":\"2023-07-07T11:28:01+00:00\",\"description\":\"Obtenez les meilleures solutions technologiques gr\u00e2ce \u00e0 notre relation solide avec nos partenaires leaders dans leurs domaines\",\"breadcrumb\":{\"@id\":\"https:\/\/azure.milexia.com\/fr\/a-propos-de\/les-partenaires\/#breadcrumb\"},\"inLanguage\":\"en-GB\",\"potentialAction\":[{\"@type\":\"ReadAction\",\"target\":[\"https:\/\/azure.milexia.com\/fr\/a-propos-de\/les-partenaires\/\"]}]},{\"@type\":\"ImageObject\",\"inLanguage\":\"en-GB\",\"@id\":\"https:\/\/azure.milexia.com\/fr\/a-propos-de\/les-partenaires\/#primaryimage\",\"url\":\"\/wp-content\/uploads\/sites\/2\/2022\/05\/featured-background-contact-scaled.jpg\",\"contentUrl\":\"\/wp-content\/uploads\/sites\/2\/2022\/05\/featured-background-contact-scaled.jpg\",\"width\":2560,\"height\":955},{\"@type\":\"BreadcrumbList\",\"@id\":\"https:\/\/azure.milexia.com\/fr\/a-propos-de\/les-partenaires\/#breadcrumb\",\"itemListElement\":[{\"@type\":\"ListItem\",\"position\":1,\"name\":\"Home\",\"item\":\"https:\/\/azure.milexia.com\/fr\/\"},{\"@type\":\"ListItem\",\"position\":2,\"name\":\"\u00c0 propos de Milexia\u00a0France\",\"item\":\"https:\/\/azure.milexia.com\/fr\/a-propos-de\/\"},{\"@type\":\"ListItem\",\"position\":3,\"name\":\"Les partenaires en France\"}]},{\"@type\":\"WebSite\",\"@id\":\"https:\/\/azure.milexia.com\/fr\/#website\",\"url\":\"https:\/\/azure.milexia.com\/fr\/\",\"name\":\"Milexia France\",\"description\":\"Faciliter l\u2019acc\u00e8s \u00e0 la technologie\",\"potentialAction\":[{\"@type\":\"SearchAction\",\"target\":{\"@type\":\"EntryPoint\",\"urlTemplate\":\"https:\/\/azure.milexia.com\/fr\/?s={search_term_string}\"},\"query-input\":{\"@type\":\"PropertyValueSpecification\",\"valueRequired\":true,\"valueName\":\"search_term_string\"}}],\"inLanguage\":\"en-GB\"}]}<\/script>\n<!-- \/ Yoast SEO Premium plugin. -->","yoast_head_json":{"title":"Nos Partenaires | Milexia France","description":"Obtenez les meilleures solutions technologiques gr\u00e2ce \u00e0 notre relation solide avec nos partenaires leaders dans leurs domaines","robots":{"index":"noindex","follow":"follow","max-snippet":"max-snippet:-1","max-image-preview":"max-image-preview:large","max-video-preview":"max-video-preview:-1"},"og_locale":"en_GB","og_type":"article","og_title":"Les partenaires en France","og_description":"Obtenez les meilleures solutions technologiques gr\u00e2ce \u00e0 notre relation solide avec nos partenaires leaders dans leurs domaines","og_url":"https:\/\/azure.milexia.com\/fr\/a-propos-de\/les-partenaires\/","og_site_name":"Milexia France","article_modified_time":"2023-07-07T11:28:01+00:00","og_image":[{"width":2560,"height":955,"url":"https:\/\/azure.milexia.com\/wp-content\/uploads\/sites\/2\/2022\/05\/featured-background-contact-scaled.jpg","type":"image\/jpeg"}],"twitter_card":"summary_large_image","twitter_misc":{"Estimated reading time":"1 minute"},"schema":{"@context":"https:\/\/schema.org","@graph":[{"@type":"WebPage","@id":"https:\/\/azure.milexia.com\/fr\/a-propos-de\/les-partenaires\/","url":"https:\/\/azure.milexia.com\/fr\/a-propos-de\/les-partenaires\/","name":"Nos Partenaires | Milexia France","isPartOf":{"@id":"https:\/\/azure.milexia.com\/fr\/#website"},"primaryImageOfPage":{"@id":"https:\/\/azure.milexia.com\/fr\/a-propos-de\/les-partenaires\/#primaryimage"},"image":{"@id":"https:\/\/azure.milexia.com\/fr\/a-propos-de\/les-partenaires\/#primaryimage"},"thumbnailUrl":"\/wp-content\/uploads\/sites\/2\/2022\/05\/featured-background-contact-scaled.jpg","datePublished":"2022-08-23T09:45:59+00:00","dateModified":"2023-07-07T11:28:01+00:00","description":"Obtenez les meilleures solutions technologiques gr\u00e2ce \u00e0 notre relation solide avec nos partenaires leaders dans leurs domaines","breadcrumb":{"@id":"https:\/\/azure.milexia.com\/fr\/a-propos-de\/les-partenaires\/#breadcrumb"},"inLanguage":"en-GB","potentialAction":[{"@type":"ReadAction","target":["https:\/\/azure.milexia.com\/fr\/a-propos-de\/les-partenaires\/"]}]},{"@type":"ImageObject","inLanguage":"en-GB","@id":"https:\/\/azure.milexia.com\/fr\/a-propos-de\/les-partenaires\/#primaryimage","url":"\/wp-content\/uploads\/sites\/2\/2022\/05\/featured-background-contact-scaled.jpg","contentUrl":"\/wp-content\/uploads\/sites\/2\/2022\/05\/featured-background-contact-scaled.jpg","width":2560,"height":955},{"@type":"BreadcrumbList","@id":"https:\/\/azure.milexia.com\/fr\/a-propos-de\/les-partenaires\/#breadcrumb","itemListElement":[{"@type":"ListItem","position":1,"name":"Home","item":"https:\/\/azure.milexia.com\/fr\/"},{"@type":"ListItem","position":2,"name":"\u00c0 propos de Milexia\u00a0France","item":"https:\/\/azure.milexia.com\/fr\/a-propos-de\/"},{"@type":"ListItem","position":3,"name":"Les partenaires en France"}]},{"@type":"WebSite","@id":"https:\/\/azure.milexia.com\/fr\/#website","url":"https:\/\/azure.milexia.com\/fr\/","name":"Milexia France","description":"Faciliter l\u2019acc\u00e8s \u00e0 la technologie","potentialAction":[{"@type":"SearchAction","target":{"@type":"EntryPoint","urlTemplate":"https:\/\/azure.milexia.com\/fr\/?s={search_term_string}"},"query-input":{"@type":"PropertyValueSpecification","valueRequired":true,"valueName":"search_term_string"}}],"inLanguage":"en-GB"}]}},"lang":"fr","translations":{"fr":870,"en":548},"pll_sync_post":[],"_links":{"self":[{"href":"https:\/\/azure.milexia.com\/fr\/wp-json\/wp\/v2\/pages\/870","targetHints":{"allow":["GET"]}}],"collection":[{"href":"https:\/\/azure.milexia.com\/fr\/wp-json\/wp\/v2\/pages"}],"about":[{"href":"https:\/\/azure.milexia.com\/fr\/wp-json\/wp\/v2\/types\/page"}],"author":[{"embeddable":true,"href":"https:\/\/azure.milexia.com\/fr\/wp-json\/wp\/v2\/users\/5"}],"replies":[{"embeddable":true,"href":"https:\/\/azure.milexia.com\/fr\/wp-json\/wp\/v2\/comments?post=870"}],"version-history":[{"count":0,"href":"https:\/\/azure.milexia.com\/fr\/wp-json\/wp\/v2\/pages\/870\/revisions"}],"up":[{"embeddable":true,"href":"https:\/\/azure.milexia.com\/fr\/wp-json\/wp\/v2\/pages\/853"}],"wp:featuredmedia":[{"embeddable":true,"href":"https:\/\/azure.milexia.com\/fr\/wp-json\/wp\/v2\/media\/498"}],"wp:attachment":[{"href":"https:\/\/azure.milexia.com\/fr\/wp-json\/wp\/v2\/media?parent=870"}],"curies":[{"name":"wp","href":"https:\/\/api.w.org\/{rel}","templated":true}]}}