{"id":861,"date":"2022-08-23T10:16:21","date_gmt":"2022-08-23T09:16:21","guid":{"rendered":"https:\/\/milexia.com.marcom-test.net\/fr\/?page_id=861"},"modified":"2026-01-21T14:52:47","modified_gmt":"2026-01-21T13:52:47","slug":"assistance","status":"publish","type":"page","link":"https:\/\/azure.milexia.com\/fr\/assistance\/","title":{"rendered":"Support en France"},"content":{"rendered":"<h2><span data-sheets-value=\"{&quot;1&quot;:2,&quot;2&quot;:&quot;Simplifier l\u2019assistance&quot;}\" data-sheets-userformat=\"{&quot;2&quot;:14847,&quot;3&quot;:{&quot;1&quot;:0,&quot;3&quot;:1},&quot;4&quot;:{&quot;1&quot;:2,&quot;2&quot;:16777215},&quot;5&quot;:{&quot;1&quot;:[{&quot;1&quot;:2,&quot;2&quot;:0,&quot;5&quot;:{&quot;1&quot;:2,&quot;2&quot;:0}},{&quot;1&quot;:0,&quot;2&quot;:0,&quot;3&quot;:3},{&quot;1&quot;:1,&quot;2&quot;:0,&quot;4&quot;:1}]},&quot;6&quot;:{&quot;1&quot;:[{&quot;1&quot;:2,&quot;2&quot;:0,&quot;5&quot;:{&quot;1&quot;:2,&quot;2&quot;:0}},{&quot;1&quot;:0,&quot;2&quot;:0,&quot;3&quot;:3},{&quot;1&quot;:1,&quot;2&quot;:0,&quot;4&quot;:1}]},&quot;7&quot;:{&quot;1&quot;:[{&quot;1&quot;:2,&quot;2&quot;:0,&quot;5&quot;:{&quot;1&quot;:2,&quot;2&quot;:0}},{&quot;1&quot;:0,&quot;2&quot;:0,&quot;3&quot;:3},{&quot;1&quot;:1,&quot;2&quot;:0,&quot;4&quot;:1}]},&quot;8&quot;:{&quot;1&quot;:[{&quot;1&quot;:2,&quot;2&quot;:0,&quot;5&quot;:{&quot;1&quot;:2,&quot;2&quot;:0}},{&quot;1&quot;:0,&quot;2&quot;:0,&quot;3&quot;:3},{&quot;1&quot;:1,&quot;2&quot;:0,&quot;4&quot;:1}]},&quot;9&quot;:0,&quot;10&quot;:0,&quot;11&quot;:4,&quot;14&quot;:{&quot;1&quot;:3,&quot;3&quot;:1},&quot;15&quot;:&quot;Calibri&quot;,&quot;16&quot;:11}\">Le support <b>simplifi\u00e9<\/b><\/span><\/h2>\n<p><span data-sheets-value=\"{&quot;1&quot;:2,&quot;2&quot;:&quot;Nos principaux sp\u00e9cialistes sont l\u00e0 pour assurer la performance optimale de vos produits et applications. En mettant leurs comp\u00e9tences \u00e0 votre disposition, ils vous garantissent que lorsque vous achetez un produit ou un syst\u00e8me chez nous, il sera conforme \u00e0 la description que vous en avez lue.\\nNous sommes fiers de nos r\u00e9sultats en mati\u00e8re d\u2019assistance \u00e0 nos clients et partenaires. Quel que soit le degr\u00e9 d\u2019importance ou de complexit\u00e9 du probl\u00e8me, nous vous garantissons la meilleure issue possible.\\n&quot;}\" data-sheets-userformat=\"{&quot;2&quot;:14847,&quot;3&quot;:{&quot;1&quot;:0,&quot;3&quot;:1},&quot;4&quot;:{&quot;1&quot;:2,&quot;2&quot;:16777215},&quot;5&quot;:{&quot;1&quot;:[{&quot;1&quot;:2,&quot;2&quot;:0,&quot;5&quot;:{&quot;1&quot;:2,&quot;2&quot;:0}},{&quot;1&quot;:0,&quot;2&quot;:0,&quot;3&quot;:3},{&quot;1&quot;:1,&quot;2&quot;:0,&quot;4&quot;:1}]},&quot;6&quot;:{&quot;1&quot;:[{&quot;1&quot;:2,&quot;2&quot;:0,&quot;5&quot;:{&quot;1&quot;:2,&quot;2&quot;:0}},{&quot;1&quot;:0,&quot;2&quot;:0,&quot;3&quot;:3},{&quot;1&quot;:1,&quot;2&quot;:0,&quot;4&quot;:1}]},&quot;7&quot;:{&quot;1&quot;:[{&quot;1&quot;:2,&quot;2&quot;:0,&quot;5&quot;:{&quot;1&quot;:2,&quot;2&quot;:0}},{&quot;1&quot;:0,&quot;2&quot;:0,&quot;3&quot;:3},{&quot;1&quot;:1,&quot;2&quot;:0,&quot;4&quot;:1}]},&quot;8&quot;:{&quot;1&quot;:[{&quot;1&quot;:2,&quot;2&quot;:0,&quot;5&quot;:{&quot;1&quot;:2,&quot;2&quot;:0}},{&quot;1&quot;:0,&quot;2&quot;:0,&quot;3&quot;:3},{&quot;1&quot;:1,&quot;2&quot;:0,&quot;4&quot;:1}]},&quot;9&quot;:0,&quot;10&quot;:0,&quot;11&quot;:4,&quot;14&quot;:{&quot;1&quot;:3,&quot;3&quot;:1},&quot;15&quot;:&quot;Calibri&quot;,&quot;16&quot;:11}\">Nos<strong>\u00a0sp\u00e9cialistes<\/strong> sont enti\u00e8rement disponibles pour assurer la performance de vos produits.<br \/>\n<\/span><\/p>\n","protected":false},"excerpt":{"rendered":"<p>Le support simplifi\u00e9 Nos\u00a0sp\u00e9cialistes sont enti\u00e8rement disponibles pour assurer la performance de vos produits.<\/p>\n","protected":false},"author":5,"featured_media":572,"parent":0,"menu_order":29,"comment_status":"closed","ping_status":"closed","template":"page-templates\/page-home-r.php","meta":{"_acf_changed":false,"footnotes":""},"class_list":["post-861","page","type-page","status-publish","has-post-thumbnail","hentry"],"acf":[],"yoast_head":"<!-- This site is optimized with the Yoast SEO Premium plugin v24.6 (Yoast SEO v27.2) - https:\/\/yoast.com\/product\/yoast-seo-premium-wordpress\/ -->\n<title>B\u00e9n\u00e9ficiez de l&#039;assistance d&#039;experts | Milexia France<\/title>\n<meta name=\"description\" content=\"Acc\u00e9dez \u00e0 l&#039;assistance et aux conseils avis\u00e9s de notre \u00e9quipe de sp\u00e9cialistes et d&#039;ing\u00e9nieurs chez Milexia France.\" \/>\n<meta name=\"robots\" content=\"noindex, follow, max-snippet:-1, max-image-preview:large, max-video-preview:-1\" \/>\n<meta property=\"og:locale\" content=\"en_GB\" \/>\n<meta property=\"og:type\" content=\"article\" \/>\n<meta property=\"og:title\" content=\"Support en France\" \/>\n<meta property=\"og:description\" content=\"Acc\u00e9dez \u00e0 l&#039;assistance et aux conseils avis\u00e9s de notre \u00e9quipe de sp\u00e9cialistes et d&#039;ing\u00e9nieurs chez Milexia France.\" \/>\n<meta property=\"og:url\" content=\"https:\/\/azure.milexia.com\/fr\/assistance\/\" \/>\n<meta property=\"og:site_name\" content=\"Milexia France\" \/>\n<meta property=\"article:modified_time\" content=\"2026-01-21T13:52:47+00:00\" \/>\n<meta property=\"og:image\" content=\"https:\/\/azure.milexia.com\/wp-content\/uploads\/sites\/2\/2022\/07\/featured-background-services-support-scaled-1.jpeg\" \/>\n\t<meta property=\"og:image:width\" content=\"2560\" \/>\n\t<meta property=\"og:image:height\" content=\"955\" \/>\n\t<meta property=\"og:image:type\" content=\"image\/jpeg\" \/>\n<meta name=\"twitter:card\" content=\"summary_large_image\" \/>\n<meta name=\"twitter:label1\" content=\"Estimated reading time\" \/>\n\t<meta name=\"twitter:data1\" content=\"3 minutes\" \/>\n<script type=\"application\/ld+json\" class=\"yoast-schema-graph\">{\"@context\":\"https:\/\/schema.org\",\"@graph\":[{\"@type\":\"WebPage\",\"@id\":\"https:\/\/azure.milexia.com\/fr\/assistance\/\",\"url\":\"https:\/\/azure.milexia.com\/fr\/assistance\/\",\"name\":\"B\u00e9n\u00e9ficiez de l'assistance d'experts | Milexia France\",\"isPartOf\":{\"@id\":\"https:\/\/azure.milexia.com\/fr\/#website\"},\"primaryImageOfPage\":{\"@id\":\"https:\/\/azure.milexia.com\/fr\/assistance\/#primaryimage\"},\"image\":{\"@id\":\"https:\/\/azure.milexia.com\/fr\/assistance\/#primaryimage\"},\"thumbnailUrl\":\"\/wp-content\/uploads\/sites\/2\/2022\/07\/featured-background-services-support-scaled-1.jpeg\",\"datePublished\":\"2022-08-23T09:16:21+00:00\",\"dateModified\":\"2026-01-21T13:52:47+00:00\",\"description\":\"Acc\u00e9dez \u00e0 l'assistance et aux conseils avis\u00e9s de notre \u00e9quipe de sp\u00e9cialistes et d'ing\u00e9nieurs chez Milexia France.\",\"breadcrumb\":{\"@id\":\"https:\/\/azure.milexia.com\/fr\/assistance\/#breadcrumb\"},\"inLanguage\":\"en-GB\",\"potentialAction\":[{\"@type\":\"ReadAction\",\"target\":[\"https:\/\/azure.milexia.com\/fr\/assistance\/\"]}]},{\"@type\":\"ImageObject\",\"inLanguage\":\"en-GB\",\"@id\":\"https:\/\/azure.milexia.com\/fr\/assistance\/#primaryimage\",\"url\":\"\/wp-content\/uploads\/sites\/2\/2022\/07\/featured-background-services-support-scaled-1.jpeg\",\"contentUrl\":\"\/wp-content\/uploads\/sites\/2\/2022\/07\/featured-background-services-support-scaled-1.jpeg\",\"width\":2560,\"height\":955},{\"@type\":\"BreadcrumbList\",\"@id\":\"https:\/\/azure.milexia.com\/fr\/assistance\/#breadcrumb\",\"itemListElement\":[{\"@type\":\"ListItem\",\"position\":1,\"name\":\"Home\",\"item\":\"https:\/\/azure.milexia.com\/fr\/\"},{\"@type\":\"ListItem\",\"position\":2,\"name\":\"Support en France\"}]},{\"@type\":\"WebSite\",\"@id\":\"https:\/\/azure.milexia.com\/fr\/#website\",\"url\":\"https:\/\/azure.milexia.com\/fr\/\",\"name\":\"Milexia France\",\"description\":\"Faciliter l\u2019acc\u00e8s \u00e0 la technologie\",\"potentialAction\":[{\"@type\":\"SearchAction\",\"target\":{\"@type\":\"EntryPoint\",\"urlTemplate\":\"https:\/\/azure.milexia.com\/fr\/?s={search_term_string}\"},\"query-input\":{\"@type\":\"PropertyValueSpecification\",\"valueRequired\":true,\"valueName\":\"search_term_string\"}}],\"inLanguage\":\"en-GB\"}]}<\/script>\n<!-- \/ Yoast SEO Premium plugin. -->","yoast_head_json":{"title":"B\u00e9n\u00e9ficiez de l'assistance d'experts | Milexia France","description":"Acc\u00e9dez \u00e0 l'assistance et aux conseils avis\u00e9s de notre \u00e9quipe de sp\u00e9cialistes et d'ing\u00e9nieurs chez Milexia France.","robots":{"index":"noindex","follow":"follow","max-snippet":"max-snippet:-1","max-image-preview":"max-image-preview:large","max-video-preview":"max-video-preview:-1"},"og_locale":"en_GB","og_type":"article","og_title":"Support en France","og_description":"Acc\u00e9dez \u00e0 l'assistance et aux conseils avis\u00e9s de notre \u00e9quipe de sp\u00e9cialistes et d'ing\u00e9nieurs chez Milexia France.","og_url":"https:\/\/azure.milexia.com\/fr\/assistance\/","og_site_name":"Milexia France","article_modified_time":"2026-01-21T13:52:47+00:00","og_image":[{"width":2560,"height":955,"url":"https:\/\/azure.milexia.com\/wp-content\/uploads\/sites\/2\/2022\/07\/featured-background-services-support-scaled-1.jpeg","type":"image\/jpeg"}],"twitter_card":"summary_large_image","twitter_misc":{"Estimated reading time":"3 minutes"},"schema":{"@context":"https:\/\/schema.org","@graph":[{"@type":"WebPage","@id":"https:\/\/azure.milexia.com\/fr\/assistance\/","url":"https:\/\/azure.milexia.com\/fr\/assistance\/","name":"B\u00e9n\u00e9ficiez de l'assistance d'experts | Milexia France","isPartOf":{"@id":"https:\/\/azure.milexia.com\/fr\/#website"},"primaryImageOfPage":{"@id":"https:\/\/azure.milexia.com\/fr\/assistance\/#primaryimage"},"image":{"@id":"https:\/\/azure.milexia.com\/fr\/assistance\/#primaryimage"},"thumbnailUrl":"\/wp-content\/uploads\/sites\/2\/2022\/07\/featured-background-services-support-scaled-1.jpeg","datePublished":"2022-08-23T09:16:21+00:00","dateModified":"2026-01-21T13:52:47+00:00","description":"Acc\u00e9dez \u00e0 l'assistance et aux conseils avis\u00e9s de notre \u00e9quipe de sp\u00e9cialistes et d'ing\u00e9nieurs chez Milexia France.","breadcrumb":{"@id":"https:\/\/azure.milexia.com\/fr\/assistance\/#breadcrumb"},"inLanguage":"en-GB","potentialAction":[{"@type":"ReadAction","target":["https:\/\/azure.milexia.com\/fr\/assistance\/"]}]},{"@type":"ImageObject","inLanguage":"en-GB","@id":"https:\/\/azure.milexia.com\/fr\/assistance\/#primaryimage","url":"\/wp-content\/uploads\/sites\/2\/2022\/07\/featured-background-services-support-scaled-1.jpeg","contentUrl":"\/wp-content\/uploads\/sites\/2\/2022\/07\/featured-background-services-support-scaled-1.jpeg","width":2560,"height":955},{"@type":"BreadcrumbList","@id":"https:\/\/azure.milexia.com\/fr\/assistance\/#breadcrumb","itemListElement":[{"@type":"ListItem","position":1,"name":"Home","item":"https:\/\/azure.milexia.com\/fr\/"},{"@type":"ListItem","position":2,"name":"Support en France"}]},{"@type":"WebSite","@id":"https:\/\/azure.milexia.com\/fr\/#website","url":"https:\/\/azure.milexia.com\/fr\/","name":"Milexia France","description":"Faciliter l\u2019acc\u00e8s \u00e0 la technologie","potentialAction":[{"@type":"SearchAction","target":{"@type":"EntryPoint","urlTemplate":"https:\/\/azure.milexia.com\/fr\/?s={search_term_string}"},"query-input":{"@type":"PropertyValueSpecification","valueRequired":true,"valueName":"search_term_string"}}],"inLanguage":"en-GB"}]}},"lang":"fr","translations":{"fr":861,"en":12},"pll_sync_post":[],"_links":{"self":[{"href":"https:\/\/azure.milexia.com\/fr\/wp-json\/wp\/v2\/pages\/861","targetHints":{"allow":["GET"]}}],"collection":[{"href":"https:\/\/azure.milexia.com\/fr\/wp-json\/wp\/v2\/pages"}],"about":[{"href":"https:\/\/azure.milexia.com\/fr\/wp-json\/wp\/v2\/types\/page"}],"author":[{"embeddable":true,"href":"https:\/\/azure.milexia.com\/fr\/wp-json\/wp\/v2\/users\/5"}],"replies":[{"embeddable":true,"href":"https:\/\/azure.milexia.com\/fr\/wp-json\/wp\/v2\/comments?post=861"}],"version-history":[{"count":0,"href":"https:\/\/azure.milexia.com\/fr\/wp-json\/wp\/v2\/pages\/861\/revisions"}],"wp:featuredmedia":[{"embeddable":true,"href":"https:\/\/azure.milexia.com\/fr\/wp-json\/wp\/v2\/media\/572"}],"wp:attachment":[{"href":"https:\/\/azure.milexia.com\/fr\/wp-json\/wp\/v2\/media?parent=861"}],"curies":[{"name":"wp","href":"https:\/\/api.w.org\/{rel}","templated":true}]}}