{"id":859,"date":"2022-08-23T10:15:38","date_gmt":"2022-08-23T09:15:38","guid":{"rendered":"https:\/\/milexia.com.marcom-test.net\/fr\/?page_id=859"},"modified":"2023-07-07T13:28:14","modified_gmt":"2023-07-07T11:28:14","slug":"entretien","status":"publish","type":"page","link":"https:\/\/azure.milexia.com\/fr\/entretien\/","title":{"rendered":"Maintenance en France"},"content":{"rendered":"<h2>Notre offre compl\u00e8te de <b>r\u00e9paration<\/b> et de <b>maintenance<\/b><\/h2>\n<p>Notre \u00e9quipe technique est r\u00e9guli\u00e8rement form\u00e9e par nos partenaires pour r\u00e9soudre les diff\u00e9rents probl\u00e8mes que vous pouvez rencontrer.<\/p>\n<p>A leur actif, plus de trente ann\u00e9es d\u2019exp\u00e9riences sur les diff\u00e9rentes technologies. Nous poss\u00e9dons deux bureaux en France, le premier au sud de Paris, l\u2019autre \u00e0 Grenoble.<\/p>\n","protected":false},"excerpt":{"rendered":"<p>Notre offre compl\u00e8te de r\u00e9paration et de maintenance Notre \u00e9quipe technique est r\u00e9guli\u00e8rement form\u00e9e par nos partenaires pour r\u00e9soudre les diff\u00e9rents probl\u00e8mes que vous pouvez rencontrer. A leur actif, plus de trente ann\u00e9es d\u2019exp\u00e9riences sur les diff\u00e9rentes technologies. Nous poss\u00e9dons deux bureaux en France, le premier au sud de Paris, l\u2019autre \u00e0 Grenoble.<\/p>\n","protected":false},"author":5,"featured_media":14964,"parent":0,"menu_order":25,"comment_status":"closed","ping_status":"closed","template":"page-templates\/page-home-r.php","meta":{"_acf_changed":false,"footnotes":""},"class_list":["post-859","page","type-page","status-publish","has-post-thumbnail","hentry"],"acf":[],"yoast_head":"<!-- This site is optimized with the Yoast SEO Premium plugin v24.6 (Yoast SEO v27.2) - https:\/\/yoast.com\/product\/yoast-seo-premium-wordpress\/ -->\n<title>Services de Maintenance et Entretien | Milexia France<\/title>\n<meta name=\"description\" content=\"Faites r\u00e9parer rapidement vos \u00e9quipements par nos techniciens hautement qualifi\u00e9s.\" \/>\n<meta name=\"robots\" content=\"noindex, follow, max-snippet:-1, max-image-preview:large, max-video-preview:-1\" \/>\n<meta property=\"og:locale\" content=\"en_GB\" \/>\n<meta property=\"og:type\" content=\"article\" \/>\n<meta property=\"og:title\" content=\"Maintenance en France\" \/>\n<meta property=\"og:description\" content=\"Faites r\u00e9parer rapidement vos \u00e9quipements par nos techniciens hautement qualifi\u00e9s.\" \/>\n<meta property=\"og:url\" content=\"https:\/\/azure.milexia.com\/fr\/entretien\/\" \/>\n<meta property=\"og:site_name\" content=\"Milexia France\" \/>\n<meta property=\"article:modified_time\" content=\"2023-07-07T11:28:14+00:00\" \/>\n<meta property=\"og:image\" content=\"https:\/\/azure.milexia.com\/wp-content\/uploads\/sites\/2\/2022\/09\/header-featured-fr-maintenance-scaled.jpg\" \/>\n\t<meta property=\"og:image:width\" content=\"2560\" \/>\n\t<meta property=\"og:image:height\" content=\"955\" \/>\n\t<meta property=\"og:image:type\" content=\"image\/jpeg\" \/>\n<meta name=\"twitter:card\" content=\"summary_large_image\" \/>\n<meta name=\"twitter:label1\" content=\"Estimated reading time\" \/>\n\t<meta name=\"twitter:data1\" content=\"1 minute\" \/>\n<script type=\"application\/ld+json\" class=\"yoast-schema-graph\">{\"@context\":\"https:\/\/schema.org\",\"@graph\":[{\"@type\":\"WebPage\",\"@id\":\"https:\/\/azure.milexia.com\/fr\/entretien\/\",\"url\":\"https:\/\/azure.milexia.com\/fr\/entretien\/\",\"name\":\"Services de Maintenance et Entretien | Milexia France\",\"isPartOf\":{\"@id\":\"https:\/\/azure.milexia.com\/fr\/#website\"},\"primaryImageOfPage\":{\"@id\":\"https:\/\/azure.milexia.com\/fr\/entretien\/#primaryimage\"},\"image\":{\"@id\":\"https:\/\/azure.milexia.com\/fr\/entretien\/#primaryimage\"},\"thumbnailUrl\":\"\/wp-content\/uploads\/sites\/2\/2022\/09\/header-featured-fr-maintenance-scaled.jpg\",\"datePublished\":\"2022-08-23T09:15:38+00:00\",\"dateModified\":\"2023-07-07T11:28:14+00:00\",\"description\":\"Faites r\u00e9parer rapidement vos \u00e9quipements par nos techniciens hautement qualifi\u00e9s.\",\"breadcrumb\":{\"@id\":\"https:\/\/azure.milexia.com\/fr\/entretien\/#breadcrumb\"},\"inLanguage\":\"en-GB\",\"potentialAction\":[{\"@type\":\"ReadAction\",\"target\":[\"https:\/\/azure.milexia.com\/fr\/entretien\/\"]}]},{\"@type\":\"ImageObject\",\"inLanguage\":\"en-GB\",\"@id\":\"https:\/\/azure.milexia.com\/fr\/entretien\/#primaryimage\",\"url\":\"\/wp-content\/uploads\/sites\/2\/2022\/09\/header-featured-fr-maintenance-scaled.jpg\",\"contentUrl\":\"\/wp-content\/uploads\/sites\/2\/2022\/09\/header-featured-fr-maintenance-scaled.jpg\",\"width\":2560,\"height\":955,\"caption\":\"Maintenance in France\"},{\"@type\":\"BreadcrumbList\",\"@id\":\"https:\/\/azure.milexia.com\/fr\/entretien\/#breadcrumb\",\"itemListElement\":[{\"@type\":\"ListItem\",\"position\":1,\"name\":\"Home\",\"item\":\"https:\/\/azure.milexia.com\/fr\/\"},{\"@type\":\"ListItem\",\"position\":2,\"name\":\"Maintenance en France\"}]},{\"@type\":\"WebSite\",\"@id\":\"https:\/\/azure.milexia.com\/fr\/#website\",\"url\":\"https:\/\/azure.milexia.com\/fr\/\",\"name\":\"Milexia France\",\"description\":\"Faciliter l\u2019acc\u00e8s \u00e0 la technologie\",\"potentialAction\":[{\"@type\":\"SearchAction\",\"target\":{\"@type\":\"EntryPoint\",\"urlTemplate\":\"https:\/\/azure.milexia.com\/fr\/?s={search_term_string}\"},\"query-input\":{\"@type\":\"PropertyValueSpecification\",\"valueRequired\":true,\"valueName\":\"search_term_string\"}}],\"inLanguage\":\"en-GB\"}]}<\/script>\n<!-- \/ Yoast SEO Premium plugin. -->","yoast_head_json":{"title":"Services de Maintenance et Entretien | Milexia France","description":"Faites r\u00e9parer rapidement vos \u00e9quipements par nos techniciens hautement qualifi\u00e9s.","robots":{"index":"noindex","follow":"follow","max-snippet":"max-snippet:-1","max-image-preview":"max-image-preview:large","max-video-preview":"max-video-preview:-1"},"og_locale":"en_GB","og_type":"article","og_title":"Maintenance en France","og_description":"Faites r\u00e9parer rapidement vos \u00e9quipements par nos techniciens hautement qualifi\u00e9s.","og_url":"https:\/\/azure.milexia.com\/fr\/entretien\/","og_site_name":"Milexia France","article_modified_time":"2023-07-07T11:28:14+00:00","og_image":[{"width":2560,"height":955,"url":"https:\/\/azure.milexia.com\/wp-content\/uploads\/sites\/2\/2022\/09\/header-featured-fr-maintenance-scaled.jpg","type":"image\/jpeg"}],"twitter_card":"summary_large_image","twitter_misc":{"Estimated reading time":"1 minute"},"schema":{"@context":"https:\/\/schema.org","@graph":[{"@type":"WebPage","@id":"https:\/\/azure.milexia.com\/fr\/entretien\/","url":"https:\/\/azure.milexia.com\/fr\/entretien\/","name":"Services de Maintenance et Entretien | Milexia France","isPartOf":{"@id":"https:\/\/azure.milexia.com\/fr\/#website"},"primaryImageOfPage":{"@id":"https:\/\/azure.milexia.com\/fr\/entretien\/#primaryimage"},"image":{"@id":"https:\/\/azure.milexia.com\/fr\/entretien\/#primaryimage"},"thumbnailUrl":"\/wp-content\/uploads\/sites\/2\/2022\/09\/header-featured-fr-maintenance-scaled.jpg","datePublished":"2022-08-23T09:15:38+00:00","dateModified":"2023-07-07T11:28:14+00:00","description":"Faites r\u00e9parer rapidement vos \u00e9quipements par nos techniciens hautement qualifi\u00e9s.","breadcrumb":{"@id":"https:\/\/azure.milexia.com\/fr\/entretien\/#breadcrumb"},"inLanguage":"en-GB","potentialAction":[{"@type":"ReadAction","target":["https:\/\/azure.milexia.com\/fr\/entretien\/"]}]},{"@type":"ImageObject","inLanguage":"en-GB","@id":"https:\/\/azure.milexia.com\/fr\/entretien\/#primaryimage","url":"\/wp-content\/uploads\/sites\/2\/2022\/09\/header-featured-fr-maintenance-scaled.jpg","contentUrl":"\/wp-content\/uploads\/sites\/2\/2022\/09\/header-featured-fr-maintenance-scaled.jpg","width":2560,"height":955,"caption":"Maintenance in France"},{"@type":"BreadcrumbList","@id":"https:\/\/azure.milexia.com\/fr\/entretien\/#breadcrumb","itemListElement":[{"@type":"ListItem","position":1,"name":"Home","item":"https:\/\/azure.milexia.com\/fr\/"},{"@type":"ListItem","position":2,"name":"Maintenance en France"}]},{"@type":"WebSite","@id":"https:\/\/azure.milexia.com\/fr\/#website","url":"https:\/\/azure.milexia.com\/fr\/","name":"Milexia France","description":"Faciliter l\u2019acc\u00e8s \u00e0 la technologie","potentialAction":[{"@type":"SearchAction","target":{"@type":"EntryPoint","urlTemplate":"https:\/\/azure.milexia.com\/fr\/?s={search_term_string}"},"query-input":{"@type":"PropertyValueSpecification","valueRequired":true,"valueName":"search_term_string"}}],"inLanguage":"en-GB"}]}},"lang":"fr","translations":{"fr":859,"en":791},"pll_sync_post":[],"_links":{"self":[{"href":"https:\/\/azure.milexia.com\/fr\/wp-json\/wp\/v2\/pages\/859","targetHints":{"allow":["GET"]}}],"collection":[{"href":"https:\/\/azure.milexia.com\/fr\/wp-json\/wp\/v2\/pages"}],"about":[{"href":"https:\/\/azure.milexia.com\/fr\/wp-json\/wp\/v2\/types\/page"}],"author":[{"embeddable":true,"href":"https:\/\/azure.milexia.com\/fr\/wp-json\/wp\/v2\/users\/5"}],"replies":[{"embeddable":true,"href":"https:\/\/azure.milexia.com\/fr\/wp-json\/wp\/v2\/comments?post=859"}],"version-history":[{"count":0,"href":"https:\/\/azure.milexia.com\/fr\/wp-json\/wp\/v2\/pages\/859\/revisions"}],"wp:featuredmedia":[{"embeddable":true,"href":"https:\/\/azure.milexia.com\/fr\/wp-json\/wp\/v2\/media\/14964"}],"wp:attachment":[{"href":"https:\/\/azure.milexia.com\/fr\/wp-json\/wp\/v2\/media?parent=859"}],"curies":[{"name":"wp","href":"https:\/\/api.w.org\/{rel}","templated":true}]}}