{"id":857,"date":"2022-08-23T10:15:12","date_gmt":"2022-08-23T09:15:12","guid":{"rendered":"https:\/\/milexia.com.marcom-test.net\/fr\/?page_id=857"},"modified":"2026-01-28T13:55:31","modified_gmt":"2026-01-28T12:55:31","slug":"certification-qualite","status":"publish","type":"page","link":"https:\/\/azure.milexia.com\/fr\/a-propos-de\/certification-qualite\/","title":{"rendered":"Certification &#038; Qualit\u00e9"},"content":{"rendered":"<h2>Nous d\u00e9montrons constamment notre capacit\u00e9 \u00e0 produire, fournir et d\u00e9livrer des produits &amp; services \u00a0en ad\u00e9quation avec les normes, r\u00e8glementations, certifications et exigences de nos clients.<\/h2>\n<p>Gr\u00e2ce \u00e0 notre engagement en faveur de la transparence commerciale, nous avons obtenu la certification Trace (norme anti-corruption internationalement reconnue).<\/p>\n<img loading=\"lazy\" decoding=\"async\" class=\"size-full wp-image-18530 alignright\" style=\"font-family: 'Avenir Next'; font-size: 19px;\" src=\"https:\/\/azure.milexia.com\/uk\/wp-content\/uploads\/sites\/3\/2023\/01\/TRACE-Logo.png\" alt=\"TRACE\" width=\"120\" height=\"120\" \/>\n","protected":false},"excerpt":{"rendered":"<p>Nous d\u00e9montrons constamment notre capacit\u00e9 \u00e0 produire, fournir et d\u00e9livrer des produits &amp; services \u00a0en ad\u00e9quation avec les normes, r\u00e8glementations, certifications et exigences de nos clients. Gr\u00e2ce \u00e0 notre engagement en faveur de la transparence commerciale, nous avons obtenu la certification Trace (norme anti-corruption internationalement reconnue).<\/p>\n","protected":false},"author":5,"featured_media":499,"parent":853,"menu_order":16,"comment_status":"closed","ping_status":"closed","template":"page-templates\/page-home-r.php","meta":{"_acf_changed":false,"footnotes":""},"class_list":["post-857","page","type-page","status-publish","has-post-thumbnail","hentry"],"acf":[],"yoast_head":"<!-- This site is optimized with the Yoast SEO Premium plugin v24.6 (Yoast SEO v27.2) - https:\/\/yoast.com\/product\/yoast-seo-premium-wordpress\/ -->\n<title>Certification &amp; Qualit\u00e9 | Milexia France<\/title>\n<meta name=\"description\" content=\"Milexia France est fi\u00e8re de maintenir les plus hautes normes de qualit\u00e9, de s\u00e9curit\u00e9, de durabilit\u00e9, d&#039;efficacit\u00e9 et de service client\" \/>\n<meta name=\"robots\" content=\"noindex, follow, max-snippet:-1, max-image-preview:large, max-video-preview:-1\" \/>\n<meta property=\"og:locale\" content=\"en_GB\" \/>\n<meta property=\"og:type\" content=\"article\" \/>\n<meta property=\"og:title\" content=\"Certification &amp; Qualit\u00e9\" \/>\n<meta property=\"og:description\" content=\"Milexia France est fi\u00e8re de maintenir les plus hautes normes de qualit\u00e9, de s\u00e9curit\u00e9, de durabilit\u00e9, d&#039;efficacit\u00e9 et de service client\" \/>\n<meta property=\"og:url\" content=\"https:\/\/azure.milexia.com\/fr\/a-propos-de\/certification-qualite\/\" \/>\n<meta property=\"og:site_name\" content=\"Milexia France\" \/>\n<meta property=\"article:modified_time\" content=\"2026-01-28T12:55:31+00:00\" \/>\n<meta property=\"og:image\" content=\"https:\/\/azure.milexia.com\/wp-content\/uploads\/sites\/2\/2022\/05\/featured-background-about-milexia-scaled.jpg\" \/>\n\t<meta property=\"og:image:width\" content=\"2560\" \/>\n\t<meta property=\"og:image:height\" content=\"955\" \/>\n\t<meta property=\"og:image:type\" content=\"image\/jpeg\" \/>\n<meta name=\"twitter:card\" content=\"summary_large_image\" \/>\n<meta name=\"twitter:label1\" content=\"Estimated reading time\" \/>\n\t<meta name=\"twitter:data1\" content=\"2 minutes\" \/>\n<script type=\"application\/ld+json\" class=\"yoast-schema-graph\">{\"@context\":\"https:\/\/schema.org\",\"@graph\":[{\"@type\":\"WebPage\",\"@id\":\"https:\/\/azure.milexia.com\/fr\/a-propos-de\/certification-qualite\/\",\"url\":\"https:\/\/azure.milexia.com\/fr\/a-propos-de\/certification-qualite\/\",\"name\":\"Certification & Qualit\u00e9 | Milexia France\",\"isPartOf\":{\"@id\":\"https:\/\/azure.milexia.com\/fr\/#website\"},\"primaryImageOfPage\":{\"@id\":\"https:\/\/azure.milexia.com\/fr\/a-propos-de\/certification-qualite\/#primaryimage\"},\"image\":{\"@id\":\"https:\/\/azure.milexia.com\/fr\/a-propos-de\/certification-qualite\/#primaryimage\"},\"thumbnailUrl\":\"\/wp-content\/uploads\/sites\/2\/2022\/05\/featured-background-about-milexia-scaled.jpg\",\"datePublished\":\"2022-08-23T09:15:12+00:00\",\"dateModified\":\"2026-01-28T12:55:31+00:00\",\"description\":\"Milexia France est fi\u00e8re de maintenir les plus hautes normes de qualit\u00e9, de s\u00e9curit\u00e9, de durabilit\u00e9, d'efficacit\u00e9 et de service client\",\"breadcrumb\":{\"@id\":\"https:\/\/azure.milexia.com\/fr\/a-propos-de\/certification-qualite\/#breadcrumb\"},\"inLanguage\":\"en-GB\",\"potentialAction\":[{\"@type\":\"ReadAction\",\"target\":[\"https:\/\/azure.milexia.com\/fr\/a-propos-de\/certification-qualite\/\"]}]},{\"@type\":\"ImageObject\",\"inLanguage\":\"en-GB\",\"@id\":\"https:\/\/azure.milexia.com\/fr\/a-propos-de\/certification-qualite\/#primaryimage\",\"url\":\"\/wp-content\/uploads\/sites\/2\/2022\/05\/featured-background-about-milexia-scaled.jpg\",\"contentUrl\":\"\/wp-content\/uploads\/sites\/2\/2022\/05\/featured-background-about-milexia-scaled.jpg\",\"width\":2560,\"height\":955},{\"@type\":\"BreadcrumbList\",\"@id\":\"https:\/\/azure.milexia.com\/fr\/a-propos-de\/certification-qualite\/#breadcrumb\",\"itemListElement\":[{\"@type\":\"ListItem\",\"position\":1,\"name\":\"Home\",\"item\":\"https:\/\/azure.milexia.com\/fr\/\"},{\"@type\":\"ListItem\",\"position\":2,\"name\":\"\u00c0 propos de Milexia\u00a0France\",\"item\":\"https:\/\/azure.milexia.com\/fr\/a-propos-de\/\"},{\"@type\":\"ListItem\",\"position\":3,\"name\":\"Certification &#038; Qualit\u00e9\"}]},{\"@type\":\"WebSite\",\"@id\":\"https:\/\/azure.milexia.com\/fr\/#website\",\"url\":\"https:\/\/azure.milexia.com\/fr\/\",\"name\":\"Milexia France\",\"description\":\"Faciliter l\u2019acc\u00e8s \u00e0 la technologie\",\"potentialAction\":[{\"@type\":\"SearchAction\",\"target\":{\"@type\":\"EntryPoint\",\"urlTemplate\":\"https:\/\/azure.milexia.com\/fr\/?s={search_term_string}\"},\"query-input\":{\"@type\":\"PropertyValueSpecification\",\"valueRequired\":true,\"valueName\":\"search_term_string\"}}],\"inLanguage\":\"en-GB\"}]}<\/script>\n<!-- \/ Yoast SEO Premium plugin. -->","yoast_head_json":{"title":"Certification & Qualit\u00e9 | Milexia France","description":"Milexia France est fi\u00e8re de maintenir les plus hautes normes de qualit\u00e9, de s\u00e9curit\u00e9, de durabilit\u00e9, d'efficacit\u00e9 et de service client","robots":{"index":"noindex","follow":"follow","max-snippet":"max-snippet:-1","max-image-preview":"max-image-preview:large","max-video-preview":"max-video-preview:-1"},"og_locale":"en_GB","og_type":"article","og_title":"Certification & Qualit\u00e9","og_description":"Milexia France est fi\u00e8re de maintenir les plus hautes normes de qualit\u00e9, de s\u00e9curit\u00e9, de durabilit\u00e9, d'efficacit\u00e9 et de service client","og_url":"https:\/\/azure.milexia.com\/fr\/a-propos-de\/certification-qualite\/","og_site_name":"Milexia France","article_modified_time":"2026-01-28T12:55:31+00:00","og_image":[{"width":2560,"height":955,"url":"https:\/\/azure.milexia.com\/wp-content\/uploads\/sites\/2\/2022\/05\/featured-background-about-milexia-scaled.jpg","type":"image\/jpeg"}],"twitter_card":"summary_large_image","twitter_misc":{"Estimated reading time":"2 minutes"},"schema":{"@context":"https:\/\/schema.org","@graph":[{"@type":"WebPage","@id":"https:\/\/azure.milexia.com\/fr\/a-propos-de\/certification-qualite\/","url":"https:\/\/azure.milexia.com\/fr\/a-propos-de\/certification-qualite\/","name":"Certification & Qualit\u00e9 | Milexia France","isPartOf":{"@id":"https:\/\/azure.milexia.com\/fr\/#website"},"primaryImageOfPage":{"@id":"https:\/\/azure.milexia.com\/fr\/a-propos-de\/certification-qualite\/#primaryimage"},"image":{"@id":"https:\/\/azure.milexia.com\/fr\/a-propos-de\/certification-qualite\/#primaryimage"},"thumbnailUrl":"\/wp-content\/uploads\/sites\/2\/2022\/05\/featured-background-about-milexia-scaled.jpg","datePublished":"2022-08-23T09:15:12+00:00","dateModified":"2026-01-28T12:55:31+00:00","description":"Milexia France est fi\u00e8re de maintenir les plus hautes normes de qualit\u00e9, de s\u00e9curit\u00e9, de durabilit\u00e9, d'efficacit\u00e9 et de service client","breadcrumb":{"@id":"https:\/\/azure.milexia.com\/fr\/a-propos-de\/certification-qualite\/#breadcrumb"},"inLanguage":"en-GB","potentialAction":[{"@type":"ReadAction","target":["https:\/\/azure.milexia.com\/fr\/a-propos-de\/certification-qualite\/"]}]},{"@type":"ImageObject","inLanguage":"en-GB","@id":"https:\/\/azure.milexia.com\/fr\/a-propos-de\/certification-qualite\/#primaryimage","url":"\/wp-content\/uploads\/sites\/2\/2022\/05\/featured-background-about-milexia-scaled.jpg","contentUrl":"\/wp-content\/uploads\/sites\/2\/2022\/05\/featured-background-about-milexia-scaled.jpg","width":2560,"height":955},{"@type":"BreadcrumbList","@id":"https:\/\/azure.milexia.com\/fr\/a-propos-de\/certification-qualite\/#breadcrumb","itemListElement":[{"@type":"ListItem","position":1,"name":"Home","item":"https:\/\/azure.milexia.com\/fr\/"},{"@type":"ListItem","position":2,"name":"\u00c0 propos de Milexia\u00a0France","item":"https:\/\/azure.milexia.com\/fr\/a-propos-de\/"},{"@type":"ListItem","position":3,"name":"Certification &#038; Qualit\u00e9"}]},{"@type":"WebSite","@id":"https:\/\/azure.milexia.com\/fr\/#website","url":"https:\/\/azure.milexia.com\/fr\/","name":"Milexia France","description":"Faciliter l\u2019acc\u00e8s \u00e0 la technologie","potentialAction":[{"@type":"SearchAction","target":{"@type":"EntryPoint","urlTemplate":"https:\/\/azure.milexia.com\/fr\/?s={search_term_string}"},"query-input":{"@type":"PropertyValueSpecification","valueRequired":true,"valueName":"search_term_string"}}],"inLanguage":"en-GB"}]}},"lang":"fr","translations":{"fr":857,"en":40},"pll_sync_post":[],"_links":{"self":[{"href":"https:\/\/azure.milexia.com\/fr\/wp-json\/wp\/v2\/pages\/857","targetHints":{"allow":["GET"]}}],"collection":[{"href":"https:\/\/azure.milexia.com\/fr\/wp-json\/wp\/v2\/pages"}],"about":[{"href":"https:\/\/azure.milexia.com\/fr\/wp-json\/wp\/v2\/types\/page"}],"author":[{"embeddable":true,"href":"https:\/\/azure.milexia.com\/fr\/wp-json\/wp\/v2\/users\/5"}],"replies":[{"embeddable":true,"href":"https:\/\/azure.milexia.com\/fr\/wp-json\/wp\/v2\/comments?post=857"}],"version-history":[{"count":1,"href":"https:\/\/azure.milexia.com\/fr\/wp-json\/wp\/v2\/pages\/857\/revisions"}],"predecessor-version":[{"id":46726,"href":"https:\/\/azure.milexia.com\/fr\/wp-json\/wp\/v2\/pages\/857\/revisions\/46726"}],"up":[{"embeddable":true,"href":"https:\/\/azure.milexia.com\/fr\/wp-json\/wp\/v2\/pages\/853"}],"wp:featuredmedia":[{"embeddable":true,"href":"https:\/\/azure.milexia.com\/fr\/wp-json\/wp\/v2\/media\/499"}],"wp:attachment":[{"href":"https:\/\/azure.milexia.com\/fr\/wp-json\/wp\/v2\/media?parent=857"}],"curies":[{"name":"wp","href":"https:\/\/api.w.org\/{rel}","templated":true}]}}