{"id":855,"date":"2022-08-23T10:14:43","date_gmt":"2022-08-23T09:14:43","guid":{"rendered":"https:\/\/milexia.com.marcom-test.net\/fr\/?page_id=855"},"modified":"2025-09-06T11:57:37","modified_gmt":"2025-09-06T09:57:37","slug":"carrieres","status":"publish","type":"page","link":"https:\/\/azure.milexia.com\/fr\/a-propos-de\/carrieres\/","title":{"rendered":"Carri\u00e8res en France"},"content":{"rendered":"<h2>D\u00e9couvrez d\u00e8s \u00e0 pr\u00e9sent <strong>les offres d\u2019emploi <\/strong>chez Milexia France<\/h2>\n<p>Pr\u00e9sents dans de nombreux secteurs, nous fournissons aux entreprises <strong>les produits id\u00e9als<\/strong> et <strong>des solutions sur mesure<\/strong> adapt\u00e9s \u00e0 leurs besoins technologiques. Vous trouverez ici toutes les offres d\u2019emploi pour lesquelles nous recrutons actuellement.<\/p>\n","protected":false},"excerpt":{"rendered":"<p>D\u00e9couvrez d\u00e8s \u00e0 pr\u00e9sent les offres d\u2019emploi chez Milexia France Pr\u00e9sents dans de nombreux secteurs, nous fournissons aux entreprises les produits id\u00e9als et des solutions sur mesure adapt\u00e9s \u00e0 leurs besoins technologiques. Vous trouverez ici toutes les offres d\u2019emploi pour lesquelles nous recrutons actuellement.<\/p>\n","protected":false},"author":5,"featured_media":14552,"parent":853,"menu_order":15,"comment_status":"closed","ping_status":"closed","template":"page-templates\/page-careers.php","meta":{"_acf_changed":false,"footnotes":""},"class_list":["post-855","page","type-page","status-publish","has-post-thumbnail","hentry"],"acf":[],"yoast_head":"<!-- This site is optimized with the Yoast SEO Premium plugin v24.6 (Yoast SEO v27.2) - https:\/\/yoast.com\/product\/yoast-seo-premium-wordpress\/ -->\n<title>Carri\u00e8res chez Milexia France<\/title>\n<meta name=\"description\" content=\"Talentueux, cr\u00e9atif et innovant ? Lancez votre carri\u00e8re et d\u00e9couvrez de nouvelles opportunit\u00e9s passionnantes en rejoignant notre \u00e9quipe chez Milexia France.\" \/>\n<meta name=\"robots\" content=\"noindex, follow, max-snippet:-1, max-image-preview:large, max-video-preview:-1\" \/>\n<meta property=\"og:locale\" content=\"en_GB\" \/>\n<meta property=\"og:type\" content=\"article\" \/>\n<meta property=\"og:title\" content=\"Carri\u00e8res en France\" \/>\n<meta property=\"og:description\" content=\"Talentueux, cr\u00e9atif et innovant ? Lancez votre carri\u00e8re et d\u00e9couvrez de nouvelles opportunit\u00e9s passionnantes en rejoignant notre \u00e9quipe chez Milexia France.\" \/>\n<meta property=\"og:url\" content=\"https:\/\/azure.milexia.com\/fr\/a-propos-de\/carrieres\/\" \/>\n<meta property=\"og:site_name\" content=\"Milexia France\" \/>\n<meta property=\"article:modified_time\" content=\"2025-09-06T09:57:37+00:00\" \/>\n<meta property=\"og:image\" content=\"https:\/\/azure.milexia.com\/wp-content\/uploads\/sites\/2\/2022\/09\/featured-background-careers-scaled.jpg\" \/>\n\t<meta property=\"og:image:width\" content=\"2560\" \/>\n\t<meta property=\"og:image:height\" content=\"955\" \/>\n\t<meta property=\"og:image:type\" content=\"image\/jpeg\" \/>\n<meta name=\"twitter:card\" content=\"summary_large_image\" \/>\n<meta name=\"twitter:label1\" content=\"Estimated reading time\" \/>\n\t<meta name=\"twitter:data1\" content=\"1 minute\" \/>\n<script type=\"application\/ld+json\" class=\"yoast-schema-graph\">{\"@context\":\"https:\/\/schema.org\",\"@graph\":[{\"@type\":\"WebPage\",\"@id\":\"https:\/\/azure.milexia.com\/fr\/a-propos-de\/carrieres\/\",\"url\":\"https:\/\/azure.milexia.com\/fr\/a-propos-de\/carrieres\/\",\"name\":\"Carri\u00e8res chez Milexia France\",\"isPartOf\":{\"@id\":\"https:\/\/azure.milexia.com\/fr\/#website\"},\"primaryImageOfPage\":{\"@id\":\"https:\/\/azure.milexia.com\/fr\/a-propos-de\/carrieres\/#primaryimage\"},\"image\":{\"@id\":\"https:\/\/azure.milexia.com\/fr\/a-propos-de\/carrieres\/#primaryimage\"},\"thumbnailUrl\":\"\/wp-content\/uploads\/sites\/2\/2022\/09\/featured-background-careers-scaled.jpg\",\"datePublished\":\"2022-08-23T09:14:43+00:00\",\"dateModified\":\"2025-09-06T09:57:37+00:00\",\"description\":\"Talentueux, cr\u00e9atif et innovant ? Lancez votre carri\u00e8re et d\u00e9couvrez de nouvelles opportunit\u00e9s passionnantes en rejoignant notre \u00e9quipe chez Milexia France.\",\"breadcrumb\":{\"@id\":\"https:\/\/azure.milexia.com\/fr\/a-propos-de\/carrieres\/#breadcrumb\"},\"inLanguage\":\"en-GB\",\"potentialAction\":[{\"@type\":\"ReadAction\",\"target\":[\"https:\/\/azure.milexia.com\/fr\/a-propos-de\/carrieres\/\"]}]},{\"@type\":\"ImageObject\",\"inLanguage\":\"en-GB\",\"@id\":\"https:\/\/azure.milexia.com\/fr\/a-propos-de\/carrieres\/#primaryimage\",\"url\":\"\/wp-content\/uploads\/sites\/2\/2022\/09\/featured-background-careers-scaled.jpg\",\"contentUrl\":\"\/wp-content\/uploads\/sites\/2\/2022\/09\/featured-background-careers-scaled.jpg\",\"width\":2560,\"height\":955,\"caption\":\"Careers at Milexia France\"},{\"@type\":\"BreadcrumbList\",\"@id\":\"https:\/\/azure.milexia.com\/fr\/a-propos-de\/carrieres\/#breadcrumb\",\"itemListElement\":[{\"@type\":\"ListItem\",\"position\":1,\"name\":\"Home\",\"item\":\"https:\/\/azure.milexia.com\/fr\/\"},{\"@type\":\"ListItem\",\"position\":2,\"name\":\"\u00c0 propos de Milexia\u00a0France\",\"item\":\"https:\/\/azure.milexia.com\/fr\/a-propos-de\/\"},{\"@type\":\"ListItem\",\"position\":3,\"name\":\"Carri\u00e8res en France\"}]},{\"@type\":\"WebSite\",\"@id\":\"https:\/\/azure.milexia.com\/fr\/#website\",\"url\":\"https:\/\/azure.milexia.com\/fr\/\",\"name\":\"Milexia France\",\"description\":\"Faciliter l\u2019acc\u00e8s \u00e0 la technologie\",\"potentialAction\":[{\"@type\":\"SearchAction\",\"target\":{\"@type\":\"EntryPoint\",\"urlTemplate\":\"https:\/\/azure.milexia.com\/fr\/?s={search_term_string}\"},\"query-input\":{\"@type\":\"PropertyValueSpecification\",\"valueRequired\":true,\"valueName\":\"search_term_string\"}}],\"inLanguage\":\"en-GB\"}]}<\/script>\n<!-- \/ Yoast SEO Premium plugin. -->","yoast_head_json":{"title":"Carri\u00e8res chez Milexia France","description":"Talentueux, cr\u00e9atif et innovant ? Lancez votre carri\u00e8re et d\u00e9couvrez de nouvelles opportunit\u00e9s passionnantes en rejoignant notre \u00e9quipe chez Milexia France.","robots":{"index":"noindex","follow":"follow","max-snippet":"max-snippet:-1","max-image-preview":"max-image-preview:large","max-video-preview":"max-video-preview:-1"},"og_locale":"en_GB","og_type":"article","og_title":"Carri\u00e8res en France","og_description":"Talentueux, cr\u00e9atif et innovant ? Lancez votre carri\u00e8re et d\u00e9couvrez de nouvelles opportunit\u00e9s passionnantes en rejoignant notre \u00e9quipe chez Milexia France.","og_url":"https:\/\/azure.milexia.com\/fr\/a-propos-de\/carrieres\/","og_site_name":"Milexia France","article_modified_time":"2025-09-06T09:57:37+00:00","og_image":[{"width":2560,"height":955,"url":"https:\/\/azure.milexia.com\/wp-content\/uploads\/sites\/2\/2022\/09\/featured-background-careers-scaled.jpg","type":"image\/jpeg"}],"twitter_card":"summary_large_image","twitter_misc":{"Estimated reading time":"1 minute"},"schema":{"@context":"https:\/\/schema.org","@graph":[{"@type":"WebPage","@id":"https:\/\/azure.milexia.com\/fr\/a-propos-de\/carrieres\/","url":"https:\/\/azure.milexia.com\/fr\/a-propos-de\/carrieres\/","name":"Carri\u00e8res chez Milexia France","isPartOf":{"@id":"https:\/\/azure.milexia.com\/fr\/#website"},"primaryImageOfPage":{"@id":"https:\/\/azure.milexia.com\/fr\/a-propos-de\/carrieres\/#primaryimage"},"image":{"@id":"https:\/\/azure.milexia.com\/fr\/a-propos-de\/carrieres\/#primaryimage"},"thumbnailUrl":"\/wp-content\/uploads\/sites\/2\/2022\/09\/featured-background-careers-scaled.jpg","datePublished":"2022-08-23T09:14:43+00:00","dateModified":"2025-09-06T09:57:37+00:00","description":"Talentueux, cr\u00e9atif et innovant ? Lancez votre carri\u00e8re et d\u00e9couvrez de nouvelles opportunit\u00e9s passionnantes en rejoignant notre \u00e9quipe chez Milexia France.","breadcrumb":{"@id":"https:\/\/azure.milexia.com\/fr\/a-propos-de\/carrieres\/#breadcrumb"},"inLanguage":"en-GB","potentialAction":[{"@type":"ReadAction","target":["https:\/\/azure.milexia.com\/fr\/a-propos-de\/carrieres\/"]}]},{"@type":"ImageObject","inLanguage":"en-GB","@id":"https:\/\/azure.milexia.com\/fr\/a-propos-de\/carrieres\/#primaryimage","url":"\/wp-content\/uploads\/sites\/2\/2022\/09\/featured-background-careers-scaled.jpg","contentUrl":"\/wp-content\/uploads\/sites\/2\/2022\/09\/featured-background-careers-scaled.jpg","width":2560,"height":955,"caption":"Careers at Milexia France"},{"@type":"BreadcrumbList","@id":"https:\/\/azure.milexia.com\/fr\/a-propos-de\/carrieres\/#breadcrumb","itemListElement":[{"@type":"ListItem","position":1,"name":"Home","item":"https:\/\/azure.milexia.com\/fr\/"},{"@type":"ListItem","position":2,"name":"\u00c0 propos de Milexia\u00a0France","item":"https:\/\/azure.milexia.com\/fr\/a-propos-de\/"},{"@type":"ListItem","position":3,"name":"Carri\u00e8res en France"}]},{"@type":"WebSite","@id":"https:\/\/azure.milexia.com\/fr\/#website","url":"https:\/\/azure.milexia.com\/fr\/","name":"Milexia France","description":"Faciliter l\u2019acc\u00e8s \u00e0 la technologie","potentialAction":[{"@type":"SearchAction","target":{"@type":"EntryPoint","urlTemplate":"https:\/\/azure.milexia.com\/fr\/?s={search_term_string}"},"query-input":{"@type":"PropertyValueSpecification","valueRequired":true,"valueName":"search_term_string"}}],"inLanguage":"en-GB"}]}},"lang":"fr","translations":{"fr":855,"en":35},"pll_sync_post":[],"_links":{"self":[{"href":"https:\/\/azure.milexia.com\/fr\/wp-json\/wp\/v2\/pages\/855","targetHints":{"allow":["GET"]}}],"collection":[{"href":"https:\/\/azure.milexia.com\/fr\/wp-json\/wp\/v2\/pages"}],"about":[{"href":"https:\/\/azure.milexia.com\/fr\/wp-json\/wp\/v2\/types\/page"}],"author":[{"embeddable":true,"href":"https:\/\/azure.milexia.com\/fr\/wp-json\/wp\/v2\/users\/5"}],"replies":[{"embeddable":true,"href":"https:\/\/azure.milexia.com\/fr\/wp-json\/wp\/v2\/comments?post=855"}],"version-history":[{"count":0,"href":"https:\/\/azure.milexia.com\/fr\/wp-json\/wp\/v2\/pages\/855\/revisions"}],"up":[{"embeddable":true,"href":"https:\/\/azure.milexia.com\/fr\/wp-json\/wp\/v2\/pages\/853"}],"wp:featuredmedia":[{"embeddable":true,"href":"https:\/\/azure.milexia.com\/fr\/wp-json\/wp\/v2\/media\/14552"}],"wp:attachment":[{"href":"https:\/\/azure.milexia.com\/fr\/wp-json\/wp\/v2\/media?parent=855"}],"curies":[{"name":"wp","href":"https:\/\/api.w.org\/{rel}","templated":true}]}}