{"id":14518,"date":"2022-08-31T07:09:43","date_gmt":"2022-08-31T05:09:43","guid":{"rendered":"https:\/\/milexia.com.marcom-test.net\/fr\/?page_id=14518"},"modified":"2023-07-07T13:28:20","modified_gmt":"2023-07-07T11:28:20","slug":"formulaire-de-retour","status":"publish","type":"page","link":"https:\/\/azure.milexia.com\/fr\/contacter\/formulaire-de-retour\/","title":{"rendered":"Formulaire de Retour"},"content":{"rendered":"<h3>Instrumentation Scientifique : Intervention sur site<\/h3>\n<p>Dans le cas d&#8217;un probl\u00e8me technique, remplissez le formulaire en s\u00e9lectionnant la BU concern\u00e9e, notre \u00e9quipe reviendra au plus vite vers vous. Ajoutez un maximum d&#8217;informations sur votre panne pour que nous puissions identifier au plus vite son origine<\/p>\n<h3>Informatique durcie : Autorisation retour de mat\u00e9riel (RMA)<\/h3>\n<p>Si vous rencontrez des probl\u00e8mes techniques sur vos \u00e9quipements informatiques (PC box, moniteurs, panels PC, tablettes, etc&#8230;) remplissez ce formulaire et s\u00e9lectionnant la BU appropri\u00e9e. Merci de bien vouloir retourner vos produits dans leur emballage original, correctement conditionn\u00e9s et emball\u00e9s en mentionnant le num\u00e9ro RMA \u00e0 cette adresse :<\/p>\n<p><strong>Milexia France<\/strong><br \/>\n<strong>Espace Technologique de Saint-Aubin, B\u00e2timent Mercury II, 91190 &#8211;\u00a0 Saint-Aubin<\/strong><\/p>\n<p>Vous devez obtenir impe\u0301rativement un nume\u0301ro de retour attribue\u0301 par le SAV, sans ce nume\u0301ro de retour RMA, le mate\u0301riel sera refuse\u0301 ou retourne\u0301 a\u0300 l\u2019expe\u0301diteur a\u0300 ses frais.<\/p>\n<h3>Que dois-je indiquer dans le formulaire de retour?<\/h3>\n<p>Comple\u0301ter soigneusement le formulaire (les champs annote\u0301s d\u2019un * sont obligatoires). Toutes informations errone\u0301es peuvent entrai\u0302ner un retard dans la proce\u0301dure.<br \/>\nVous recevrez automatiquement votre n\u00b0 de RMA. Attention pour chaque produit que vous nous retournez, vous devez demander un N\u00b0 de RMA.<\/p>\n<h3>Questions relatives a\u0300 la garantie de votre mate\u0301riel<\/h3>\n<p><strong>Dans le cas de mate\u0301riel sous garantie (attention il existe des exclusions voir nos CGV)<\/strong><\/p>\n<p>Nos techniciens proce\u0300dent a\u0300 la re\u0301paration et le mate\u0301riel vous est renvoye\u0301 a\u0300 nos frais.<\/p>\n<p><strong>Dans le cas de mate\u0301riel hors-garantie<\/strong><\/p>\n<p>Apre\u0300s expertise, un devis vous est adresse\u0301 (sous 8\/10jours hors pe\u0301riode de conge\u0301s). De\u0300s re\u0301ception de votre accord e\u0301crit, nos techniciens proce\u0300dent a\u0300 la re\u0301paration aux conditions du devis.<\/p>\n<p>Afin que nous traitions votre demande dans les plus brefs de\u0301lais, n\u2019oubliez pas de joindre les re\u0301fe\u0301rences de votre produit ou commande.<\/p>\n","protected":false},"excerpt":{"rendered":"<p>Instrumentation Scientifique : Intervention sur site Dans le cas d&#8217;un probl\u00e8me technique, remplissez le formulaire en s\u00e9lectionnant la BU concern\u00e9e, notre \u00e9quipe reviendra au plus vite vers vous. Ajoutez un maximum d&#8217;informations sur votre panne pour que nous puissions identifier au plus vite son origine Informatique durcie : Autorisation retour de mat\u00e9riel (RMA) Si vous [&hellip;]<\/p>\n","protected":false},"author":5,"featured_media":465,"parent":865,"menu_order":37,"comment_status":"closed","ping_status":"closed","template":"page-templates\/page-rma.php","meta":{"_acf_changed":false,"footnotes":""},"class_list":["post-14518","page","type-page","status-publish","has-post-thumbnail","hentry"],"acf":[],"yoast_head":"<!-- This site is optimized with the Yoast SEO Premium plugin v24.6 (Yoast SEO v27.2) - https:\/\/yoast.com\/product\/yoast-seo-premium-wordpress\/ -->\n<title>Interventions et Retours| Milexia France<\/title>\n<meta name=\"description\" content=\"Contactez notre service apr\u00e8s vente si vous avez besoin d&#039;une intervention ou si vous rencontrez un probl\u00e8me technique avec un produit.\" \/>\n<meta name=\"robots\" content=\"noindex, follow, max-snippet:-1, max-image-preview:large, max-video-preview:-1\" \/>\n<meta property=\"og:locale\" content=\"en_GB\" \/>\n<meta property=\"og:type\" content=\"article\" \/>\n<meta property=\"og:title\" content=\"Formulaire de Retour\" \/>\n<meta property=\"og:description\" content=\"Contactez notre service apr\u00e8s vente si vous avez besoin d&#039;une intervention ou si vous rencontrez un probl\u00e8me technique avec un produit.\" \/>\n<meta property=\"og:url\" content=\"https:\/\/azure.milexia.com\/fr\/contacter\/formulaire-de-retour\/\" \/>\n<meta property=\"og:site_name\" content=\"Milexia France\" \/>\n<meta property=\"article:modified_time\" content=\"2023-07-07T11:28:20+00:00\" \/>\n<meta property=\"og:image\" content=\"https:\/\/azure.milexia.com\/wp-content\/uploads\/sites\/2\/2022\/05\/featured-background-pattern-scaled.jpg\" \/>\n\t<meta property=\"og:image:width\" content=\"2560\" \/>\n\t<meta property=\"og:image:height\" content=\"955\" \/>\n\t<meta property=\"og:image:type\" content=\"image\/jpeg\" \/>\n<meta name=\"twitter:card\" content=\"summary_large_image\" \/>\n<meta name=\"twitter:label1\" content=\"Estimated reading time\" \/>\n\t<meta name=\"twitter:data1\" content=\"2 minutes\" \/>\n<script type=\"application\/ld+json\" class=\"yoast-schema-graph\">{\"@context\":\"https:\/\/schema.org\",\"@graph\":[{\"@type\":\"WebPage\",\"@id\":\"https:\/\/azure.milexia.com\/fr\/contacter\/formulaire-de-retour\/\",\"url\":\"https:\/\/azure.milexia.com\/fr\/contacter\/formulaire-de-retour\/\",\"name\":\"Interventions et Retours| Milexia France\",\"isPartOf\":{\"@id\":\"https:\/\/azure.milexia.com\/fr\/#website\"},\"primaryImageOfPage\":{\"@id\":\"https:\/\/azure.milexia.com\/fr\/contacter\/formulaire-de-retour\/#primaryimage\"},\"image\":{\"@id\":\"https:\/\/azure.milexia.com\/fr\/contacter\/formulaire-de-retour\/#primaryimage\"},\"thumbnailUrl\":\"\/wp-content\/uploads\/sites\/2\/2022\/05\/featured-background-pattern-scaled.jpg\",\"datePublished\":\"2022-08-31T05:09:43+00:00\",\"dateModified\":\"2023-07-07T11:28:20+00:00\",\"description\":\"Contactez notre service apr\u00e8s vente si vous avez besoin d'une intervention ou si vous rencontrez un probl\u00e8me technique avec un produit.\",\"breadcrumb\":{\"@id\":\"https:\/\/azure.milexia.com\/fr\/contacter\/formulaire-de-retour\/#breadcrumb\"},\"inLanguage\":\"en-GB\",\"potentialAction\":[{\"@type\":\"ReadAction\",\"target\":[\"https:\/\/azure.milexia.com\/fr\/contacter\/formulaire-de-retour\/\"]}]},{\"@type\":\"ImageObject\",\"inLanguage\":\"en-GB\",\"@id\":\"https:\/\/azure.milexia.com\/fr\/contacter\/formulaire-de-retour\/#primaryimage\",\"url\":\"\/wp-content\/uploads\/sites\/2\/2022\/05\/featured-background-pattern-scaled.jpg\",\"contentUrl\":\"\/wp-content\/uploads\/sites\/2\/2022\/05\/featured-background-pattern-scaled.jpg\",\"width\":2560,\"height\":955,\"caption\":\"Decorative Background News Header and Product Header\"},{\"@type\":\"BreadcrumbList\",\"@id\":\"https:\/\/azure.milexia.com\/fr\/contacter\/formulaire-de-retour\/#breadcrumb\",\"itemListElement\":[{\"@type\":\"ListItem\",\"position\":1,\"name\":\"Home\",\"item\":\"https:\/\/azure.milexia.com\/fr\/\"},{\"@type\":\"ListItem\",\"position\":2,\"name\":\"Contacter Milexia France\",\"item\":\"https:\/\/azure.milexia.com\/fr\/contacter\/\"},{\"@type\":\"ListItem\",\"position\":3,\"name\":\"Formulaire de Retour\"}]},{\"@type\":\"WebSite\",\"@id\":\"https:\/\/azure.milexia.com\/fr\/#website\",\"url\":\"https:\/\/azure.milexia.com\/fr\/\",\"name\":\"Milexia France\",\"description\":\"Faciliter l\u2019acc\u00e8s \u00e0 la technologie\",\"potentialAction\":[{\"@type\":\"SearchAction\",\"target\":{\"@type\":\"EntryPoint\",\"urlTemplate\":\"https:\/\/azure.milexia.com\/fr\/?s={search_term_string}\"},\"query-input\":{\"@type\":\"PropertyValueSpecification\",\"valueRequired\":true,\"valueName\":\"search_term_string\"}}],\"inLanguage\":\"en-GB\"}]}<\/script>\n<!-- \/ Yoast SEO Premium plugin. -->","yoast_head_json":{"title":"Interventions et Retours| Milexia France","description":"Contactez notre service apr\u00e8s vente si vous avez besoin d'une intervention ou si vous rencontrez un probl\u00e8me technique avec un produit.","robots":{"index":"noindex","follow":"follow","max-snippet":"max-snippet:-1","max-image-preview":"max-image-preview:large","max-video-preview":"max-video-preview:-1"},"og_locale":"en_GB","og_type":"article","og_title":"Formulaire de Retour","og_description":"Contactez notre service apr\u00e8s vente si vous avez besoin d'une intervention ou si vous rencontrez un probl\u00e8me technique avec un produit.","og_url":"https:\/\/azure.milexia.com\/fr\/contacter\/formulaire-de-retour\/","og_site_name":"Milexia France","article_modified_time":"2023-07-07T11:28:20+00:00","og_image":[{"width":2560,"height":955,"url":"https:\/\/azure.milexia.com\/wp-content\/uploads\/sites\/2\/2022\/05\/featured-background-pattern-scaled.jpg","type":"image\/jpeg"}],"twitter_card":"summary_large_image","twitter_misc":{"Estimated reading time":"2 minutes"},"schema":{"@context":"https:\/\/schema.org","@graph":[{"@type":"WebPage","@id":"https:\/\/azure.milexia.com\/fr\/contacter\/formulaire-de-retour\/","url":"https:\/\/azure.milexia.com\/fr\/contacter\/formulaire-de-retour\/","name":"Interventions et Retours| Milexia France","isPartOf":{"@id":"https:\/\/azure.milexia.com\/fr\/#website"},"primaryImageOfPage":{"@id":"https:\/\/azure.milexia.com\/fr\/contacter\/formulaire-de-retour\/#primaryimage"},"image":{"@id":"https:\/\/azure.milexia.com\/fr\/contacter\/formulaire-de-retour\/#primaryimage"},"thumbnailUrl":"\/wp-content\/uploads\/sites\/2\/2022\/05\/featured-background-pattern-scaled.jpg","datePublished":"2022-08-31T05:09:43+00:00","dateModified":"2023-07-07T11:28:20+00:00","description":"Contactez notre service apr\u00e8s vente si vous avez besoin d'une intervention ou si vous rencontrez un probl\u00e8me technique avec un produit.","breadcrumb":{"@id":"https:\/\/azure.milexia.com\/fr\/contacter\/formulaire-de-retour\/#breadcrumb"},"inLanguage":"en-GB","potentialAction":[{"@type":"ReadAction","target":["https:\/\/azure.milexia.com\/fr\/contacter\/formulaire-de-retour\/"]}]},{"@type":"ImageObject","inLanguage":"en-GB","@id":"https:\/\/azure.milexia.com\/fr\/contacter\/formulaire-de-retour\/#primaryimage","url":"\/wp-content\/uploads\/sites\/2\/2022\/05\/featured-background-pattern-scaled.jpg","contentUrl":"\/wp-content\/uploads\/sites\/2\/2022\/05\/featured-background-pattern-scaled.jpg","width":2560,"height":955,"caption":"Decorative Background News Header and Product Header"},{"@type":"BreadcrumbList","@id":"https:\/\/azure.milexia.com\/fr\/contacter\/formulaire-de-retour\/#breadcrumb","itemListElement":[{"@type":"ListItem","position":1,"name":"Home","item":"https:\/\/azure.milexia.com\/fr\/"},{"@type":"ListItem","position":2,"name":"Contacter Milexia France","item":"https:\/\/azure.milexia.com\/fr\/contacter\/"},{"@type":"ListItem","position":3,"name":"Formulaire de Retour"}]},{"@type":"WebSite","@id":"https:\/\/azure.milexia.com\/fr\/#website","url":"https:\/\/azure.milexia.com\/fr\/","name":"Milexia France","description":"Faciliter l\u2019acc\u00e8s \u00e0 la technologie","potentialAction":[{"@type":"SearchAction","target":{"@type":"EntryPoint","urlTemplate":"https:\/\/azure.milexia.com\/fr\/?s={search_term_string}"},"query-input":{"@type":"PropertyValueSpecification","valueRequired":true,"valueName":"search_term_string"}}],"inLanguage":"en-GB"}]}},"lang":"fr","translations":{"fr":14518,"en":14499},"pll_sync_post":[],"_links":{"self":[{"href":"https:\/\/azure.milexia.com\/fr\/wp-json\/wp\/v2\/pages\/14518","targetHints":{"allow":["GET"]}}],"collection":[{"href":"https:\/\/azure.milexia.com\/fr\/wp-json\/wp\/v2\/pages"}],"about":[{"href":"https:\/\/azure.milexia.com\/fr\/wp-json\/wp\/v2\/types\/page"}],"author":[{"embeddable":true,"href":"https:\/\/azure.milexia.com\/fr\/wp-json\/wp\/v2\/users\/5"}],"replies":[{"embeddable":true,"href":"https:\/\/azure.milexia.com\/fr\/wp-json\/wp\/v2\/comments?post=14518"}],"version-history":[{"count":0,"href":"https:\/\/azure.milexia.com\/fr\/wp-json\/wp\/v2\/pages\/14518\/revisions"}],"up":[{"embeddable":true,"href":"https:\/\/azure.milexia.com\/fr\/wp-json\/wp\/v2\/pages\/865"}],"wp:featuredmedia":[{"embeddable":true,"href":"https:\/\/azure.milexia.com\/fr\/wp-json\/wp\/v2\/media\/465"}],"wp:attachment":[{"href":"https:\/\/azure.milexia.com\/fr\/wp-json\/wp\/v2\/media?parent=14518"}],"curies":[{"name":"wp","href":"https:\/\/api.w.org\/{rel}","templated":true}]}}