{"id":1086,"date":"2022-08-26T15:01:20","date_gmt":"2022-08-26T14:01:20","guid":{"rendered":"https:\/\/milexia.com.marcom-test.net\/fr\/?page_id=1086"},"modified":"2026-01-23T16:20:36","modified_gmt":"2026-01-23T15:20:36","slug":"conception-et-production","status":"publish","type":"page","link":"https:\/\/azure.milexia.com\/fr\/conception-et-production\/","title":{"rendered":"Conception &amp; Production"},"content":{"rendered":"<h2>Adapt\u00e9 \u00e0 <strong>votre industrie<\/strong><\/h2>\n<p>Notre bureau d&#8217;\u00e9tude agile con\u00e7oit des solutions pour les industries les plus critiques. A notre actif, plus de <b>30 ann\u00e9es d&#8217;exp\u00e9rience<\/b> dans de nombreuses industries et environnements, \u00e0 d\u00e9livrer et innover dans notre \u00e9cosyst\u00e8me.<\/p>\n<img loading=\"lazy\" decoding=\"async\" class=\"alignnone size-full wp-image-14967\" src=\"https:\/\/azure.milexia.com\/fr\/wp-content\/uploads\/sites\/2\/2022\/10\/fr-conception-maintenance-diagram-L-fr-400.png\" alt=\"\" width=\"1325\" height=\"280\" srcset=\"\/wp-content\/uploads\/sites\/2\/2022\/10\/fr-conception-maintenance-diagram-L-fr-400.png 1325w, \/wp-content\/uploads\/sites\/2\/2022\/10\/fr-conception-maintenance-diagram-L-fr-400-300x63.png 300w, \/wp-content\/uploads\/sites\/2\/2022\/10\/fr-conception-maintenance-diagram-L-fr-400-1024x216.png 1024w, \/wp-content\/uploads\/sites\/2\/2022\/10\/fr-conception-maintenance-diagram-L-fr-400-768x162.png 768w\" sizes=\"auto, (max-width: 1325px) 100vw, 1325px\" \/>\n","protected":false},"excerpt":{"rendered":"<p>Adapt\u00e9 \u00e0 votre industrie Notre bureau d&#8217;\u00e9tude agile con\u00e7oit des solutions pour les industries les plus critiques. A notre actif, plus de 30 ann\u00e9es d&#8217;exp\u00e9rience dans de nombreuses industries et environnements, \u00e0 d\u00e9livrer et innover dans notre \u00e9cosyst\u00e8me.<\/p>\n","protected":false},"author":5,"featured_media":14617,"parent":0,"menu_order":18,"comment_status":"closed","ping_status":"closed","template":"page-templates\/page-home-r.php","meta":{"_acf_changed":false,"footnotes":""},"class_list":["post-1086","page","type-page","status-publish","has-post-thumbnail","hentry"],"acf":[],"yoast_head":"<!-- This site is optimized with the Yoast SEO Premium plugin v24.6 (Yoast SEO v27.2) - https:\/\/yoast.com\/product\/yoast-seo-premium-wordpress\/ -->\n<title>Conception &amp; Production | Milexia France<\/title>\n<meta name=\"description\" content=\"Des experts et un bureau d&#039;\u00e9tudes pour concevoir des solutions uniques et innovantes pour les industries critiques. Contactez-nous aujourd&#039;hui.\" \/>\n<meta name=\"robots\" content=\"noindex, follow, max-snippet:-1, max-image-preview:large, max-video-preview:-1\" \/>\n<meta property=\"og:locale\" content=\"en_GB\" \/>\n<meta property=\"og:type\" content=\"article\" \/>\n<meta property=\"og:title\" content=\"Conception &amp; Production\" \/>\n<meta property=\"og:description\" content=\"Des experts et un bureau d&#039;\u00e9tudes pour concevoir des solutions uniques et innovantes pour les industries critiques. Contactez-nous aujourd&#039;hui.\" \/>\n<meta property=\"og:url\" content=\"https:\/\/azure.milexia.com\/fr\/conception-et-production\/\" \/>\n<meta property=\"og:site_name\" content=\"Milexia France\" \/>\n<meta property=\"article:modified_time\" content=\"2026-01-23T15:20:36+00:00\" \/>\n<meta property=\"og:image\" content=\"https:\/\/azure.milexia.com\/wp-content\/uploads\/sites\/2\/2022\/09\/featured-background-industry-connectors-scaled.jpg\" \/>\n\t<meta property=\"og:image:width\" content=\"2560\" \/>\n\t<meta property=\"og:image:height\" content=\"955\" \/>\n\t<meta property=\"og:image:type\" content=\"image\/jpeg\" \/>\n<meta name=\"twitter:card\" content=\"summary_large_image\" \/>\n<meta name=\"twitter:label1\" content=\"Estimated reading time\" \/>\n\t<meta name=\"twitter:data1\" content=\"5 minutes\" \/>\n<script type=\"application\/ld+json\" class=\"yoast-schema-graph\">{\"@context\":\"https:\/\/schema.org\",\"@graph\":[{\"@type\":\"WebPage\",\"@id\":\"https:\/\/azure.milexia.com\/fr\/conception-et-production\/\",\"url\":\"https:\/\/azure.milexia.com\/fr\/conception-et-production\/\",\"name\":\"Conception &amp; Production | Milexia France\",\"isPartOf\":{\"@id\":\"https:\/\/azure.milexia.com\/fr\/#website\"},\"primaryImageOfPage\":{\"@id\":\"https:\/\/azure.milexia.com\/fr\/conception-et-production\/#primaryimage\"},\"image\":{\"@id\":\"https:\/\/azure.milexia.com\/fr\/conception-et-production\/#primaryimage\"},\"thumbnailUrl\":\"\/wp-content\/uploads\/sites\/2\/2022\/09\/featured-background-industry-connectors-scaled.jpg\",\"datePublished\":\"2022-08-26T14:01:20+00:00\",\"dateModified\":\"2026-01-23T15:20:36+00:00\",\"description\":\"Des experts et un bureau d'\u00e9tudes pour concevoir des solutions uniques et innovantes pour les industries critiques. Contactez-nous aujourd'hui.\",\"breadcrumb\":{\"@id\":\"https:\/\/azure.milexia.com\/fr\/conception-et-production\/#breadcrumb\"},\"inLanguage\":\"en-GB\",\"potentialAction\":[{\"@type\":\"ReadAction\",\"target\":[\"https:\/\/azure.milexia.com\/fr\/conception-et-production\/\"]}]},{\"@type\":\"ImageObject\",\"inLanguage\":\"en-GB\",\"@id\":\"https:\/\/azure.milexia.com\/fr\/conception-et-production\/#primaryimage\",\"url\":\"\/wp-content\/uploads\/sites\/2\/2022\/09\/featured-background-industry-connectors-scaled.jpg\",\"contentUrl\":\"\/wp-content\/uploads\/sites\/2\/2022\/09\/featured-background-industry-connectors-scaled.jpg\",\"width\":2560,\"height\":955},{\"@type\":\"BreadcrumbList\",\"@id\":\"https:\/\/azure.milexia.com\/fr\/conception-et-production\/#breadcrumb\",\"itemListElement\":[{\"@type\":\"ListItem\",\"position\":1,\"name\":\"Home\",\"item\":\"https:\/\/azure.milexia.com\/fr\/\"},{\"@type\":\"ListItem\",\"position\":2,\"name\":\"Conception &amp; Production\"}]},{\"@type\":\"WebSite\",\"@id\":\"https:\/\/azure.milexia.com\/fr\/#website\",\"url\":\"https:\/\/azure.milexia.com\/fr\/\",\"name\":\"Milexia France\",\"description\":\"Faciliter l\u2019acc\u00e8s \u00e0 la technologie\",\"potentialAction\":[{\"@type\":\"SearchAction\",\"target\":{\"@type\":\"EntryPoint\",\"urlTemplate\":\"https:\/\/azure.milexia.com\/fr\/?s={search_term_string}\"},\"query-input\":{\"@type\":\"PropertyValueSpecification\",\"valueRequired\":true,\"valueName\":\"search_term_string\"}}],\"inLanguage\":\"en-GB\"}]}<\/script>\n<!-- \/ Yoast SEO Premium plugin. -->","yoast_head_json":{"title":"Conception &amp; Production | Milexia France","description":"Des experts et un bureau d'\u00e9tudes pour concevoir des solutions uniques et innovantes pour les industries critiques. Contactez-nous aujourd'hui.","robots":{"index":"noindex","follow":"follow","max-snippet":"max-snippet:-1","max-image-preview":"max-image-preview:large","max-video-preview":"max-video-preview:-1"},"og_locale":"en_GB","og_type":"article","og_title":"Conception &amp; Production","og_description":"Des experts et un bureau d'\u00e9tudes pour concevoir des solutions uniques et innovantes pour les industries critiques. Contactez-nous aujourd'hui.","og_url":"https:\/\/azure.milexia.com\/fr\/conception-et-production\/","og_site_name":"Milexia France","article_modified_time":"2026-01-23T15:20:36+00:00","og_image":[{"width":2560,"height":955,"url":"https:\/\/azure.milexia.com\/wp-content\/uploads\/sites\/2\/2022\/09\/featured-background-industry-connectors-scaled.jpg","type":"image\/jpeg"}],"twitter_card":"summary_large_image","twitter_misc":{"Estimated reading time":"5 minutes"},"schema":{"@context":"https:\/\/schema.org","@graph":[{"@type":"WebPage","@id":"https:\/\/azure.milexia.com\/fr\/conception-et-production\/","url":"https:\/\/azure.milexia.com\/fr\/conception-et-production\/","name":"Conception &amp; Production | Milexia France","isPartOf":{"@id":"https:\/\/azure.milexia.com\/fr\/#website"},"primaryImageOfPage":{"@id":"https:\/\/azure.milexia.com\/fr\/conception-et-production\/#primaryimage"},"image":{"@id":"https:\/\/azure.milexia.com\/fr\/conception-et-production\/#primaryimage"},"thumbnailUrl":"\/wp-content\/uploads\/sites\/2\/2022\/09\/featured-background-industry-connectors-scaled.jpg","datePublished":"2022-08-26T14:01:20+00:00","dateModified":"2026-01-23T15:20:36+00:00","description":"Des experts et un bureau d'\u00e9tudes pour concevoir des solutions uniques et innovantes pour les industries critiques. Contactez-nous aujourd'hui.","breadcrumb":{"@id":"https:\/\/azure.milexia.com\/fr\/conception-et-production\/#breadcrumb"},"inLanguage":"en-GB","potentialAction":[{"@type":"ReadAction","target":["https:\/\/azure.milexia.com\/fr\/conception-et-production\/"]}]},{"@type":"ImageObject","inLanguage":"en-GB","@id":"https:\/\/azure.milexia.com\/fr\/conception-et-production\/#primaryimage","url":"\/wp-content\/uploads\/sites\/2\/2022\/09\/featured-background-industry-connectors-scaled.jpg","contentUrl":"\/wp-content\/uploads\/sites\/2\/2022\/09\/featured-background-industry-connectors-scaled.jpg","width":2560,"height":955},{"@type":"BreadcrumbList","@id":"https:\/\/azure.milexia.com\/fr\/conception-et-production\/#breadcrumb","itemListElement":[{"@type":"ListItem","position":1,"name":"Home","item":"https:\/\/azure.milexia.com\/fr\/"},{"@type":"ListItem","position":2,"name":"Conception &amp; Production"}]},{"@type":"WebSite","@id":"https:\/\/azure.milexia.com\/fr\/#website","url":"https:\/\/azure.milexia.com\/fr\/","name":"Milexia France","description":"Faciliter l\u2019acc\u00e8s \u00e0 la technologie","potentialAction":[{"@type":"SearchAction","target":{"@type":"EntryPoint","urlTemplate":"https:\/\/azure.milexia.com\/fr\/?s={search_term_string}"},"query-input":{"@type":"PropertyValueSpecification","valueRequired":true,"valueName":"search_term_string"}}],"inLanguage":"en-GB"}]}},"lang":"fr","translations":{"fr":1086,"en":1089},"pll_sync_post":[],"_links":{"self":[{"href":"https:\/\/azure.milexia.com\/fr\/wp-json\/wp\/v2\/pages\/1086","targetHints":{"allow":["GET"]}}],"collection":[{"href":"https:\/\/azure.milexia.com\/fr\/wp-json\/wp\/v2\/pages"}],"about":[{"href":"https:\/\/azure.milexia.com\/fr\/wp-json\/wp\/v2\/types\/page"}],"author":[{"embeddable":true,"href":"https:\/\/azure.milexia.com\/fr\/wp-json\/wp\/v2\/users\/5"}],"replies":[{"embeddable":true,"href":"https:\/\/azure.milexia.com\/fr\/wp-json\/wp\/v2\/comments?post=1086"}],"version-history":[{"count":0,"href":"https:\/\/azure.milexia.com\/fr\/wp-json\/wp\/v2\/pages\/1086\/revisions"}],"wp:featuredmedia":[{"embeddable":true,"href":"https:\/\/azure.milexia.com\/fr\/wp-json\/wp\/v2\/media\/14617"}],"wp:attachment":[{"href":"https:\/\/azure.milexia.com\/fr\/wp-json\/wp\/v2\/media?parent=1086"}],"curies":[{"name":"wp","href":"https:\/\/api.w.org\/{rel}","templated":true}]}}