{"id":1069,"date":"2022-08-26T15:54:32","date_gmt":"2022-08-26T14:54:32","guid":{"rendered":"https:\/\/milexia.com.marcom-test.net\/fr\/?page_id=1069"},"modified":"2023-07-07T13:28:12","modified_gmt":"2023-07-07T11:28:12","slug":"formation","status":"publish","type":"page","link":"https:\/\/azure.milexia.com\/fr\/formation\/","title":{"rendered":"Formation en France"},"content":{"rendered":"<h2>Chez Milexia, nos experts <b>d\u00e9livrent et transmettent<\/b> leur connaissances pour rendre votre \u00e9quipe enti\u00e8rement <b>op\u00e9rationnelle sur vos \u00e9quipements<\/b><\/h2>\n<h2><\/h2>\n<p>&nbsp;<\/p>\n","protected":false},"excerpt":{"rendered":"<p>Chez Milexia, nos experts d\u00e9livrent et transmettent leur connaissances pour rendre votre \u00e9quipe enti\u00e8rement op\u00e9rationnelle sur vos \u00e9quipements &nbsp;<\/p>\n","protected":false},"author":5,"featured_media":14440,"parent":0,"menu_order":19,"comment_status":"closed","ping_status":"closed","template":"page-templates\/page-home-r.php","meta":{"_acf_changed":false,"footnotes":""},"class_list":["post-1069","page","type-page","status-publish","has-post-thumbnail","hentry"],"acf":[],"yoast_head":"<!-- This site is optimized with the Yoast SEO Premium plugin v24.6 (Yoast SEO v27.2) - https:\/\/yoast.com\/product\/yoast-seo-premium-wordpress\/ -->\n<title>Formation | Milexia France<\/title>\n<meta name=\"description\" content=\"Choisissez entre un rafra\u00eechissement complet de vos connaissances, une expertise d\u00e9di\u00e9e \u00e0 une application, ou un cours sp\u00e9cifique sur votre \u00e9quipement.\" \/>\n<meta name=\"robots\" content=\"noindex, follow, max-snippet:-1, max-image-preview:large, max-video-preview:-1\" \/>\n<meta property=\"og:locale\" content=\"en_GB\" \/>\n<meta property=\"og:type\" content=\"article\" \/>\n<meta property=\"og:title\" content=\"Formation en France\" \/>\n<meta property=\"og:description\" content=\"Choisissez entre un rafra\u00eechissement complet de vos connaissances, une expertise d\u00e9di\u00e9e \u00e0 une application, ou un cours sp\u00e9cifique sur votre \u00e9quipement.\" \/>\n<meta property=\"og:url\" content=\"https:\/\/azure.milexia.com\/fr\/formation\/\" \/>\n<meta property=\"og:site_name\" content=\"Milexia France\" \/>\n<meta property=\"article:modified_time\" content=\"2023-07-07T11:28:12+00:00\" \/>\n<meta property=\"og:image\" content=\"https:\/\/azure.milexia.com\/wp-content\/uploads\/sites\/2\/2022\/08\/milexia-background-scientific-training-scaled.jpg\" \/>\n\t<meta property=\"og:image:width\" content=\"2560\" \/>\n\t<meta property=\"og:image:height\" content=\"955\" \/>\n\t<meta property=\"og:image:type\" content=\"image\/jpeg\" \/>\n<meta name=\"twitter:card\" content=\"summary_large_image\" \/>\n<meta name=\"twitter:label1\" content=\"Estimated reading time\" \/>\n\t<meta name=\"twitter:data1\" content=\"1 minute\" \/>\n<script type=\"application\/ld+json\" class=\"yoast-schema-graph\">{\"@context\":\"https:\/\/schema.org\",\"@graph\":[{\"@type\":\"WebPage\",\"@id\":\"https:\/\/azure.milexia.com\/fr\/formation\/\",\"url\":\"https:\/\/azure.milexia.com\/fr\/formation\/\",\"name\":\"Formation | Milexia France\",\"isPartOf\":{\"@id\":\"https:\/\/azure.milexia.com\/fr\/#website\"},\"primaryImageOfPage\":{\"@id\":\"https:\/\/azure.milexia.com\/fr\/formation\/#primaryimage\"},\"image\":{\"@id\":\"https:\/\/azure.milexia.com\/fr\/formation\/#primaryimage\"},\"thumbnailUrl\":\"\/wp-content\/uploads\/sites\/2\/2022\/08\/milexia-background-scientific-training-scaled.jpg\",\"datePublished\":\"2022-08-26T14:54:32+00:00\",\"dateModified\":\"2023-07-07T11:28:12+00:00\",\"description\":\"Choisissez entre un rafra\u00eechissement complet de vos connaissances, une expertise d\u00e9di\u00e9e \u00e0 une application, ou un cours sp\u00e9cifique sur votre \u00e9quipement.\",\"breadcrumb\":{\"@id\":\"https:\/\/azure.milexia.com\/fr\/formation\/#breadcrumb\"},\"inLanguage\":\"en-GB\",\"potentialAction\":[{\"@type\":\"ReadAction\",\"target\":[\"https:\/\/azure.milexia.com\/fr\/formation\/\"]}]},{\"@type\":\"ImageObject\",\"inLanguage\":\"en-GB\",\"@id\":\"https:\/\/azure.milexia.com\/fr\/formation\/#primaryimage\",\"url\":\"\/wp-content\/uploads\/sites\/2\/2022\/08\/milexia-background-scientific-training-scaled.jpg\",\"contentUrl\":\"\/wp-content\/uploads\/sites\/2\/2022\/08\/milexia-background-scientific-training-scaled.jpg\",\"width\":2560,\"height\":955,\"caption\":\"Scientific equipment training in France \u2013 Milexia\"},{\"@type\":\"BreadcrumbList\",\"@id\":\"https:\/\/azure.milexia.com\/fr\/formation\/#breadcrumb\",\"itemListElement\":[{\"@type\":\"ListItem\",\"position\":1,\"name\":\"Home\",\"item\":\"https:\/\/azure.milexia.com\/fr\/\"},{\"@type\":\"ListItem\",\"position\":2,\"name\":\"Formation en France\"}]},{\"@type\":\"WebSite\",\"@id\":\"https:\/\/azure.milexia.com\/fr\/#website\",\"url\":\"https:\/\/azure.milexia.com\/fr\/\",\"name\":\"Milexia France\",\"description\":\"Faciliter l\u2019acc\u00e8s \u00e0 la technologie\",\"potentialAction\":[{\"@type\":\"SearchAction\",\"target\":{\"@type\":\"EntryPoint\",\"urlTemplate\":\"https:\/\/azure.milexia.com\/fr\/?s={search_term_string}\"},\"query-input\":{\"@type\":\"PropertyValueSpecification\",\"valueRequired\":true,\"valueName\":\"search_term_string\"}}],\"inLanguage\":\"en-GB\"}]}<\/script>\n<!-- \/ Yoast SEO Premium plugin. -->","yoast_head_json":{"title":"Formation | Milexia France","description":"Choisissez entre un rafra\u00eechissement complet de vos connaissances, une expertise d\u00e9di\u00e9e \u00e0 une application, ou un cours sp\u00e9cifique sur votre \u00e9quipement.","robots":{"index":"noindex","follow":"follow","max-snippet":"max-snippet:-1","max-image-preview":"max-image-preview:large","max-video-preview":"max-video-preview:-1"},"og_locale":"en_GB","og_type":"article","og_title":"Formation en France","og_description":"Choisissez entre un rafra\u00eechissement complet de vos connaissances, une expertise d\u00e9di\u00e9e \u00e0 une application, ou un cours sp\u00e9cifique sur votre \u00e9quipement.","og_url":"https:\/\/azure.milexia.com\/fr\/formation\/","og_site_name":"Milexia France","article_modified_time":"2023-07-07T11:28:12+00:00","og_image":[{"width":2560,"height":955,"url":"https:\/\/azure.milexia.com\/wp-content\/uploads\/sites\/2\/2022\/08\/milexia-background-scientific-training-scaled.jpg","type":"image\/jpeg"}],"twitter_card":"summary_large_image","twitter_misc":{"Estimated reading time":"1 minute"},"schema":{"@context":"https:\/\/schema.org","@graph":[{"@type":"WebPage","@id":"https:\/\/azure.milexia.com\/fr\/formation\/","url":"https:\/\/azure.milexia.com\/fr\/formation\/","name":"Formation | Milexia France","isPartOf":{"@id":"https:\/\/azure.milexia.com\/fr\/#website"},"primaryImageOfPage":{"@id":"https:\/\/azure.milexia.com\/fr\/formation\/#primaryimage"},"image":{"@id":"https:\/\/azure.milexia.com\/fr\/formation\/#primaryimage"},"thumbnailUrl":"\/wp-content\/uploads\/sites\/2\/2022\/08\/milexia-background-scientific-training-scaled.jpg","datePublished":"2022-08-26T14:54:32+00:00","dateModified":"2023-07-07T11:28:12+00:00","description":"Choisissez entre un rafra\u00eechissement complet de vos connaissances, une expertise d\u00e9di\u00e9e \u00e0 une application, ou un cours sp\u00e9cifique sur votre \u00e9quipement.","breadcrumb":{"@id":"https:\/\/azure.milexia.com\/fr\/formation\/#breadcrumb"},"inLanguage":"en-GB","potentialAction":[{"@type":"ReadAction","target":["https:\/\/azure.milexia.com\/fr\/formation\/"]}]},{"@type":"ImageObject","inLanguage":"en-GB","@id":"https:\/\/azure.milexia.com\/fr\/formation\/#primaryimage","url":"\/wp-content\/uploads\/sites\/2\/2022\/08\/milexia-background-scientific-training-scaled.jpg","contentUrl":"\/wp-content\/uploads\/sites\/2\/2022\/08\/milexia-background-scientific-training-scaled.jpg","width":2560,"height":955,"caption":"Scientific equipment training in France \u2013 Milexia"},{"@type":"BreadcrumbList","@id":"https:\/\/azure.milexia.com\/fr\/formation\/#breadcrumb","itemListElement":[{"@type":"ListItem","position":1,"name":"Home","item":"https:\/\/azure.milexia.com\/fr\/"},{"@type":"ListItem","position":2,"name":"Formation en France"}]},{"@type":"WebSite","@id":"https:\/\/azure.milexia.com\/fr\/#website","url":"https:\/\/azure.milexia.com\/fr\/","name":"Milexia France","description":"Faciliter l\u2019acc\u00e8s \u00e0 la technologie","potentialAction":[{"@type":"SearchAction","target":{"@type":"EntryPoint","urlTemplate":"https:\/\/azure.milexia.com\/fr\/?s={search_term_string}"},"query-input":{"@type":"PropertyValueSpecification","valueRequired":true,"valueName":"search_term_string"}}],"inLanguage":"en-GB"}]}},"lang":"fr","translations":{"fr":1069,"en":1113},"pll_sync_post":[],"_links":{"self":[{"href":"https:\/\/azure.milexia.com\/fr\/wp-json\/wp\/v2\/pages\/1069","targetHints":{"allow":["GET"]}}],"collection":[{"href":"https:\/\/azure.milexia.com\/fr\/wp-json\/wp\/v2\/pages"}],"about":[{"href":"https:\/\/azure.milexia.com\/fr\/wp-json\/wp\/v2\/types\/page"}],"author":[{"embeddable":true,"href":"https:\/\/azure.milexia.com\/fr\/wp-json\/wp\/v2\/users\/5"}],"replies":[{"embeddable":true,"href":"https:\/\/azure.milexia.com\/fr\/wp-json\/wp\/v2\/comments?post=1069"}],"version-history":[{"count":0,"href":"https:\/\/azure.milexia.com\/fr\/wp-json\/wp\/v2\/pages\/1069\/revisions"}],"wp:featuredmedia":[{"embeddable":true,"href":"https:\/\/azure.milexia.com\/fr\/wp-json\/wp\/v2\/media\/14440"}],"wp:attachment":[{"href":"https:\/\/azure.milexia.com\/fr\/wp-json\/wp\/v2\/media?parent=1069"}],"curies":[{"name":"wp","href":"https:\/\/api.w.org\/{rel}","templated":true}]}}