{"id":816,"date":"2022-08-23T10:13:25","date_gmt":"2022-08-23T09:13:25","guid":{"rendered":"https:\/\/milexia.com.marcom-test.net\/es\/?page_id=816"},"modified":"2025-06-25T16:17:16","modified_gmt":"2025-06-25T14:17:16","slug":"acerca","status":"publish","type":"page","link":"https:\/\/azure.milexia.com\/es\/acerca\/","title":{"rendered":"Acerca de Milexia Ib\u00e9rica"},"content":{"rendered":"<h2><span data-sheets-value=\"{&quot;1&quot;:2,&quot;2&quot;:&quot;Descubra al distribuidor que entabla relaciones con usted \u2013nuestros clientes y socios\u2013 como prioridad, reconociendo que el valor real radica en su confianza en nosotros.&quot;}\" data-sheets-userformat=\"{&quot;2&quot;:15299,&quot;3&quot;:{&quot;1&quot;:0},&quot;4&quot;:{&quot;1&quot;:2,&quot;2&quot;:14281427},&quot;9&quot;:0,&quot;10&quot;:0,&quot;11&quot;:4,&quot;12&quot;:0,&quot;14&quot;:{&quot;1&quot;:2,&quot;2&quot;:0},&quot;15&quot;:&quot;Calibri, sans-serif&quot;,&quot;16&quot;:12}\">Descubra al distribuidor que entabla relaciones con usted \u2013 nuestros <strong>clientes<\/strong> y <strong>Partners <\/strong>\u2013 como prioridad, reconociendo que el valor real radica en su confianza en nosotros.<\/span><\/h2>\n<p><span data-sheets-value=\"{&quot;1&quot;:2,&quot;2&quot;:&quot;El grupo Milexia cuenta con oficinas en Reino Unido, Francia, Italia, Espa\u00f1a y Alemania.&quot;}\" data-sheets-userformat=\"{&quot;2&quot;:15299,&quot;3&quot;:{&quot;1&quot;:0},&quot;4&quot;:{&quot;1&quot;:2,&quot;2&quot;:14281427},&quot;9&quot;:0,&quot;10&quot;:0,&quot;11&quot;:4,&quot;12&quot;:0,&quot;14&quot;:{&quot;1&quot;:2,&quot;2&quot;:0},&quot;15&quot;:&quot;Calibri, sans-serif&quot;,&quot;16&quot;:12}\">El Grupo Milexia cuenta con oficinas en Reino Unido, Francia, Italia, Espa\u00f1a y Alemania.<\/span><\/p>\n","protected":false},"excerpt":{"rendered":"<p>Descubra al distribuidor que entabla relaciones con usted \u2013 nuestros clientes y Partners \u2013 como prioridad, reconociendo que el valor real radica en su confianza en nosotros. El Grupo Milexia cuenta con oficinas en Reino Unido, Francia, Italia, Espa\u00f1a y Alemania.<\/p>\n","protected":false},"author":5,"featured_media":541,"parent":0,"menu_order":6,"comment_status":"closed","ping_status":"closed","template":"page-templates\/page-home-r.php","meta":{"_acf_changed":false,"footnotes":""},"class_list":["post-816","page","type-page","status-publish","has-post-thumbnail","hentry"],"acf":[],"yoast_head":"<!-- This site is optimized with the Yoast SEO Premium plugin v24.6 (Yoast SEO v27.2) - https:\/\/yoast.com\/product\/yoast-seo-premium-wordpress\/ -->\n<title>Acerca de Milexia Ib\u00e9rica | Descubra qui\u00e9nes somos<\/title>\n<meta name=\"description\" content=\"Una empresa de tecnolog\u00eda que entabla relaciones con ustedes, nuestros\u00a0clientes y Partners, como prioridad. Tenga la confianza de que junto a nuestro equipo de expertos encontrar\u00e1 o dise\u00f1aremos su soluci\u00f3n.\" \/>\n<meta name=\"robots\" content=\"noindex, follow, max-snippet:-1, max-image-preview:large, max-video-preview:-1\" \/>\n<meta property=\"og:locale\" content=\"en_GB\" \/>\n<meta property=\"og:type\" content=\"article\" \/>\n<meta property=\"og:title\" content=\"Acerca de Milexia Ib\u00e9rica\" \/>\n<meta property=\"og:description\" content=\"Una empresa de tecnolog\u00eda que entabla relaciones con ustedes, nuestros\u00a0clientes y Partners, como prioridad. Tenga la confianza de que junto a nuestro equipo de expertos encontrar\u00e1 o dise\u00f1aremos su soluci\u00f3n.\" \/>\n<meta property=\"og:url\" content=\"https:\/\/azure.milexia.com\/es\/acerca\/\" \/>\n<meta property=\"og:site_name\" content=\"Milexia Ib\u00e9rica\" \/>\n<meta property=\"article:modified_time\" content=\"2025-06-25T14:17:16+00:00\" \/>\n<meta property=\"og:image\" content=\"https:\/\/azure.milexia.com\/wp-content\/uploads\/sites\/4\/2022\/07\/featured-background-about-milexia-scaled-1.jpg\" \/>\n\t<meta property=\"og:image:width\" content=\"2560\" \/>\n\t<meta property=\"og:image:height\" content=\"955\" \/>\n\t<meta property=\"og:image:type\" content=\"image\/jpeg\" \/>\n<meta name=\"twitter:card\" content=\"summary_large_image\" \/>\n<meta name=\"twitter:label1\" content=\"Estimated reading time\" \/>\n\t<meta name=\"twitter:data1\" content=\"1 minute\" \/>\n<script type=\"application\/ld+json\" class=\"yoast-schema-graph\">{\"@context\":\"https:\/\/schema.org\",\"@graph\":[{\"@type\":\"WebPage\",\"@id\":\"https:\/\/azure.milexia.com\/es\/acerca\/\",\"url\":\"https:\/\/azure.milexia.com\/es\/acerca\/\",\"name\":\"Acerca de Milexia Ib\u00e9rica | Descubra qui\u00e9nes somos\",\"isPartOf\":{\"@id\":\"https:\/\/azure.milexia.com\/es\/#website\"},\"primaryImageOfPage\":{\"@id\":\"https:\/\/azure.milexia.com\/es\/acerca\/#primaryimage\"},\"image\":{\"@id\":\"https:\/\/azure.milexia.com\/es\/acerca\/#primaryimage\"},\"thumbnailUrl\":\"\/wp-content\/uploads\/sites\/4\/2022\/07\/featured-background-about-milexia-scaled-1.jpg\",\"datePublished\":\"2022-08-23T09:13:25+00:00\",\"dateModified\":\"2025-06-25T14:17:16+00:00\",\"description\":\"Una empresa de tecnolog\u00eda que entabla relaciones con ustedes, nuestros\u00a0clientes y Partners, como prioridad. Tenga la confianza de que junto a nuestro equipo de expertos encontrar\u00e1 o dise\u00f1aremos su soluci\u00f3n.\",\"breadcrumb\":{\"@id\":\"https:\/\/azure.milexia.com\/es\/acerca\/#breadcrumb\"},\"inLanguage\":\"en-GB\",\"potentialAction\":[{\"@type\":\"ReadAction\",\"target\":[\"https:\/\/azure.milexia.com\/es\/acerca\/\"]}]},{\"@type\":\"ImageObject\",\"inLanguage\":\"en-GB\",\"@id\":\"https:\/\/azure.milexia.com\/es\/acerca\/#primaryimage\",\"url\":\"\/wp-content\/uploads\/sites\/4\/2022\/07\/featured-background-about-milexia-scaled-1.jpg\",\"contentUrl\":\"\/wp-content\/uploads\/sites\/4\/2022\/07\/featured-background-about-milexia-scaled-1.jpg\",\"width\":2560,\"height\":955},{\"@type\":\"BreadcrumbList\",\"@id\":\"https:\/\/azure.milexia.com\/es\/acerca\/#breadcrumb\",\"itemListElement\":[{\"@type\":\"ListItem\",\"position\":1,\"name\":\"Home\",\"item\":\"https:\/\/azure.milexia.com\/es\/\"},{\"@type\":\"ListItem\",\"position\":2,\"name\":\"Acerca de Milexia Ib\u00e9rica\"}]},{\"@type\":\"WebSite\",\"@id\":\"https:\/\/azure.milexia.com\/es\/#website\",\"url\":\"https:\/\/azure.milexia.com\/es\/\",\"name\":\"Milexia Ib\u00e9rica\",\"description\":\"Facilitando el acceso a la tecnolog\u00eda\",\"potentialAction\":[{\"@type\":\"SearchAction\",\"target\":{\"@type\":\"EntryPoint\",\"urlTemplate\":\"https:\/\/azure.milexia.com\/es\/?s={search_term_string}\"},\"query-input\":{\"@type\":\"PropertyValueSpecification\",\"valueRequired\":true,\"valueName\":\"search_term_string\"}}],\"inLanguage\":\"en-GB\"}]}<\/script>\n<!-- \/ Yoast SEO Premium plugin. -->","yoast_head_json":{"title":"Acerca de Milexia Ib\u00e9rica | Descubra qui\u00e9nes somos","description":"Una empresa de tecnolog\u00eda que entabla relaciones con ustedes, nuestros\u00a0clientes y Partners, como prioridad. Tenga la confianza de que junto a nuestro equipo de expertos encontrar\u00e1 o dise\u00f1aremos su soluci\u00f3n.","robots":{"index":"noindex","follow":"follow","max-snippet":"max-snippet:-1","max-image-preview":"max-image-preview:large","max-video-preview":"max-video-preview:-1"},"og_locale":"en_GB","og_type":"article","og_title":"Acerca de Milexia Ib\u00e9rica","og_description":"Una empresa de tecnolog\u00eda que entabla relaciones con ustedes, nuestros\u00a0clientes y Partners, como prioridad. Tenga la confianza de que junto a nuestro equipo de expertos encontrar\u00e1 o dise\u00f1aremos su soluci\u00f3n.","og_url":"https:\/\/azure.milexia.com\/es\/acerca\/","og_site_name":"Milexia Ib\u00e9rica","article_modified_time":"2025-06-25T14:17:16+00:00","og_image":[{"width":2560,"height":955,"url":"https:\/\/azure.milexia.com\/wp-content\/uploads\/sites\/4\/2022\/07\/featured-background-about-milexia-scaled-1.jpg","type":"image\/jpeg"}],"twitter_card":"summary_large_image","twitter_misc":{"Estimated reading time":"1 minute"},"schema":{"@context":"https:\/\/schema.org","@graph":[{"@type":"WebPage","@id":"https:\/\/azure.milexia.com\/es\/acerca\/","url":"https:\/\/azure.milexia.com\/es\/acerca\/","name":"Acerca de Milexia Ib\u00e9rica | Descubra qui\u00e9nes somos","isPartOf":{"@id":"https:\/\/azure.milexia.com\/es\/#website"},"primaryImageOfPage":{"@id":"https:\/\/azure.milexia.com\/es\/acerca\/#primaryimage"},"image":{"@id":"https:\/\/azure.milexia.com\/es\/acerca\/#primaryimage"},"thumbnailUrl":"\/wp-content\/uploads\/sites\/4\/2022\/07\/featured-background-about-milexia-scaled-1.jpg","datePublished":"2022-08-23T09:13:25+00:00","dateModified":"2025-06-25T14:17:16+00:00","description":"Una empresa de tecnolog\u00eda que entabla relaciones con ustedes, nuestros\u00a0clientes y Partners, como prioridad. Tenga la confianza de que junto a nuestro equipo de expertos encontrar\u00e1 o dise\u00f1aremos su soluci\u00f3n.","breadcrumb":{"@id":"https:\/\/azure.milexia.com\/es\/acerca\/#breadcrumb"},"inLanguage":"en-GB","potentialAction":[{"@type":"ReadAction","target":["https:\/\/azure.milexia.com\/es\/acerca\/"]}]},{"@type":"ImageObject","inLanguage":"en-GB","@id":"https:\/\/azure.milexia.com\/es\/acerca\/#primaryimage","url":"\/wp-content\/uploads\/sites\/4\/2022\/07\/featured-background-about-milexia-scaled-1.jpg","contentUrl":"\/wp-content\/uploads\/sites\/4\/2022\/07\/featured-background-about-milexia-scaled-1.jpg","width":2560,"height":955},{"@type":"BreadcrumbList","@id":"https:\/\/azure.milexia.com\/es\/acerca\/#breadcrumb","itemListElement":[{"@type":"ListItem","position":1,"name":"Home","item":"https:\/\/azure.milexia.com\/es\/"},{"@type":"ListItem","position":2,"name":"Acerca de Milexia Ib\u00e9rica"}]},{"@type":"WebSite","@id":"https:\/\/azure.milexia.com\/es\/#website","url":"https:\/\/azure.milexia.com\/es\/","name":"Milexia Ib\u00e9rica","description":"Facilitando el acceso a la tecnolog\u00eda","potentialAction":[{"@type":"SearchAction","target":{"@type":"EntryPoint","urlTemplate":"https:\/\/azure.milexia.com\/es\/?s={search_term_string}"},"query-input":{"@type":"PropertyValueSpecification","valueRequired":true,"valueName":"search_term_string"}}],"inLanguage":"en-GB"}]}},"lang":"es","translations":{"es":816,"en":9},"pll_sync_post":[],"_links":{"self":[{"href":"https:\/\/azure.milexia.com\/es\/wp-json\/wp\/v2\/pages\/816","targetHints":{"allow":["GET"]}}],"collection":[{"href":"https:\/\/azure.milexia.com\/es\/wp-json\/wp\/v2\/pages"}],"about":[{"href":"https:\/\/azure.milexia.com\/es\/wp-json\/wp\/v2\/types\/page"}],"author":[{"embeddable":true,"href":"https:\/\/azure.milexia.com\/es\/wp-json\/wp\/v2\/users\/5"}],"replies":[{"embeddable":true,"href":"https:\/\/azure.milexia.com\/es\/wp-json\/wp\/v2\/comments?post=816"}],"version-history":[{"count":0,"href":"https:\/\/azure.milexia.com\/es\/wp-json\/wp\/v2\/pages\/816\/revisions"}],"wp:featuredmedia":[{"embeddable":true,"href":"https:\/\/azure.milexia.com\/es\/wp-json\/wp\/v2\/media\/541"}],"wp:attachment":[{"href":"https:\/\/azure.milexia.com\/es\/wp-json\/wp\/v2\/media?parent=816"}],"curies":[{"name":"wp","href":"https:\/\/api.w.org\/{rel}","templated":true}]}}