{"id":813,"date":"2022-08-23T10:12:44","date_gmt":"2022-08-23T09:12:44","guid":{"rendered":"https:\/\/milexia.com.marcom-test.net\/es\/?page_id=813"},"modified":"2025-09-06T17:48:59","modified_gmt":"2025-09-06T15:48:59","slug":"socios","status":"publish","type":"page","link":"https:\/\/azure.milexia.com\/es\/acerca\/socios\/","title":{"rendered":"Partners en Espa\u00f1a"},"content":{"rendered":"<p><span data-sheets-value=\"{&quot;1&quot;:2,&quot;2&quot;:&quot;Contamos con un gran n\u00famero de socios empresariales en todas las regiones, especializados en varios productos y servicios. Estos enlaces nos han permitido controlar y mejorar nuestro rendimiento empresarial en los diversos sectores de mercado. Exploramos continuamente nuestras redes y tambi\u00e9n asistimos a una amplia gama de eventos de sectores.&quot;}\" data-sheets-userformat=\"{&quot;2&quot;:14847,&quot;3&quot;:{&quot;1&quot;:0,&quot;3&quot;:1},&quot;4&quot;:{&quot;1&quot;:2,&quot;2&quot;:16777215},&quot;5&quot;:{&quot;1&quot;:[{&quot;1&quot;:2,&quot;2&quot;:0,&quot;5&quot;:{&quot;1&quot;:2,&quot;2&quot;:0}},{&quot;1&quot;:0,&quot;2&quot;:0,&quot;3&quot;:3},{&quot;1&quot;:1,&quot;2&quot;:0,&quot;4&quot;:1}]},&quot;6&quot;:{&quot;1&quot;:[{&quot;1&quot;:2,&quot;2&quot;:0,&quot;5&quot;:{&quot;1&quot;:2,&quot;2&quot;:0}},{&quot;1&quot;:0,&quot;2&quot;:0,&quot;3&quot;:3},{&quot;1&quot;:1,&quot;2&quot;:0,&quot;4&quot;:1}]},&quot;7&quot;:{&quot;1&quot;:[{&quot;1&quot;:2,&quot;2&quot;:0,&quot;5&quot;:{&quot;1&quot;:2,&quot;2&quot;:0}},{&quot;1&quot;:0,&quot;2&quot;:0,&quot;3&quot;:3},{&quot;1&quot;:1,&quot;2&quot;:0,&quot;4&quot;:1}]},&quot;8&quot;:{&quot;1&quot;:[{&quot;1&quot;:2,&quot;2&quot;:0,&quot;5&quot;:{&quot;1&quot;:2,&quot;2&quot;:0}},{&quot;1&quot;:0,&quot;2&quot;:0,&quot;3&quot;:3},{&quot;1&quot;:1,&quot;2&quot;:0,&quot;4&quot;:1}]},&quot;9&quot;:0,&quot;10&quot;:0,&quot;11&quot;:4,&quot;14&quot;:{&quot;1&quot;:3,&quot;3&quot;:1},&quot;15&quot;:&quot;Calibri&quot;,&quot;16&quot;:11}\">Contamos con un gran n\u00famero de Partners especializados en varios productos y servicios en todas las regiones. <\/span><span data-sheets-value=\"{&quot;1&quot;:2,&quot;2&quot;:&quot;Contamos con un gran n\u00famero de socios empresariales en todas las regiones, especializados en varios productos y servicios. Estos enlaces nos han permitido controlar y mejorar nuestro rendimiento empresarial en los diversos sectores de mercado. Exploramos continuamente nuestras redes y tambi\u00e9n asistimos a una amplia gama de eventos de sectores.&quot;}\" data-sheets-userformat=\"{&quot;2&quot;:14847,&quot;3&quot;:{&quot;1&quot;:0,&quot;3&quot;:1},&quot;4&quot;:{&quot;1&quot;:2,&quot;2&quot;:16777215},&quot;5&quot;:{&quot;1&quot;:[{&quot;1&quot;:2,&quot;2&quot;:0,&quot;5&quot;:{&quot;1&quot;:2,&quot;2&quot;:0}},{&quot;1&quot;:0,&quot;2&quot;:0,&quot;3&quot;:3},{&quot;1&quot;:1,&quot;2&quot;:0,&quot;4&quot;:1}]},&quot;6&quot;:{&quot;1&quot;:[{&quot;1&quot;:2,&quot;2&quot;:0,&quot;5&quot;:{&quot;1&quot;:2,&quot;2&quot;:0}},{&quot;1&quot;:0,&quot;2&quot;:0,&quot;3&quot;:3},{&quot;1&quot;:1,&quot;2&quot;:0,&quot;4&quot;:1}]},&quot;7&quot;:{&quot;1&quot;:[{&quot;1&quot;:2,&quot;2&quot;:0,&quot;5&quot;:{&quot;1&quot;:2,&quot;2&quot;:0}},{&quot;1&quot;:0,&quot;2&quot;:0,&quot;3&quot;:3},{&quot;1&quot;:1,&quot;2&quot;:0,&quot;4&quot;:1}]},&quot;8&quot;:{&quot;1&quot;:[{&quot;1&quot;:2,&quot;2&quot;:0,&quot;5&quot;:{&quot;1&quot;:2,&quot;2&quot;:0}},{&quot;1&quot;:0,&quot;2&quot;:0,&quot;3&quot;:3},{&quot;1&quot;:1,&quot;2&quot;:0,&quot;4&quot;:1}]},&quot;9&quot;:0,&quot;10&quot;:0,&quot;11&quot;:4,&quot;14&quot;:{&quot;1&quot;:3,&quot;3&quot;:1},&quot;15&quot;:&quot;Calibri&quot;,&quot;16&quot;:11}\">Estos enlaces nos han permitido controlar y mejorar nuestro rendimiento empresarial en los diversos sectores de mercado. Exploramos continuamente nuestras redes y tambi\u00e9n asistimos a una amplia gama de eventos de sectores.<\/span><\/p>\n","protected":false},"excerpt":{"rendered":"<p>Contamos con un gran n\u00famero de Partners especializados en varios productos y servicios en todas las regiones. Estos enlaces nos han permitido controlar y mejorar nuestro rendimiento empresarial en los diversos sectores de mercado. Exploramos continuamente nuestras redes y tambi\u00e9n asistimos a una amplia gama de eventos de sectores.<\/p>\n","protected":false},"author":5,"featured_media":764,"parent":816,"menu_order":8,"comment_status":"closed","ping_status":"closed","template":"page-templates\/page-partners.php","meta":{"_acf_changed":false,"footnotes":""},"class_list":["post-813","page","type-page","status-publish","has-post-thumbnail","hentry"],"acf":[],"yoast_head":"<!-- This site is optimized with the Yoast SEO Premium plugin v24.6 (Yoast SEO v27.2) - https:\/\/yoast.com\/product\/yoast-seo-premium-wordpress\/ -->\n<title>Nuestros Partners | Milexia Ib\u00e9rica<\/title>\n<meta name=\"description\" content=\"Obtenga la mejor soluci\u00f3n tecnol\u00f3gica gracias a nuestras s\u00f3lidas y duraderas relaciones con una cuidada selecci\u00f3n de proveedores l\u00edderes en su sector.\" \/>\n<meta name=\"robots\" content=\"noindex, follow, max-snippet:-1, max-image-preview:large, max-video-preview:-1\" \/>\n<meta property=\"og:locale\" content=\"en_GB\" \/>\n<meta property=\"og:type\" content=\"article\" \/>\n<meta property=\"og:title\" content=\"Partners en Espa\u00f1a\" \/>\n<meta property=\"og:description\" content=\"Obtenga la mejor soluci\u00f3n tecnol\u00f3gica gracias a nuestras s\u00f3lidas y duraderas relaciones con una cuidada selecci\u00f3n de proveedores l\u00edderes en su sector.\" \/>\n<meta property=\"og:url\" content=\"https:\/\/azure.milexia.com\/es\/acerca\/socios\/\" \/>\n<meta property=\"og:site_name\" content=\"Milexia Ib\u00e9rica\" \/>\n<meta property=\"article:modified_time\" content=\"2025-09-06T15:48:59+00:00\" \/>\n<meta property=\"og:image\" content=\"https:\/\/azure.milexia.com\/wp-content\/uploads\/sites\/4\/2022\/08\/featured-background-contact-scaled-1.jpg\" \/>\n\t<meta property=\"og:image:width\" content=\"2560\" \/>\n\t<meta property=\"og:image:height\" content=\"955\" \/>\n\t<meta property=\"og:image:type\" content=\"image\/jpeg\" \/>\n<meta name=\"twitter:card\" content=\"summary_large_image\" \/>\n<meta name=\"twitter:label1\" content=\"Estimated reading time\" \/>\n\t<meta name=\"twitter:data1\" content=\"1 minute\" \/>\n<script type=\"application\/ld+json\" class=\"yoast-schema-graph\">{\"@context\":\"https:\/\/schema.org\",\"@graph\":[{\"@type\":\"WebPage\",\"@id\":\"https:\/\/azure.milexia.com\/es\/acerca\/socios\/\",\"url\":\"https:\/\/azure.milexia.com\/es\/acerca\/socios\/\",\"name\":\"Nuestros Partners | Milexia Ib\u00e9rica\",\"isPartOf\":{\"@id\":\"https:\/\/azure.milexia.com\/es\/#website\"},\"primaryImageOfPage\":{\"@id\":\"https:\/\/azure.milexia.com\/es\/acerca\/socios\/#primaryimage\"},\"image\":{\"@id\":\"https:\/\/azure.milexia.com\/es\/acerca\/socios\/#primaryimage\"},\"thumbnailUrl\":\"\/wp-content\/uploads\/sites\/4\/2022\/08\/featured-background-contact-scaled-1.jpg\",\"datePublished\":\"2022-08-23T09:12:44+00:00\",\"dateModified\":\"2025-09-06T15:48:59+00:00\",\"description\":\"Obtenga la mejor soluci\u00f3n tecnol\u00f3gica gracias a nuestras s\u00f3lidas y duraderas relaciones con una cuidada selecci\u00f3n de proveedores l\u00edderes en su sector.\",\"breadcrumb\":{\"@id\":\"https:\/\/azure.milexia.com\/es\/acerca\/socios\/#breadcrumb\"},\"inLanguage\":\"en-GB\",\"potentialAction\":[{\"@type\":\"ReadAction\",\"target\":[\"https:\/\/azure.milexia.com\/es\/acerca\/socios\/\"]}]},{\"@type\":\"ImageObject\",\"inLanguage\":\"en-GB\",\"@id\":\"https:\/\/azure.milexia.com\/es\/acerca\/socios\/#primaryimage\",\"url\":\"\/wp-content\/uploads\/sites\/4\/2022\/08\/featured-background-contact-scaled-1.jpg\",\"contentUrl\":\"\/wp-content\/uploads\/sites\/4\/2022\/08\/featured-background-contact-scaled-1.jpg\",\"width\":2560,\"height\":955},{\"@type\":\"BreadcrumbList\",\"@id\":\"https:\/\/azure.milexia.com\/es\/acerca\/socios\/#breadcrumb\",\"itemListElement\":[{\"@type\":\"ListItem\",\"position\":1,\"name\":\"Home\",\"item\":\"https:\/\/azure.milexia.com\/es\/\"},{\"@type\":\"ListItem\",\"position\":2,\"name\":\"Acerca de Milexia Ib\u00e9rica\",\"item\":\"https:\/\/azure.milexia.com\/es\/acerca\/\"},{\"@type\":\"ListItem\",\"position\":3,\"name\":\"Partners en Espa\u00f1a\"}]},{\"@type\":\"WebSite\",\"@id\":\"https:\/\/azure.milexia.com\/es\/#website\",\"url\":\"https:\/\/azure.milexia.com\/es\/\",\"name\":\"Milexia Ib\u00e9rica\",\"description\":\"Facilitando el acceso a la tecnolog\u00eda\",\"potentialAction\":[{\"@type\":\"SearchAction\",\"target\":{\"@type\":\"EntryPoint\",\"urlTemplate\":\"https:\/\/azure.milexia.com\/es\/?s={search_term_string}\"},\"query-input\":{\"@type\":\"PropertyValueSpecification\",\"valueRequired\":true,\"valueName\":\"search_term_string\"}}],\"inLanguage\":\"en-GB\"}]}<\/script>\n<!-- \/ Yoast SEO Premium plugin. -->","yoast_head_json":{"title":"Nuestros Partners | Milexia Ib\u00e9rica","description":"Obtenga la mejor soluci\u00f3n tecnol\u00f3gica gracias a nuestras s\u00f3lidas y duraderas relaciones con una cuidada selecci\u00f3n de proveedores l\u00edderes en su sector.","robots":{"index":"noindex","follow":"follow","max-snippet":"max-snippet:-1","max-image-preview":"max-image-preview:large","max-video-preview":"max-video-preview:-1"},"og_locale":"en_GB","og_type":"article","og_title":"Partners en Espa\u00f1a","og_description":"Obtenga la mejor soluci\u00f3n tecnol\u00f3gica gracias a nuestras s\u00f3lidas y duraderas relaciones con una cuidada selecci\u00f3n de proveedores l\u00edderes en su sector.","og_url":"https:\/\/azure.milexia.com\/es\/acerca\/socios\/","og_site_name":"Milexia Ib\u00e9rica","article_modified_time":"2025-09-06T15:48:59+00:00","og_image":[{"width":2560,"height":955,"url":"https:\/\/azure.milexia.com\/wp-content\/uploads\/sites\/4\/2022\/08\/featured-background-contact-scaled-1.jpg","type":"image\/jpeg"}],"twitter_card":"summary_large_image","twitter_misc":{"Estimated reading time":"1 minute"},"schema":{"@context":"https:\/\/schema.org","@graph":[{"@type":"WebPage","@id":"https:\/\/azure.milexia.com\/es\/acerca\/socios\/","url":"https:\/\/azure.milexia.com\/es\/acerca\/socios\/","name":"Nuestros Partners | Milexia Ib\u00e9rica","isPartOf":{"@id":"https:\/\/azure.milexia.com\/es\/#website"},"primaryImageOfPage":{"@id":"https:\/\/azure.milexia.com\/es\/acerca\/socios\/#primaryimage"},"image":{"@id":"https:\/\/azure.milexia.com\/es\/acerca\/socios\/#primaryimage"},"thumbnailUrl":"\/wp-content\/uploads\/sites\/4\/2022\/08\/featured-background-contact-scaled-1.jpg","datePublished":"2022-08-23T09:12:44+00:00","dateModified":"2025-09-06T15:48:59+00:00","description":"Obtenga la mejor soluci\u00f3n tecnol\u00f3gica gracias a nuestras s\u00f3lidas y duraderas relaciones con una cuidada selecci\u00f3n de proveedores l\u00edderes en su sector.","breadcrumb":{"@id":"https:\/\/azure.milexia.com\/es\/acerca\/socios\/#breadcrumb"},"inLanguage":"en-GB","potentialAction":[{"@type":"ReadAction","target":["https:\/\/azure.milexia.com\/es\/acerca\/socios\/"]}]},{"@type":"ImageObject","inLanguage":"en-GB","@id":"https:\/\/azure.milexia.com\/es\/acerca\/socios\/#primaryimage","url":"\/wp-content\/uploads\/sites\/4\/2022\/08\/featured-background-contact-scaled-1.jpg","contentUrl":"\/wp-content\/uploads\/sites\/4\/2022\/08\/featured-background-contact-scaled-1.jpg","width":2560,"height":955},{"@type":"BreadcrumbList","@id":"https:\/\/azure.milexia.com\/es\/acerca\/socios\/#breadcrumb","itemListElement":[{"@type":"ListItem","position":1,"name":"Home","item":"https:\/\/azure.milexia.com\/es\/"},{"@type":"ListItem","position":2,"name":"Acerca de Milexia Ib\u00e9rica","item":"https:\/\/azure.milexia.com\/es\/acerca\/"},{"@type":"ListItem","position":3,"name":"Partners en Espa\u00f1a"}]},{"@type":"WebSite","@id":"https:\/\/azure.milexia.com\/es\/#website","url":"https:\/\/azure.milexia.com\/es\/","name":"Milexia Ib\u00e9rica","description":"Facilitando el acceso a la tecnolog\u00eda","potentialAction":[{"@type":"SearchAction","target":{"@type":"EntryPoint","urlTemplate":"https:\/\/azure.milexia.com\/es\/?s={search_term_string}"},"query-input":{"@type":"PropertyValueSpecification","valueRequired":true,"valueName":"search_term_string"}}],"inLanguage":"en-GB"}]}},"lang":"es","translations":{"es":813,"en":34},"pll_sync_post":[],"_links":{"self":[{"href":"https:\/\/azure.milexia.com\/es\/wp-json\/wp\/v2\/pages\/813","targetHints":{"allow":["GET"]}}],"collection":[{"href":"https:\/\/azure.milexia.com\/es\/wp-json\/wp\/v2\/pages"}],"about":[{"href":"https:\/\/azure.milexia.com\/es\/wp-json\/wp\/v2\/types\/page"}],"author":[{"embeddable":true,"href":"https:\/\/azure.milexia.com\/es\/wp-json\/wp\/v2\/users\/5"}],"replies":[{"embeddable":true,"href":"https:\/\/azure.milexia.com\/es\/wp-json\/wp\/v2\/comments?post=813"}],"version-history":[{"count":0,"href":"https:\/\/azure.milexia.com\/es\/wp-json\/wp\/v2\/pages\/813\/revisions"}],"up":[{"embeddable":true,"href":"https:\/\/azure.milexia.com\/es\/wp-json\/wp\/v2\/pages\/816"}],"wp:featuredmedia":[{"embeddable":true,"href":"https:\/\/azure.milexia.com\/es\/wp-json\/wp\/v2\/media\/764"}],"wp:attachment":[{"href":"https:\/\/azure.milexia.com\/es\/wp-json\/wp\/v2\/media?parent=813"}],"curies":[{"name":"wp","href":"https:\/\/api.w.org\/{rel}","templated":true}]}}