{"id":811,"date":"2022-08-23T10:12:16","date_gmt":"2022-08-23T09:12:16","guid":{"rendered":"https:\/\/milexia.com.marcom-test.net\/es\/?page_id=811"},"modified":"2026-01-28T13:49:32","modified_gmt":"2026-01-28T12:49:32","slug":"calidad-certificacion","status":"publish","type":"page","link":"https:\/\/azure.milexia.com\/es\/acerca\/calidad-certificacion\/","title":{"rendered":"Calidad &#038; Certificaci\u00f3n"},"content":{"rendered":"<h2>Los m\u00e1s de 25 a\u00f1os de experiencia nos avalan. Podemos ofrecer productos y servicios que cumplen con los requisitos de nuestros clientes as\u00ed como los reglamentarios.<\/h2>\n<p><img loading=\"lazy\" decoding=\"async\" class=\"alignright size-full wp-image-18530\" src=\"https:\/\/azure.milexia.com\/uk\/wp-content\/uploads\/sites\/3\/2023\/01\/TRACE-Logo.png\" alt=\"TRACE\" width=\"120\" height=\"120\" \/>Gracias a nuestro compromiso con la transparencia comercial, nos han otorgado la certificaci\u00f3n Trace (el est\u00e1ndar antisobornos reconocido a escala internacional).<\/p>\n","protected":false},"excerpt":{"rendered":"<p>Los m\u00e1s de 25 a\u00f1os de experiencia nos avalan. Podemos ofrecer productos y servicios que cumplen con los requisitos de nuestros clientes as\u00ed como los reglamentarios. Gracias a nuestro compromiso con la transparencia comercial, nos han otorgado la certificaci\u00f3n Trace (el est\u00e1ndar antisobornos reconocido a escala internacional).<\/p>\n","protected":false},"author":5,"featured_media":541,"parent":816,"menu_order":11,"comment_status":"closed","ping_status":"closed","template":"page-templates\/page-home-r.php","meta":{"_acf_changed":false,"footnotes":""},"class_list":["post-811","page","type-page","status-publish","has-post-thumbnail","hentry"],"acf":[],"yoast_head":"<!-- This site is optimized with the Yoast SEO Premium plugin v24.6 (Yoast SEO v27.2) - https:\/\/yoast.com\/product\/yoast-seo-premium-wordpress\/ -->\n<title>Calidad &amp; Certificaci\u00f3n | Milexia Ib\u00e9rica<\/title>\n<meta name=\"description\" content=\"Mantenemos el m\u00e1s alto est\u00e1ndar de calidad, seguridad, sustentabilidad, eficiencia y servicio al cliente. Saber m\u00e1s.\" \/>\n<meta name=\"robots\" content=\"noindex, follow, max-snippet:-1, max-image-preview:large, max-video-preview:-1\" \/>\n<meta property=\"og:locale\" content=\"en_GB\" \/>\n<meta property=\"og:type\" content=\"article\" \/>\n<meta property=\"og:title\" content=\"Calidad &amp; Certificaci\u00f3n\" \/>\n<meta property=\"og:description\" content=\"Mantenemos el m\u00e1s alto est\u00e1ndar de calidad, seguridad, sustentabilidad, eficiencia y servicio al cliente. Saber m\u00e1s.\" \/>\n<meta property=\"og:url\" content=\"https:\/\/azure.milexia.com\/es\/acerca\/calidad-certificacion\/\" \/>\n<meta property=\"og:site_name\" content=\"Milexia Ib\u00e9rica\" \/>\n<meta property=\"article:modified_time\" content=\"2026-01-28T12:49:32+00:00\" \/>\n<meta property=\"og:image\" content=\"https:\/\/azure.milexia.com\/wp-content\/uploads\/sites\/4\/2022\/07\/featured-background-about-milexia-scaled-1.jpg\" \/>\n\t<meta property=\"og:image:width\" content=\"2560\" \/>\n\t<meta property=\"og:image:height\" content=\"955\" \/>\n\t<meta property=\"og:image:type\" content=\"image\/jpeg\" \/>\n<meta name=\"twitter:card\" content=\"summary_large_image\" \/>\n<meta name=\"twitter:label1\" content=\"Estimated reading time\" \/>\n\t<meta name=\"twitter:data1\" content=\"2 minutes\" \/>\n<script type=\"application\/ld+json\" class=\"yoast-schema-graph\">{\"@context\":\"https:\/\/schema.org\",\"@graph\":[{\"@type\":\"WebPage\",\"@id\":\"https:\/\/azure.milexia.com\/es\/acerca\/calidad-certificacion\/\",\"url\":\"https:\/\/azure.milexia.com\/es\/acerca\/calidad-certificacion\/\",\"name\":\"Calidad & Certificaci\u00f3n | Milexia Ib\u00e9rica\",\"isPartOf\":{\"@id\":\"https:\/\/azure.milexia.com\/es\/#website\"},\"primaryImageOfPage\":{\"@id\":\"https:\/\/azure.milexia.com\/es\/acerca\/calidad-certificacion\/#primaryimage\"},\"image\":{\"@id\":\"https:\/\/azure.milexia.com\/es\/acerca\/calidad-certificacion\/#primaryimage\"},\"thumbnailUrl\":\"\/wp-content\/uploads\/sites\/4\/2022\/07\/featured-background-about-milexia-scaled-1.jpg\",\"datePublished\":\"2022-08-23T09:12:16+00:00\",\"dateModified\":\"2026-01-28T12:49:32+00:00\",\"description\":\"Mantenemos el m\u00e1s alto est\u00e1ndar de calidad, seguridad, sustentabilidad, eficiencia y servicio al cliente. Saber m\u00e1s.\",\"breadcrumb\":{\"@id\":\"https:\/\/azure.milexia.com\/es\/acerca\/calidad-certificacion\/#breadcrumb\"},\"inLanguage\":\"en-GB\",\"potentialAction\":[{\"@type\":\"ReadAction\",\"target\":[\"https:\/\/azure.milexia.com\/es\/acerca\/calidad-certificacion\/\"]}]},{\"@type\":\"ImageObject\",\"inLanguage\":\"en-GB\",\"@id\":\"https:\/\/azure.milexia.com\/es\/acerca\/calidad-certificacion\/#primaryimage\",\"url\":\"\/wp-content\/uploads\/sites\/4\/2022\/07\/featured-background-about-milexia-scaled-1.jpg\",\"contentUrl\":\"\/wp-content\/uploads\/sites\/4\/2022\/07\/featured-background-about-milexia-scaled-1.jpg\",\"width\":2560,\"height\":955},{\"@type\":\"BreadcrumbList\",\"@id\":\"https:\/\/azure.milexia.com\/es\/acerca\/calidad-certificacion\/#breadcrumb\",\"itemListElement\":[{\"@type\":\"ListItem\",\"position\":1,\"name\":\"Home\",\"item\":\"https:\/\/azure.milexia.com\/es\/\"},{\"@type\":\"ListItem\",\"position\":2,\"name\":\"Acerca de Milexia Ib\u00e9rica\",\"item\":\"https:\/\/azure.milexia.com\/es\/acerca\/\"},{\"@type\":\"ListItem\",\"position\":3,\"name\":\"Calidad &#038; Certificaci\u00f3n\"}]},{\"@type\":\"WebSite\",\"@id\":\"https:\/\/azure.milexia.com\/es\/#website\",\"url\":\"https:\/\/azure.milexia.com\/es\/\",\"name\":\"Milexia Ib\u00e9rica\",\"description\":\"Facilitando el acceso a la tecnolog\u00eda\",\"potentialAction\":[{\"@type\":\"SearchAction\",\"target\":{\"@type\":\"EntryPoint\",\"urlTemplate\":\"https:\/\/azure.milexia.com\/es\/?s={search_term_string}\"},\"query-input\":{\"@type\":\"PropertyValueSpecification\",\"valueRequired\":true,\"valueName\":\"search_term_string\"}}],\"inLanguage\":\"en-GB\"}]}<\/script>\n<!-- \/ Yoast SEO Premium plugin. -->","yoast_head_json":{"title":"Calidad & Certificaci\u00f3n | Milexia Ib\u00e9rica","description":"Mantenemos el m\u00e1s alto est\u00e1ndar de calidad, seguridad, sustentabilidad, eficiencia y servicio al cliente. Saber m\u00e1s.","robots":{"index":"noindex","follow":"follow","max-snippet":"max-snippet:-1","max-image-preview":"max-image-preview:large","max-video-preview":"max-video-preview:-1"},"og_locale":"en_GB","og_type":"article","og_title":"Calidad & Certificaci\u00f3n","og_description":"Mantenemos el m\u00e1s alto est\u00e1ndar de calidad, seguridad, sustentabilidad, eficiencia y servicio al cliente. Saber m\u00e1s.","og_url":"https:\/\/azure.milexia.com\/es\/acerca\/calidad-certificacion\/","og_site_name":"Milexia Ib\u00e9rica","article_modified_time":"2026-01-28T12:49:32+00:00","og_image":[{"width":2560,"height":955,"url":"https:\/\/azure.milexia.com\/wp-content\/uploads\/sites\/4\/2022\/07\/featured-background-about-milexia-scaled-1.jpg","type":"image\/jpeg"}],"twitter_card":"summary_large_image","twitter_misc":{"Estimated reading time":"2 minutes"},"schema":{"@context":"https:\/\/schema.org","@graph":[{"@type":"WebPage","@id":"https:\/\/azure.milexia.com\/es\/acerca\/calidad-certificacion\/","url":"https:\/\/azure.milexia.com\/es\/acerca\/calidad-certificacion\/","name":"Calidad & Certificaci\u00f3n | Milexia Ib\u00e9rica","isPartOf":{"@id":"https:\/\/azure.milexia.com\/es\/#website"},"primaryImageOfPage":{"@id":"https:\/\/azure.milexia.com\/es\/acerca\/calidad-certificacion\/#primaryimage"},"image":{"@id":"https:\/\/azure.milexia.com\/es\/acerca\/calidad-certificacion\/#primaryimage"},"thumbnailUrl":"\/wp-content\/uploads\/sites\/4\/2022\/07\/featured-background-about-milexia-scaled-1.jpg","datePublished":"2022-08-23T09:12:16+00:00","dateModified":"2026-01-28T12:49:32+00:00","description":"Mantenemos el m\u00e1s alto est\u00e1ndar de calidad, seguridad, sustentabilidad, eficiencia y servicio al cliente. Saber m\u00e1s.","breadcrumb":{"@id":"https:\/\/azure.milexia.com\/es\/acerca\/calidad-certificacion\/#breadcrumb"},"inLanguage":"en-GB","potentialAction":[{"@type":"ReadAction","target":["https:\/\/azure.milexia.com\/es\/acerca\/calidad-certificacion\/"]}]},{"@type":"ImageObject","inLanguage":"en-GB","@id":"https:\/\/azure.milexia.com\/es\/acerca\/calidad-certificacion\/#primaryimage","url":"\/wp-content\/uploads\/sites\/4\/2022\/07\/featured-background-about-milexia-scaled-1.jpg","contentUrl":"\/wp-content\/uploads\/sites\/4\/2022\/07\/featured-background-about-milexia-scaled-1.jpg","width":2560,"height":955},{"@type":"BreadcrumbList","@id":"https:\/\/azure.milexia.com\/es\/acerca\/calidad-certificacion\/#breadcrumb","itemListElement":[{"@type":"ListItem","position":1,"name":"Home","item":"https:\/\/azure.milexia.com\/es\/"},{"@type":"ListItem","position":2,"name":"Acerca de Milexia Ib\u00e9rica","item":"https:\/\/azure.milexia.com\/es\/acerca\/"},{"@type":"ListItem","position":3,"name":"Calidad &#038; Certificaci\u00f3n"}]},{"@type":"WebSite","@id":"https:\/\/azure.milexia.com\/es\/#website","url":"https:\/\/azure.milexia.com\/es\/","name":"Milexia Ib\u00e9rica","description":"Facilitando el acceso a la tecnolog\u00eda","potentialAction":[{"@type":"SearchAction","target":{"@type":"EntryPoint","urlTemplate":"https:\/\/azure.milexia.com\/es\/?s={search_term_string}"},"query-input":{"@type":"PropertyValueSpecification","valueRequired":true,"valueName":"search_term_string"}}],"inLanguage":"en-GB"}]}},"lang":"es","translations":{"es":811,"en":11},"pll_sync_post":[],"_links":{"self":[{"href":"https:\/\/azure.milexia.com\/es\/wp-json\/wp\/v2\/pages\/811","targetHints":{"allow":["GET"]}}],"collection":[{"href":"https:\/\/azure.milexia.com\/es\/wp-json\/wp\/v2\/pages"}],"about":[{"href":"https:\/\/azure.milexia.com\/es\/wp-json\/wp\/v2\/types\/page"}],"author":[{"embeddable":true,"href":"https:\/\/azure.milexia.com\/es\/wp-json\/wp\/v2\/users\/5"}],"replies":[{"embeddable":true,"href":"https:\/\/azure.milexia.com\/es\/wp-json\/wp\/v2\/comments?post=811"}],"version-history":[{"count":1,"href":"https:\/\/azure.milexia.com\/es\/wp-json\/wp\/v2\/pages\/811\/revisions"}],"predecessor-version":[{"id":46675,"href":"https:\/\/azure.milexia.com\/es\/wp-json\/wp\/v2\/pages\/811\/revisions\/46675"}],"up":[{"embeddable":true,"href":"https:\/\/azure.milexia.com\/es\/wp-json\/wp\/v2\/pages\/816"}],"wp:featuredmedia":[{"embeddable":true,"href":"https:\/\/azure.milexia.com\/es\/wp-json\/wp\/v2\/media\/541"}],"wp:attachment":[{"href":"https:\/\/azure.milexia.com\/es\/wp-json\/wp\/v2\/media?parent=811"}],"curies":[{"name":"wp","href":"https:\/\/api.w.org\/{rel}","templated":true}]}}