{"id":803,"date":"2022-08-23T10:09:51","date_gmt":"2022-08-23T09:09:51","guid":{"rendered":"https:\/\/milexia.com.marcom-test.net\/es\/?page_id=803"},"modified":"2026-01-09T17:32:05","modified_gmt":"2026-01-09T16:32:05","slug":"contacte-con-milexia-iberica-es","status":"publish","type":"page","link":"https:\/\/azure.milexia.com\/es\/contacte-con-milexia-iberica-es\/","title":{"rendered":"Contacte con Milexia Ib\u00e9rica"},"content":{"rendered":"<h2>Hacer su acceso a la tecnolog\u00eda m\u00e1s f\u00e1cil significa poner a su disposici\u00f3n nuestra <b>completa gama de productos<\/b>. Y, no solo eso, tambi\u00e9n significa proporcionarle el m\u00e1s <b>experto asesoramiento<\/b> para que pueda tomar decisiones de compra efectivas.<\/h2>\n","protected":false},"excerpt":{"rendered":"<p>Hacer su acceso a la tecnolog\u00eda m\u00e1s f\u00e1cil significa poner a su disposici\u00f3n nuestra completa gama de productos. Y, no solo eso, tambi\u00e9n significa proporcionarle el m\u00e1s experto asesoramiento para que pueda tomar decisiones de compra efectivas.<\/p>\n","protected":false},"author":5,"featured_media":475,"parent":0,"menu_order":23,"comment_status":"closed","ping_status":"closed","template":"page-templates\/page-home-r.php","meta":{"_acf_changed":false,"footnotes":""},"class_list":["post-803","page","type-page","status-publish","has-post-thumbnail","hentry"],"acf":[],"yoast_head":"<!-- This site is optimized with the Yoast SEO Premium plugin v24.6 (Yoast SEO v27.2) - https:\/\/yoast.com\/product\/yoast-seo-premium-wordpress\/ -->\n<title>Contacte con Milexia Ib\u00e9rica| Milexia Ib\u00e9rica<\/title>\n<meta name=\"description\" content=\"Nuestro amigable equipo de expertos competentes est\u00e1 aqu\u00ed para ayudarlo. Cont\u00e1ctenos hoy para una soluci\u00f3n m\u00e1s r\u00e1pida y sin estr\u00e9s.\" \/>\n<meta name=\"robots\" content=\"noindex, follow, max-snippet:-1, max-image-preview:large, max-video-preview:-1\" \/>\n<meta property=\"og:locale\" content=\"en_GB\" \/>\n<meta property=\"og:type\" content=\"article\" \/>\n<meta property=\"og:title\" content=\"Contacte con Milexia Ib\u00e9rica\" \/>\n<meta property=\"og:description\" content=\"Nuestro amigable equipo de expertos competentes est\u00e1 aqu\u00ed para ayudarlo. Cont\u00e1ctenos hoy para una soluci\u00f3n m\u00e1s r\u00e1pida y sin estr\u00e9s.\" \/>\n<meta property=\"og:url\" content=\"https:\/\/azure.milexia.com\/es\/contacte-con-milexia-iberica-es\/\" \/>\n<meta property=\"og:site_name\" content=\"Milexia Ib\u00e9rica\" \/>\n<meta property=\"article:modified_time\" content=\"2026-01-09T16:32:05+00:00\" \/>\n<meta property=\"og:image\" content=\"https:\/\/azure.milexia.com\/wp-content\/uploads\/sites\/4\/2022\/05\/featured-background-contact-scaled.jpg\" \/>\n\t<meta property=\"og:image:width\" content=\"2560\" \/>\n\t<meta property=\"og:image:height\" content=\"955\" \/>\n\t<meta property=\"og:image:type\" content=\"image\/jpeg\" \/>\n<meta name=\"twitter:card\" content=\"summary_large_image\" \/>\n<meta name=\"twitter:label1\" content=\"Estimated reading time\" \/>\n\t<meta name=\"twitter:data1\" content=\"1 minute\" \/>\n<script type=\"application\/ld+json\" class=\"yoast-schema-graph\">{\"@context\":\"https:\/\/schema.org\",\"@graph\":[{\"@type\":\"WebPage\",\"@id\":\"https:\/\/azure.milexia.com\/es\/contacte-con-milexia-iberica-es\/\",\"url\":\"https:\/\/azure.milexia.com\/es\/contacte-con-milexia-iberica-es\/\",\"name\":\"Contacte con Milexia Ib\u00e9rica| Milexia Ib\u00e9rica\",\"isPartOf\":{\"@id\":\"https:\/\/azure.milexia.com\/es\/#website\"},\"primaryImageOfPage\":{\"@id\":\"https:\/\/azure.milexia.com\/es\/contacte-con-milexia-iberica-es\/#primaryimage\"},\"image\":{\"@id\":\"https:\/\/azure.milexia.com\/es\/contacte-con-milexia-iberica-es\/#primaryimage\"},\"thumbnailUrl\":\"\/wp-content\/uploads\/sites\/4\/2022\/05\/featured-background-contact-scaled.jpg\",\"datePublished\":\"2022-08-23T09:09:51+00:00\",\"dateModified\":\"2026-01-09T16:32:05+00:00\",\"description\":\"Nuestro amigable equipo de expertos competentes est\u00e1 aqu\u00ed para ayudarlo. Cont\u00e1ctenos hoy para una soluci\u00f3n m\u00e1s r\u00e1pida y sin estr\u00e9s.\",\"breadcrumb\":{\"@id\":\"https:\/\/azure.milexia.com\/es\/contacte-con-milexia-iberica-es\/#breadcrumb\"},\"inLanguage\":\"en-GB\",\"potentialAction\":[{\"@type\":\"ReadAction\",\"target\":[\"https:\/\/azure.milexia.com\/es\/contacte-con-milexia-iberica-es\/\"]}]},{\"@type\":\"ImageObject\",\"inLanguage\":\"en-GB\",\"@id\":\"https:\/\/azure.milexia.com\/es\/contacte-con-milexia-iberica-es\/#primaryimage\",\"url\":\"\/wp-content\/uploads\/sites\/4\/2022\/05\/featured-background-contact-scaled.jpg\",\"contentUrl\":\"\/wp-content\/uploads\/sites\/4\/2022\/05\/featured-background-contact-scaled.jpg\",\"width\":2560,\"height\":955},{\"@type\":\"BreadcrumbList\",\"@id\":\"https:\/\/azure.milexia.com\/es\/contacte-con-milexia-iberica-es\/#breadcrumb\",\"itemListElement\":[{\"@type\":\"ListItem\",\"position\":1,\"name\":\"Home\",\"item\":\"https:\/\/azure.milexia.com\/es\/\"},{\"@type\":\"ListItem\",\"position\":2,\"name\":\"Contacte con Milexia Ib\u00e9rica\"}]},{\"@type\":\"WebSite\",\"@id\":\"https:\/\/azure.milexia.com\/es\/#website\",\"url\":\"https:\/\/azure.milexia.com\/es\/\",\"name\":\"Milexia Ib\u00e9rica\",\"description\":\"Facilitando el acceso a la tecnolog\u00eda\",\"potentialAction\":[{\"@type\":\"SearchAction\",\"target\":{\"@type\":\"EntryPoint\",\"urlTemplate\":\"https:\/\/azure.milexia.com\/es\/?s={search_term_string}\"},\"query-input\":{\"@type\":\"PropertyValueSpecification\",\"valueRequired\":true,\"valueName\":\"search_term_string\"}}],\"inLanguage\":\"en-GB\"}]}<\/script>\n<!-- \/ Yoast SEO Premium plugin. -->","yoast_head_json":{"title":"Contacte con Milexia Ib\u00e9rica| Milexia Ib\u00e9rica","description":"Nuestro amigable equipo de expertos competentes est\u00e1 aqu\u00ed para ayudarlo. Cont\u00e1ctenos hoy para una soluci\u00f3n m\u00e1s r\u00e1pida y sin estr\u00e9s.","robots":{"index":"noindex","follow":"follow","max-snippet":"max-snippet:-1","max-image-preview":"max-image-preview:large","max-video-preview":"max-video-preview:-1"},"og_locale":"en_GB","og_type":"article","og_title":"Contacte con Milexia Ib\u00e9rica","og_description":"Nuestro amigable equipo de expertos competentes est\u00e1 aqu\u00ed para ayudarlo. Cont\u00e1ctenos hoy para una soluci\u00f3n m\u00e1s r\u00e1pida y sin estr\u00e9s.","og_url":"https:\/\/azure.milexia.com\/es\/contacte-con-milexia-iberica-es\/","og_site_name":"Milexia Ib\u00e9rica","article_modified_time":"2026-01-09T16:32:05+00:00","og_image":[{"width":2560,"height":955,"url":"https:\/\/azure.milexia.com\/wp-content\/uploads\/sites\/4\/2022\/05\/featured-background-contact-scaled.jpg","type":"image\/jpeg"}],"twitter_card":"summary_large_image","twitter_misc":{"Estimated reading time":"1 minute"},"schema":{"@context":"https:\/\/schema.org","@graph":[{"@type":"WebPage","@id":"https:\/\/azure.milexia.com\/es\/contacte-con-milexia-iberica-es\/","url":"https:\/\/azure.milexia.com\/es\/contacte-con-milexia-iberica-es\/","name":"Contacte con Milexia Ib\u00e9rica| Milexia Ib\u00e9rica","isPartOf":{"@id":"https:\/\/azure.milexia.com\/es\/#website"},"primaryImageOfPage":{"@id":"https:\/\/azure.milexia.com\/es\/contacte-con-milexia-iberica-es\/#primaryimage"},"image":{"@id":"https:\/\/azure.milexia.com\/es\/contacte-con-milexia-iberica-es\/#primaryimage"},"thumbnailUrl":"\/wp-content\/uploads\/sites\/4\/2022\/05\/featured-background-contact-scaled.jpg","datePublished":"2022-08-23T09:09:51+00:00","dateModified":"2026-01-09T16:32:05+00:00","description":"Nuestro amigable equipo de expertos competentes est\u00e1 aqu\u00ed para ayudarlo. Cont\u00e1ctenos hoy para una soluci\u00f3n m\u00e1s r\u00e1pida y sin estr\u00e9s.","breadcrumb":{"@id":"https:\/\/azure.milexia.com\/es\/contacte-con-milexia-iberica-es\/#breadcrumb"},"inLanguage":"en-GB","potentialAction":[{"@type":"ReadAction","target":["https:\/\/azure.milexia.com\/es\/contacte-con-milexia-iberica-es\/"]}]},{"@type":"ImageObject","inLanguage":"en-GB","@id":"https:\/\/azure.milexia.com\/es\/contacte-con-milexia-iberica-es\/#primaryimage","url":"\/wp-content\/uploads\/sites\/4\/2022\/05\/featured-background-contact-scaled.jpg","contentUrl":"\/wp-content\/uploads\/sites\/4\/2022\/05\/featured-background-contact-scaled.jpg","width":2560,"height":955},{"@type":"BreadcrumbList","@id":"https:\/\/azure.milexia.com\/es\/contacte-con-milexia-iberica-es\/#breadcrumb","itemListElement":[{"@type":"ListItem","position":1,"name":"Home","item":"https:\/\/azure.milexia.com\/es\/"},{"@type":"ListItem","position":2,"name":"Contacte con Milexia Ib\u00e9rica"}]},{"@type":"WebSite","@id":"https:\/\/azure.milexia.com\/es\/#website","url":"https:\/\/azure.milexia.com\/es\/","name":"Milexia Ib\u00e9rica","description":"Facilitando el acceso a la tecnolog\u00eda","potentialAction":[{"@type":"SearchAction","target":{"@type":"EntryPoint","urlTemplate":"https:\/\/azure.milexia.com\/es\/?s={search_term_string}"},"query-input":{"@type":"PropertyValueSpecification","valueRequired":true,"valueName":"search_term_string"}}],"inLanguage":"en-GB"}]}},"lang":"es","translations":{"es":803,"en":28},"pll_sync_post":[],"_links":{"self":[{"href":"https:\/\/azure.milexia.com\/es\/wp-json\/wp\/v2\/pages\/803","targetHints":{"allow":["GET"]}}],"collection":[{"href":"https:\/\/azure.milexia.com\/es\/wp-json\/wp\/v2\/pages"}],"about":[{"href":"https:\/\/azure.milexia.com\/es\/wp-json\/wp\/v2\/types\/page"}],"author":[{"embeddable":true,"href":"https:\/\/azure.milexia.com\/es\/wp-json\/wp\/v2\/users\/5"}],"replies":[{"embeddable":true,"href":"https:\/\/azure.milexia.com\/es\/wp-json\/wp\/v2\/comments?post=803"}],"version-history":[{"count":0,"href":"https:\/\/azure.milexia.com\/es\/wp-json\/wp\/v2\/pages\/803\/revisions"}],"wp:featuredmedia":[{"embeddable":true,"href":"https:\/\/azure.milexia.com\/es\/wp-json\/wp\/v2\/media\/475"}],"wp:attachment":[{"href":"https:\/\/azure.milexia.com\/es\/wp-json\/wp\/v2\/media?parent=803"}],"curies":[{"name":"wp","href":"https:\/\/api.w.org\/{rel}","templated":true}]}}