{"id":801,"date":"2022-08-23T10:09:27","date_gmt":"2022-08-23T08:09:27","guid":{"rendered":"https:\/\/milexia.com.marcom-test.net\/es\/?page_id=801"},"modified":"2023-09-13T13:05:39","modified_gmt":"2023-09-13T11:05:39","slug":"noticias","status":"publish","type":"page","link":"https:\/\/azure.milexia.com\/es\/noticias\/","title":{"rendered":"Noticias Milexia Ib\u00e9rica"},"content":{"rendered":"<h2>Lea <strong>las \u00faltimas novedades<\/strong> del <strong>Milexia Ib\u00e9rica<\/strong><\/h2>\n<p><span data-sheets-value=\"{&quot;1&quot;:2,&quot;2&quot;:&quot;Adem\u00e1s, podr\u00e1 ver si hay alg\u00fan evento futuro al que vayamos a asistir.&quot;}\" data-sheets-userformat=\"{&quot;2&quot;:14845,&quot;3&quot;:{&quot;1&quot;:0,&quot;3&quot;:1},&quot;5&quot;:{&quot;1&quot;:[{&quot;1&quot;:2,&quot;2&quot;:0,&quot;5&quot;:{&quot;1&quot;:2,&quot;2&quot;:0}},{&quot;1&quot;:0,&quot;2&quot;:0,&quot;3&quot;:3},{&quot;1&quot;:1,&quot;2&quot;:0,&quot;4&quot;:1}]},&quot;6&quot;:{&quot;1&quot;:[{&quot;1&quot;:2,&quot;2&quot;:0,&quot;5&quot;:{&quot;1&quot;:2,&quot;2&quot;:0}},{&quot;1&quot;:0,&quot;2&quot;:0,&quot;3&quot;:3},{&quot;1&quot;:1,&quot;2&quot;:0,&quot;4&quot;:1}]},&quot;7&quot;:{&quot;1&quot;:[{&quot;1&quot;:2,&quot;2&quot;:0,&quot;5&quot;:{&quot;1&quot;:2,&quot;2&quot;:0}},{&quot;1&quot;:0,&quot;2&quot;:0,&quot;3&quot;:3},{&quot;1&quot;:1,&quot;2&quot;:0,&quot;4&quot;:1}]},&quot;8&quot;:{&quot;1&quot;:[{&quot;1&quot;:2,&quot;2&quot;:0,&quot;5&quot;:{&quot;1&quot;:2,&quot;2&quot;:0}},{&quot;1&quot;:0,&quot;2&quot;:0,&quot;3&quot;:3},{&quot;1&quot;:1,&quot;2&quot;:0,&quot;4&quot;:1}]},&quot;9&quot;:0,&quot;10&quot;:0,&quot;11&quot;:4,&quot;14&quot;:{&quot;1&quot;:3,&quot;3&quot;:1},&quot;15&quot;:&quot;Calibri&quot;,&quot;16&quot;:11}\">Adem\u00e1s, podr\u00e1 ver si hay alg\u00fan evento futuro al que vayamos a asistir.<\/span><\/p>\n","protected":false},"excerpt":{"rendered":"<p>Lea las \u00faltimas novedades del Milexia Ib\u00e9rica Adem\u00e1s, podr\u00e1 ver si hay alg\u00fan evento futuro al que vayamos a asistir.<\/p>\n","protected":false},"author":5,"featured_media":409,"parent":0,"menu_order":21,"comment_status":"closed","ping_status":"closed","template":"page-templates\/page-news.php","meta":{"_acf_changed":false,"footnotes":""},"class_list":["post-801","page","type-page","status-publish","has-post-thumbnail","hentry"],"acf":[],"yoast_head":"<!-- This site is optimized with the Yoast SEO Premium plugin v24.6 (Yoast SEO v27.2) - https:\/\/yoast.com\/product\/yoast-seo-premium-wordpress\/ -->\n<title>Noticias Milexia Ib\u00e9rica<\/title>\n<meta name=\"description\" content=\"Lea las \u00faltimas novedades del Milexia Ib\u00e9rica Adem\u00e1s, podr\u00e1 ver si hay alg\u00fan evento futuro al que vayamos a asistir.\" \/>\n<meta name=\"robots\" content=\"noindex, follow, max-snippet:-1, max-image-preview:large, max-video-preview:-1\" \/>\n<meta property=\"og:locale\" content=\"en_GB\" \/>\n<meta property=\"og:type\" content=\"article\" \/>\n<meta property=\"og:title\" content=\"Noticias Milexia Ib\u00e9rica\" \/>\n<meta property=\"og:description\" content=\"Lea las \u00faltimas novedades del Milexia Ib\u00e9rica Adem\u00e1s, podr\u00e1 ver si hay alg\u00fan evento futuro al que vayamos a asistir.\" \/>\n<meta property=\"og:url\" content=\"https:\/\/azure.milexia.com\/es\/noticias\/\" \/>\n<meta property=\"og:site_name\" content=\"Milexia Ib\u00e9rica\" \/>\n<meta property=\"article:modified_time\" content=\"2023-09-13T11:05:39+00:00\" \/>\n<meta property=\"og:image\" content=\"https:\/\/azure.milexia.com\/wp-content\/uploads\/sites\/4\/2022\/05\/featured-background-pattern-scaled.jpg\" \/>\n\t<meta property=\"og:image:width\" content=\"2560\" \/>\n\t<meta property=\"og:image:height\" content=\"955\" \/>\n\t<meta property=\"og:image:type\" content=\"image\/jpeg\" \/>\n<meta name=\"twitter:card\" content=\"summary_large_image\" \/>\n<meta name=\"twitter:label1\" content=\"Estimated reading time\" \/>\n\t<meta name=\"twitter:data1\" content=\"1 minute\" \/>\n<script type=\"application\/ld+json\" class=\"yoast-schema-graph\">{\"@context\":\"https:\/\/schema.org\",\"@graph\":[{\"@type\":\"WebPage\",\"@id\":\"https:\/\/azure.milexia.com\/es\/noticias\/\",\"url\":\"https:\/\/azure.milexia.com\/es\/noticias\/\",\"name\":\"Noticias Milexia Ib\u00e9rica\",\"isPartOf\":{\"@id\":\"https:\/\/azure.milexia.com\/es\/#website\"},\"primaryImageOfPage\":{\"@id\":\"https:\/\/azure.milexia.com\/es\/noticias\/#primaryimage\"},\"image\":{\"@id\":\"https:\/\/azure.milexia.com\/es\/noticias\/#primaryimage\"},\"thumbnailUrl\":\"\/wp-content\/uploads\/sites\/4\/2022\/05\/featured-background-pattern-scaled.jpg\",\"datePublished\":\"2022-08-23T08:09:27+00:00\",\"dateModified\":\"2023-09-13T11:05:39+00:00\",\"description\":\"Lea las \u00faltimas novedades del Milexia Ib\u00e9rica Adem\u00e1s, podr\u00e1 ver si hay alg\u00fan evento futuro al que vayamos a asistir.\",\"breadcrumb\":{\"@id\":\"https:\/\/azure.milexia.com\/es\/noticias\/#breadcrumb\"},\"inLanguage\":\"en-GB\",\"potentialAction\":[{\"@type\":\"ReadAction\",\"target\":[\"https:\/\/azure.milexia.com\/es\/noticias\/\"]}]},{\"@type\":\"ImageObject\",\"inLanguage\":\"en-GB\",\"@id\":\"https:\/\/azure.milexia.com\/es\/noticias\/#primaryimage\",\"url\":\"\/wp-content\/uploads\/sites\/4\/2022\/05\/featured-background-pattern-scaled.jpg\",\"contentUrl\":\"\/wp-content\/uploads\/sites\/4\/2022\/05\/featured-background-pattern-scaled.jpg\",\"width\":2560,\"height\":955,\"caption\":\"Decorative Background News Header and Product Header\"},{\"@type\":\"BreadcrumbList\",\"@id\":\"https:\/\/azure.milexia.com\/es\/noticias\/#breadcrumb\",\"itemListElement\":[{\"@type\":\"ListItem\",\"position\":1,\"name\":\"Home\",\"item\":\"https:\/\/azure.milexia.com\/es\/\"},{\"@type\":\"ListItem\",\"position\":2,\"name\":\"Noticias Milexia Ib\u00e9rica\"}]},{\"@type\":\"WebSite\",\"@id\":\"https:\/\/azure.milexia.com\/es\/#website\",\"url\":\"https:\/\/azure.milexia.com\/es\/\",\"name\":\"Milexia Ib\u00e9rica\",\"description\":\"Facilitando el acceso a la tecnolog\u00eda\",\"potentialAction\":[{\"@type\":\"SearchAction\",\"target\":{\"@type\":\"EntryPoint\",\"urlTemplate\":\"https:\/\/azure.milexia.com\/es\/?s={search_term_string}\"},\"query-input\":{\"@type\":\"PropertyValueSpecification\",\"valueRequired\":true,\"valueName\":\"search_term_string\"}}],\"inLanguage\":\"en-GB\"}]}<\/script>\n<!-- \/ Yoast SEO Premium plugin. -->","yoast_head_json":{"title":"Noticias Milexia Ib\u00e9rica","description":"Lea las \u00faltimas novedades del Milexia Ib\u00e9rica Adem\u00e1s, podr\u00e1 ver si hay alg\u00fan evento futuro al que vayamos a asistir.","robots":{"index":"noindex","follow":"follow","max-snippet":"max-snippet:-1","max-image-preview":"max-image-preview:large","max-video-preview":"max-video-preview:-1"},"og_locale":"en_GB","og_type":"article","og_title":"Noticias Milexia Ib\u00e9rica","og_description":"Lea las \u00faltimas novedades del Milexia Ib\u00e9rica Adem\u00e1s, podr\u00e1 ver si hay alg\u00fan evento futuro al que vayamos a asistir.","og_url":"https:\/\/azure.milexia.com\/es\/noticias\/","og_site_name":"Milexia Ib\u00e9rica","article_modified_time":"2023-09-13T11:05:39+00:00","og_image":[{"width":2560,"height":955,"url":"https:\/\/azure.milexia.com\/wp-content\/uploads\/sites\/4\/2022\/05\/featured-background-pattern-scaled.jpg","type":"image\/jpeg"}],"twitter_card":"summary_large_image","twitter_misc":{"Estimated reading time":"1 minute"},"schema":{"@context":"https:\/\/schema.org","@graph":[{"@type":"WebPage","@id":"https:\/\/azure.milexia.com\/es\/noticias\/","url":"https:\/\/azure.milexia.com\/es\/noticias\/","name":"Noticias Milexia Ib\u00e9rica","isPartOf":{"@id":"https:\/\/azure.milexia.com\/es\/#website"},"primaryImageOfPage":{"@id":"https:\/\/azure.milexia.com\/es\/noticias\/#primaryimage"},"image":{"@id":"https:\/\/azure.milexia.com\/es\/noticias\/#primaryimage"},"thumbnailUrl":"\/wp-content\/uploads\/sites\/4\/2022\/05\/featured-background-pattern-scaled.jpg","datePublished":"2022-08-23T08:09:27+00:00","dateModified":"2023-09-13T11:05:39+00:00","description":"Lea las \u00faltimas novedades del Milexia Ib\u00e9rica Adem\u00e1s, podr\u00e1 ver si hay alg\u00fan evento futuro al que vayamos a asistir.","breadcrumb":{"@id":"https:\/\/azure.milexia.com\/es\/noticias\/#breadcrumb"},"inLanguage":"en-GB","potentialAction":[{"@type":"ReadAction","target":["https:\/\/azure.milexia.com\/es\/noticias\/"]}]},{"@type":"ImageObject","inLanguage":"en-GB","@id":"https:\/\/azure.milexia.com\/es\/noticias\/#primaryimage","url":"\/wp-content\/uploads\/sites\/4\/2022\/05\/featured-background-pattern-scaled.jpg","contentUrl":"\/wp-content\/uploads\/sites\/4\/2022\/05\/featured-background-pattern-scaled.jpg","width":2560,"height":955,"caption":"Decorative Background News Header and Product Header"},{"@type":"BreadcrumbList","@id":"https:\/\/azure.milexia.com\/es\/noticias\/#breadcrumb","itemListElement":[{"@type":"ListItem","position":1,"name":"Home","item":"https:\/\/azure.milexia.com\/es\/"},{"@type":"ListItem","position":2,"name":"Noticias Milexia Ib\u00e9rica"}]},{"@type":"WebSite","@id":"https:\/\/azure.milexia.com\/es\/#website","url":"https:\/\/azure.milexia.com\/es\/","name":"Milexia Ib\u00e9rica","description":"Facilitando el acceso a la tecnolog\u00eda","potentialAction":[{"@type":"SearchAction","target":{"@type":"EntryPoint","urlTemplate":"https:\/\/azure.milexia.com\/es\/?s={search_term_string}"},"query-input":{"@type":"PropertyValueSpecification","valueRequired":true,"valueName":"search_term_string"}}],"inLanguage":"en-GB"}]}},"lang":"es","translations":{"es":801,"en":32},"pll_sync_post":[],"_links":{"self":[{"href":"https:\/\/azure.milexia.com\/es\/wp-json\/wp\/v2\/pages\/801","targetHints":{"allow":["GET"]}}],"collection":[{"href":"https:\/\/azure.milexia.com\/es\/wp-json\/wp\/v2\/pages"}],"about":[{"href":"https:\/\/azure.milexia.com\/es\/wp-json\/wp\/v2\/types\/page"}],"author":[{"embeddable":true,"href":"https:\/\/azure.milexia.com\/es\/wp-json\/wp\/v2\/users\/5"}],"replies":[{"embeddable":true,"href":"https:\/\/azure.milexia.com\/es\/wp-json\/wp\/v2\/comments?post=801"}],"version-history":[{"count":0,"href":"https:\/\/azure.milexia.com\/es\/wp-json\/wp\/v2\/pages\/801\/revisions"}],"wp:featuredmedia":[{"embeddable":true,"href":"https:\/\/azure.milexia.com\/es\/wp-json\/wp\/v2\/media\/409"}],"wp:attachment":[{"href":"https:\/\/azure.milexia.com\/es\/wp-json\/wp\/v2\/media?parent=801"}],"curies":[{"name":"wp","href":"https:\/\/api.w.org\/{rel}","templated":true}]}}