{"id":18512,"date":"2023-04-01T16:51:02","date_gmt":"2023-04-01T14:51:02","guid":{"rendered":"https:\/\/milexia.com\/es\/?page_id=18512"},"modified":"2025-03-12T10:24:08","modified_gmt":"2025-03-12T09:24:08","slug":"requerimientos-generales-para-proveedores","status":"publish","type":"page","link":"https:\/\/azure.milexia.com\/es\/requerimientos-generales-para-proveedores\/","title":{"rendered":"Requerimientos Generales para Proveedores"},"content":{"rendered":"<p>Este documento debe considerarse como parte integral de la orden de compra emitida por MILEXIA; enumera y describe todas las condiciones generales que debe cumplir el proveedor.<\/p>\n<p>Estas condiciones de compra se aplicar\u00e1n a todos los suministros y servicios realizados por un Proveedor a MILEXIA, salvo que se disponga de otros acuerdos en vigor y\/o no sean de aplicaci\u00f3n.<\/p>\n<p>Si las condiciones comerciales del Proveedor contradicen nuestras condiciones generales, aquellas s\u00f3lo se aplicar\u00e1n cuando MILEXIA haya dado expl\u00edcitamente su consentimiento por escrito. La aceptaci\u00f3n de suministros o prestaciones de servicios e incluso su pago no significan ninguna aprobaci\u00f3n de los requerimientos generales para proveedores.<\/p>\n<ol>\n<li>Durante el periodo del suministro \/ contrato, el proveedor garantiza el est\u00e1ndar de calidad requerido, para el cual MILEXIA ha reconocido y aprobado dicho proveedor espec\u00edfico. El Proveedor informar\u00e1 a MILEXIA a su debido tiempo, de cualquier vencimiento o suspensi\u00f3n de las certificaciones \/ calificaciones de su Sistema de Calidad General.<\/li>\n<li>El proveedor tiene la responsabilidad de mantener una gesti\u00f3n eficiente de toda la documentaci\u00f3n t\u00e9cnica proporcionada por MILEXIA. El proveedor tambi\u00e9n debe garantizar una correcta gesti\u00f3n y control de la configuraci\u00f3n del producto relevante, y mantendr\u00e1 todos los registros debidos para garantizar la trazabilidad.<\/li>\n<li>El proveedor, si a\u00fan no lo ha desarrollado, implementar\u00e1 un sistema de gesti\u00f3n de calidad.<\/li>\n<li>El proveedor debe mantener todos los registros de calidad referidos al suministro a MILEXIA (producci\u00f3n y control), durante al menos 10 a\u00f1os a partir de la fecha de producci\u00f3n \/ suministro del producto (s), as\u00ed como de ensayos e inspecci\u00f3n, si procede.<\/li>\n<li>El proveedor notificar\u00e1 a MILEXIA de cualquier cambio en el proceso de producci\u00f3n, cambio de plantas de producci\u00f3n, etc., que pueda afectar la calidad y seguridad del producto (s).<\/li>\n<li>El suministro debe realizarse de acuerdo con la configuraci\u00f3n del producto requerida en la orden de compra. Cualquier cambio debe ser acordado y aprobado por MILEXIA por adelantado, y su aplicaci\u00f3n debe estar indicada en los documentos de env\u00edo.<\/li>\n<li>El proveedor debe informar a MILEXIA, a tiempo, de cualquier incumplimiento del producto. Cualquier producto que no cumpla con los requisitos podr\u00e1 enviarse a MILEXIA \u00fanicamente despu\u00e9s de la aceptaci\u00f3n formal por parte de MILEXIA; la eventual aceptaci\u00f3n de la no conformidad deber\u00e1 indicarse en los documentos de transporte.<\/li>\n<li>Cuando se solicite, el proveedor deber\u00e1 utilizar proveedores externos designados o aprobados por el cliente, incluidas las fuentes del proceso.<\/li>\n<li>El proveedor proporcionar\u00e1 certificados de conformidad o informes de ensayos, seg\u00fan sean de aplicaci\u00f3n.<\/li>\n<li>El proveedor no utilizar\u00e1 piezas sospechosas, no aprobadas y falsificadas.<\/li>\n<li>Cuando no se menciona claramente en el pedido, las especificaciones \/ regulaciones, o cualquier otra documentaci\u00f3n t\u00e9cnica mencionada en la orden de compra en s\u00ed, debe referirse a la \u00faltima revisi\u00f3n aplicable.<\/li>\n<li>El proveedor debe asegurarse de que el personal sea consciente de su contribuci\u00f3n a la conformidad y seguridad del producto y de la importancia del comportamiento \u00e9tico hacia todas las partes interesadas.<\/li>\n<li>Los productos deben embalarse de manera que est\u00e9n protegidos de cualquier da\u00f1o que resulte del transporte y la manipulaci\u00f3n.<\/li>\n<li>El proveedor debe garantizar el libre acceso a sus instalaciones, a los representantes de MILEXIA, al cliente de MILEXIA y a cualquier Autoridad Civil o Militar. Se enviar\u00e1 un aviso por escrito con antelaci\u00f3n.<\/li>\n<li>Nuestros proveedores deben desarrollar su actividad respetando los principios del Comercio \u00c9tico. Esto incluye la plena consideraci\u00f3n de los derechos humanos b\u00e1sicos, actuando de forma \u00e9tica y cumpliendo todos los requisitos legales b\u00e1sicos. Estos principios deben incluir los siguientes, aunque no se limitan a ellos:\n<ul>\n<li>El empleo es libremente elegido, no forzado, ni en r\u00e9gimen de servidumbre o involuntario.<\/li>\n<li>Las condiciones de trabajo son adecuadas a los requisitos nacionales de salud y seguridad; prevenci\u00f3n de riesgos laborales.<\/li>\n<li>No se recurre al trabajo infantil. Milexia Ib\u00e9rica y sus proveedores no contratar\u00e1n mano de obra infantil.<\/li>\n<li>Se pagan salarios dignos, iguales o superiores a los m\u00ednimos legales nacionales.<\/li>\n<li>Las horas de trabajo no deber\u00e1n ser excesivas de acuerdo con las normas legales nacionales.<\/li>\n<li>No se discriminar\u00e1 en la contrataci\u00f3n, remuneraci\u00f3n, formaci\u00f3n ni oportunidades por motivos de raza, nacionalidad, religi\u00f3n, edad, g\u00e9nero, discapacidad, estado civil, orientaci\u00f3n sexual o afiliaci\u00f3n pol\u00edtica.<\/li>\n<li>No se permitir\u00e1 ning\u00fan trato excesivo o inhumano, incluidas las amenazas f\u00edsicas, verbales y sexuales, el abuso, el acoso o la intimidaci\u00f3n.<\/li>\n<\/ul>\n<\/li>\n<li>MIB realiza anualmente la evaluaci\u00f3n de sus proveedores para garantizar el cumplimiento de los est\u00e1ndares de calidad y servicio establecidos. Para ello, se aplican los siguientes criterios de evaluaci\u00f3n:\n<ul>\n<li>Tasa de referencias con incidencias<\/li>\n<li>Tasa de incidencias con incidencias recurrentes<\/li>\n<li>Puntualidad en las entregas<\/li>\n<li>Servicio postventaEl incumplimiento de estos criterios podr\u00e1 derivar en la aplicaci\u00f3n de medidas correctivas.<\/li>\n<\/ul>\n<\/li>\n<li>En l\u00ednea con nuestro compromiso con la gesti\u00f3n ambiental y la implantaci\u00f3n de la norma ISO 14001, MIB requiere que sus proveedores adopten pr\u00e1cticas responsables que minimicen el impacto ambiental de sus actividades, productos y servicios.<br \/>\nPor ello, se espera que los proveedores:<\/p>\n<ul>\n<li>Cumplan con la normativa ambiental vigente aplicable a su sector.<\/li>\n<li>Promuevan el uso eficiente de los recursos naturales y la reducci\u00f3n de residuos.<\/li>\n<li>Gestionen adecuadamente los residuos generados en sus procesos.<\/li>\n<li>Eviten el uso de sustancias peligrosas que puedan afectar al medio ambiente.<\/li>\n<li>Colaboren con MIB en iniciativas de mejora ambiental cuando se les requieraEl incumplimiento de estos principios podr\u00e1 ser considerado en la evaluaci\u00f3n y continuidad de la relaci\u00f3n comercial.<\/li>\n<\/ul>\n<\/li>\n<\/ol>\n","protected":false},"excerpt":{"rendered":"<p>Este documento debe considerarse como parte integral de la orden de compra emitida por MILEXIA; enumera y describe todas las condiciones generales que debe cumplir el proveedor. Estas condiciones de compra se aplicar\u00e1n a todos los suministros y servicios realizados por un Proveedor a MILEXIA, salvo que se disponga de otros acuerdos en vigor y\/o [&hellip;]<\/p>\n","protected":false},"author":5,"featured_media":0,"parent":0,"menu_order":26,"comment_status":"closed","ping_status":"closed","template":"","meta":{"_acf_changed":false,"footnotes":""},"class_list":["post-18512","page","type-page","status-publish","hentry"],"acf":[],"yoast_head":"<!-- This site is optimized with the Yoast SEO Premium plugin v24.6 (Yoast SEO v27.2) - https:\/\/yoast.com\/product\/yoast-seo-premium-wordpress\/ -->\n<title>Requerimientos Generales para Proveedores<\/title>\n<meta name=\"description\" content=\"Este documento debe considerarse como parte integral de la orden de compra emitida por MILEXIA; enumera y describe todas las condiciones generales que\" \/>\n<meta name=\"robots\" content=\"noindex, follow, max-snippet:-1, max-image-preview:large, max-video-preview:-1\" \/>\n<meta property=\"og:locale\" content=\"en_GB\" \/>\n<meta property=\"og:type\" content=\"article\" \/>\n<meta property=\"og:title\" content=\"Requerimientos Generales para Proveedores\" \/>\n<meta property=\"og:description\" content=\"Este documento debe considerarse como parte integral de la orden de compra emitida por MILEXIA; enumera y describe todas las condiciones generales que\" \/>\n<meta property=\"og:url\" content=\"https:\/\/azure.milexia.com\/es\/requerimientos-generales-para-proveedores\/\" \/>\n<meta property=\"og:site_name\" content=\"Milexia Ib\u00e9rica\" \/>\n<meta property=\"article:modified_time\" content=\"2025-03-12T09:24:08+00:00\" \/>\n<meta name=\"twitter:card\" content=\"summary_large_image\" \/>\n<meta name=\"twitter:label1\" content=\"Estimated reading time\" \/>\n\t<meta name=\"twitter:data1\" content=\"4 minutes\" \/>\n<script type=\"application\/ld+json\" class=\"yoast-schema-graph\">{\"@context\":\"https:\/\/schema.org\",\"@graph\":[{\"@type\":\"WebPage\",\"@id\":\"https:\/\/azure.milexia.com\/es\/requerimientos-generales-para-proveedores\/\",\"url\":\"https:\/\/azure.milexia.com\/es\/requerimientos-generales-para-proveedores\/\",\"name\":\"Requerimientos Generales para Proveedores\",\"isPartOf\":{\"@id\":\"https:\/\/azure.milexia.com\/es\/#website\"},\"datePublished\":\"2023-04-01T14:51:02+00:00\",\"dateModified\":\"2025-03-12T09:24:08+00:00\",\"description\":\"Este documento debe considerarse como parte integral de la orden de compra emitida por MILEXIA; enumera y describe todas las condiciones generales que\",\"breadcrumb\":{\"@id\":\"https:\/\/azure.milexia.com\/es\/requerimientos-generales-para-proveedores\/#breadcrumb\"},\"inLanguage\":\"en-GB\",\"potentialAction\":[{\"@type\":\"ReadAction\",\"target\":[\"https:\/\/azure.milexia.com\/es\/requerimientos-generales-para-proveedores\/\"]}]},{\"@type\":\"BreadcrumbList\",\"@id\":\"https:\/\/azure.milexia.com\/es\/requerimientos-generales-para-proveedores\/#breadcrumb\",\"itemListElement\":[{\"@type\":\"ListItem\",\"position\":1,\"name\":\"Home\",\"item\":\"https:\/\/azure.milexia.com\/es\/\"},{\"@type\":\"ListItem\",\"position\":2,\"name\":\"Requerimientos Generales para Proveedores\"}]},{\"@type\":\"WebSite\",\"@id\":\"https:\/\/azure.milexia.com\/es\/#website\",\"url\":\"https:\/\/azure.milexia.com\/es\/\",\"name\":\"Milexia Ib\u00e9rica\",\"description\":\"Facilitando el acceso a la tecnolog\u00eda\",\"potentialAction\":[{\"@type\":\"SearchAction\",\"target\":{\"@type\":\"EntryPoint\",\"urlTemplate\":\"https:\/\/azure.milexia.com\/es\/?s={search_term_string}\"},\"query-input\":{\"@type\":\"PropertyValueSpecification\",\"valueRequired\":true,\"valueName\":\"search_term_string\"}}],\"inLanguage\":\"en-GB\"}]}<\/script>\n<!-- \/ Yoast SEO Premium plugin. -->","yoast_head_json":{"title":"Requerimientos Generales para Proveedores","description":"Este documento debe considerarse como parte integral de la orden de compra emitida por MILEXIA; enumera y describe todas las condiciones generales que","robots":{"index":"noindex","follow":"follow","max-snippet":"max-snippet:-1","max-image-preview":"max-image-preview:large","max-video-preview":"max-video-preview:-1"},"og_locale":"en_GB","og_type":"article","og_title":"Requerimientos Generales para Proveedores","og_description":"Este documento debe considerarse como parte integral de la orden de compra emitida por MILEXIA; enumera y describe todas las condiciones generales que","og_url":"https:\/\/azure.milexia.com\/es\/requerimientos-generales-para-proveedores\/","og_site_name":"Milexia Ib\u00e9rica","article_modified_time":"2025-03-12T09:24:08+00:00","twitter_card":"summary_large_image","twitter_misc":{"Estimated reading time":"4 minutes"},"schema":{"@context":"https:\/\/schema.org","@graph":[{"@type":"WebPage","@id":"https:\/\/azure.milexia.com\/es\/requerimientos-generales-para-proveedores\/","url":"https:\/\/azure.milexia.com\/es\/requerimientos-generales-para-proveedores\/","name":"Requerimientos Generales para Proveedores","isPartOf":{"@id":"https:\/\/azure.milexia.com\/es\/#website"},"datePublished":"2023-04-01T14:51:02+00:00","dateModified":"2025-03-12T09:24:08+00:00","description":"Este documento debe considerarse como parte integral de la orden de compra emitida por MILEXIA; enumera y describe todas las condiciones generales que","breadcrumb":{"@id":"https:\/\/azure.milexia.com\/es\/requerimientos-generales-para-proveedores\/#breadcrumb"},"inLanguage":"en-GB","potentialAction":[{"@type":"ReadAction","target":["https:\/\/azure.milexia.com\/es\/requerimientos-generales-para-proveedores\/"]}]},{"@type":"BreadcrumbList","@id":"https:\/\/azure.milexia.com\/es\/requerimientos-generales-para-proveedores\/#breadcrumb","itemListElement":[{"@type":"ListItem","position":1,"name":"Home","item":"https:\/\/azure.milexia.com\/es\/"},{"@type":"ListItem","position":2,"name":"Requerimientos Generales para Proveedores"}]},{"@type":"WebSite","@id":"https:\/\/azure.milexia.com\/es\/#website","url":"https:\/\/azure.milexia.com\/es\/","name":"Milexia Ib\u00e9rica","description":"Facilitando el acceso a la tecnolog\u00eda","potentialAction":[{"@type":"SearchAction","target":{"@type":"EntryPoint","urlTemplate":"https:\/\/azure.milexia.com\/es\/?s={search_term_string}"},"query-input":{"@type":"PropertyValueSpecification","valueRequired":true,"valueName":"search_term_string"}}],"inLanguage":"en-GB"}]}},"lang":"es","translations":{"es":18512,"en":18514},"pll_sync_post":[],"_links":{"self":[{"href":"https:\/\/azure.milexia.com\/es\/wp-json\/wp\/v2\/pages\/18512","targetHints":{"allow":["GET"]}}],"collection":[{"href":"https:\/\/azure.milexia.com\/es\/wp-json\/wp\/v2\/pages"}],"about":[{"href":"https:\/\/azure.milexia.com\/es\/wp-json\/wp\/v2\/types\/page"}],"author":[{"embeddable":true,"href":"https:\/\/azure.milexia.com\/es\/wp-json\/wp\/v2\/users\/5"}],"replies":[{"embeddable":true,"href":"https:\/\/azure.milexia.com\/es\/wp-json\/wp\/v2\/comments?post=18512"}],"version-history":[{"count":0,"href":"https:\/\/azure.milexia.com\/es\/wp-json\/wp\/v2\/pages\/18512\/revisions"}],"wp:attachment":[{"href":"https:\/\/azure.milexia.com\/es\/wp-json\/wp\/v2\/media?parent=18512"}],"curies":[{"name":"wp","href":"https:\/\/api.w.org\/{rel}","templated":true}]}}