{"id":15,"date":"2022-03-03T09:05:18","date_gmt":"2022-03-03T08:05:18","guid":{"rendered":"https:\/\/milexia.com.marcom-test.net\/es\/?page_id=6"},"modified":"2025-10-29T11:07:20","modified_gmt":"2025-10-29T10:07:20","slug":"espanol","status":"publish","type":"page","link":"https:\/\/azure.milexia.com\/es\/espanol\/","title":{"rendered":"Milexia Ib\u00e9rica"},"content":{"rendered":"<h2>Fundada en 1997, Milexia Ib\u00e9rica es una <b>empresa distribuidora de valor a\u00f1adido<\/b>, especializada en\u00a0componentes y sistemas de RF y Microondas, Energ\u00eda y Electromec\u00e1nica para las industrias electr\u00f3nicas en Espa\u00f1a y Portugal.<\/h2>\n<p>Milexia Ib\u00e9rica comenz\u00f3 como empresa de adquisici\u00f3n especializada en los mercados de defensa, aeroespacial y telecomunicaciones.\u00a0 Comenz\u00f3 su actividad como canal autorizado de componentes de radiofrecuencia y microondas en el a\u00f1o 2000.<\/p>\n","protected":false},"excerpt":{"rendered":"<p>Fundada en 1997, Milexia Ib\u00e9rica es una empresa distribuidora de valor a\u00f1adido, especializada en\u00a0componentes y sistemas de RF y Microondas, Energ\u00eda y Electromec\u00e1nica para las industrias electr\u00f3nicas en Espa\u00f1a y Portugal. Milexia Ib\u00e9rica comenz\u00f3 como empresa de adquisici\u00f3n especializada en los mercados de defensa, aeroespacial y telecomunicaciones.\u00a0 Comenz\u00f3 su actividad como canal autorizado de componentes [&hellip;]<\/p>\n","protected":false},"author":5,"featured_media":504,"parent":0,"menu_order":5,"comment_status":"closed","ping_status":"closed","template":"page-templates\/page-home-r.php","meta":{"_acf_changed":false,"footnotes":""},"class_list":["post-15","page","type-page","status-publish","has-post-thumbnail","hentry"],"acf":[],"yoast_head":"<!-- This site is optimized with the Yoast SEO Premium plugin v24.6 (Yoast SEO v27.2) - https:\/\/yoast.com\/product\/yoast-seo-premium-wordpress\/ -->\n<title>Facilitando el acceso a la tecnolog\u00eda | Milexia Ib\u00e9rica<\/title>\n<meta name=\"description\" content=\"No importa qu\u00e9 necesidad de tecnolog\u00eda presente: Milexia Ib\u00e9rica puede ofrecerle la mejor soluci\u00f3n y sin estr\u00e9s. Descubra nuestra gama de servicios.\" \/>\n<meta name=\"robots\" content=\"noindex, follow, max-snippet:-1, max-image-preview:large, max-video-preview:-1\" \/>\n<meta property=\"og:locale\" content=\"en_GB\" \/>\n<meta property=\"og:type\" content=\"article\" \/>\n<meta property=\"og:title\" content=\"Milexia Ib\u00e9rica\" \/>\n<meta property=\"og:description\" content=\"No importa qu\u00e9 necesidad de tecnolog\u00eda presente: Milexia Ib\u00e9rica puede ofrecerle la mejor soluci\u00f3n y sin estr\u00e9s. Descubra nuestra gama de servicios.\" \/>\n<meta property=\"og:url\" content=\"https:\/\/azure.milexia.com\/es\/espanol\/\" \/>\n<meta property=\"og:site_name\" content=\"Milexia Ib\u00e9rica\" \/>\n<meta property=\"article:modified_time\" content=\"2025-10-29T10:07:20+00:00\" \/>\n<meta property=\"og:image\" content=\"https:\/\/azure.milexia.com\/wp-content\/uploads\/sites\/4\/2022\/06\/featured-home-europe-at-night-scaled.jpg\" \/>\n\t<meta property=\"og:image:width\" content=\"2560\" \/>\n\t<meta property=\"og:image:height\" content=\"955\" \/>\n\t<meta property=\"og:image:type\" content=\"image\/jpeg\" \/>\n<meta name=\"twitter:card\" content=\"summary_large_image\" \/>\n<meta name=\"twitter:label1\" content=\"Estimated reading time\" \/>\n\t<meta name=\"twitter:data1\" content=\"4 minutes\" \/>\n<script type=\"application\/ld+json\" class=\"yoast-schema-graph\">{\"@context\":\"https:\/\/schema.org\",\"@graph\":[{\"@type\":\"WebPage\",\"@id\":\"https:\/\/azure.milexia.com\/es\/espanol\/\",\"url\":\"https:\/\/azure.milexia.com\/es\/espanol\/\",\"name\":\"Facilitando el acceso a la tecnolog\u00eda | Milexia Ib\u00e9rica\",\"isPartOf\":{\"@id\":\"https:\/\/azure.milexia.com\/es\/#website\"},\"primaryImageOfPage\":{\"@id\":\"https:\/\/azure.milexia.com\/es\/espanol\/#primaryimage\"},\"image\":{\"@id\":\"https:\/\/azure.milexia.com\/es\/espanol\/#primaryimage\"},\"thumbnailUrl\":\"\/wp-content\/uploads\/sites\/4\/2022\/06\/featured-home-europe-at-night-scaled.jpg\",\"datePublished\":\"2022-03-03T08:05:18+00:00\",\"dateModified\":\"2025-10-29T10:07:20+00:00\",\"description\":\"No importa qu\u00e9 necesidad de tecnolog\u00eda presente: Milexia Ib\u00e9rica puede ofrecerle la mejor soluci\u00f3n y sin estr\u00e9s. Descubra nuestra gama de servicios.\",\"breadcrumb\":{\"@id\":\"https:\/\/azure.milexia.com\/es\/espanol\/#breadcrumb\"},\"inLanguage\":\"en-GB\",\"potentialAction\":[{\"@type\":\"ReadAction\",\"target\":[\"https:\/\/azure.milexia.com\/es\/espanol\/\"]}]},{\"@type\":\"ImageObject\",\"inLanguage\":\"en-GB\",\"@id\":\"https:\/\/azure.milexia.com\/es\/espanol\/#primaryimage\",\"url\":\"\/wp-content\/uploads\/sites\/4\/2022\/06\/featured-home-europe-at-night-scaled.jpg\",\"contentUrl\":\"\/wp-content\/uploads\/sites\/4\/2022\/06\/featured-home-europe-at-night-scaled.jpg\",\"width\":2560,\"height\":955},{\"@type\":\"BreadcrumbList\",\"@id\":\"https:\/\/azure.milexia.com\/es\/espanol\/#breadcrumb\",\"itemListElement\":[{\"@type\":\"ListItem\",\"position\":1,\"name\":\"Home\",\"item\":\"https:\/\/azure.milexia.com\/es\/\"},{\"@type\":\"ListItem\",\"position\":2,\"name\":\"Milexia Ib\u00e9rica\"}]},{\"@type\":\"WebSite\",\"@id\":\"https:\/\/azure.milexia.com\/es\/#website\",\"url\":\"https:\/\/azure.milexia.com\/es\/\",\"name\":\"Milexia Ib\u00e9rica\",\"description\":\"Facilitando el acceso a la tecnolog\u00eda\",\"potentialAction\":[{\"@type\":\"SearchAction\",\"target\":{\"@type\":\"EntryPoint\",\"urlTemplate\":\"https:\/\/azure.milexia.com\/es\/?s={search_term_string}\"},\"query-input\":{\"@type\":\"PropertyValueSpecification\",\"valueRequired\":true,\"valueName\":\"search_term_string\"}}],\"inLanguage\":\"en-GB\"}]}<\/script>\n<!-- \/ Yoast SEO Premium plugin. -->","yoast_head_json":{"title":"Facilitando el acceso a la tecnolog\u00eda | Milexia Ib\u00e9rica","description":"No importa qu\u00e9 necesidad de tecnolog\u00eda presente: Milexia Ib\u00e9rica puede ofrecerle la mejor soluci\u00f3n y sin estr\u00e9s. Descubra nuestra gama de servicios.","robots":{"index":"noindex","follow":"follow","max-snippet":"max-snippet:-1","max-image-preview":"max-image-preview:large","max-video-preview":"max-video-preview:-1"},"og_locale":"en_GB","og_type":"article","og_title":"Milexia Ib\u00e9rica","og_description":"No importa qu\u00e9 necesidad de tecnolog\u00eda presente: Milexia Ib\u00e9rica puede ofrecerle la mejor soluci\u00f3n y sin estr\u00e9s. Descubra nuestra gama de servicios.","og_url":"https:\/\/azure.milexia.com\/es\/espanol\/","og_site_name":"Milexia Ib\u00e9rica","article_modified_time":"2025-10-29T10:07:20+00:00","og_image":[{"width":2560,"height":955,"url":"https:\/\/azure.milexia.com\/wp-content\/uploads\/sites\/4\/2022\/06\/featured-home-europe-at-night-scaled.jpg","type":"image\/jpeg"}],"twitter_card":"summary_large_image","twitter_misc":{"Estimated reading time":"4 minutes"},"schema":{"@context":"https:\/\/schema.org","@graph":[{"@type":"WebPage","@id":"https:\/\/azure.milexia.com\/es\/espanol\/","url":"https:\/\/azure.milexia.com\/es\/espanol\/","name":"Facilitando el acceso a la tecnolog\u00eda | Milexia Ib\u00e9rica","isPartOf":{"@id":"https:\/\/azure.milexia.com\/es\/#website"},"primaryImageOfPage":{"@id":"https:\/\/azure.milexia.com\/es\/espanol\/#primaryimage"},"image":{"@id":"https:\/\/azure.milexia.com\/es\/espanol\/#primaryimage"},"thumbnailUrl":"\/wp-content\/uploads\/sites\/4\/2022\/06\/featured-home-europe-at-night-scaled.jpg","datePublished":"2022-03-03T08:05:18+00:00","dateModified":"2025-10-29T10:07:20+00:00","description":"No importa qu\u00e9 necesidad de tecnolog\u00eda presente: Milexia Ib\u00e9rica puede ofrecerle la mejor soluci\u00f3n y sin estr\u00e9s. Descubra nuestra gama de servicios.","breadcrumb":{"@id":"https:\/\/azure.milexia.com\/es\/espanol\/#breadcrumb"},"inLanguage":"en-GB","potentialAction":[{"@type":"ReadAction","target":["https:\/\/azure.milexia.com\/es\/espanol\/"]}]},{"@type":"ImageObject","inLanguage":"en-GB","@id":"https:\/\/azure.milexia.com\/es\/espanol\/#primaryimage","url":"\/wp-content\/uploads\/sites\/4\/2022\/06\/featured-home-europe-at-night-scaled.jpg","contentUrl":"\/wp-content\/uploads\/sites\/4\/2022\/06\/featured-home-europe-at-night-scaled.jpg","width":2560,"height":955},{"@type":"BreadcrumbList","@id":"https:\/\/azure.milexia.com\/es\/espanol\/#breadcrumb","itemListElement":[{"@type":"ListItem","position":1,"name":"Home","item":"https:\/\/azure.milexia.com\/es\/"},{"@type":"ListItem","position":2,"name":"Milexia Ib\u00e9rica"}]},{"@type":"WebSite","@id":"https:\/\/azure.milexia.com\/es\/#website","url":"https:\/\/azure.milexia.com\/es\/","name":"Milexia Ib\u00e9rica","description":"Facilitando el acceso a la tecnolog\u00eda","potentialAction":[{"@type":"SearchAction","target":{"@type":"EntryPoint","urlTemplate":"https:\/\/azure.milexia.com\/es\/?s={search_term_string}"},"query-input":{"@type":"PropertyValueSpecification","valueRequired":true,"valueName":"search_term_string"}}],"inLanguage":"en-GB"}]}},"lang":"es","translations":{"es":15,"en":6},"pll_sync_post":[],"_links":{"self":[{"href":"https:\/\/azure.milexia.com\/es\/wp-json\/wp\/v2\/pages\/15","targetHints":{"allow":["GET"]}}],"collection":[{"href":"https:\/\/azure.milexia.com\/es\/wp-json\/wp\/v2\/pages"}],"about":[{"href":"https:\/\/azure.milexia.com\/es\/wp-json\/wp\/v2\/types\/page"}],"author":[{"embeddable":true,"href":"https:\/\/azure.milexia.com\/es\/wp-json\/wp\/v2\/users\/5"}],"replies":[{"embeddable":true,"href":"https:\/\/azure.milexia.com\/es\/wp-json\/wp\/v2\/comments?post=15"}],"version-history":[{"count":0,"href":"https:\/\/azure.milexia.com\/es\/wp-json\/wp\/v2\/pages\/15\/revisions"}],"wp:featuredmedia":[{"embeddable":true,"href":"https:\/\/azure.milexia.com\/es\/wp-json\/wp\/v2\/media\/504"}],"wp:attachment":[{"href":"https:\/\/azure.milexia.com\/es\/wp-json\/wp\/v2\/media?parent=15"}],"curies":[{"name":"wp","href":"https:\/\/api.w.org\/{rel}","templated":true}]}}