{"id":787,"date":"2022-08-23T10:20:16","date_gmt":"2022-08-23T09:20:16","guid":{"rendered":"https:\/\/milexia.com.marcom-test.net\/de\/?page_id=787"},"modified":"2026-03-17T11:27:23","modified_gmt":"2026-03-17T10:27:23","slug":"wartung-de","status":"publish","type":"page","link":"https:\/\/azure.milexia.com\/de\/wartung-de\/","title":{"rendered":"Wartung in Deutschland"},"content":{"rendered":"<h2>Unser komplettes <strong>Reparatur<\/strong>&#8211; und <strong>Wartungspaket<\/strong><\/h2>\n<p>Wenn Systeme und Software nicht planm\u00e4\u00dfig laufen, m\u00fcssen wir die Situation schnell erfassen und daf\u00fcr sorgen, dass sie zum fr\u00fchestm\u00f6glichen Zeitpunkt wieder einsatzbereit sind. Unsere hervorragend ausgebildeten Techniker haben von unseren zahlreichen Partnern eine umfassende Ausbildung erhalten, um schnelle Reparaturen und Abwicklungen zu gew\u00e4hrleisten.<\/p>\n","protected":false},"excerpt":{"rendered":"<p>Unser komplettes Reparatur&#8211; und Wartungspaket Wenn Systeme und Software nicht planm\u00e4\u00dfig laufen, m\u00fcssen wir die Situation schnell erfassen und daf\u00fcr sorgen, dass sie zum fr\u00fchestm\u00f6glichen Zeitpunkt wieder einsatzbereit sind. Unsere hervorragend ausgebildeten Techniker haben von unseren zahlreichen Partnern eine umfassende Ausbildung erhalten, um schnelle Reparaturen und Abwicklungen zu gew\u00e4hrleisten.<\/p>\n","protected":false},"author":5,"featured_media":1028,"parent":0,"menu_order":14,"comment_status":"closed","ping_status":"closed","template":"page-templates\/page-home-r.php","meta":{"_acf_changed":false,"footnotes":""},"class_list":["post-787","page","type-page","status-publish","has-post-thumbnail","hentry"],"acf":[],"yoast_head":"<!-- This site is optimized with the Yoast SEO Premium plugin v24.6 (Yoast SEO v27.2) - https:\/\/yoast.com\/product\/yoast-seo-premium-wordpress\/ -->\n<title>Reparatur\u2013 und Wartungspaket | Milexia Deutschland<\/title>\n<meta name=\"description\" content=\"Lassen Sie Ihre Technologie schnell von unserem hochqualifizierten Team aus vertrauensw\u00fcrdigen Technikern und Experten reparieren.\" \/>\n<meta name=\"robots\" content=\"noindex, follow, max-snippet:-1, max-image-preview:large, max-video-preview:-1\" \/>\n<meta property=\"og:locale\" content=\"en_GB\" \/>\n<meta property=\"og:type\" content=\"article\" \/>\n<meta property=\"og:title\" content=\"Wartung in Deutschland\" \/>\n<meta property=\"og:description\" content=\"Lassen Sie Ihre Technologie schnell von unserem hochqualifizierten Team aus vertrauensw\u00fcrdigen Technikern und Experten reparieren.\" \/>\n<meta property=\"og:url\" content=\"https:\/\/azure.milexia.com\/de\/wartung-de\/\" \/>\n<meta property=\"og:site_name\" content=\"Milexia Deutschland\" \/>\n<meta property=\"article:modified_time\" content=\"2026-03-17T10:27:23+00:00\" \/>\n<meta property=\"og:image\" content=\"https:\/\/azure.milexia.com\/wp-content\/uploads\/sites\/5\/2022\/09\/maintenance-header.jpeg\" \/>\n\t<meta property=\"og:image:width\" content=\"2560\" \/>\n\t<meta property=\"og:image:height\" content=\"955\" \/>\n\t<meta property=\"og:image:type\" content=\"image\/jpeg\" \/>\n<meta name=\"twitter:card\" content=\"summary_large_image\" \/>\n<meta name=\"twitter:label1\" content=\"Estimated reading time\" \/>\n\t<meta name=\"twitter:data1\" content=\"3 minutes\" \/>\n<script type=\"application\/ld+json\" class=\"yoast-schema-graph\">{\"@context\":\"https:\/\/schema.org\",\"@graph\":[{\"@type\":\"WebPage\",\"@id\":\"https:\/\/azure.milexia.com\/de\/wartung-de\/\",\"url\":\"https:\/\/azure.milexia.com\/de\/wartung-de\/\",\"name\":\"Reparatur\u2013 und Wartungspaket | Milexia Deutschland\",\"isPartOf\":{\"@id\":\"https:\/\/azure.milexia.com\/de\/#website\"},\"primaryImageOfPage\":{\"@id\":\"https:\/\/azure.milexia.com\/de\/wartung-de\/#primaryimage\"},\"image\":{\"@id\":\"https:\/\/azure.milexia.com\/de\/wartung-de\/#primaryimage\"},\"thumbnailUrl\":\"\/wp-content\/uploads\/sites\/5\/2022\/09\/maintenance-header.jpeg\",\"datePublished\":\"2022-08-23T09:20:16+00:00\",\"dateModified\":\"2026-03-17T10:27:23+00:00\",\"description\":\"Lassen Sie Ihre Technologie schnell von unserem hochqualifizierten Team aus vertrauensw\u00fcrdigen Technikern und Experten reparieren.\",\"breadcrumb\":{\"@id\":\"https:\/\/azure.milexia.com\/de\/wartung-de\/#breadcrumb\"},\"inLanguage\":\"en-GB\",\"potentialAction\":[{\"@type\":\"ReadAction\",\"target\":[\"https:\/\/azure.milexia.com\/de\/wartung-de\/\"]}]},{\"@type\":\"ImageObject\",\"inLanguage\":\"en-GB\",\"@id\":\"https:\/\/azure.milexia.com\/de\/wartung-de\/#primaryimage\",\"url\":\"\/wp-content\/uploads\/sites\/5\/2022\/09\/maintenance-header.jpeg\",\"contentUrl\":\"\/wp-content\/uploads\/sites\/5\/2022\/09\/maintenance-header.jpeg\",\"width\":2560,\"height\":955},{\"@type\":\"BreadcrumbList\",\"@id\":\"https:\/\/azure.milexia.com\/de\/wartung-de\/#breadcrumb\",\"itemListElement\":[{\"@type\":\"ListItem\",\"position\":1,\"name\":\"Home\",\"item\":\"https:\/\/azure.milexia.com\/de\/\"},{\"@type\":\"ListItem\",\"position\":2,\"name\":\"Wartung in Deutschland\"}]},{\"@type\":\"WebSite\",\"@id\":\"https:\/\/azure.milexia.com\/de\/#website\",\"url\":\"https:\/\/azure.milexia.com\/de\/\",\"name\":\"Milexia Deutschland\",\"description\":\"Zugang zu Technologie vereinfachen\",\"potentialAction\":[{\"@type\":\"SearchAction\",\"target\":{\"@type\":\"EntryPoint\",\"urlTemplate\":\"https:\/\/azure.milexia.com\/de\/?s={search_term_string}\"},\"query-input\":{\"@type\":\"PropertyValueSpecification\",\"valueRequired\":true,\"valueName\":\"search_term_string\"}}],\"inLanguage\":\"en-GB\"}]}<\/script>\n<!-- \/ Yoast SEO Premium plugin. -->","yoast_head_json":{"title":"Reparatur\u2013 und Wartungspaket | Milexia Deutschland","description":"Lassen Sie Ihre Technologie schnell von unserem hochqualifizierten Team aus vertrauensw\u00fcrdigen Technikern und Experten reparieren.","robots":{"index":"noindex","follow":"follow","max-snippet":"max-snippet:-1","max-image-preview":"max-image-preview:large","max-video-preview":"max-video-preview:-1"},"og_locale":"en_GB","og_type":"article","og_title":"Wartung in Deutschland","og_description":"Lassen Sie Ihre Technologie schnell von unserem hochqualifizierten Team aus vertrauensw\u00fcrdigen Technikern und Experten reparieren.","og_url":"https:\/\/azure.milexia.com\/de\/wartung-de\/","og_site_name":"Milexia Deutschland","article_modified_time":"2026-03-17T10:27:23+00:00","og_image":[{"width":2560,"height":955,"url":"https:\/\/azure.milexia.com\/wp-content\/uploads\/sites\/5\/2022\/09\/maintenance-header.jpeg","type":"image\/jpeg"}],"twitter_card":"summary_large_image","twitter_misc":{"Estimated reading time":"3 minutes"},"schema":{"@context":"https:\/\/schema.org","@graph":[{"@type":"WebPage","@id":"https:\/\/azure.milexia.com\/de\/wartung-de\/","url":"https:\/\/azure.milexia.com\/de\/wartung-de\/","name":"Reparatur\u2013 und Wartungspaket | Milexia Deutschland","isPartOf":{"@id":"https:\/\/azure.milexia.com\/de\/#website"},"primaryImageOfPage":{"@id":"https:\/\/azure.milexia.com\/de\/wartung-de\/#primaryimage"},"image":{"@id":"https:\/\/azure.milexia.com\/de\/wartung-de\/#primaryimage"},"thumbnailUrl":"\/wp-content\/uploads\/sites\/5\/2022\/09\/maintenance-header.jpeg","datePublished":"2022-08-23T09:20:16+00:00","dateModified":"2026-03-17T10:27:23+00:00","description":"Lassen Sie Ihre Technologie schnell von unserem hochqualifizierten Team aus vertrauensw\u00fcrdigen Technikern und Experten reparieren.","breadcrumb":{"@id":"https:\/\/azure.milexia.com\/de\/wartung-de\/#breadcrumb"},"inLanguage":"en-GB","potentialAction":[{"@type":"ReadAction","target":["https:\/\/azure.milexia.com\/de\/wartung-de\/"]}]},{"@type":"ImageObject","inLanguage":"en-GB","@id":"https:\/\/azure.milexia.com\/de\/wartung-de\/#primaryimage","url":"\/wp-content\/uploads\/sites\/5\/2022\/09\/maintenance-header.jpeg","contentUrl":"\/wp-content\/uploads\/sites\/5\/2022\/09\/maintenance-header.jpeg","width":2560,"height":955},{"@type":"BreadcrumbList","@id":"https:\/\/azure.milexia.com\/de\/wartung-de\/#breadcrumb","itemListElement":[{"@type":"ListItem","position":1,"name":"Home","item":"https:\/\/azure.milexia.com\/de\/"},{"@type":"ListItem","position":2,"name":"Wartung in Deutschland"}]},{"@type":"WebSite","@id":"https:\/\/azure.milexia.com\/de\/#website","url":"https:\/\/azure.milexia.com\/de\/","name":"Milexia Deutschland","description":"Zugang zu Technologie vereinfachen","potentialAction":[{"@type":"SearchAction","target":{"@type":"EntryPoint","urlTemplate":"https:\/\/azure.milexia.com\/de\/?s={search_term_string}"},"query-input":{"@type":"PropertyValueSpecification","valueRequired":true,"valueName":"search_term_string"}}],"inLanguage":"en-GB"}]}},"lang":"de","translations":{"de":787,"en":743},"pll_sync_post":[],"_links":{"self":[{"href":"https:\/\/azure.milexia.com\/de\/wp-json\/wp\/v2\/pages\/787","targetHints":{"allow":["GET"]}}],"collection":[{"href":"https:\/\/azure.milexia.com\/de\/wp-json\/wp\/v2\/pages"}],"about":[{"href":"https:\/\/azure.milexia.com\/de\/wp-json\/wp\/v2\/types\/page"}],"author":[{"embeddable":true,"href":"https:\/\/azure.milexia.com\/de\/wp-json\/wp\/v2\/users\/5"}],"replies":[{"embeddable":true,"href":"https:\/\/azure.milexia.com\/de\/wp-json\/wp\/v2\/comments?post=787"}],"version-history":[{"count":1,"href":"https:\/\/azure.milexia.com\/de\/wp-json\/wp\/v2\/pages\/787\/revisions"}],"predecessor-version":[{"id":22353,"href":"https:\/\/azure.milexia.com\/de\/wp-json\/wp\/v2\/pages\/787\/revisions\/22353"}],"wp:featuredmedia":[{"embeddable":true,"href":"https:\/\/azure.milexia.com\/de\/wp-json\/wp\/v2\/media\/1028"}],"wp:attachment":[{"href":"https:\/\/azure.milexia.com\/de\/wp-json\/wp\/v2\/media?parent=787"}],"curies":[{"name":"wp","href":"https:\/\/api.w.org\/{rel}","templated":true}]}}