{"id":785,"date":"2022-08-23T10:19:52","date_gmt":"2022-08-23T09:19:52","guid":{"rendered":"https:\/\/milexia.com.marcom-test.net\/de\/?page_id=785"},"modified":"2024-01-18T09:44:46","modified_gmt":"2024-01-18T08:44:46","slug":"careers","status":"publish","type":"page","link":"https:\/\/azure.milexia.com\/de\/uber-milexia-deutschland\/careers\/","title":{"rendered":"Karriere in Deutschland"},"content":{"rendered":"<h2>Entdecken Sie noch heute die <strong>Stellenangebote<\/strong> bei Milexia Deutschland<\/h2>\n<p>Wir sind branchen\u00fcbergreifend t\u00e4tig und bieten Unternehmen die perfekten Produkte und ma\u00dfgeschneiderten L\u00f6sungen f\u00fcr ihre technologischen Anforderungen. Hier finden Sie alle Stellenangebote, f\u00fcr die wir derzeit rekrutieren.<\/p>\n","protected":false},"excerpt":{"rendered":"<p>Entdecken Sie noch heute die Stellenangebote bei Milexia Deutschland Wir sind branchen\u00fcbergreifend t\u00e4tig und bieten Unternehmen die perfekten Produkte und ma\u00dfgeschneiderten L\u00f6sungen f\u00fcr ihre technologischen Anforderungen. Hier finden Sie alle Stellenangebote, f\u00fcr die wir derzeit rekrutieren.<\/p>\n","protected":false},"author":5,"featured_media":742,"parent":779,"menu_order":12,"comment_status":"closed","ping_status":"closed","template":"page-templates\/page-careers.php","meta":{"_acf_changed":false,"footnotes":""},"class_list":["post-785","page","type-page","status-publish","has-post-thumbnail","hentry"],"acf":[],"yoast_head":"<!-- This site is optimized with the Yoast SEO Premium plugin v24.6 (Yoast SEO v27.2) - https:\/\/yoast.com\/product\/yoast-seo-premium-wordpress\/ -->\n<title>Karriere in Deutschland | Milexia Deutschland<\/title>\n<meta name=\"description\" content=\"Starten Sie Ihre Karriere oder entdecken Sie aufregende neue M\u00f6glichkeiten, indem Sie sich unserem Team hier bei Milexia anschlie\u00dfen.\" \/>\n<meta name=\"robots\" content=\"noindex, follow, max-snippet:-1, max-image-preview:large, max-video-preview:-1\" \/>\n<meta property=\"og:locale\" content=\"en_GB\" \/>\n<meta property=\"og:type\" content=\"article\" \/>\n<meta property=\"og:title\" content=\"Karriere in Deutschland\" \/>\n<meta property=\"og:description\" content=\"Starten Sie Ihre Karriere oder entdecken Sie aufregende neue M\u00f6glichkeiten, indem Sie sich unserem Team hier bei Milexia anschlie\u00dfen.\" \/>\n<meta property=\"og:url\" content=\"https:\/\/azure.milexia.com\/de\/uber-milexia-deutschland\/careers\/\" \/>\n<meta property=\"og:site_name\" content=\"Milexia Deutschland\" \/>\n<meta property=\"article:modified_time\" content=\"2024-01-18T08:44:46+00:00\" \/>\n<meta property=\"og:image\" content=\"https:\/\/azure.milexia.com\/wp-content\/uploads\/sites\/5\/2022\/08\/featured-background-careers-uk-300x112-1.jpg\" \/>\n\t<meta property=\"og:image:width\" content=\"300\" \/>\n\t<meta property=\"og:image:height\" content=\"112\" \/>\n\t<meta property=\"og:image:type\" content=\"image\/jpeg\" \/>\n<meta name=\"twitter:card\" content=\"summary_large_image\" \/>\n<meta name=\"twitter:label1\" content=\"Estimated reading time\" \/>\n\t<meta name=\"twitter:data1\" content=\"2 minutes\" \/>\n<script type=\"application\/ld+json\" class=\"yoast-schema-graph\">{\"@context\":\"https:\/\/schema.org\",\"@graph\":[{\"@type\":\"WebPage\",\"@id\":\"https:\/\/azure.milexia.com\/de\/uber-milexia-deutschland\/careers\/\",\"url\":\"https:\/\/azure.milexia.com\/de\/uber-milexia-deutschland\/careers\/\",\"name\":\"Karriere in Deutschland | Milexia Deutschland\",\"isPartOf\":{\"@id\":\"https:\/\/azure.milexia.com\/de\/#website\"},\"primaryImageOfPage\":{\"@id\":\"https:\/\/azure.milexia.com\/de\/uber-milexia-deutschland\/careers\/#primaryimage\"},\"image\":{\"@id\":\"https:\/\/azure.milexia.com\/de\/uber-milexia-deutschland\/careers\/#primaryimage\"},\"thumbnailUrl\":\"\/wp-content\/uploads\/sites\/5\/2022\/08\/featured-background-careers-uk-300x112-1.jpg\",\"datePublished\":\"2022-08-23T09:19:52+00:00\",\"dateModified\":\"2024-01-18T08:44:46+00:00\",\"description\":\"Starten Sie Ihre Karriere oder entdecken Sie aufregende neue M\u00f6glichkeiten, indem Sie sich unserem Team hier bei Milexia anschlie\u00dfen.\",\"breadcrumb\":{\"@id\":\"https:\/\/azure.milexia.com\/de\/uber-milexia-deutschland\/careers\/#breadcrumb\"},\"inLanguage\":\"en-GB\",\"potentialAction\":[{\"@type\":\"ReadAction\",\"target\":[\"https:\/\/azure.milexia.com\/de\/uber-milexia-deutschland\/careers\/\"]}]},{\"@type\":\"ImageObject\",\"inLanguage\":\"en-GB\",\"@id\":\"https:\/\/azure.milexia.com\/de\/uber-milexia-deutschland\/careers\/#primaryimage\",\"url\":\"\/wp-content\/uploads\/sites\/5\/2022\/08\/featured-background-careers-uk-300x112-1.jpg\",\"contentUrl\":\"\/wp-content\/uploads\/sites\/5\/2022\/08\/featured-background-careers-uk-300x112-1.jpg\",\"width\":300,\"height\":112},{\"@type\":\"BreadcrumbList\",\"@id\":\"https:\/\/azure.milexia.com\/de\/uber-milexia-deutschland\/careers\/#breadcrumb\",\"itemListElement\":[{\"@type\":\"ListItem\",\"position\":1,\"name\":\"Home\",\"item\":\"https:\/\/azure.milexia.com\/de\/\"},{\"@type\":\"ListItem\",\"position\":2,\"name\":\"\u00dcber Milexia Deutschland\",\"item\":\"https:\/\/azure.milexia.com\/de\/uber-milexia-deutschland\/\"},{\"@type\":\"ListItem\",\"position\":3,\"name\":\"Karriere in Deutschland\"}]},{\"@type\":\"WebSite\",\"@id\":\"https:\/\/azure.milexia.com\/de\/#website\",\"url\":\"https:\/\/azure.milexia.com\/de\/\",\"name\":\"Milexia Deutschland\",\"description\":\"Zugang zu Technologie vereinfachen\",\"potentialAction\":[{\"@type\":\"SearchAction\",\"target\":{\"@type\":\"EntryPoint\",\"urlTemplate\":\"https:\/\/azure.milexia.com\/de\/?s={search_term_string}\"},\"query-input\":{\"@type\":\"PropertyValueSpecification\",\"valueRequired\":true,\"valueName\":\"search_term_string\"}}],\"inLanguage\":\"en-GB\"}]}<\/script>\n<!-- \/ Yoast SEO Premium plugin. -->","yoast_head_json":{"title":"Karriere in Deutschland | Milexia Deutschland","description":"Starten Sie Ihre Karriere oder entdecken Sie aufregende neue M\u00f6glichkeiten, indem Sie sich unserem Team hier bei Milexia anschlie\u00dfen.","robots":{"index":"noindex","follow":"follow","max-snippet":"max-snippet:-1","max-image-preview":"max-image-preview:large","max-video-preview":"max-video-preview:-1"},"og_locale":"en_GB","og_type":"article","og_title":"Karriere in Deutschland","og_description":"Starten Sie Ihre Karriere oder entdecken Sie aufregende neue M\u00f6glichkeiten, indem Sie sich unserem Team hier bei Milexia anschlie\u00dfen.","og_url":"https:\/\/azure.milexia.com\/de\/uber-milexia-deutschland\/careers\/","og_site_name":"Milexia Deutschland","article_modified_time":"2024-01-18T08:44:46+00:00","og_image":[{"width":300,"height":112,"url":"https:\/\/azure.milexia.com\/wp-content\/uploads\/sites\/5\/2022\/08\/featured-background-careers-uk-300x112-1.jpg","type":"image\/jpeg"}],"twitter_card":"summary_large_image","twitter_misc":{"Estimated reading time":"2 minutes"},"schema":{"@context":"https:\/\/schema.org","@graph":[{"@type":"WebPage","@id":"https:\/\/azure.milexia.com\/de\/uber-milexia-deutschland\/careers\/","url":"https:\/\/azure.milexia.com\/de\/uber-milexia-deutschland\/careers\/","name":"Karriere in Deutschland | Milexia Deutschland","isPartOf":{"@id":"https:\/\/azure.milexia.com\/de\/#website"},"primaryImageOfPage":{"@id":"https:\/\/azure.milexia.com\/de\/uber-milexia-deutschland\/careers\/#primaryimage"},"image":{"@id":"https:\/\/azure.milexia.com\/de\/uber-milexia-deutschland\/careers\/#primaryimage"},"thumbnailUrl":"\/wp-content\/uploads\/sites\/5\/2022\/08\/featured-background-careers-uk-300x112-1.jpg","datePublished":"2022-08-23T09:19:52+00:00","dateModified":"2024-01-18T08:44:46+00:00","description":"Starten Sie Ihre Karriere oder entdecken Sie aufregende neue M\u00f6glichkeiten, indem Sie sich unserem Team hier bei Milexia anschlie\u00dfen.","breadcrumb":{"@id":"https:\/\/azure.milexia.com\/de\/uber-milexia-deutschland\/careers\/#breadcrumb"},"inLanguage":"en-GB","potentialAction":[{"@type":"ReadAction","target":["https:\/\/azure.milexia.com\/de\/uber-milexia-deutschland\/careers\/"]}]},{"@type":"ImageObject","inLanguage":"en-GB","@id":"https:\/\/azure.milexia.com\/de\/uber-milexia-deutschland\/careers\/#primaryimage","url":"\/wp-content\/uploads\/sites\/5\/2022\/08\/featured-background-careers-uk-300x112-1.jpg","contentUrl":"\/wp-content\/uploads\/sites\/5\/2022\/08\/featured-background-careers-uk-300x112-1.jpg","width":300,"height":112},{"@type":"BreadcrumbList","@id":"https:\/\/azure.milexia.com\/de\/uber-milexia-deutschland\/careers\/#breadcrumb","itemListElement":[{"@type":"ListItem","position":1,"name":"Home","item":"https:\/\/azure.milexia.com\/de\/"},{"@type":"ListItem","position":2,"name":"\u00dcber Milexia Deutschland","item":"https:\/\/azure.milexia.com\/de\/uber-milexia-deutschland\/"},{"@type":"ListItem","position":3,"name":"Karriere in Deutschland"}]},{"@type":"WebSite","@id":"https:\/\/azure.milexia.com\/de\/#website","url":"https:\/\/azure.milexia.com\/de\/","name":"Milexia Deutschland","description":"Zugang zu Technologie vereinfachen","potentialAction":[{"@type":"SearchAction","target":{"@type":"EntryPoint","urlTemplate":"https:\/\/azure.milexia.com\/de\/?s={search_term_string}"},"query-input":{"@type":"PropertyValueSpecification","valueRequired":true,"valueName":"search_term_string"}}],"inLanguage":"en-GB"}]}},"lang":"de","translations":{"de":785,"en":17},"pll_sync_post":[],"_links":{"self":[{"href":"https:\/\/azure.milexia.com\/de\/wp-json\/wp\/v2\/pages\/785","targetHints":{"allow":["GET"]}}],"collection":[{"href":"https:\/\/azure.milexia.com\/de\/wp-json\/wp\/v2\/pages"}],"about":[{"href":"https:\/\/azure.milexia.com\/de\/wp-json\/wp\/v2\/types\/page"}],"author":[{"embeddable":true,"href":"https:\/\/azure.milexia.com\/de\/wp-json\/wp\/v2\/users\/5"}],"replies":[{"embeddable":true,"href":"https:\/\/azure.milexia.com\/de\/wp-json\/wp\/v2\/comments?post=785"}],"version-history":[{"count":0,"href":"https:\/\/azure.milexia.com\/de\/wp-json\/wp\/v2\/pages\/785\/revisions"}],"up":[{"embeddable":true,"href":"https:\/\/azure.milexia.com\/de\/wp-json\/wp\/v2\/pages\/779"}],"wp:featuredmedia":[{"embeddable":true,"href":"https:\/\/azure.milexia.com\/de\/wp-json\/wp\/v2\/media\/742"}],"wp:attachment":[{"href":"https:\/\/azure.milexia.com\/de\/wp-json\/wp\/v2\/media?parent=785"}],"curies":[{"name":"wp","href":"https:\/\/api.w.org\/{rel}","templated":true}]}}