{"id":783,"date":"2022-08-23T10:19:25","date_gmt":"2022-08-23T09:19:25","guid":{"rendered":"https:\/\/milexia.com.marcom-test.net\/de\/?page_id=783"},"modified":"2026-03-16T12:31:02","modified_gmt":"2026-03-16T11:31:02","slug":"qualitat-zertifizierung","status":"publish","type":"page","link":"https:\/\/azure.milexia.com\/de\/uber-milexia-deutschland\/qualitat-zertifizierung\/","title":{"rendered":"Qualit\u00e4t &amp; Zertifizierung"},"content":{"rendered":"<h2>Wir zeigen kontinuierlich die F\u00e4higkeit, Produkte\/Leistungen bereitzustellen, die den regulatorischen Anforderungen unserer Kunden entsprechen.<\/h2>\n<p><img loading=\"lazy\" decoding=\"async\" class=\"alignright size-full wp-image-18530\" src=\"https:\/\/azure.milexia.com\/uk\/wp-content\/uploads\/sites\/3\/2023\/01\/TRACE-Logo.png\" alt=\"TRACE\" width=\"120\" height=\"120\" \/>Wir bekennen uns zu wirtschaftlicher Transparenz und sind deshalb Trace-zertifiziert. Trace international ist eine weltweit anerkannte gemeinn\u00fctzige Vereinigung, die sich f\u00fcr die Bek\u00e4mpfung von Bestechung, Einhaltung der Vorschriften und f\u00fcr gute Unternehmensf\u00fchrung einsetzt.<\/p>\n","protected":false},"excerpt":{"rendered":"<p>Wir zeigen kontinuierlich die F\u00e4higkeit, Produkte\/Leistungen bereitzustellen, die den regulatorischen Anforderungen unserer Kunden entsprechen. Wir bekennen uns zu wirtschaftlicher Transparenz und sind deshalb Trace-zertifiziert. Trace international ist eine weltweit anerkannte gemeinn\u00fctzige Vereinigung, die sich f\u00fcr die Bek\u00e4mpfung von Bestechung, Einhaltung der Vorschriften und f\u00fcr gute Unternehmensf\u00fchrung einsetzt.<\/p>\n","protected":false},"author":5,"featured_media":498,"parent":779,"menu_order":10,"comment_status":"closed","ping_status":"closed","template":"page-templates\/page-home-r.php","meta":{"_acf_changed":false,"footnotes":""},"class_list":["post-783","page","type-page","status-publish","has-post-thumbnail","hentry"],"acf":[],"yoast_head":"<!-- This site is optimized with the Yoast SEO Premium plugin v24.6 (Yoast SEO v27.2) - https:\/\/yoast.com\/product\/yoast-seo-premium-wordpress\/ -->\n<title>Qualit\u00e4t &amp; Zertifizierung | Milexia Deutschland<\/title>\n<meta name=\"description\" content=\"Bekannt f\u00fcr die h\u00f6chsten Standards in den Bereichen Gesch\u00e4ftsverhalten, Qualit\u00e4t, Sicherheit, Effizienz und Kundenservice.\" \/>\n<meta name=\"robots\" content=\"noindex, follow, max-snippet:-1, max-image-preview:large, max-video-preview:-1\" \/>\n<meta property=\"og:locale\" content=\"en_GB\" \/>\n<meta property=\"og:type\" content=\"article\" \/>\n<meta property=\"og:title\" content=\"Qualit\u00e4t &amp; Zertifizierung\" \/>\n<meta property=\"og:description\" content=\"Bekannt f\u00fcr die h\u00f6chsten Standards in den Bereichen Gesch\u00e4ftsverhalten, Qualit\u00e4t, Sicherheit, Effizienz und Kundenservice.\" \/>\n<meta property=\"og:url\" content=\"https:\/\/azure.milexia.com\/de\/uber-milexia-deutschland\/qualitat-zertifizierung\/\" \/>\n<meta property=\"og:site_name\" content=\"Milexia Deutschland\" \/>\n<meta property=\"article:modified_time\" content=\"2026-03-16T11:31:02+00:00\" \/>\n<meta property=\"og:image\" content=\"https:\/\/azure.milexia.com\/wp-content\/uploads\/sites\/5\/2022\/05\/featured-background-about-milexia-scaled.jpg\" \/>\n\t<meta property=\"og:image:width\" content=\"2560\" \/>\n\t<meta property=\"og:image:height\" content=\"955\" \/>\n\t<meta property=\"og:image:type\" content=\"image\/jpeg\" \/>\n<meta name=\"twitter:card\" content=\"summary_large_image\" \/>\n<meta name=\"twitter:label1\" content=\"Estimated reading time\" \/>\n\t<meta name=\"twitter:data1\" content=\"2 minutes\" \/>\n<script type=\"application\/ld+json\" class=\"yoast-schema-graph\">{\"@context\":\"https:\/\/schema.org\",\"@graph\":[{\"@type\":\"WebPage\",\"@id\":\"https:\/\/azure.milexia.com\/de\/uber-milexia-deutschland\/qualitat-zertifizierung\/\",\"url\":\"https:\/\/azure.milexia.com\/de\/uber-milexia-deutschland\/qualitat-zertifizierung\/\",\"name\":\"Qualit\u00e4t & Zertifizierung | Milexia Deutschland\",\"isPartOf\":{\"@id\":\"https:\/\/azure.milexia.com\/de\/#website\"},\"primaryImageOfPage\":{\"@id\":\"https:\/\/azure.milexia.com\/de\/uber-milexia-deutschland\/qualitat-zertifizierung\/#primaryimage\"},\"image\":{\"@id\":\"https:\/\/azure.milexia.com\/de\/uber-milexia-deutschland\/qualitat-zertifizierung\/#primaryimage\"},\"thumbnailUrl\":\"\/wp-content\/uploads\/sites\/5\/2022\/05\/featured-background-about-milexia-scaled.jpg\",\"datePublished\":\"2022-08-23T09:19:25+00:00\",\"dateModified\":\"2026-03-16T11:31:02+00:00\",\"description\":\"Bekannt f\u00fcr die h\u00f6chsten Standards in den Bereichen Gesch\u00e4ftsverhalten, Qualit\u00e4t, Sicherheit, Effizienz und Kundenservice.\",\"breadcrumb\":{\"@id\":\"https:\/\/azure.milexia.com\/de\/uber-milexia-deutschland\/qualitat-zertifizierung\/#breadcrumb\"},\"inLanguage\":\"en-GB\",\"potentialAction\":[{\"@type\":\"ReadAction\",\"target\":[\"https:\/\/azure.milexia.com\/de\/uber-milexia-deutschland\/qualitat-zertifizierung\/\"]}]},{\"@type\":\"ImageObject\",\"inLanguage\":\"en-GB\",\"@id\":\"https:\/\/azure.milexia.com\/de\/uber-milexia-deutschland\/qualitat-zertifizierung\/#primaryimage\",\"url\":\"\/wp-content\/uploads\/sites\/5\/2022\/05\/featured-background-about-milexia-scaled.jpg\",\"contentUrl\":\"\/wp-content\/uploads\/sites\/5\/2022\/05\/featured-background-about-milexia-scaled.jpg\",\"width\":2560,\"height\":955},{\"@type\":\"BreadcrumbList\",\"@id\":\"https:\/\/azure.milexia.com\/de\/uber-milexia-deutschland\/qualitat-zertifizierung\/#breadcrumb\",\"itemListElement\":[{\"@type\":\"ListItem\",\"position\":1,\"name\":\"Home\",\"item\":\"https:\/\/azure.milexia.com\/de\/\"},{\"@type\":\"ListItem\",\"position\":2,\"name\":\"\u00dcber Milexia Deutschland\",\"item\":\"https:\/\/azure.milexia.com\/de\/uber-milexia-deutschland\/\"},{\"@type\":\"ListItem\",\"position\":3,\"name\":\"Qualit\u00e4t &amp; Zertifizierung\"}]},{\"@type\":\"WebSite\",\"@id\":\"https:\/\/azure.milexia.com\/de\/#website\",\"url\":\"https:\/\/azure.milexia.com\/de\/\",\"name\":\"Milexia Deutschland\",\"description\":\"Zugang zu Technologie vereinfachen\",\"potentialAction\":[{\"@type\":\"SearchAction\",\"target\":{\"@type\":\"EntryPoint\",\"urlTemplate\":\"https:\/\/azure.milexia.com\/de\/?s={search_term_string}\"},\"query-input\":{\"@type\":\"PropertyValueSpecification\",\"valueRequired\":true,\"valueName\":\"search_term_string\"}}],\"inLanguage\":\"en-GB\"}]}<\/script>\n<!-- \/ Yoast SEO Premium plugin. -->","yoast_head_json":{"title":"Qualit\u00e4t & Zertifizierung | Milexia Deutschland","description":"Bekannt f\u00fcr die h\u00f6chsten Standards in den Bereichen Gesch\u00e4ftsverhalten, Qualit\u00e4t, Sicherheit, Effizienz und Kundenservice.","robots":{"index":"noindex","follow":"follow","max-snippet":"max-snippet:-1","max-image-preview":"max-image-preview:large","max-video-preview":"max-video-preview:-1"},"og_locale":"en_GB","og_type":"article","og_title":"Qualit\u00e4t &amp; Zertifizierung","og_description":"Bekannt f\u00fcr die h\u00f6chsten Standards in den Bereichen Gesch\u00e4ftsverhalten, Qualit\u00e4t, Sicherheit, Effizienz und Kundenservice.","og_url":"https:\/\/azure.milexia.com\/de\/uber-milexia-deutschland\/qualitat-zertifizierung\/","og_site_name":"Milexia Deutschland","article_modified_time":"2026-03-16T11:31:02+00:00","og_image":[{"width":2560,"height":955,"url":"https:\/\/azure.milexia.com\/wp-content\/uploads\/sites\/5\/2022\/05\/featured-background-about-milexia-scaled.jpg","type":"image\/jpeg"}],"twitter_card":"summary_large_image","twitter_misc":{"Estimated reading time":"2 minutes"},"schema":{"@context":"https:\/\/schema.org","@graph":[{"@type":"WebPage","@id":"https:\/\/azure.milexia.com\/de\/uber-milexia-deutschland\/qualitat-zertifizierung\/","url":"https:\/\/azure.milexia.com\/de\/uber-milexia-deutschland\/qualitat-zertifizierung\/","name":"Qualit\u00e4t & Zertifizierung | Milexia Deutschland","isPartOf":{"@id":"https:\/\/azure.milexia.com\/de\/#website"},"primaryImageOfPage":{"@id":"https:\/\/azure.milexia.com\/de\/uber-milexia-deutschland\/qualitat-zertifizierung\/#primaryimage"},"image":{"@id":"https:\/\/azure.milexia.com\/de\/uber-milexia-deutschland\/qualitat-zertifizierung\/#primaryimage"},"thumbnailUrl":"\/wp-content\/uploads\/sites\/5\/2022\/05\/featured-background-about-milexia-scaled.jpg","datePublished":"2022-08-23T09:19:25+00:00","dateModified":"2026-03-16T11:31:02+00:00","description":"Bekannt f\u00fcr die h\u00f6chsten Standards in den Bereichen Gesch\u00e4ftsverhalten, Qualit\u00e4t, Sicherheit, Effizienz und Kundenservice.","breadcrumb":{"@id":"https:\/\/azure.milexia.com\/de\/uber-milexia-deutschland\/qualitat-zertifizierung\/#breadcrumb"},"inLanguage":"en-GB","potentialAction":[{"@type":"ReadAction","target":["https:\/\/azure.milexia.com\/de\/uber-milexia-deutschland\/qualitat-zertifizierung\/"]}]},{"@type":"ImageObject","inLanguage":"en-GB","@id":"https:\/\/azure.milexia.com\/de\/uber-milexia-deutschland\/qualitat-zertifizierung\/#primaryimage","url":"\/wp-content\/uploads\/sites\/5\/2022\/05\/featured-background-about-milexia-scaled.jpg","contentUrl":"\/wp-content\/uploads\/sites\/5\/2022\/05\/featured-background-about-milexia-scaled.jpg","width":2560,"height":955},{"@type":"BreadcrumbList","@id":"https:\/\/azure.milexia.com\/de\/uber-milexia-deutschland\/qualitat-zertifizierung\/#breadcrumb","itemListElement":[{"@type":"ListItem","position":1,"name":"Home","item":"https:\/\/azure.milexia.com\/de\/"},{"@type":"ListItem","position":2,"name":"\u00dcber Milexia Deutschland","item":"https:\/\/azure.milexia.com\/de\/uber-milexia-deutschland\/"},{"@type":"ListItem","position":3,"name":"Qualit\u00e4t &amp; Zertifizierung"}]},{"@type":"WebSite","@id":"https:\/\/azure.milexia.com\/de\/#website","url":"https:\/\/azure.milexia.com\/de\/","name":"Milexia Deutschland","description":"Zugang zu Technologie vereinfachen","potentialAction":[{"@type":"SearchAction","target":{"@type":"EntryPoint","urlTemplate":"https:\/\/azure.milexia.com\/de\/?s={search_term_string}"},"query-input":{"@type":"PropertyValueSpecification","valueRequired":true,"valueName":"search_term_string"}}],"inLanguage":"en-GB"}]}},"lang":"de","translations":{"de":783,"en":15},"pll_sync_post":[],"_links":{"self":[{"href":"https:\/\/azure.milexia.com\/de\/wp-json\/wp\/v2\/pages\/783","targetHints":{"allow":["GET"]}}],"collection":[{"href":"https:\/\/azure.milexia.com\/de\/wp-json\/wp\/v2\/pages"}],"about":[{"href":"https:\/\/azure.milexia.com\/de\/wp-json\/wp\/v2\/types\/page"}],"author":[{"embeddable":true,"href":"https:\/\/azure.milexia.com\/de\/wp-json\/wp\/v2\/users\/5"}],"replies":[{"embeddable":true,"href":"https:\/\/azure.milexia.com\/de\/wp-json\/wp\/v2\/comments?post=783"}],"version-history":[{"count":4,"href":"https:\/\/azure.milexia.com\/de\/wp-json\/wp\/v2\/pages\/783\/revisions"}],"predecessor-version":[{"id":22326,"href":"https:\/\/azure.milexia.com\/de\/wp-json\/wp\/v2\/pages\/783\/revisions\/22326"}],"up":[{"embeddable":true,"href":"https:\/\/azure.milexia.com\/de\/wp-json\/wp\/v2\/pages\/779"}],"wp:featuredmedia":[{"embeddable":true,"href":"https:\/\/azure.milexia.com\/de\/wp-json\/wp\/v2\/media\/498"}],"wp:attachment":[{"href":"https:\/\/azure.milexia.com\/de\/wp-json\/wp\/v2\/media?parent=783"}],"curies":[{"name":"wp","href":"https:\/\/api.w.org\/{rel}","templated":true}]}}