{"id":781,"date":"2022-08-23T10:18:58","date_gmt":"2022-08-23T08:18:58","guid":{"rendered":"https:\/\/milexia.com.marcom-test.net\/de\/?page_id=781"},"modified":"2025-09-06T18:23:19","modified_gmt":"2025-09-06T16:23:19","slug":"deutsche-partner","status":"publish","type":"page","link":"https:\/\/azure.milexia.com\/de\/uber-milexia-deutschland\/deutsche-partner\/","title":{"rendered":"Unsere Partner"},"content":{"rendered":"<p>In allen Regionen haben wir eine gro\u00dfe Anzahl von Gesch\u00e4ftspartnern, die sich auf eine Vielzahl von Produkten und Dienstleistungen spezialisiert haben. Diese Verbindungen haben es uns erm\u00f6glicht, unsere Gesch\u00e4ftsleistung in den verschiedenen Marktsektoren zu \u00fcberwachen und zu verbessern. Wir erkunden kontinuierlich unsere Netzwerke und nehmen auch an einer Vielzahl von Branchenveranstaltungen teil.<\/p>\n","protected":false},"excerpt":{"rendered":"<p>In allen Regionen haben wir eine gro\u00dfe Anzahl von Gesch\u00e4ftspartnern, die sich auf eine Vielzahl von Produkten und Dienstleistungen spezialisiert haben. Diese Verbindungen haben es uns erm\u00f6glicht, unsere Gesch\u00e4ftsleistung in den verschiedenen Marktsektoren zu \u00fcberwachen und zu verbessern. Wir erkunden kontinuierlich unsere Netzwerke und nehmen auch an einer Vielzahl von Branchenveranstaltungen teil.<\/p>\n","protected":false},"author":5,"featured_media":737,"parent":779,"menu_order":7,"comment_status":"closed","ping_status":"closed","template":"page-templates\/page-partners.php","meta":{"_acf_changed":false,"footnotes":""},"class_list":["post-781","page","type-page","status-publish","has-post-thumbnail","hentry"],"acf":[],"yoast_head":"<!-- This site is optimized with the Yoast SEO Premium plugin v24.6 (Yoast SEO v27.2) - https:\/\/yoast.com\/product\/yoast-seo-premium-wordpress\/ -->\n<title>Unsere Technologiepartner | Milexia Deutschland<\/title>\n<meta name=\"description\" content=\"Erhalten Sie die beste Technologiel\u00f6sung dank unserer starken Beziehung zu ausgew\u00e4hlten Technologieanbietern.\" \/>\n<meta name=\"robots\" content=\"noindex, follow, max-snippet:-1, max-image-preview:large, max-video-preview:-1\" \/>\n<meta property=\"og:locale\" content=\"en_GB\" \/>\n<meta property=\"og:type\" content=\"article\" \/>\n<meta property=\"og:title\" content=\"Unsere Partner\" \/>\n<meta property=\"og:description\" content=\"Erhalten Sie die beste Technologiel\u00f6sung dank unserer starken Beziehung zu ausgew\u00e4hlten Technologieanbietern.\" \/>\n<meta property=\"og:url\" content=\"https:\/\/azure.milexia.com\/de\/uber-milexia-deutschland\/deutsche-partner\/\" \/>\n<meta property=\"og:site_name\" content=\"Milexia Deutschland\" \/>\n<meta property=\"article:modified_time\" content=\"2025-09-06T16:23:19+00:00\" \/>\n<meta property=\"og:image\" content=\"https:\/\/azure.milexia.com\/wp-content\/uploads\/sites\/5\/2022\/08\/featured-background-contact-300x112-1.jpg\" \/>\n\t<meta property=\"og:image:width\" content=\"300\" \/>\n\t<meta property=\"og:image:height\" content=\"112\" \/>\n\t<meta property=\"og:image:type\" content=\"image\/jpeg\" \/>\n<meta name=\"twitter:card\" content=\"summary_large_image\" \/>\n<meta name=\"twitter:label1\" content=\"Estimated reading time\" \/>\n\t<meta name=\"twitter:data1\" content=\"1 minute\" \/>\n<script type=\"application\/ld+json\" class=\"yoast-schema-graph\">{\"@context\":\"https:\/\/schema.org\",\"@graph\":[{\"@type\":\"WebPage\",\"@id\":\"https:\/\/azure.milexia.com\/de\/uber-milexia-deutschland\/deutsche-partner\/\",\"url\":\"https:\/\/azure.milexia.com\/de\/uber-milexia-deutschland\/deutsche-partner\/\",\"name\":\"Unsere Technologiepartner | Milexia Deutschland\",\"isPartOf\":{\"@id\":\"https:\/\/azure.milexia.com\/de\/#website\"},\"primaryImageOfPage\":{\"@id\":\"https:\/\/azure.milexia.com\/de\/uber-milexia-deutschland\/deutsche-partner\/#primaryimage\"},\"image\":{\"@id\":\"https:\/\/azure.milexia.com\/de\/uber-milexia-deutschland\/deutsche-partner\/#primaryimage\"},\"thumbnailUrl\":\"\/wp-content\/uploads\/sites\/5\/2022\/08\/featured-background-contact-300x112-1.jpg\",\"datePublished\":\"2022-08-23T08:18:58+00:00\",\"dateModified\":\"2025-09-06T16:23:19+00:00\",\"description\":\"Erhalten Sie die beste Technologiel\u00f6sung dank unserer starken Beziehung zu ausgew\u00e4hlten Technologieanbietern.\",\"breadcrumb\":{\"@id\":\"https:\/\/azure.milexia.com\/de\/uber-milexia-deutschland\/deutsche-partner\/#breadcrumb\"},\"inLanguage\":\"en-GB\",\"potentialAction\":[{\"@type\":\"ReadAction\",\"target\":[\"https:\/\/azure.milexia.com\/de\/uber-milexia-deutschland\/deutsche-partner\/\"]}]},{\"@type\":\"ImageObject\",\"inLanguage\":\"en-GB\",\"@id\":\"https:\/\/azure.milexia.com\/de\/uber-milexia-deutschland\/deutsche-partner\/#primaryimage\",\"url\":\"\/wp-content\/uploads\/sites\/5\/2022\/08\/featured-background-contact-300x112-1.jpg\",\"contentUrl\":\"\/wp-content\/uploads\/sites\/5\/2022\/08\/featured-background-contact-300x112-1.jpg\",\"width\":300,\"height\":112},{\"@type\":\"BreadcrumbList\",\"@id\":\"https:\/\/azure.milexia.com\/de\/uber-milexia-deutschland\/deutsche-partner\/#breadcrumb\",\"itemListElement\":[{\"@type\":\"ListItem\",\"position\":1,\"name\":\"Home\",\"item\":\"https:\/\/azure.milexia.com\/de\/\"},{\"@type\":\"ListItem\",\"position\":2,\"name\":\"\u00dcber Milexia Deutschland\",\"item\":\"https:\/\/azure.milexia.com\/de\/uber-milexia-deutschland\/\"},{\"@type\":\"ListItem\",\"position\":3,\"name\":\"Unsere Partner\"}]},{\"@type\":\"WebSite\",\"@id\":\"https:\/\/azure.milexia.com\/de\/#website\",\"url\":\"https:\/\/azure.milexia.com\/de\/\",\"name\":\"Milexia Deutschland\",\"description\":\"Zugang zu Technologie vereinfachen\",\"potentialAction\":[{\"@type\":\"SearchAction\",\"target\":{\"@type\":\"EntryPoint\",\"urlTemplate\":\"https:\/\/azure.milexia.com\/de\/?s={search_term_string}\"},\"query-input\":{\"@type\":\"PropertyValueSpecification\",\"valueRequired\":true,\"valueName\":\"search_term_string\"}}],\"inLanguage\":\"en-GB\"}]}<\/script>\n<!-- \/ Yoast SEO Premium plugin. -->","yoast_head_json":{"title":"Unsere Technologiepartner | Milexia Deutschland","description":"Erhalten Sie die beste Technologiel\u00f6sung dank unserer starken Beziehung zu ausgew\u00e4hlten Technologieanbietern.","robots":{"index":"noindex","follow":"follow","max-snippet":"max-snippet:-1","max-image-preview":"max-image-preview:large","max-video-preview":"max-video-preview:-1"},"og_locale":"en_GB","og_type":"article","og_title":"Unsere Partner","og_description":"Erhalten Sie die beste Technologiel\u00f6sung dank unserer starken Beziehung zu ausgew\u00e4hlten Technologieanbietern.","og_url":"https:\/\/azure.milexia.com\/de\/uber-milexia-deutschland\/deutsche-partner\/","og_site_name":"Milexia Deutschland","article_modified_time":"2025-09-06T16:23:19+00:00","og_image":[{"width":300,"height":112,"url":"https:\/\/azure.milexia.com\/wp-content\/uploads\/sites\/5\/2022\/08\/featured-background-contact-300x112-1.jpg","type":"image\/jpeg"}],"twitter_card":"summary_large_image","twitter_misc":{"Estimated reading time":"1 minute"},"schema":{"@context":"https:\/\/schema.org","@graph":[{"@type":"WebPage","@id":"https:\/\/azure.milexia.com\/de\/uber-milexia-deutschland\/deutsche-partner\/","url":"https:\/\/azure.milexia.com\/de\/uber-milexia-deutschland\/deutsche-partner\/","name":"Unsere Technologiepartner | Milexia Deutschland","isPartOf":{"@id":"https:\/\/azure.milexia.com\/de\/#website"},"primaryImageOfPage":{"@id":"https:\/\/azure.milexia.com\/de\/uber-milexia-deutschland\/deutsche-partner\/#primaryimage"},"image":{"@id":"https:\/\/azure.milexia.com\/de\/uber-milexia-deutschland\/deutsche-partner\/#primaryimage"},"thumbnailUrl":"\/wp-content\/uploads\/sites\/5\/2022\/08\/featured-background-contact-300x112-1.jpg","datePublished":"2022-08-23T08:18:58+00:00","dateModified":"2025-09-06T16:23:19+00:00","description":"Erhalten Sie die beste Technologiel\u00f6sung dank unserer starken Beziehung zu ausgew\u00e4hlten Technologieanbietern.","breadcrumb":{"@id":"https:\/\/azure.milexia.com\/de\/uber-milexia-deutschland\/deutsche-partner\/#breadcrumb"},"inLanguage":"en-GB","potentialAction":[{"@type":"ReadAction","target":["https:\/\/azure.milexia.com\/de\/uber-milexia-deutschland\/deutsche-partner\/"]}]},{"@type":"ImageObject","inLanguage":"en-GB","@id":"https:\/\/azure.milexia.com\/de\/uber-milexia-deutschland\/deutsche-partner\/#primaryimage","url":"\/wp-content\/uploads\/sites\/5\/2022\/08\/featured-background-contact-300x112-1.jpg","contentUrl":"\/wp-content\/uploads\/sites\/5\/2022\/08\/featured-background-contact-300x112-1.jpg","width":300,"height":112},{"@type":"BreadcrumbList","@id":"https:\/\/azure.milexia.com\/de\/uber-milexia-deutschland\/deutsche-partner\/#breadcrumb","itemListElement":[{"@type":"ListItem","position":1,"name":"Home","item":"https:\/\/azure.milexia.com\/de\/"},{"@type":"ListItem","position":2,"name":"\u00dcber Milexia Deutschland","item":"https:\/\/azure.milexia.com\/de\/uber-milexia-deutschland\/"},{"@type":"ListItem","position":3,"name":"Unsere Partner"}]},{"@type":"WebSite","@id":"https:\/\/azure.milexia.com\/de\/#website","url":"https:\/\/azure.milexia.com\/de\/","name":"Milexia Deutschland","description":"Zugang zu Technologie vereinfachen","potentialAction":[{"@type":"SearchAction","target":{"@type":"EntryPoint","urlTemplate":"https:\/\/azure.milexia.com\/de\/?s={search_term_string}"},"query-input":{"@type":"PropertyValueSpecification","valueRequired":true,"valueName":"search_term_string"}}],"inLanguage":"en-GB"}]}},"lang":"de","translations":{"de":781,"en":33},"pll_sync_post":[],"_links":{"self":[{"href":"https:\/\/azure.milexia.com\/de\/wp-json\/wp\/v2\/pages\/781","targetHints":{"allow":["GET"]}}],"collection":[{"href":"https:\/\/azure.milexia.com\/de\/wp-json\/wp\/v2\/pages"}],"about":[{"href":"https:\/\/azure.milexia.com\/de\/wp-json\/wp\/v2\/types\/page"}],"author":[{"embeddable":true,"href":"https:\/\/azure.milexia.com\/de\/wp-json\/wp\/v2\/users\/5"}],"replies":[{"embeddable":true,"href":"https:\/\/azure.milexia.com\/de\/wp-json\/wp\/v2\/comments?post=781"}],"version-history":[{"count":0,"href":"https:\/\/azure.milexia.com\/de\/wp-json\/wp\/v2\/pages\/781\/revisions"}],"up":[{"embeddable":true,"href":"https:\/\/azure.milexia.com\/de\/wp-json\/wp\/v2\/pages\/779"}],"wp:featuredmedia":[{"embeddable":true,"href":"https:\/\/azure.milexia.com\/de\/wp-json\/wp\/v2\/media\/737"}],"wp:attachment":[{"href":"https:\/\/azure.milexia.com\/de\/wp-json\/wp\/v2\/media?parent=781"}],"curies":[{"name":"wp","href":"https:\/\/api.w.org\/{rel}","templated":true}]}}