{"id":19095,"date":"2024-03-28T18:15:01","date_gmt":"2024-03-28T17:15:01","guid":{"rendered":"https:\/\/milexia.com\/de\/?page_id=19095"},"modified":"2026-03-10T14:10:04","modified_gmt":"2026-03-10T13:10:04","slug":"impressum","status":"publish","type":"page","link":"https:\/\/azure.milexia.com\/de\/impressum\/","title":{"rendered":"Impressum"},"content":{"rendered":"<p><b>Firma<\/b>: Milexia Deutschland GmbH<br \/>\n<b>Gesch\u00e4ftsf\u00fchrer<\/b>: Dr. Florian Pivit, Xavier Gaillard<br \/>\n<b>Prokurist<\/b>: Tiar Nda-Ngye<\/p>\n<p><b>Anschrift<\/b>: Berliner Platz 12<br \/>\n74072 Heilbronn<br \/>\nDeutschland<\/p>\n<p><b>Telefon<\/b>: +49 (0) 7131-7810-0<br \/>\n<b>Telefax<\/b>: +49 (0) 7131-7810-20<br \/>\n<b>Email<\/b>: de-sales@milexia.com<br \/>\n<strong>Webseite<\/strong>: milexia.com\/de<\/p>\n<p><b>Firmensitz<\/b>: Heilbronn<br \/>\n<b>Registergericht<\/b>: Registergericht Stuttgart HRB 106087<br \/>\n<b>USt ID<\/b>: DE 359158065<\/p>\n<h3>HAFTUNGSAUSSCHLUSS<\/h3>\n<h4><b>Haftung f\u00fcr Inhalte<\/b><\/h4>\n<p>Die Inhalte unserer Seiten wurden mit gr\u00f6\u00dfter Sorgfalt erstellt. F\u00fcr die Richtigkeit, Vollst\u00e4ndigkeit und Aktualit\u00e4t der Inhalte k\u00f6nnen wir jedoch keine Gew\u00e4hr \u00fcbernehmen. Als Diensteanbieter sind wir gem\u00e4\u00df \u00a7 7 Abs.1 TMG f\u00fcr eigene Inhalte auf diesen Seiten nach den allgemeinen Gesetzen verantwortlich. Nach \u00a7\u00a7 8 bis 10 TMG sind wir als Diensteanbieter jedoch nicht verpflichtet, \u00fcbermittelte oder gespeicherte fremde Informationen zu \u00fcberwachen oder nach Umst\u00e4nden zu forschen, die auf eine rechtswidrige T\u00e4tigkeit hinweisen. Verpflichtungen zur Entfernung oder Sperrung der Nutzung von Informationen nach den allgemeinen Gesetzen bleiben hiervon unber\u00fchrt. Eine diesbez\u00fcgliche Haftung ist jedoch erst ab dem Zeitpunkt der Kenntnis einer konkreten Rechtsverletzung m\u00f6glich. Bei Bekanntwerden von entsprechenden Rechtsverletzungen werden wir diese Inhalte umgehend entfernen.<\/p>\n<h4><b>Haftung f\u00fcr Links<\/b><\/h4>\n<p>Unser Angebot enth\u00e4lt Links zu externen Webseiten Dritter, auf deren Inhalte wir keinen Einfluss haben. Deshalb k\u00f6nnen wir f\u00fcr diese fremden Inhalte auch keine Gew\u00e4hr \u00fcbernehmen. F\u00fcr die Inhalte der verlinkten Seiten ist stets der jeweilige Anbieter oder Betreiber der Seiten verantwortlich. Die verlinkten Seiten wurden zum Zeitpunkt der Verlinkung auf m\u00f6gliche Rechtsverst\u00f6\u00dfe \u00fcberpr\u00fcft. Rechtswidrige Inhalte waren zum Zeitpunkt der Verlinkung nicht erkennbar. Eine permanente inhaltliche Kontrolle der verlinkten Seiten ist jedoch ohne konkrete Anhaltspunkte einer Rechtsverletzung nicht zumutbar. Bei Bekanntwerden von Rechtsverletzungen werden wir derartige Links umgehend entfernen.<\/p>\n<h4><b>Urheberrecht<\/b><\/h4>\n<p>Die durch die Seitenbetreiber erstellten Inhalte und Werke auf diesen Seiten unterliegen dem deutschen Urheberrecht. Die Vervielf\u00e4ltigung, Bearbeitung, Verbreitung und jede Art der Verwertung au\u00dferhalb der Grenzen des Urheberrechtes bed\u00fcrfen der schriftlichen Zustimmung des jeweiligen Autors bzw. Erstellers. Downloads und Kopien dieser Seite sind nur f\u00fcr den privaten, nicht kommerziellen Gebrauch gestattet. Soweit die Inhalte auf dieser Seite nicht vom Betreiber erstellt wurden, werden die Urheberrechte Dritter beachtet. Insbesondere werden Inhalte Dritter als solche gekennzeichnet. Sollten Sie trotzdem auf eine Urheberrechtsverletzung aufmerksam werden, bitten wir um einen entsprechenden Hinweis. Bei Bekanntwerden von Rechtsverletzungen werden wir derartige Inhalte umgehend entfernen.<\/p>\n","protected":false},"excerpt":{"rendered":"<p>Firma: Milexia Deutschland GmbH Gesch\u00e4ftsf\u00fchrer: Dr. Florian Pivit, Xavier Gaillard Prokurist: Tiar Nda-Ngye Anschrift: Berliner Platz 12 74072 Heilbronn Deutschland Telefon: +49 (0) 7131-7810-0 Telefax: +49 (0) 7131-7810-20 Email: de-sales@milexia.com Webseite: milexia.com\/de Firmensitz: Heilbronn Registergericht: Registergericht Stuttgart HRB 106087 USt ID: DE 359158065 HAFTUNGSAUSSCHLUSS Haftung f\u00fcr Inhalte Die Inhalte unserer Seiten wurden mit gr\u00f6\u00dfter Sorgfalt [&hellip;]<\/p>\n","protected":false},"author":18,"featured_media":0,"parent":0,"menu_order":28,"comment_status":"closed","ping_status":"closed","template":"","meta":{"_acf_changed":false,"footnotes":""},"class_list":["post-19095","page","type-page","status-publish","hentry"],"acf":[],"yoast_head":"<!-- This site is optimized with the Yoast SEO Premium plugin v24.6 (Yoast SEO v27.2) - https:\/\/yoast.com\/product\/yoast-seo-premium-wordpress\/ -->\n<title>Impressum | Milexia Deutschland<\/title>\n<meta name=\"description\" content=\"Firma: Milexia Deutschland GmbH Gesch\u00e4ftsf\u00fchrer: Dr. Florian Pivit, Xavier Gaillard Prokurist: Tiar Nda-Ngye Anschrift: Berliner Platz 12 74072 Heilbronn\" \/>\n<meta name=\"robots\" content=\"noindex, follow, max-snippet:-1, max-image-preview:large, max-video-preview:-1\" \/>\n<meta property=\"og:locale\" content=\"en_GB\" \/>\n<meta property=\"og:type\" content=\"article\" \/>\n<meta property=\"og:title\" content=\"Impressum\" \/>\n<meta property=\"og:description\" content=\"Firma: Milexia Deutschland GmbH Gesch\u00e4ftsf\u00fchrer: Dr. Florian Pivit, Xavier Gaillard Prokurist: Tiar Nda-Ngye Anschrift: Berliner Platz 12 74072 Heilbronn\" \/>\n<meta property=\"og:url\" content=\"https:\/\/azure.milexia.com\/de\/impressum\/\" \/>\n<meta property=\"og:site_name\" content=\"Milexia Deutschland\" \/>\n<meta property=\"article:modified_time\" content=\"2026-03-10T13:10:04+00:00\" \/>\n<meta name=\"twitter:card\" content=\"summary_large_image\" \/>\n<meta name=\"twitter:label1\" content=\"Estimated reading time\" \/>\n\t<meta name=\"twitter:data1\" content=\"2 minutes\" \/>\n<script type=\"application\/ld+json\" class=\"yoast-schema-graph\">{\"@context\":\"https:\/\/schema.org\",\"@graph\":[{\"@type\":\"WebPage\",\"@id\":\"https:\/\/azure.milexia.com\/de\/impressum\/\",\"url\":\"https:\/\/azure.milexia.com\/de\/impressum\/\",\"name\":\"Impressum | Milexia Deutschland\",\"isPartOf\":{\"@id\":\"https:\/\/azure.milexia.com\/de\/#website\"},\"datePublished\":\"2024-03-28T17:15:01+00:00\",\"dateModified\":\"2026-03-10T13:10:04+00:00\",\"description\":\"Firma: Milexia Deutschland GmbH Gesch\u00e4ftsf\u00fchrer: Dr. Florian Pivit, Xavier Gaillard Prokurist: Tiar Nda-Ngye Anschrift: Berliner Platz 12 74072 Heilbronn\",\"breadcrumb\":{\"@id\":\"https:\/\/azure.milexia.com\/de\/impressum\/#breadcrumb\"},\"inLanguage\":\"en-GB\",\"potentialAction\":[{\"@type\":\"ReadAction\",\"target\":[\"https:\/\/azure.milexia.com\/de\/impressum\/\"]}]},{\"@type\":\"BreadcrumbList\",\"@id\":\"https:\/\/azure.milexia.com\/de\/impressum\/#breadcrumb\",\"itemListElement\":[{\"@type\":\"ListItem\",\"position\":1,\"name\":\"Home\",\"item\":\"https:\/\/azure.milexia.com\/de\/\"},{\"@type\":\"ListItem\",\"position\":2,\"name\":\"Impressum\"}]},{\"@type\":\"WebSite\",\"@id\":\"https:\/\/azure.milexia.com\/de\/#website\",\"url\":\"https:\/\/azure.milexia.com\/de\/\",\"name\":\"Milexia Deutschland\",\"description\":\"Zugang zu Technologie vereinfachen\",\"potentialAction\":[{\"@type\":\"SearchAction\",\"target\":{\"@type\":\"EntryPoint\",\"urlTemplate\":\"https:\/\/azure.milexia.com\/de\/?s={search_term_string}\"},\"query-input\":{\"@type\":\"PropertyValueSpecification\",\"valueRequired\":true,\"valueName\":\"search_term_string\"}}],\"inLanguage\":\"en-GB\"}]}<\/script>\n<!-- \/ Yoast SEO Premium plugin. -->","yoast_head_json":{"title":"Impressum | Milexia Deutschland","description":"Firma: Milexia Deutschland GmbH Gesch\u00e4ftsf\u00fchrer: Dr. Florian Pivit, Xavier Gaillard Prokurist: Tiar Nda-Ngye Anschrift: Berliner Platz 12 74072 Heilbronn","robots":{"index":"noindex","follow":"follow","max-snippet":"max-snippet:-1","max-image-preview":"max-image-preview:large","max-video-preview":"max-video-preview:-1"},"og_locale":"en_GB","og_type":"article","og_title":"Impressum","og_description":"Firma: Milexia Deutschland GmbH Gesch\u00e4ftsf\u00fchrer: Dr. Florian Pivit, Xavier Gaillard Prokurist: Tiar Nda-Ngye Anschrift: Berliner Platz 12 74072 Heilbronn","og_url":"https:\/\/azure.milexia.com\/de\/impressum\/","og_site_name":"Milexia Deutschland","article_modified_time":"2026-03-10T13:10:04+00:00","twitter_card":"summary_large_image","twitter_misc":{"Estimated reading time":"2 minutes"},"schema":{"@context":"https:\/\/schema.org","@graph":[{"@type":"WebPage","@id":"https:\/\/azure.milexia.com\/de\/impressum\/","url":"https:\/\/azure.milexia.com\/de\/impressum\/","name":"Impressum | Milexia Deutschland","isPartOf":{"@id":"https:\/\/azure.milexia.com\/de\/#website"},"datePublished":"2024-03-28T17:15:01+00:00","dateModified":"2026-03-10T13:10:04+00:00","description":"Firma: Milexia Deutschland GmbH Gesch\u00e4ftsf\u00fchrer: Dr. Florian Pivit, Xavier Gaillard Prokurist: Tiar Nda-Ngye Anschrift: Berliner Platz 12 74072 Heilbronn","breadcrumb":{"@id":"https:\/\/azure.milexia.com\/de\/impressum\/#breadcrumb"},"inLanguage":"en-GB","potentialAction":[{"@type":"ReadAction","target":["https:\/\/azure.milexia.com\/de\/impressum\/"]}]},{"@type":"BreadcrumbList","@id":"https:\/\/azure.milexia.com\/de\/impressum\/#breadcrumb","itemListElement":[{"@type":"ListItem","position":1,"name":"Home","item":"https:\/\/azure.milexia.com\/de\/"},{"@type":"ListItem","position":2,"name":"Impressum"}]},{"@type":"WebSite","@id":"https:\/\/azure.milexia.com\/de\/#website","url":"https:\/\/azure.milexia.com\/de\/","name":"Milexia Deutschland","description":"Zugang zu Technologie vereinfachen","potentialAction":[{"@type":"SearchAction","target":{"@type":"EntryPoint","urlTemplate":"https:\/\/azure.milexia.com\/de\/?s={search_term_string}"},"query-input":{"@type":"PropertyValueSpecification","valueRequired":true,"valueName":"search_term_string"}}],"inLanguage":"en-GB"}]}},"lang":"de","translations":{"de":19095,"en":19092},"pll_sync_post":[],"_links":{"self":[{"href":"https:\/\/azure.milexia.com\/de\/wp-json\/wp\/v2\/pages\/19095","targetHints":{"allow":["GET"]}}],"collection":[{"href":"https:\/\/azure.milexia.com\/de\/wp-json\/wp\/v2\/pages"}],"about":[{"href":"https:\/\/azure.milexia.com\/de\/wp-json\/wp\/v2\/types\/page"}],"author":[{"embeddable":true,"href":"https:\/\/azure.milexia.com\/de\/wp-json\/wp\/v2\/users\/18"}],"replies":[{"embeddable":true,"href":"https:\/\/azure.milexia.com\/de\/wp-json\/wp\/v2\/comments?post=19095"}],"version-history":[{"count":1,"href":"https:\/\/azure.milexia.com\/de\/wp-json\/wp\/v2\/pages\/19095\/revisions"}],"predecessor-version":[{"id":22226,"href":"https:\/\/azure.milexia.com\/de\/wp-json\/wp\/v2\/pages\/19095\/revisions\/22226"}],"wp:attachment":[{"href":"https:\/\/azure.milexia.com\/de\/wp-json\/wp\/v2\/media?parent=19095"}],"curies":[{"name":"wp","href":"https:\/\/api.w.org\/{rel}","templated":true}]}}