{"id":18609,"date":"2023-07-02T13:41:33","date_gmt":"2023-07-02T11:41:33","guid":{"rendered":"https:\/\/milexia.com\/de\/?page_id=18609"},"modified":"2024-04-11T19:37:55","modified_gmt":"2024-04-11T17:37:55","slug":"produkte-in-deutschland","status":"publish","type":"page","link":"https:\/\/azure.milexia.com\/de\/produkte-in-deutschland\/","title":{"rendered":"Das gr\u00f6\u00dfte Spektrum und der beste Mehrwert"},"content":{"rendered":"<h2>Umfassende <b>Produkte<\/b><\/h2>\n<p>Bitte besuchen Sie unser Produktverzeichnis, um genau die Komponente oder das Ger\u00e4t zu finden, das Sie suchen. Alternativ k\u00f6nnen Sie diese Abschnitte durchst\u00f6bern, um ein besseres Verst\u00e4ndnis f\u00fcr unsere Anwendungsbereiche zu erlangen.<\/p>\n","protected":false},"excerpt":{"rendered":"<p>Umfassende Produkte Bitte besuchen Sie unser Produktverzeichnis, um genau die Komponente oder das Ger\u00e4t zu finden, das Sie suchen. Alternativ k\u00f6nnen Sie diese Abschnitte durchst\u00f6bern, um ein besseres Verst\u00e4ndnis f\u00fcr unsere Anwendungsbereiche zu erlangen.<\/p>\n","protected":false},"author":5,"featured_media":431,"parent":0,"menu_order":18,"comment_status":"closed","ping_status":"closed","template":"page-templates\/page-regional-products.php","meta":{"_acf_changed":false,"footnotes":""},"class_list":["post-18609","page","type-page","status-publish","has-post-thumbnail","hentry"],"acf":[],"yoast_head":"<!-- This site is optimized with the Yoast SEO Premium plugin v24.6 (Yoast SEO v27.2) - https:\/\/yoast.com\/product\/yoast-seo-premium-wordpress\/ -->\n<title>Das gr\u00f6\u00dfte Spektrum und der beste Mehrwert | Milexia Deutschland<\/title>\n<meta name=\"description\" content=\"Umfassende Produkte Bitte besuchen Sie unser Produktverzeichnis, um genau die Komponente oder das Ger\u00e4t zu finden, das Sie suchen. Alternativ k\u00f6nnen Sie\" \/>\n<meta name=\"robots\" content=\"noindex, follow, max-snippet:-1, max-image-preview:large, max-video-preview:-1\" \/>\n<meta property=\"og:locale\" content=\"en_GB\" \/>\n<meta property=\"og:type\" content=\"article\" \/>\n<meta property=\"og:title\" content=\"Das gr\u00f6\u00dfte Spektrum und der beste Mehrwert\" \/>\n<meta property=\"og:description\" content=\"Umfassende Produkte Bitte besuchen Sie unser Produktverzeichnis, um genau die Komponente oder das Ger\u00e4t zu finden, das Sie suchen. Alternativ k\u00f6nnen Sie\" \/>\n<meta property=\"og:url\" content=\"https:\/\/azure.milexia.com\/de\/produkte-in-deutschland\/\" \/>\n<meta property=\"og:site_name\" content=\"Milexia Deutschland\" \/>\n<meta property=\"article:modified_time\" content=\"2024-04-11T17:37:55+00:00\" \/>\n<meta property=\"og:image\" content=\"https:\/\/azure.milexia.com\/wp-content\/uploads\/sites\/5\/2022\/05\/featured-background-pattern-scaled.jpg\" \/>\n\t<meta property=\"og:image:width\" content=\"2560\" \/>\n\t<meta property=\"og:image:height\" content=\"955\" \/>\n\t<meta property=\"og:image:type\" content=\"image\/jpeg\" \/>\n<meta name=\"twitter:card\" content=\"summary_large_image\" \/>\n<meta name=\"twitter:label1\" content=\"Estimated reading time\" \/>\n\t<meta name=\"twitter:data1\" content=\"1 minute\" \/>\n<script type=\"application\/ld+json\" class=\"yoast-schema-graph\">{\"@context\":\"https:\/\/schema.org\",\"@graph\":[{\"@type\":\"WebPage\",\"@id\":\"https:\/\/azure.milexia.com\/de\/produkte-in-deutschland\/\",\"url\":\"https:\/\/azure.milexia.com\/de\/produkte-in-deutschland\/\",\"name\":\"Das gr\u00f6\u00dfte Spektrum und der beste Mehrwert | Milexia Deutschland\",\"isPartOf\":{\"@id\":\"https:\/\/azure.milexia.com\/de\/#website\"},\"primaryImageOfPage\":{\"@id\":\"https:\/\/azure.milexia.com\/de\/produkte-in-deutschland\/#primaryimage\"},\"image\":{\"@id\":\"https:\/\/azure.milexia.com\/de\/produkte-in-deutschland\/#primaryimage\"},\"thumbnailUrl\":\"\/wp-content\/uploads\/sites\/5\/2022\/05\/featured-background-pattern-scaled.jpg\",\"datePublished\":\"2023-07-02T11:41:33+00:00\",\"dateModified\":\"2024-04-11T17:37:55+00:00\",\"description\":\"Umfassende Produkte Bitte besuchen Sie unser Produktverzeichnis, um genau die Komponente oder das Ger\u00e4t zu finden, das Sie suchen. Alternativ k\u00f6nnen Sie\",\"breadcrumb\":{\"@id\":\"https:\/\/azure.milexia.com\/de\/produkte-in-deutschland\/#breadcrumb\"},\"inLanguage\":\"en-GB\",\"potentialAction\":[{\"@type\":\"ReadAction\",\"target\":[\"https:\/\/azure.milexia.com\/de\/produkte-in-deutschland\/\"]}]},{\"@type\":\"ImageObject\",\"inLanguage\":\"en-GB\",\"@id\":\"https:\/\/azure.milexia.com\/de\/produkte-in-deutschland\/#primaryimage\",\"url\":\"\/wp-content\/uploads\/sites\/5\/2022\/05\/featured-background-pattern-scaled.jpg\",\"contentUrl\":\"\/wp-content\/uploads\/sites\/5\/2022\/05\/featured-background-pattern-scaled.jpg\",\"width\":2560,\"height\":955,\"caption\":\"Decorative Background News Header and Product Header\"},{\"@type\":\"BreadcrumbList\",\"@id\":\"https:\/\/azure.milexia.com\/de\/produkte-in-deutschland\/#breadcrumb\",\"itemListElement\":[{\"@type\":\"ListItem\",\"position\":1,\"name\":\"Home\",\"item\":\"https:\/\/azure.milexia.com\/de\/\"},{\"@type\":\"ListItem\",\"position\":2,\"name\":\"Das gr\u00f6\u00dfte Spektrum und der beste Mehrwert\"}]},{\"@type\":\"WebSite\",\"@id\":\"https:\/\/azure.milexia.com\/de\/#website\",\"url\":\"https:\/\/azure.milexia.com\/de\/\",\"name\":\"Milexia Deutschland\",\"description\":\"Zugang zu Technologie vereinfachen\",\"potentialAction\":[{\"@type\":\"SearchAction\",\"target\":{\"@type\":\"EntryPoint\",\"urlTemplate\":\"https:\/\/azure.milexia.com\/de\/?s={search_term_string}\"},\"query-input\":{\"@type\":\"PropertyValueSpecification\",\"valueRequired\":true,\"valueName\":\"search_term_string\"}}],\"inLanguage\":\"en-GB\"}]}<\/script>\n<!-- \/ Yoast SEO Premium plugin. -->","yoast_head_json":{"title":"Das gr\u00f6\u00dfte Spektrum und der beste Mehrwert | Milexia Deutschland","description":"Umfassende Produkte Bitte besuchen Sie unser Produktverzeichnis, um genau die Komponente oder das Ger\u00e4t zu finden, das Sie suchen. Alternativ k\u00f6nnen Sie","robots":{"index":"noindex","follow":"follow","max-snippet":"max-snippet:-1","max-image-preview":"max-image-preview:large","max-video-preview":"max-video-preview:-1"},"og_locale":"en_GB","og_type":"article","og_title":"Das gr\u00f6\u00dfte Spektrum und der beste Mehrwert","og_description":"Umfassende Produkte Bitte besuchen Sie unser Produktverzeichnis, um genau die Komponente oder das Ger\u00e4t zu finden, das Sie suchen. Alternativ k\u00f6nnen Sie","og_url":"https:\/\/azure.milexia.com\/de\/produkte-in-deutschland\/","og_site_name":"Milexia Deutschland","article_modified_time":"2024-04-11T17:37:55+00:00","og_image":[{"width":2560,"height":955,"url":"https:\/\/azure.milexia.com\/wp-content\/uploads\/sites\/5\/2022\/05\/featured-background-pattern-scaled.jpg","type":"image\/jpeg"}],"twitter_card":"summary_large_image","twitter_misc":{"Estimated reading time":"1 minute"},"schema":{"@context":"https:\/\/schema.org","@graph":[{"@type":"WebPage","@id":"https:\/\/azure.milexia.com\/de\/produkte-in-deutschland\/","url":"https:\/\/azure.milexia.com\/de\/produkte-in-deutschland\/","name":"Das gr\u00f6\u00dfte Spektrum und der beste Mehrwert | Milexia Deutschland","isPartOf":{"@id":"https:\/\/azure.milexia.com\/de\/#website"},"primaryImageOfPage":{"@id":"https:\/\/azure.milexia.com\/de\/produkte-in-deutschland\/#primaryimage"},"image":{"@id":"https:\/\/azure.milexia.com\/de\/produkte-in-deutschland\/#primaryimage"},"thumbnailUrl":"\/wp-content\/uploads\/sites\/5\/2022\/05\/featured-background-pattern-scaled.jpg","datePublished":"2023-07-02T11:41:33+00:00","dateModified":"2024-04-11T17:37:55+00:00","description":"Umfassende Produkte Bitte besuchen Sie unser Produktverzeichnis, um genau die Komponente oder das Ger\u00e4t zu finden, das Sie suchen. Alternativ k\u00f6nnen Sie","breadcrumb":{"@id":"https:\/\/azure.milexia.com\/de\/produkte-in-deutschland\/#breadcrumb"},"inLanguage":"en-GB","potentialAction":[{"@type":"ReadAction","target":["https:\/\/azure.milexia.com\/de\/produkte-in-deutschland\/"]}]},{"@type":"ImageObject","inLanguage":"en-GB","@id":"https:\/\/azure.milexia.com\/de\/produkte-in-deutschland\/#primaryimage","url":"\/wp-content\/uploads\/sites\/5\/2022\/05\/featured-background-pattern-scaled.jpg","contentUrl":"\/wp-content\/uploads\/sites\/5\/2022\/05\/featured-background-pattern-scaled.jpg","width":2560,"height":955,"caption":"Decorative Background News Header and Product Header"},{"@type":"BreadcrumbList","@id":"https:\/\/azure.milexia.com\/de\/produkte-in-deutschland\/#breadcrumb","itemListElement":[{"@type":"ListItem","position":1,"name":"Home","item":"https:\/\/azure.milexia.com\/de\/"},{"@type":"ListItem","position":2,"name":"Das gr\u00f6\u00dfte Spektrum und der beste Mehrwert"}]},{"@type":"WebSite","@id":"https:\/\/azure.milexia.com\/de\/#website","url":"https:\/\/azure.milexia.com\/de\/","name":"Milexia Deutschland","description":"Zugang zu Technologie vereinfachen","potentialAction":[{"@type":"SearchAction","target":{"@type":"EntryPoint","urlTemplate":"https:\/\/azure.milexia.com\/de\/?s={search_term_string}"},"query-input":{"@type":"PropertyValueSpecification","valueRequired":true,"valueName":"search_term_string"}}],"inLanguage":"en-GB"}]}},"lang":"de","translations":{"de":18609,"en":18607},"pll_sync_post":[],"_links":{"self":[{"href":"https:\/\/azure.milexia.com\/de\/wp-json\/wp\/v2\/pages\/18609","targetHints":{"allow":["GET"]}}],"collection":[{"href":"https:\/\/azure.milexia.com\/de\/wp-json\/wp\/v2\/pages"}],"about":[{"href":"https:\/\/azure.milexia.com\/de\/wp-json\/wp\/v2\/types\/page"}],"author":[{"embeddable":true,"href":"https:\/\/azure.milexia.com\/de\/wp-json\/wp\/v2\/users\/5"}],"replies":[{"embeddable":true,"href":"https:\/\/azure.milexia.com\/de\/wp-json\/wp\/v2\/comments?post=18609"}],"version-history":[{"count":0,"href":"https:\/\/azure.milexia.com\/de\/wp-json\/wp\/v2\/pages\/18609\/revisions"}],"wp:featuredmedia":[{"embeddable":true,"href":"https:\/\/azure.milexia.com\/de\/wp-json\/wp\/v2\/media\/431"}],"wp:attachment":[{"href":"https:\/\/azure.milexia.com\/de\/wp-json\/wp\/v2\/media?parent=18609"}],"curies":[{"name":"wp","href":"https:\/\/api.w.org\/{rel}","templated":true}]}}