{"id":10,"date":"2022-03-03T09:06:16","date_gmt":"2022-03-03T08:06:16","guid":{"rendered":"https:\/\/milexia.com.marcom-test.net\/de\/?page_id=5"},"modified":"2025-09-06T18:21:11","modified_gmt":"2025-09-06T16:21:11","slug":"deutsch","status":"publish","type":"page","link":"https:\/\/azure.milexia.com\/de\/deutsch\/","title":{"rendered":"Milexia Deutschland"},"content":{"rendered":"<h2>Den Zugang zu <b>Technologie<\/b> er\u00f6ffnen !<\/h2>\n<p>Milexia unterst\u00fctzt Sie bei der Suche nach geeigneten Produkten und Systemen aus einer breiten Palette von modernen Technologien und fortschrittlichen Designs.<\/p>\n<p>Dank unserer langj\u00e4hrigen <b>Erfahrung<\/b> und unserer umfassenden <b>Marktkenntnissen<\/b> sind wir Ihr idealer Partner f\u00fcr innovative L\u00f6sungen.<\/p>\n","protected":false},"excerpt":{"rendered":"<p>Den Zugang zu Technologie er\u00f6ffnen ! Milexia unterst\u00fctzt Sie bei der Suche nach geeigneten Produkten und Systemen aus einer breiten Palette von modernen Technologien und fortschrittlichen Designs. Dank unserer langj\u00e4hrigen Erfahrung und unserer umfassenden Marktkenntnissen sind wir Ihr idealer Partner f\u00fcr innovative L\u00f6sungen.<\/p>\n","protected":false},"author":5,"featured_media":528,"parent":0,"menu_order":4,"comment_status":"closed","ping_status":"closed","template":"page-templates\/page-home-r.php","meta":{"_acf_changed":false,"footnotes":""},"class_list":["post-10","page","type-page","status-publish","has-post-thumbnail","hentry"],"acf":[],"yoast_head":"<!-- This site is optimized with the Yoast SEO Premium plugin v24.6 (Yoast SEO v27.2) - https:\/\/yoast.com\/product\/yoast-seo-premium-wordpress\/ -->\n<title>Zugang zu Technologie vereinfachen | Milexia Deutschland<\/title>\n<meta name=\"description\" content=\"Milexia kann die L\u00f6sung v\u00f6llig stressfrei bereitstellen. Entdecken Sie noch heute unser Angebot an Produkten und Dienstleistungen.\" \/>\n<meta name=\"robots\" content=\"noindex, follow, max-snippet:-1, max-image-preview:large, max-video-preview:-1\" \/>\n<meta property=\"og:locale\" content=\"en_GB\" \/>\n<meta property=\"og:type\" content=\"article\" \/>\n<meta property=\"og:title\" content=\"Milexia Deutschland\" \/>\n<meta property=\"og:description\" content=\"Milexia kann die L\u00f6sung v\u00f6llig stressfrei bereitstellen. Entdecken Sie noch heute unser Angebot an Produkten und Dienstleistungen.\" \/>\n<meta property=\"og:url\" content=\"https:\/\/azure.milexia.com\/de\/deutsch\/\" \/>\n<meta property=\"og:site_name\" content=\"Milexia Deutschland\" \/>\n<meta property=\"article:modified_time\" content=\"2025-09-06T16:21:11+00:00\" \/>\n<meta property=\"og:image\" content=\"https:\/\/azure.milexia.com\/wp-content\/uploads\/sites\/5\/2022\/06\/featured-home-europe-at-night-scaled.jpg\" \/>\n\t<meta property=\"og:image:width\" content=\"2560\" \/>\n\t<meta property=\"og:image:height\" content=\"955\" \/>\n\t<meta property=\"og:image:type\" content=\"image\/jpeg\" \/>\n<meta name=\"twitter:card\" content=\"summary_large_image\" \/>\n<meta name=\"twitter:label1\" content=\"Estimated reading time\" \/>\n\t<meta name=\"twitter:data1\" content=\"4 minutes\" \/>\n<script type=\"application\/ld+json\" class=\"yoast-schema-graph\">{\"@context\":\"https:\/\/schema.org\",\"@graph\":[{\"@type\":\"WebPage\",\"@id\":\"https:\/\/azure.milexia.com\/de\/deutsch\/\",\"url\":\"https:\/\/azure.milexia.com\/de\/deutsch\/\",\"name\":\"Zugang zu Technologie vereinfachen | Milexia Deutschland\",\"isPartOf\":{\"@id\":\"https:\/\/azure.milexia.com\/de\/#website\"},\"primaryImageOfPage\":{\"@id\":\"https:\/\/azure.milexia.com\/de\/deutsch\/#primaryimage\"},\"image\":{\"@id\":\"https:\/\/azure.milexia.com\/de\/deutsch\/#primaryimage\"},\"thumbnailUrl\":\"\/wp-content\/uploads\/sites\/5\/2022\/06\/featured-home-europe-at-night-scaled.jpg\",\"datePublished\":\"2022-03-03T08:06:16+00:00\",\"dateModified\":\"2025-09-06T16:21:11+00:00\",\"description\":\"Milexia kann die L\u00f6sung v\u00f6llig stressfrei bereitstellen. Entdecken Sie noch heute unser Angebot an Produkten und Dienstleistungen.\",\"breadcrumb\":{\"@id\":\"https:\/\/azure.milexia.com\/de\/deutsch\/#breadcrumb\"},\"inLanguage\":\"en-GB\",\"potentialAction\":[{\"@type\":\"ReadAction\",\"target\":[\"https:\/\/azure.milexia.com\/de\/deutsch\/\"]}]},{\"@type\":\"ImageObject\",\"inLanguage\":\"en-GB\",\"@id\":\"https:\/\/azure.milexia.com\/de\/deutsch\/#primaryimage\",\"url\":\"\/wp-content\/uploads\/sites\/5\/2022\/06\/featured-home-europe-at-night-scaled.jpg\",\"contentUrl\":\"\/wp-content\/uploads\/sites\/5\/2022\/06\/featured-home-europe-at-night-scaled.jpg\",\"width\":2560,\"height\":955},{\"@type\":\"BreadcrumbList\",\"@id\":\"https:\/\/azure.milexia.com\/de\/deutsch\/#breadcrumb\",\"itemListElement\":[{\"@type\":\"ListItem\",\"position\":1,\"name\":\"Home\",\"item\":\"https:\/\/azure.milexia.com\/de\/\"},{\"@type\":\"ListItem\",\"position\":2,\"name\":\"Milexia Deutschland\"}]},{\"@type\":\"WebSite\",\"@id\":\"https:\/\/azure.milexia.com\/de\/#website\",\"url\":\"https:\/\/azure.milexia.com\/de\/\",\"name\":\"Milexia Deutschland\",\"description\":\"Zugang zu Technologie vereinfachen\",\"potentialAction\":[{\"@type\":\"SearchAction\",\"target\":{\"@type\":\"EntryPoint\",\"urlTemplate\":\"https:\/\/azure.milexia.com\/de\/?s={search_term_string}\"},\"query-input\":{\"@type\":\"PropertyValueSpecification\",\"valueRequired\":true,\"valueName\":\"search_term_string\"}}],\"inLanguage\":\"en-GB\"}]}<\/script>\n<!-- \/ Yoast SEO Premium plugin. -->","yoast_head_json":{"title":"Zugang zu Technologie vereinfachen | Milexia Deutschland","description":"Milexia kann die L\u00f6sung v\u00f6llig stressfrei bereitstellen. Entdecken Sie noch heute unser Angebot an Produkten und Dienstleistungen.","robots":{"index":"noindex","follow":"follow","max-snippet":"max-snippet:-1","max-image-preview":"max-image-preview:large","max-video-preview":"max-video-preview:-1"},"og_locale":"en_GB","og_type":"article","og_title":"Milexia Deutschland","og_description":"Milexia kann die L\u00f6sung v\u00f6llig stressfrei bereitstellen. Entdecken Sie noch heute unser Angebot an Produkten und Dienstleistungen.","og_url":"https:\/\/azure.milexia.com\/de\/deutsch\/","og_site_name":"Milexia Deutschland","article_modified_time":"2025-09-06T16:21:11+00:00","og_image":[{"width":2560,"height":955,"url":"https:\/\/azure.milexia.com\/wp-content\/uploads\/sites\/5\/2022\/06\/featured-home-europe-at-night-scaled.jpg","type":"image\/jpeg"}],"twitter_card":"summary_large_image","twitter_misc":{"Estimated reading time":"4 minutes"},"schema":{"@context":"https:\/\/schema.org","@graph":[{"@type":"WebPage","@id":"https:\/\/azure.milexia.com\/de\/deutsch\/","url":"https:\/\/azure.milexia.com\/de\/deutsch\/","name":"Zugang zu Technologie vereinfachen | Milexia Deutschland","isPartOf":{"@id":"https:\/\/azure.milexia.com\/de\/#website"},"primaryImageOfPage":{"@id":"https:\/\/azure.milexia.com\/de\/deutsch\/#primaryimage"},"image":{"@id":"https:\/\/azure.milexia.com\/de\/deutsch\/#primaryimage"},"thumbnailUrl":"\/wp-content\/uploads\/sites\/5\/2022\/06\/featured-home-europe-at-night-scaled.jpg","datePublished":"2022-03-03T08:06:16+00:00","dateModified":"2025-09-06T16:21:11+00:00","description":"Milexia kann die L\u00f6sung v\u00f6llig stressfrei bereitstellen. Entdecken Sie noch heute unser Angebot an Produkten und Dienstleistungen.","breadcrumb":{"@id":"https:\/\/azure.milexia.com\/de\/deutsch\/#breadcrumb"},"inLanguage":"en-GB","potentialAction":[{"@type":"ReadAction","target":["https:\/\/azure.milexia.com\/de\/deutsch\/"]}]},{"@type":"ImageObject","inLanguage":"en-GB","@id":"https:\/\/azure.milexia.com\/de\/deutsch\/#primaryimage","url":"\/wp-content\/uploads\/sites\/5\/2022\/06\/featured-home-europe-at-night-scaled.jpg","contentUrl":"\/wp-content\/uploads\/sites\/5\/2022\/06\/featured-home-europe-at-night-scaled.jpg","width":2560,"height":955},{"@type":"BreadcrumbList","@id":"https:\/\/azure.milexia.com\/de\/deutsch\/#breadcrumb","itemListElement":[{"@type":"ListItem","position":1,"name":"Home","item":"https:\/\/azure.milexia.com\/de\/"},{"@type":"ListItem","position":2,"name":"Milexia Deutschland"}]},{"@type":"WebSite","@id":"https:\/\/azure.milexia.com\/de\/#website","url":"https:\/\/azure.milexia.com\/de\/","name":"Milexia Deutschland","description":"Zugang zu Technologie vereinfachen","potentialAction":[{"@type":"SearchAction","target":{"@type":"EntryPoint","urlTemplate":"https:\/\/azure.milexia.com\/de\/?s={search_term_string}"},"query-input":{"@type":"PropertyValueSpecification","valueRequired":true,"valueName":"search_term_string"}}],"inLanguage":"en-GB"}]}},"lang":"de","translations":{"de":10,"en":5},"pll_sync_post":[],"_links":{"self":[{"href":"https:\/\/azure.milexia.com\/de\/wp-json\/wp\/v2\/pages\/10","targetHints":{"allow":["GET"]}}],"collection":[{"href":"https:\/\/azure.milexia.com\/de\/wp-json\/wp\/v2\/pages"}],"about":[{"href":"https:\/\/azure.milexia.com\/de\/wp-json\/wp\/v2\/types\/page"}],"author":[{"embeddable":true,"href":"https:\/\/azure.milexia.com\/de\/wp-json\/wp\/v2\/users\/5"}],"replies":[{"embeddable":true,"href":"https:\/\/azure.milexia.com\/de\/wp-json\/wp\/v2\/comments?post=10"}],"version-history":[{"count":0,"href":"https:\/\/azure.milexia.com\/de\/wp-json\/wp\/v2\/pages\/10\/revisions"}],"wp:featuredmedia":[{"embeddable":true,"href":"https:\/\/azure.milexia.com\/de\/wp-json\/wp\/v2\/media\/528"}],"wp:attachment":[{"href":"https:\/\/azure.milexia.com\/de\/wp-json\/wp\/v2\/media?parent=10"}],"curies":[{"name":"wp","href":"https:\/\/api.w.org\/{rel}","templated":true}]}}